{"id":21980,"date":"2018-01-02T01:05:02","date_gmt":"2018-01-02T01:05:02","guid":{"rendered":"http:\/\/biblian.is\/videy\/titusarbref-2-kafli\/"},"modified":"2018-01-02T01:05:02","modified_gmt":"2018-01-02T01:05:02","slug":"titusarbrefid-2-kafli","status":"publish","type":"page","link":"https:\/\/biblian.is\/videy\/titusarbrefid-2-kafli\/","title":{"rendered":"T\u00edtusarbr\u00e9fi\u00f0 2. kafli"},"content":{"rendered":"<div class=\"fyrirsognVidey\">Postulinn \u00e1v\u00edsar T\u00edtusi, um hva\u00f0 hann skuli \u00e1minna hv\u00f6rn s\u00e9r \u00ed lagi; hv\u00edl\u00edkur vera sj\u00e1lfur; talar um tilgang sendingar Krists \u00ed heiminn.<\/div>\n<p><a name=\"1\"><span class=\"versanumer\">1<\/span><\/a>En kenn \u00fe\u00fa \u00fea\u00f0, sem enum heilsusamlega l\u00e6rd\u00f3mi s\u00e6mir:<a name=\"2\"><span class=\"versanumer\">2<\/span><\/a>\u00feeim \u00f6ldru\u00f0u, a\u00f0 \u00feeir s\u00e9u g\u00e6tnir, hei\u00f0vir\u00f0ir, r\u00e1\u00f0settir, heilhuga \u00ed tr\u00fanni, k\u00e6rleikanum og \u00feolinm\u00e6\u00f0inni;<a name=\"3\"><span class=\"versanumer\">3<\/span><\/a>s\u00f6mulei\u00f0is enum \u00f6ldru\u00f0u konum, a\u00f0 \u00fe\u00e6r \u00ed h\u00e1ttalagi s\u00e9u eins og heil\u00f6gum s\u00f3mir, ekki bakm\u00e1lugar, n\u00e9 s\u00f3lgnar \u00ed ofdrykkju, heldur gott kennandi;<a name=\"4\"><span class=\"versanumer\">4<\/span><\/a>svo a\u00f0 \u00fe\u00e6r la\u00f0i enar yngri til a\u00f0 elska s\u00edna ektamenn og b\u00f6rn,<a name=\"5\"><span class=\"versanumer\">5<\/span><\/a>a\u00f0 vera si\u00f0l\u00e1tar, sk\u00edrl\u00edfar, kyrrar vi\u00f0 heimili s\u00edn, g\u00f3\u00f0ar b\u00e6ndum s\u00ednum, undirgefnar, svo Gu\u00f0s or\u00f0 ver\u00f0i ekki fyrir lasti.<a name=\"6\"><span class=\"versanumer\">6<\/span><\/a>S\u00f6mulei\u00f0is \u00e1minn \u00fe\u00fa ena yngri, a\u00f0 \u00feeir s\u00e9u h\u00f3fsamir.<a name=\"7\"><span class=\"versanumer\">7<\/span><\/a>S\u00fdn sj\u00e1lfan \u00feig hvervetna, sem fyrirmynd g\u00f3\u00f0ra verka; kenningin s\u00e9 \u00f3spj\u00f6llu\u00f0 og vir\u00f0ugleg,<a name=\"8\"><span class=\"versanumer\">8<\/span><\/a>r\u00e6\u00f0an heilsusamleg og \u00f3lastandi, svo a\u00f0 m\u00f3tst\u00f6\u00f0uma\u00f0urinn fyrirver\u00f0i sig, \u00fe\u00e1 hann ekkert illt getur um oss sagt.<a name=\"9\"><span class=\"versanumer\">9<\/span><\/a>\u00c1minn \u00fer\u00e6lana, a\u00f0 \u00feeir s\u00e9u h\u00fasb\u00e6ndum s\u00ednum undirgefnir og \u00ed \u00f6llu \u00fe\u00f3knanlegir, ekki sv\u00f6rulir,<a name=\"10\"><span class=\"versanumer\">10<\/span><\/a>ekki s\u00e9rdr\u00e6gnir, heldur au\u00f0s\u00fdni algj\u00f6r\u00f0a tr\u00famennsku, svo \u00feeir pr\u00fd\u00f0i l\u00e6rd\u00f3m Gu\u00f0s vors Frelsara \u00ed \u00f6llum greinum.<a name=\"11\"><span class=\"versanumer\">11<\/span><\/a>\u00dev\u00ed Gu\u00f0s s\u00e1luhj\u00e1lplega n\u00e1\u00f0 er kunn or\u00f0in \u00f6llum m\u00f6nnum,<a name=\"12\"><span class=\"versanumer\">12<\/span><\/a>er fr\u00e6\u00f0ir oss, a\u00f0 v\u00e9r afneita skulum \u00f3gu\u00f0legleika og veraldlegum girndum, en lifa si\u00f0samlega, r\u00e9ttv\u00edslega og gu\u00f0r\u00e6kilega \u00ed \u00feessum heimi,<a name=\"13\"><span class=\"versanumer\">13<\/span><\/a>b\u00ed\u00f0andi \u00feeirrar s\u00e6lu, sem er \u00ed v\u00e6ndum, og d\u00fdr\u00f0legrar opinberunar hins mikla Gu\u00f0s vors og Frelsara Jes\u00fa Krists,<a name=\"14\"><span class=\"versanumer\">14<\/span><\/a>sem hefir \u00fatgefi\u00f0 sig fyrir oss, svo a\u00f0 hann endurleysti oss fr\u00e1 alls konar \u00f3r\u00e9ttl\u00e6ti, og hreinsa\u00f0i s\u00e9r sj\u00e1lfum f\u00f3lk til eignar, \u00fea\u00f0 er kostg\u00e6fi\u00f0 v\u00e6ri til g\u00f3\u00f0ra verka.<a name=\"15\"><span class=\"versanumer\">15<\/span><\/a>Kenn \u00fe\u00fa \u00feetta, \u00e1minn og \u00e1v\u00edta me\u00f0 allri alv\u00f6rugefni; l\u00e1t engan fyrirl\u00edta \u00feig.<\/p>\n<div class=\"footnoteVidey\">V. 3. 1 T\u00edm. 2,9.  V. 5. Efes. 5,22.  V. 7. sbr. 1 P\u00e9t. 5,2.3.  V. 9. sbr. 1 T\u00edm. 6,1.2. 1 P\u00e9t. 2,18.  V. 11. 1 T\u00edm. 2,4.  V. 12. sbr. Efes. 1,4. 5,27. K\u00f3l. 1,22.  V. 13. 1 Kor. 1,7. Fil. 3,20. 1 Tess. 1,10. sbr. Matt. 16,27.  V. 14. Matt. 20,28. Gal. 5,4. 2,20. 2 M\u00f3s. b. 19,5. 5 M\u00f3s. b. 4,20. 2 Kor. 5,15.<\/div>\n","protected":false},"excerpt":{"rendered":"<p>Postulinn \u00e1v\u00edsar T\u00edtusi, um hva\u00f0 hann skuli \u00e1minna hv\u00f6rn s\u00e9r \u00ed lagi; hv\u00edl\u00edkur vera sj\u00e1lfur; talar um tilgang sendingar Krists \u00ed heiminn. 1En kenn \u00fe\u00fa \u00fea\u00f0, sem enum heilsusamlega l\u00e6rd\u00f3mi s\u00e6mir:2\u00feeim \u00f6ldru\u00f0u, a\u00f0 \u00feeir s\u00e9u g\u00e6tnir, hei\u00f0vir\u00f0ir, r\u00e1\u00f0settir, heilhuga \u00ed tr\u00fanni, k\u00e6rleikanum og \u00feolinm\u00e6\u00f0inni;3s\u00f6mulei\u00f0is enum \u00f6ldru\u00f0u konum, a\u00f0 \u00fe\u00e6r \u00ed h\u00e1ttalagi s\u00e9u eins og heil\u00f6gum s\u00f3mir, ekki bakm\u00e1lugar, n\u00e9 s\u00f3lgnar \u00ed ofdrykkju, heldur gott kennandi;4svo a\u00f0 \u00fe\u00e6r la\u00f0i enar yngri til a\u00f0 elska s\u00edna ektamenn og b\u00f6rn,5a\u00f0 vera si\u00f0l\u00e1tar, sk\u00edrl\u00edfar, kyrrar vi\u00f0 heimili s\u00edn, g\u00f3\u00f0ar b\u00e6ndum s\u00ednum, undirgefnar, svo Gu\u00f0s or\u00f0 ver\u00f0i ekki fyrir lasti.6S\u00f6mulei\u00f0is \u00e1minn \u00fe\u00fa ena yngri, a\u00f0 <a href=\"https:\/\/biblian.is\/videy\/titusarbrefid-2-kafli\/\"> [&#8230;]<\/a><\/p>\n","protected":false},"author":1,"featured_media":0,"parent":0,"menu_order":0,"comment_status":"open","ping_status":"open","template":"bibliukaflar.php","meta":{"footnotes":""},"class_list":["post-21980","page","type-page","status-publish","hentry"],"_links":{"self":[{"href":"https:\/\/biblian.is\/videy\/wp-json\/wp\/v2\/pages\/21980","targetHints":{"allow":["GET"]}}],"collection":[{"href":"https:\/\/biblian.is\/videy\/wp-json\/wp\/v2\/pages"}],"about":[{"href":"https:\/\/biblian.is\/videy\/wp-json\/wp\/v2\/types\/page"}],"author":[{"embeddable":true,"href":"https:\/\/biblian.is\/videy\/wp-json\/wp\/v2\/users\/1"}],"replies":[{"embeddable":true,"href":"https:\/\/biblian.is\/videy\/wp-json\/wp\/v2\/comments?post=21980"}],"version-history":[{"count":0,"href":"https:\/\/biblian.is\/videy\/wp-json\/wp\/v2\/pages\/21980\/revisions"}],"wp:attachment":[{"href":"https:\/\/biblian.is\/videy\/wp-json\/wp\/v2\/media?parent=21980"}],"curies":[{"name":"wp","href":"https:\/\/api.w.org\/{rel}","templated":true}]}}