{"id":21979,"date":"2018-01-02T01:05:02","date_gmt":"2018-01-02T01:05:02","guid":{"rendered":"http:\/\/biblian.is\/videy\/titusarbref-1-kafli\/"},"modified":"2018-01-02T01:05:02","modified_gmt":"2018-01-02T01:05:02","slug":"titusarbrefid-1-kafli","status":"publish","type":"page","link":"https:\/\/biblian.is\/videy\/titusarbrefid-1-kafli\/","title":{"rendered":"T\u00edtusarbr\u00e9fi\u00f0 1. kafli"},"content":{"rendered":"<div class=\"fyrirsognVidey\">Kve\u00f0ja. Hv\u00edl\u00edkur s\u00e1 eigi a\u00f0 vera, sem T\u00edtus setur til kennara \u00e1 Kr\u00edt; P\u00e1ll l\u00fdsir Kr\u00edtarm\u00f6nnum, og skipar a\u00f0 \u00e1v\u00edta \u00fe\u00e1.<\/div>\n<p><a name=\"1\"><span class=\"versanumer\">1<\/span><\/a>P\u00e1ll, Gu\u00f0s \u00fej\u00f3n, postuli Jes\u00fa Krists, settur vegna tr\u00faar Gu\u00f0s \u00fatvaldra og sannleikans \u00feekkingar, gu\u00f0r\u00e6kni til eflingar,<a name=\"2\"><span class=\"versanumer\">2<\/span><\/a>og til vonar \u00e1 eil\u00edfu l\u00edfi, er hinn sannor\u00f0i Gu\u00f0 haf\u00f0i heiti\u00f0 fr\u00e1 eil\u00edf\u00f0,<a name=\"3\"><span class=\"versanumer\">3<\/span><\/a>en gj\u00f6r\u00f0i \u00e1 s\u00ednum t\u00edma \u00feetta sitt heit kunnugt, me\u00f0 \u00feeirri bo\u00f0un, er m\u00e9r er \u00e1 hendur falin eftir Gu\u00f0s vors Frelsara tilskipun,<a name=\"4\"><span class=\"versanumer\">4<\/span><\/a>\u00f3skar T\u00edtusi, m\u00ednum sannk\u00f6llu\u00f0um syni eftir beggja sameiginlegri tr\u00fa, n\u00e1\u00f0ar, miskunnar og fri\u00f0ar af Gu\u00f0i F\u00f6\u00f0ur, og Drottni Jes\u00fa Kristi, vorum Frelsara. <br \/><a name=\"5\"><span class=\"versanumer\">5<\/span><\/a>\u00deess vegna skildi eg \u00feig eftir \u00ed Kr\u00edt, til \u00feess \u00fe\u00fa f\u00e6r\u00f0ir \u00ed lag \u00fea\u00f0, sem \u00e1 brast, og tilsettir \u00f6ldunga \u00ed s\u00e9rhv\u00f6rri borg, eins og eg skipa\u00f0i \u00fe\u00e9r:<a name=\"6\"><span class=\"versanumer\">6<\/span><\/a>\u00feann er v\u00e6ri \u00f3lastanlegur, einnar konu eiginma\u00f0ur, sem \u00e6tti tr\u00fau\u00f0 b\u00f6rn, er hv\u00f6rki hef\u00f0u illt or\u00f0 \u00e1 s\u00e9r fyrir \u00f3t\u00e9rlegt l\u00edferni, n\u00e9 v\u00e6ru \u00f3hl\u00fd\u00f0in.<a name=\"7\"><span class=\"versanumer\">7<\/span><\/a>\u00dev\u00ed biskup \u00e1 a\u00f0 vera \u00f3lastanlegur, svo sem Gu\u00f0s r\u00e1\u00f0sma\u00f0ur, enginn sj\u00e1lfbirgingur; ekki rei\u00f0igjarn, ekki drykkjuma\u00f0ur, eigi ofstopasamur, n\u00e9 sv\u00edvir\u00f0ilegs \u00e1vinnings g\u00edrugur;<a name=\"8\"><span class=\"versanumer\">8<\/span><\/a>heldur gestrisinn, gott elskandi, r\u00e1\u00f0svinnur, r\u00e9ttv\u00eds, heilagur, bindindissamur,<a name=\"9\"><span class=\"versanumer\">9<\/span><\/a>sem heldur fast vi\u00f0 \u00feann tr\u00faver\u00f0uga l\u00e6rd\u00f3m, svo a\u00f0 hann b\u00e6\u00f0i s\u00e9 f\u00e6r um a\u00f0 fr\u00e6\u00f0a \u00ed \u00feeim heilsusama l\u00e6rd\u00f3mi, og a\u00f0 hrekja \u00fe\u00e1, sem m\u00f3ti m\u00e6la.<a name=\"10\"><span class=\"versanumer\">10<\/span><\/a>\u00dev\u00ed margir eru \u00feverbrotnir, fara me\u00f0 \u00fev\u00e6tting og lei\u00f0a a\u00f0ra \u00ed villu, allra helst hinir umskornu;<a name=\"11\"><span class=\"versanumer\">11<\/span><\/a>\u00fe\u00e1 ber honum a\u00f0 ni\u00f0ur\u00feagga; \u00fev\u00ed \u00feeir umsn\u00faa heilum heimilum me\u00f0 \u00fev\u00ed \u00feeir kenna \u00fea\u00f0, sem \u00f3s\u00e6milegt er, fyrir sv\u00edvir\u00f0ilegs \u00e1vinnings sakir.<a name=\"12\"><span class=\"versanumer\">12<\/span><\/a>Eitt af \u00feeirra eigin sk\u00e1ldum segir um \u00fe\u00e1: Kr\u00edtarmenn eru s\u00edfelldir lygarar, ill d\u00fdr og letimagar. \u00deessi vitnisbur\u00f0ur er sannur.<a name=\"13\"><span class=\"versanumer\">13<\/span><\/a>\u00c1v\u00edta \u00fe\u00fa \u00fe\u00e1 \u00feess vegna har\u00f0lega, svo \u00feeir s\u00e9u heilhuga \u00ed tr\u00fanni,<a name=\"14\"><span class=\"versanumer\">14<\/span><\/a>og gefi ekki gaum a\u00f0 b\u00e1biljum Gy\u00f0inga og setningum \u00feeirra, sem fr\u00e1hverfir eru sannleikanum.<a name=\"15\"><span class=\"versanumer\">15<\/span><\/a>Hreinum er a\u00f0 s\u00f6nnu allt hreint; en \u00feeim, sem saurga\u00f0ir eru og vantr\u00faa\u00f0ir, er ekkert hreint; \u00feeirra hugarfar og samviska er saurgu\u00f0.<a name=\"16\"><span class=\"versanumer\">16<\/span><\/a>\u00deeir vi\u00f0urkenna, a\u00f0 \u00feeir \u00feekki Gu\u00f0, en neita \u00fev\u00ed me\u00f0 verkunum, \u00feeir eru vi\u00f0urstyggilegir, \u00fever\u00fa\u00f0arfullir og til hv\u00f6rs g\u00f3\u00f0s verks \u00f3h\u00e6fir.<\/p>\n<div class=\"footnoteVidey\">V. 2. 4 M\u00f3s. b. 23,19. 2 T\u00edm. 12,3. R\u00f3m. 1,2.  V. 3. Efes. 3,9. K\u00f3l. 1,26.  V. 4. 1 T\u00edm. 1,2. sbr. vi\u00f0 Fil, 2,20.22.  V. 5. Matt. 24,45. 1 P\u00e9t. 5,2. 3 M\u00f3s. b. 10,9. Efes. 5,18.  V. 8. 1 T\u00edm. 3,2.  V. 10. \u00fea\u00f0 er: Gy\u00f0ingar; sj\u00e1 t.d. Post. g. b. 15,1.  V. 11. sbr. 2 t\u00edm. 3,6. 1 T\u00edm. 6,5.  V. 14. 1 T\u00edm. 1,4. 4,7. Esa. 29,13. K\u00f3l. 2,14.16.  V. 15. \u00fea\u00f0 er: s\u00e1, sem hefir dygg\u00f0ugt hugarfar, hann ver\u00f0ur ekki Gu\u00f0i mis\u00fe\u00f3knanlegur fyrir \u00fea\u00f0, hva\u00f0 hann etur e\u00f0a drekkur. Matt. 15,11. L\u00fak. 11,39.40. 1 Kor. 6,12. sbr. og R\u00f3m. 14,14.15.20.21.23. en s\u00e1, sem hefir vont hugarfar, er \u00e6t\u00ed\u00f0 Gu\u00f0i mis\u00fe\u00f3knanlegur. \u00fea\u00f0 er: af me\u00f0vitund vondrar breytni.  V. 16. 2 T\u00edm. 3,5.8.<\/div>\n","protected":false},"excerpt":{"rendered":"<p>Kve\u00f0ja. Hv\u00edl\u00edkur s\u00e1 eigi a\u00f0 vera, sem T\u00edtus setur til kennara \u00e1 Kr\u00edt; P\u00e1ll l\u00fdsir Kr\u00edtarm\u00f6nnum, og skipar a\u00f0 \u00e1v\u00edta \u00fe\u00e1. 1P\u00e1ll, Gu\u00f0s \u00fej\u00f3n, postuli Jes\u00fa Krists, settur vegna tr\u00faar Gu\u00f0s \u00fatvaldra og sannleikans \u00feekkingar, gu\u00f0r\u00e6kni til eflingar,2og til vonar \u00e1 eil\u00edfu l\u00edfi, er hinn sannor\u00f0i Gu\u00f0 haf\u00f0i heiti\u00f0 fr\u00e1 eil\u00edf\u00f0,3en gj\u00f6r\u00f0i \u00e1 s\u00ednum t\u00edma \u00feetta sitt heit kunnugt, me\u00f0 \u00feeirri bo\u00f0un, er m\u00e9r er \u00e1 hendur falin eftir Gu\u00f0s vors Frelsara tilskipun,4\u00f3skar T\u00edtusi, m\u00ednum sannk\u00f6llu\u00f0um syni eftir beggja sameiginlegri tr\u00fa, n\u00e1\u00f0ar, miskunnar og fri\u00f0ar af Gu\u00f0i F\u00f6\u00f0ur, og Drottni Jes\u00fa Kristi, vorum Frelsara. 5\u00deess vegna skildi eg \u00feig eftir <a href=\"https:\/\/biblian.is\/videy\/titusarbrefid-1-kafli\/\"> [&#8230;]<\/a><\/p>\n","protected":false},"author":1,"featured_media":0,"parent":0,"menu_order":0,"comment_status":"open","ping_status":"open","template":"bibliukaflar.php","meta":{"footnotes":""},"class_list":["post-21979","page","type-page","status-publish","hentry"],"_links":{"self":[{"href":"https:\/\/biblian.is\/videy\/wp-json\/wp\/v2\/pages\/21979","targetHints":{"allow":["GET"]}}],"collection":[{"href":"https:\/\/biblian.is\/videy\/wp-json\/wp\/v2\/pages"}],"about":[{"href":"https:\/\/biblian.is\/videy\/wp-json\/wp\/v2\/types\/page"}],"author":[{"embeddable":true,"href":"https:\/\/biblian.is\/videy\/wp-json\/wp\/v2\/users\/1"}],"replies":[{"embeddable":true,"href":"https:\/\/biblian.is\/videy\/wp-json\/wp\/v2\/comments?post=21979"}],"version-history":[{"count":0,"href":"https:\/\/biblian.is\/videy\/wp-json\/wp\/v2\/pages\/21979\/revisions"}],"wp:attachment":[{"href":"https:\/\/biblian.is\/videy\/wp-json\/wp\/v2\/media?parent=21979"}],"curies":[{"name":"wp","href":"https:\/\/api.w.org\/{rel}","templated":true}]}}