{"id":21978,"date":"2018-01-02T01:05:02","date_gmt":"2018-01-02T01:05:02","guid":{"rendered":"http:\/\/biblian.is\/videy\/sidara-timoteusarbref-4-kafli\/"},"modified":"2018-01-02T01:05:02","modified_gmt":"2018-01-02T01:05:02","slug":"sidara-timoteusarbref-4-kafli","status":"publish","type":"page","link":"https:\/\/biblian.is\/videy\/sidara-timoteusarbref-4-kafli\/","title":{"rendered":"S\u00ed\u00f0ara T\u00edm\u00f3teusarbr\u00e9f 4. kafli"},"content":{"rendered":"<div class=\"fyrirsognVidey\">Postulinn \u00e1minnir T\u00edm\u00f3teus til tr\u00faskapar \u00ed hans emb\u00e6tti. Fyrirsegir sinn dau\u00f0a. Bi\u00f0ur T\u00edm\u00f3teus koma til s\u00edn, kvartar yfir nokkrum en huggar sig vi\u00f0 Gu\u00f0s a\u00f0sto\u00f0. Heilsanir.<\/div>\n<p><a name=\"1\"><span class=\"versanumer\">1<\/span><\/a>Eg s\u00e6ri \u00feig vi\u00f0 Gu\u00f0 og vi\u00f0 Jes\u00fam Krist, sem d\u00e6ma mun lifendur og dau\u00f0a \u00fe\u00e1 hann opinberast \u00ed r\u00edki s\u00ednu,<a name=\"2\"><span class=\"versanumer\">2<\/span><\/a>a\u00f0 \u00fe\u00fa pr\u00e9dikir l\u00e6rd\u00f3minn og haldir \u00e1fram me\u00f0 \u00fea\u00f0 \u00ed t\u00edma og \u00f3t\u00edma. Sannf\u00e6r, \u00e1v\u00edta, \u00e1minn me\u00f0 \u00fdtrasta \u00feolg\u00e6\u00f0i og l\u00e6rd\u00f3mi.<a name=\"3\"><span class=\"versanumer\">3<\/span><\/a>\u00dev\u00ed s\u00fa t\u00ed\u00f0 mun koma a\u00f0 menn munu ekki \u00feola \u00feann heilsusama l\u00e6rd\u00f3m heldur safna s\u00e9r kennendum eftir eigin girndum, eftir \u00fev\u00ed sem eyrun kl\u00e6ja.<a name=\"4\"><span class=\"versanumer\">4<\/span><\/a>\u00deeir munu sn\u00faa eyrum s\u00ednum burt fr\u00e1 sannleikanum og sn\u00faa s\u00e9r a\u00f0 h\u00e9giljum.<a name=\"5\"><span class=\"versanumer\">5<\/span><\/a>En vert \u00fe\u00fa \u00e1rvakur \u00ed \u00f6llu, \u00feol illt, g\u00e6t pr\u00e9dikaraemb\u00e6ttisins og gj\u00f6r \u00fej\u00f3nustunni fullnustu. <br \/><a name=\"6\"><span class=\"versanumer\">6<\/span><\/a>N\u00fa \u00feegar eg \u00e1 a\u00f0 f\u00f3rnf\u00e6rast og minn lausnart\u00edmi er fyrir h\u00f6ndum.<a name=\"7\"><span class=\"versanumer\">7<\/span><\/a>Eg hefi barist g\u00f3\u00f0ri bar\u00e1ttu, hlaupi\u00f0 fullkomna\u00f0, tr\u00fanni haldi\u00f0.<a name=\"8\"><span class=\"versanumer\">8<\/span><\/a>A\u00f0 s\u00ed\u00f0ustu er handa m\u00e9r afs\u00ed\u00f0is l\u00f6g\u00f0 k\u00f3r\u00f3na r\u00e9ttl\u00e6tisins, hv\u00f6rja Drottinn, s\u00e1 hinn r\u00e9ttl\u00e1ti d\u00f3mari, mun gefa m\u00e9r \u00e1 \u00feeim <span class='VideyAth'>(\u00e1kve\u00f0na)<\/span> degi, en ekki einungis m\u00e9r heldur og \u00f6llum sem lengir eftir hans tilkomu.<br \/><a name=\"9\"><span class=\"versanumer\">9<\/span><\/a>Kappkosta a\u00f0 koma br\u00e1\u00f0um til m\u00edn,<a name=\"10\"><span class=\"versanumer\">10<\/span><\/a>\u00fev\u00ed Demas hefir yfirgefi\u00f0 mig, af \u00fev\u00ed hann elska\u00f0i meir \u00feennan heim og er farinn til Tessalon\u00edku. Kreskes er farinn til Galats\u00edu og T\u00edtus til Dalmats\u00edu.<a name=\"11\"><span class=\"versanumer\">11<\/span><\/a>L\u00fakas er einn hj\u00e1 m\u00e9r. Taktu til \u00fe\u00edn Mark\u00fas og l\u00e1t hann fylgjast me\u00f0 \u00fe\u00e9r, \u00fev\u00ed hann er nytsamur m\u00e9r til \u00fej\u00f3nustu.<a name=\"12\"><span class=\"versanumer\">12<\/span><\/a>Tykikus hefi eg sent til Efesus.<a name=\"13\"><span class=\"versanumer\">13<\/span><\/a>\u00deegar \u00fe\u00fa kemur \u00fe\u00e1 f\u00e6r\u00f0u m\u00e9r yfirh\u00f6fnina sem eg skildi eftir \u00ed Tr\u00f3as hj\u00e1 Karpusi og b\u00e6kurnar, einkanlega skinnb\u00e6kurnar.<a name=\"14\"><span class=\"versanumer\">14<\/span><\/a>Alexander, j\u00e1rnsmi\u00f0urinn, hefir gj\u00f6rt m\u00e9r margt illt. Drottinn gjaldi honum eftir hans tilverkna\u00f0i.<a name=\"15\"><span class=\"versanumer\">15<\/span><\/a>Takt\u00fa \u00fe\u00e9r l\u00edka vara fyrir honum, \u00fev\u00ed a\u00f0 hann hefir st\u00f3rum sta\u00f0i\u00f0 \u00ed m\u00f3ti vorum or\u00f0um.<a name=\"16\"><span class=\"versanumer\">16<\/span><\/a>\u00cd minni fyrstu m\u00e1lsv\u00f6rn st\u00f3\u00f0 enginn me\u00f0 m\u00e9r heldur yfirg\u00e1fu mig allir. \u00d3 a\u00f0 \u00feeim ver\u00f0i \u00fea\u00f0 ekki tilreikna\u00f0!<a name=\"17\"><span class=\"versanumer\">17<\/span><\/a>En Drottinn st\u00f3\u00f0 me\u00f0 m\u00e9r og veitti m\u00e9r kraft til a\u00f0 framfylgja kenningunni svo allir hei\u00f0ingjar skyldu hana heyra. Og eg var\u00f0 frelsa\u00f0ur \u00far lj\u00f3nsins gini<a name=\"18\"><span class=\"versanumer\">18<\/span><\/a>og Drottinn mun frelsa mig fr\u00e1 \u00f6llu illu og hj\u00e1lpa m\u00e9r til s\u00edns himneska r\u00edkis. Honum s\u00e9 d\u00fdr\u00f0 fr\u00e1 eil\u00edf\u00f0 til eil\u00edf\u00f0ar. Amen. <br \/><a name=\"19\"><span class=\"versanumer\">19<\/span><\/a>Heilsa\u00f0u Prisku og Akv\u00edlasi og Onefis\u00f3r\u00ed h\u00fasi.<a name=\"20\"><span class=\"versanumer\">20<\/span><\/a>Erastus var\u00f0 eftir \u00ed Korintuborg en Tr\u00f3s\u00edmus skildi eg eftir sj\u00fakan \u00ed M\u00edletus.<a name=\"21\"><span class=\"versanumer\">21<\/span><\/a>Kappkosta a\u00f0 koma \u00e1\u00f0ur vetrar. \u00de\u00e9r heilsa Evb\u00falus og P\u00fades, L\u00ednus, Klaud\u00eda og allir br\u00e6\u00f0urnir.<a name=\"22\"><span class=\"versanumer\">22<\/span><\/a>Drottinn Jes\u00fas Kristur s\u00e9 me\u00f0 \u00fe\u00ednum anda. N\u00e1\u00f0 s\u00e9 me\u00f0 y\u00f0ur. Amen.<\/p>\n<div class=\"footnoteVidey\">V. 1. 2 Tess. 2,8. Matt. 25,31. J\u00f3h. 5,27.  V. 2. \u00fe. e. hv\u00f6rt \u00fe\u00e9r er \u00fea\u00f0 haganlegt e\u00f0a ekki og hv\u00f6rt \u00fea\u00f0 l\u00edkar tilheyrendum e\u00f0a ekki. Sj\u00e1 v. 3.  V. 3. Mikk. 2,11. sbr. Post.gb. 17,21.  V. 4. 2 Tess. 2,10.11.  V. 6. sbr. Fil. 1,23. 2 P\u00e9t. 1,14.  V. 7. Fil. 3,14. Post.gb. 20,24. 1 T\u00edm. 6,12. Jak. 1,12.  V. 10. K\u00f3l. 4,14.  V. 11. Post.g.b. 15,37. K\u00f3l. 4,10. Filem. v. 11.  V. 12. Efes. 6,21. Post.g.b. 20,4.  V. 14. 1 T\u00edm. 1,20.  V. 18. Matt. 6,13.  V. 19. Post.g.b. 18,2. Kap. 1,16.  V. 20. Post.g.b. 19,22. 20,4.  V. 22. T\u00edt. 3,15.<\/div>\n","protected":false},"excerpt":{"rendered":"<p>Postulinn \u00e1minnir T\u00edm\u00f3teus til tr\u00faskapar \u00ed hans emb\u00e6tti. Fyrirsegir sinn dau\u00f0a. Bi\u00f0ur T\u00edm\u00f3teus koma til s\u00edn, kvartar yfir nokkrum en huggar sig vi\u00f0 Gu\u00f0s a\u00f0sto\u00f0. Heilsanir. 1Eg s\u00e6ri \u00feig vi\u00f0 Gu\u00f0 og vi\u00f0 Jes\u00fam Krist, sem d\u00e6ma mun lifendur og dau\u00f0a \u00fe\u00e1 hann opinberast \u00ed r\u00edki s\u00ednu,2a\u00f0 \u00fe\u00fa pr\u00e9dikir l\u00e6rd\u00f3minn og haldir \u00e1fram me\u00f0 \u00fea\u00f0 \u00ed t\u00edma og \u00f3t\u00edma. Sannf\u00e6r, \u00e1v\u00edta, \u00e1minn me\u00f0 \u00fdtrasta \u00feolg\u00e6\u00f0i og l\u00e6rd\u00f3mi.3\u00dev\u00ed s\u00fa t\u00ed\u00f0 mun koma a\u00f0 menn munu ekki \u00feola \u00feann heilsusama l\u00e6rd\u00f3m heldur safna s\u00e9r kennendum eftir eigin girndum, eftir \u00fev\u00ed sem eyrun kl\u00e6ja.4\u00deeir munu sn\u00faa eyrum s\u00ednum burt fr\u00e1 sannleikanum og sn\u00faa <a href=\"https:\/\/biblian.is\/videy\/sidara-timoteusarbref-4-kafli\/\"> [&#8230;]<\/a><\/p>\n","protected":false},"author":1,"featured_media":0,"parent":0,"menu_order":0,"comment_status":"open","ping_status":"open","template":"bibliukaflar.php","meta":{"footnotes":""},"class_list":["post-21978","page","type-page","status-publish","hentry"],"_links":{"self":[{"href":"https:\/\/biblian.is\/videy\/wp-json\/wp\/v2\/pages\/21978","targetHints":{"allow":["GET"]}}],"collection":[{"href":"https:\/\/biblian.is\/videy\/wp-json\/wp\/v2\/pages"}],"about":[{"href":"https:\/\/biblian.is\/videy\/wp-json\/wp\/v2\/types\/page"}],"author":[{"embeddable":true,"href":"https:\/\/biblian.is\/videy\/wp-json\/wp\/v2\/users\/1"}],"replies":[{"embeddable":true,"href":"https:\/\/biblian.is\/videy\/wp-json\/wp\/v2\/comments?post=21978"}],"version-history":[{"count":0,"href":"https:\/\/biblian.is\/videy\/wp-json\/wp\/v2\/pages\/21978\/revisions"}],"wp:attachment":[{"href":"https:\/\/biblian.is\/videy\/wp-json\/wp\/v2\/media?parent=21978"}],"curies":[{"name":"wp","href":"https:\/\/api.w.org\/{rel}","templated":true}]}}