{"id":21977,"date":"2018-01-02T01:05:02","date_gmt":"2018-01-02T01:05:02","guid":{"rendered":"http:\/\/biblian.is\/videy\/sidara-timoteusarbref-3-kafli\/"},"modified":"2018-01-02T01:05:02","modified_gmt":"2018-01-02T01:05:02","slug":"sidara-timoteusarbref-3-kafli","status":"publish","type":"page","link":"https:\/\/biblian.is\/videy\/sidara-timoteusarbref-3-kafli\/","title":{"rendered":"S\u00ed\u00f0ara T\u00edm\u00f3teusarbr\u00e9f 3. kafli"},"content":{"rendered":"<div class=\"fyrirsognVidey\">Postulinn segir fyrirh\u00e6ttulegar t\u00ed\u00f0ir. Hr\u00f3sar T\u00edm\u00f3teusi. \u00c1minnir um a\u00f0 taka s\u00e9r vara fyrir svikurum en halda s\u00e9r st\u00f6\u00f0uglega vi\u00f0 Gu\u00f0s or\u00f0.<\/div>\n<p><a name=\"1\"><span class=\"versanumer\">1<\/span><\/a>\u00dev\u00ed \u00fea\u00f0 skalt\u00fa vita a\u00f0 \u00e1 s\u00ed\u00f0ustu d\u00f6gum munu ver\u00f0a h\u00e6ttulegar t\u00ed\u00f0ir.<a name=\"2\"><span class=\"versanumer\">2<\/span><\/a>\u00dev\u00ed \u00fe\u00e1 munu menn ver\u00f0a s\u00e9rg\u00f3\u00f0ir, f\u00e9gjarnir, raupsamir, \u00fe\u00f3ttafullir, lastm\u00e1lir, foreldrum \u00f3hl\u00fd\u00f0ugir, \u00f3\u00feakkl\u00e1tir, vanhelgir,<a name=\"3\"><span class=\"versanumer\">3<\/span><\/a>k\u00e6rleikslausir, \u00f3haldinor\u00f0ir, bakm\u00e1lugir, bindindislausir, grimmir, hatandi dygg\u00f0ir,<a name=\"4\"><span class=\"versanumer\">4<\/span><\/a>svikarar, framhleypnir, hrokafullir, elskandi meira muna\u00f0arl\u00edfi\u00f0 en Gu\u00f0,<a name=\"5\"><span class=\"versanumer\">5<\/span><\/a>hafandi \u00e1 s\u00e9r yfirbrag\u00f0 gu\u00f0hr\u00e6\u00f0slunnar en afneita hennar krafti. For\u00f0ast\u00fa \u00fev\u00edl\u00edka.<a name=\"6\"><span class=\"versanumer\">6<\/span><\/a>\u00c1 me\u00f0al \u00feessara eru \u00feeir sem smeygja s\u00e9r inn \u00ed h\u00fas og v\u00e9la kvensniftir sem er syndum hla\u00f0nar og lei\u00f0ast af margh\u00e1ttu\u00f0um girndum,<a name=\"7\"><span class=\"versanumer\">7<\/span><\/a>eru alltaf a\u00f0 l\u00e6ra en komast aldrei til \u00feekkingar \u00e1 sannleikanum.<a name=\"8\"><span class=\"versanumer\">8<\/span><\/a>Eins og \u00feeir Jannes og Jambres st\u00f3\u00f0u \u00e1 m\u00f3ti M\u00f3si \u00feannig standa \u00feessir \u00e1 m\u00f3ti sannleikanum, eru menn hugspilltir og r\u00e6kir hva\u00f0 tr\u00fana snertir.<a name=\"9\"><span class=\"versanumer\">9<\/span><\/a>En \u00feeim mun ekki miki\u00f0 ver\u00f0a \u00e1gengt, \u00fev\u00ed f\u00edflska \u00feeirra mun ver\u00f0a hverjum manni auglj\u00f3s, eins og hinna var\u00f0.<br \/><a name=\"10\"><span class=\"versanumer\">10<\/span><\/a>En \u00fe\u00fa hefir breytt eftir m\u00e9r \u00ed l\u00e6rd\u00f3mi, heg\u00f0un, \u00e1setningi, tr\u00fa, langlundarge\u00f0i k\u00e6rleika, \u00feolg\u00e6\u00f0i,<a name=\"11\"><span class=\"versanumer\">11<\/span><\/a>\u00ed ofs\u00f3knum og \u00fej\u00e1ningum, sl\u00edkum sem eg var\u00f0 a\u00f0 s\u00e6ta \u00ed Ant\u00edok\u00edu, \u00cdk\u00f3n\u00edu, L\u00fdstra, hv\u00f6rjar ofs\u00f3knir eg st\u00f3\u00f0st og Drottinn frelsa\u00f0i mig \u00far \u00feeim \u00f6llum.<a name=\"12\"><span class=\"versanumer\">12<\/span><\/a>Enda munu allir ver\u00f0a ofs\u00f3ttir, \u00feeir er lifa vilja gu\u00f0r\u00e6kilega eftir Jes\u00fa Krists reglu.<a name=\"13\"><span class=\"versanumer\">13<\/span><\/a>En vondir menn og svikarar munu vaxa \u00ed vonskunni, villa a\u00f0ra og villast sj\u00e1lfir.<a name=\"14\"><span class=\"versanumer\">14<\/span><\/a>En \u00fe\u00fa, halt st\u00f6\u00f0uglega vi\u00f0 \u00fea\u00f0 sem \u00fe\u00fa hefir numi\u00f0 og ert sannf\u00e6r\u00f0ur um, \u00fear e\u00f0 \u00fe\u00fa veist af hv\u00f6rjum \u00fe\u00fa hefir numi\u00f0 \u00fea\u00f0<a name=\"15\"><span class=\"versanumer\">15<\/span><\/a>og \u00fear e\u00f0 \u00fe\u00e9r er fr\u00e1 barn\u00e6sku kunnug Heil\u00f6g Ritning, sem getur uppfr\u00e6tt \u00feig til s\u00e1luhj\u00e1lpar <span class='VideyAth'>(sem f\u00e6st)<\/span> me\u00f0 tr\u00fanni \u00e1 Jes\u00fa Kristi.<a name=\"16\"><span class=\"versanumer\">16<\/span><\/a>\u00d6ll Ritning er af Gu\u00f0i innbl\u00e1sin og nyts\u00f6m til l\u00e6rd\u00f3ms, til sannf\u00e6ringar gegn m\u00f3tm\u00e6lum, til lei\u00f0r\u00e9ttingar, til menntunar \u00ed r\u00e1\u00f0vendni,<a name=\"17\"><span class=\"versanumer\">17<\/span><\/a>svo Gu\u00f0s ma\u00f0ur s\u00e9 algj\u00f6r og til alls g\u00f3\u00f0s verks h\u00e6filegur.<\/p>\n<div class=\"footnoteVidey\">V. 1. sbr. 2 Tess. 2,3\u201312.  V. 4. af \u00feeirra speki.  V. 5. Matt. 7,5. fl. 15,7.8. T\u00edt. 1,16.  V. 6. T\u00edt. 1,11.  V. 8. 2 M\u00f3s.b. 7,11. 1 T\u00edm. 6,5. T\u00edt. 1,16.  V. 11. Post.g.b. 13,50. 14,1.5.6.19.  V. 12. Matt. 16,24. J\u00f3h. 17,14. Post.g.b. 14,22. 1 Tess. 3,3.<\/div>\n","protected":false},"excerpt":{"rendered":"<p>Postulinn segir fyrirh\u00e6ttulegar t\u00ed\u00f0ir. Hr\u00f3sar T\u00edm\u00f3teusi. \u00c1minnir um a\u00f0 taka s\u00e9r vara fyrir svikurum en halda s\u00e9r st\u00f6\u00f0uglega vi\u00f0 Gu\u00f0s or\u00f0. 1\u00dev\u00ed \u00fea\u00f0 skalt\u00fa vita a\u00f0 \u00e1 s\u00ed\u00f0ustu d\u00f6gum munu ver\u00f0a h\u00e6ttulegar t\u00ed\u00f0ir.2\u00dev\u00ed \u00fe\u00e1 munu menn ver\u00f0a s\u00e9rg\u00f3\u00f0ir, f\u00e9gjarnir, raupsamir, \u00fe\u00f3ttafullir, lastm\u00e1lir, foreldrum \u00f3hl\u00fd\u00f0ugir, \u00f3\u00feakkl\u00e1tir, vanhelgir,3k\u00e6rleikslausir, \u00f3haldinor\u00f0ir, bakm\u00e1lugir, bindindislausir, grimmir, hatandi dygg\u00f0ir,4svikarar, framhleypnir, hrokafullir, elskandi meira muna\u00f0arl\u00edfi\u00f0 en Gu\u00f0,5hafandi \u00e1 s\u00e9r yfirbrag\u00f0 gu\u00f0hr\u00e6\u00f0slunnar en afneita hennar krafti. For\u00f0ast\u00fa \u00fev\u00edl\u00edka.6\u00c1 me\u00f0al \u00feessara eru \u00feeir sem smeygja s\u00e9r inn \u00ed h\u00fas og v\u00e9la kvensniftir sem er syndum hla\u00f0nar og lei\u00f0ast af margh\u00e1ttu\u00f0um girndum,7eru alltaf a\u00f0 l\u00e6ra en komast aldrei til \u00feekkingar \u00e1 <a href=\"https:\/\/biblian.is\/videy\/sidara-timoteusarbref-3-kafli\/\"> [&#8230;]<\/a><\/p>\n","protected":false},"author":1,"featured_media":0,"parent":0,"menu_order":0,"comment_status":"open","ping_status":"open","template":"bibliukaflar.php","meta":{"footnotes":""},"class_list":["post-21977","page","type-page","status-publish","hentry"],"_links":{"self":[{"href":"https:\/\/biblian.is\/videy\/wp-json\/wp\/v2\/pages\/21977","targetHints":{"allow":["GET"]}}],"collection":[{"href":"https:\/\/biblian.is\/videy\/wp-json\/wp\/v2\/pages"}],"about":[{"href":"https:\/\/biblian.is\/videy\/wp-json\/wp\/v2\/types\/page"}],"author":[{"embeddable":true,"href":"https:\/\/biblian.is\/videy\/wp-json\/wp\/v2\/users\/1"}],"replies":[{"embeddable":true,"href":"https:\/\/biblian.is\/videy\/wp-json\/wp\/v2\/comments?post=21977"}],"version-history":[{"count":0,"href":"https:\/\/biblian.is\/videy\/wp-json\/wp\/v2\/pages\/21977\/revisions"}],"wp:attachment":[{"href":"https:\/\/biblian.is\/videy\/wp-json\/wp\/v2\/media?parent=21977"}],"curies":[{"name":"wp","href":"https:\/\/api.w.org\/{rel}","templated":true}]}}