{"id":21975,"date":"2018-01-02T01:05:02","date_gmt":"2018-01-02T01:05:02","guid":{"rendered":"http:\/\/biblian.is\/videy\/sidara-timoteusarbref-1-kafli\/"},"modified":"2018-01-02T01:05:02","modified_gmt":"2018-01-02T01:05:02","slug":"sidara-timoteusarbref-1-kafli","status":"publish","type":"page","link":"https:\/\/biblian.is\/videy\/sidara-timoteusarbref-1-kafli\/","title":{"rendered":"S\u00ed\u00f0ara T\u00edm\u00f3teusarbr\u00e9f 1. kafli"},"content":{"rendered":"<div class=\"fyrirsognVidey\">G\u00f3\u00f0ar \u00f3skir. Postulinn hr\u00f3sar tr\u00fa T\u00edm\u00f3teusar, hvetur til atorku, \u00feolinm\u00e6\u00f0i \u00ed \u00fej\u00e1ningum og fastheldni vi\u00f0 hreinan l\u00e6rd\u00f3m. Kvartar yfir nokkrum, hr\u00f3sar \u00f6\u00f0rum.<\/div>\n<p><a name=\"1\"><span class=\"versanumer\">1<\/span><\/a>P\u00e1ll postuli Jes\u00fa Krists, settur a\u00f0 Gu\u00f0s vilja til a\u00f0 bo\u00f0a l\u00edfi\u00f0 fyrir Jes\u00fam Krist,<a name=\"2\"><span class=\"versanumer\">2<\/span><\/a>\u00f3skar s\u00ednum elskulega syni T\u00edm\u00f3teusi n\u00e1\u00f0ar, miskunnar og fri\u00f0ar af Gu\u00f0i F\u00f6\u00f0ur og Drottni vorum Jes\u00fa Kristi.<br \/><a name=\"3\"><span class=\"versanumer\">3<\/span><\/a>Eg \u00feakka Gu\u00f0i m\u00ednum, hv\u00f6rjum eg \u00fej\u00f3na me\u00f0 hreinni samvisku, a\u00f0 si\u00f0 forfe\u00f0ra minna, \u00ed \u00fev\u00ed eg \u00e1n afl\u00e1ts minnist \u00fe\u00edn \u00ed m\u00ednum b\u00e6num n\u00f3tt og dag.<a name=\"4\"><span class=\"versanumer\">4<\/span><\/a>\u00deegar m\u00e9r renna \u00ed hug t\u00e1r \u00fe\u00edn langar mig til a\u00f0 sj\u00e1 \u00feig svo a\u00f0 m\u00edn gle\u00f0i ver\u00f0i fullkomin.<a name=\"5\"><span class=\"versanumer\">5<\/span><\/a>Eg man til \u00feinnar falslausu tr\u00faar er fyrst bj\u00f3 \u00ed \u00f6mmu \u00feinni L\u00f3is og m\u00f3\u00f0ur \u00feinni Evn\u00edku, en eg er fullviss um a\u00f0 h\u00fan l\u00edka b\u00fdr \u00ed \u00fe\u00e9r.<a name=\"6\"><span class=\"versanumer\">6<\/span><\/a>\u00deess vegna minni eg \u00feig \u00e1 a\u00f0 gl\u00e6\u00f0a hj\u00e1 \u00fe\u00e9r g\u00e1fu Gu\u00f0s sem \u00fe\u00e9r er veitt me\u00f0 minni handaupp\u00e1leggingu.<a name=\"7\"><span class=\"versanumer\">7<\/span><\/a>\u00dev\u00ed ekki hefir Gu\u00f0 gefi\u00f0 oss hugleysisanda heldur m\u00e1ttar, k\u00e6rleiks og hygginda.<a name=\"8\"><span class=\"versanumer\">8<\/span><\/a>Fyrirver\u00f0 \u00feig \u00fev\u00ed ekki fyrir vitnisbur\u00f0 Drottins vors n\u00e9 fyrir mig, hans bandingja, heldur vert sam\u00feolugur n\u00e1\u00f0arl\u00e6rd\u00f3minum, styrktur krafti Gu\u00f0s<a name=\"9\"><span class=\"versanumer\">9<\/span><\/a>sem oss hefir frelsa\u00f0 og kalla\u00f0 me\u00f0 heilagri k\u00f6llun, ekki fyrir vorra verka sakir heldur eftir sinni r\u00e1\u00f0st\u00f6fun og n\u00e1\u00f0 sem hann haf\u00f0i fr\u00e1 eil\u00edf\u00f0 fyrirhuga\u00f0 oss fyrir Jes\u00fam Krist<a name=\"10\"><span class=\"versanumer\">10<\/span><\/a>en sem n\u00fa er auglj\u00f3s or\u00f0in vi\u00f0 komu vors frelsara Jes\u00fa Krists sem hefir afm\u00e1\u00f0 dau\u00f0ann en leitt \u00ed lj\u00f3s l\u00edfi\u00f0 og \u00f3dau\u00f0leikann me\u00f0 s\u00ednum n\u00e1\u00f0arl\u00e6rd\u00f3mi,<a name=\"11\"><span class=\"versanumer\">11<\/span><\/a>hv\u00f6rs pr\u00e9dikari, postuli og kennari eg er me\u00f0al hei\u00f0inna \u00fej\u00f3\u00f0a.<a name=\"12\"><span class=\"versanumer\">12<\/span><\/a>Fyrir \u00fe\u00e1 skuld l\u00ed\u00f0 eg \u00feetta. En m\u00e9r \u00feykir \u00fea\u00f0 eigi vanvir\u00f0a, \u00fev\u00ed eg veit \u00e1 hv\u00f6rn eg treysti og er \u00feess fullviss a\u00f0 hann er megnugur a\u00f0 var\u00f0veita \u00fea\u00f0 sem m\u00e9r er \u00e1 hendur fali\u00f0 til ins \u00e1kve\u00f0na dags.<br \/><a name=\"13\"><span class=\"versanumer\">13<\/span><\/a>Haf\u00f0\u00fa st\u00f6\u00f0uglega \u00fe\u00e9r fyrir augum fyrirmynd \u00feeirra heilsus\u00f6mu l\u00e6rd\u00f3ma sem \u00fe\u00fa af m\u00e9r hefir numi\u00f0 me\u00f0 tr\u00fa og elsku sem er \u00ed Jes\u00fa Kristi.<a name=\"14\"><span class=\"versanumer\">14<\/span><\/a>Var\u00f0veittu \u00fea\u00f0 hi\u00f0 g\u00f3\u00f0a sem \u00fe\u00e9r er \u00e1 hendur fali\u00f0 me\u00f0 a\u00f0sto\u00f0 Heilags Anda sem \u00ed oss b\u00fdr.<br \/><a name=\"15\"><span class=\"versanumer\">15<\/span><\/a>\u00de\u00fa veist a\u00f0 allir \u00far As\u00edu hafa yfirgefi\u00f0 mig og \u00fear \u00e1 me\u00f0al \u00feeir Fygelus og Hermogenes.<a name=\"16\"><span class=\"versanumer\">16<\/span><\/a>Drottinn veiti miskunn \u00d3nes\u00edf\u00f3r\u00ed h\u00fasi, \u00fev\u00ed oft hefir hann endurn\u00e6rt mig og ekki skammast s\u00edn fyrir fj\u00f6tur m\u00edna,<a name=\"17\"><span class=\"versanumer\">17<\/span><\/a>\u00fevert \u00e1 m\u00f3ti leita\u00f0i hann kostg\u00e6filega a\u00f0 m\u00e9r \u00fe\u00e1 hann kom til R\u00f3ms \u00fear til hann fann mig.<a name=\"18\"><span class=\"versanumer\">18<\/span><\/a>Drottinn l\u00e1ti hann \u00e1 efsta degi finna miskunn hj\u00e1 Drottni. \u00de\u00e9r er alkunnugt hv\u00f6rsu hann stunda\u00f0i mig \u00ed Efesus.<\/p>\n<div class=\"footnoteVidey\">V. 3. Post.g.b. 23,1. R\u00f3m. 1,9. Ef. 1,16.  V. 5. Post.gb. 16,1.  V. 6. sbr. s\u00edtat\u00edur vi\u00f0 1 T\u00edm. 4,14.  V. 7. R\u00f3m. 8,15.16.  V. 8. R\u00f3m. 1,16.  V. 9. 1 Tess. 4,7. Efes. 1,4. 2,8. R\u00f3m. 6,23. T\u00edt. 3,5. R\u00f3m. 16,25.  V. 10. K\u00f3l. 1,26. Hebr. 2,14.15. 1 Kor. 15,26.  V. 11. Gal. 1,15.16. 2,7.8. Post.gb. 9,15.  V. 12. \u00fe. e. \u00fea\u00f0 l\u00e6rd\u00f3ms- og pr\u00e9dikaraemb\u00e6tti\u00f0. Kap. 2,9.  V. 23. 1 T\u00edm. 1,14.  V. 14. sbr. v. 12 og 1 T\u00edm. 6,20. \u00fe. e. \u00fe\u00e1 uppl\u00fdsingu og \u00fea\u00f0 heilaga hugarfar sem Gu\u00f0s Andi innr\u00e6tir. 1 Kor. 3,16.  V. 18. Matt. 5,7.<\/div>\n","protected":false},"excerpt":{"rendered":"<p>G\u00f3\u00f0ar \u00f3skir. Postulinn hr\u00f3sar tr\u00fa T\u00edm\u00f3teusar, hvetur til atorku, \u00feolinm\u00e6\u00f0i \u00ed \u00fej\u00e1ningum og fastheldni vi\u00f0 hreinan l\u00e6rd\u00f3m. Kvartar yfir nokkrum, hr\u00f3sar \u00f6\u00f0rum. 1P\u00e1ll postuli Jes\u00fa Krists, settur a\u00f0 Gu\u00f0s vilja til a\u00f0 bo\u00f0a l\u00edfi\u00f0 fyrir Jes\u00fam Krist,2\u00f3skar s\u00ednum elskulega syni T\u00edm\u00f3teusi n\u00e1\u00f0ar, miskunnar og fri\u00f0ar af Gu\u00f0i F\u00f6\u00f0ur og Drottni vorum Jes\u00fa Kristi.3Eg \u00feakka Gu\u00f0i m\u00ednum, hv\u00f6rjum eg \u00fej\u00f3na me\u00f0 hreinni samvisku, a\u00f0 si\u00f0 forfe\u00f0ra minna, \u00ed \u00fev\u00ed eg \u00e1n afl\u00e1ts minnist \u00fe\u00edn \u00ed m\u00ednum b\u00e6num n\u00f3tt og dag.4\u00deegar m\u00e9r renna \u00ed hug t\u00e1r \u00fe\u00edn langar mig til a\u00f0 sj\u00e1 \u00feig svo a\u00f0 m\u00edn gle\u00f0i ver\u00f0i fullkomin.5Eg man til \u00feinnar <a href=\"https:\/\/biblian.is\/videy\/sidara-timoteusarbref-1-kafli\/\"> [&#8230;]<\/a><\/p>\n","protected":false},"author":1,"featured_media":0,"parent":0,"menu_order":0,"comment_status":"open","ping_status":"open","template":"bibliukaflar.php","meta":{"footnotes":""},"class_list":["post-21975","page","type-page","status-publish","hentry"],"_links":{"self":[{"href":"https:\/\/biblian.is\/videy\/wp-json\/wp\/v2\/pages\/21975","targetHints":{"allow":["GET"]}}],"collection":[{"href":"https:\/\/biblian.is\/videy\/wp-json\/wp\/v2\/pages"}],"about":[{"href":"https:\/\/biblian.is\/videy\/wp-json\/wp\/v2\/types\/page"}],"author":[{"embeddable":true,"href":"https:\/\/biblian.is\/videy\/wp-json\/wp\/v2\/users\/1"}],"replies":[{"embeddable":true,"href":"https:\/\/biblian.is\/videy\/wp-json\/wp\/v2\/comments?post=21975"}],"version-history":[{"count":0,"href":"https:\/\/biblian.is\/videy\/wp-json\/wp\/v2\/pages\/21975\/revisions"}],"wp:attachment":[{"href":"https:\/\/biblian.is\/videy\/wp-json\/wp\/v2\/media?parent=21975"}],"curies":[{"name":"wp","href":"https:\/\/api.w.org\/{rel}","templated":true}]}}