{"id":21974,"date":"2018-01-02T01:05:02","date_gmt":"2018-01-02T01:05:02","guid":{"rendered":"http:\/\/biblian.is\/videy\/fyrra-timoteusarbref-6-kafli\/"},"modified":"2018-01-02T01:05:02","modified_gmt":"2018-01-02T01:05:02","slug":"fyrra-timoteusarbref-6-kafli","status":"publish","type":"page","link":"https:\/\/biblian.is\/videy\/fyrra-timoteusarbref-6-kafli\/","title":{"rendered":"Fyrra T\u00edm\u00f3teusarbr\u00e9f 6. kafli"},"content":{"rendered":"<div class=\"fyrirsognVidey\">\u00der\u00e6laskyldur. Falskennendal\u00e6rd\u00f3mur lei\u00f0ir til \u00fer\u00e6tu og \u00e1girndar. T\u00edm\u00f3teus \u00e1minnist til gu\u00f0hr\u00e6\u00f0slu. Hva\u00f0 hann skuli kenna \u00feeim r\u00edku. Hann g\u00e6ti tr\u00falega s\u00edns emb\u00e6ttis en for\u00f0ist \u00fev\u00e6tting.<\/div>\n<p><a name=\"1\"><span class=\"versanumer\">1<\/span><\/a>\u00c1nau\u00f0ugir \u00fer\u00e6lar haldi s\u00edna drottna alls hei\u00f0urs ver\u00f0uga svo nafn Gu\u00f0s og l\u00e6rd\u00f3murinn ver\u00f0i ekki fyrir lasti.<a name=\"2\"><span class=\"versanumer\">2<\/span><\/a>\u00deeir sem tr\u00faa\u00f0a h\u00fasb\u00e6ndur eiga fyrirl\u00edti \u00fe\u00e1 ekki vegna \u00feess \u00feeir eru br\u00e6\u00f0ur heldur \u00fej\u00f3ni \u00feess f\u00faslegar vegna \u00feess \u00feeir eru tr\u00faa\u00f0ir og elsku ver\u00f0ir sem \u00feiggja eiga \u00fe\u00e1 tr\u00fau \u00fej\u00f3nustu. Kenn \u00fe\u00fa \u00feetta og \u00e1minn um \u00fea\u00f0.<a name=\"3\"><span class=\"versanumer\">3<\/span><\/a>Hv\u00f6r sem \u00f6\u00f0ruv\u00edsi kennir og ekki fylgir vors Drottins Jes\u00fa Krists heilsusama l\u00e6rd\u00f3mi og kenningu sem lei\u00f0ir til gu\u00f0hr\u00e6\u00f0slu, hann er, \u00fer\u00e1tt fyrir hroka sinn, f\u00e1v\u00eds<a name=\"4\"><span class=\"versanumer\">4<\/span><\/a>en er f\u00f3lginn \u00ed vafaspurningar og or\u00f0adeilur, af hv\u00f6rjum kvikna \u00f6fund, \u00fer\u00e6ta, lastm\u00e6li, illir grunir,<a name=\"5\"><span class=\"versanumer\">5<\/span><\/a>\u00f3nytjuathafnir hugspilltra manna, hv\u00f6rjum sannleikurinn er horfinn og sem hafa gu\u00f0r\u00e6knina s\u00e9r til fj\u00e1rpl\u00f3gs. \u00deessh\u00e1ttar menn skalt\u00fa for\u00f0ast.<a name=\"6\"><span class=\"versanumer\">6<\/span><\/a>\u00cd sj\u00e1lfri s\u00e9r er gu\u00f0hr\u00e6\u00f0slan mikill \u00e1vinningur samfara n\u00e6gjusemi.<a name=\"7\"><span class=\"versanumer\">7<\/span><\/a>Fyrst v\u00e9r h\u00f6fum ekkert innflutt \u00ed heiminn \u00fe\u00e1 er \u00fea\u00f0 bert a\u00f0 v\u00e9r ekkert munum \u00fea\u00f0an geta burtu haft.<a name=\"8\"><span class=\"versanumer\">8<\/span><\/a>\u00deess vegna, ef v\u00e9r h\u00f6fum f\u00e6\u00f0u og sk\u00fdli \u00fe\u00e1 l\u00e1tum oss n\u00e6gja.<a name=\"9\"><span class=\"versanumer\">9<\/span><\/a>\u00deeir \u00fear \u00e1 m\u00f3t sem r\u00edkir vilja ver\u00f0a falla \u00ed freistingar og sn\u00f6rur og margar girndir d\u00e1rlegar og ska\u00f0legar er ni\u00f0urs\u00f6kkva m\u00f6nnum \u00ed \u00f3lukku og gl\u00f6tun.<a name=\"10\"><span class=\"versanumer\">10<\/span><\/a>\u00dev\u00ed a\u00f0 auraelskan er r\u00f3t til alls ills, \u00ed hv\u00f6rja nokkrir hafa svo f\u00edkst a\u00f0 \u00feeir hafa villst fr\u00e1 tr\u00fanni og baka\u00f0 s\u00e9r m\u00f6rg harmkv\u00e6li.<a name=\"11\"><span class=\"versanumer\">11<\/span><\/a>En \u00fe\u00fa Gu\u00f0s ma\u00f0ur, umfl\u00fd \u00fev\u00edl\u00edkt en kappkosta r\u00e9ttv\u00edsi, gu\u00f0hr\u00e6\u00f0slu, tr\u00fa, k\u00e6rleika, \u00feolinm\u00e6\u00f0i, lj\u00faflyndi.<a name=\"12\"><span class=\"versanumer\">12<\/span><\/a>Berst\u00fa tr\u00faarinnar g\u00f3\u00f0u bar\u00e1ttu, handsama eil\u00edft l\u00edf. \u00dear til ert\u00fa kalla\u00f0ur og \u00fear a\u00f0 vannstu g\u00f3\u00f0a j\u00e1tningu \u00ed n\u00e6rveru margra votta.<a name=\"13\"><span class=\"versanumer\">13<\/span><\/a>Eg \u00e1minni \u00feig fyrir augliti Gu\u00f0s sem allt l\u00edfgar og Jes\u00fa Krists er gj\u00f6r\u00f0i \u00fe\u00e1 g\u00f3\u00f0u j\u00e1tningu frammi fyrir Pont\u00edus P\u00edlatus<a name=\"14\"><span class=\"versanumer\">14<\/span><\/a>a\u00f0 \u00fe\u00fa g\u00e6tir skyldu \u00feinnar l\u00fdtalaust og \u00f3a\u00f0finnanlega allt til opinberunar Drottins vors Jes\u00fa Krists,<a name=\"15\"><span class=\"versanumer\">15<\/span><\/a>hv\u00f6rja \u00e1 s\u00ednum t\u00edma mun birtast l\u00e1ta hinn s\u00e6li og alleina voldugi konungur konunganna og Drottinn drottnanna,<a name=\"16\"><span class=\"versanumer\">16<\/span><\/a>hann sem einn er \u00f3dau\u00f0legur, sem b\u00fdr \u00ed \u00fev\u00ed lj\u00f3si er enginn f\u00e6r til komist, hv\u00f6rn enginn ma\u00f0ur hefir s\u00e9\u00f0. Honum s\u00e9 hei\u00f0ur og \u00e6vinlegt veldi. Amen. <br \/><a name=\"17\"><span class=\"versanumer\">17<\/span><\/a>Bj\u00f3\u00f0 r\u00edkum m\u00f6nnum \u00feessarar aldar a\u00f0 \u00feeir s\u00e9u ekki mikill\u00e1tir og treysti ekki fallv\u00f6ltum au\u00f0i heldur lifanda Gu\u00f0i sem veitir oss r\u00edkuglega allt gott til nau\u00f0\u00feurftar,<a name=\"18\"><span class=\"versanumer\">18<\/span><\/a>a\u00f0 \u00feeir gj\u00f6ri gott, s\u00e9u r\u00edkir af g\u00f3\u00f0verkum, \u00f6rl\u00e1tir, f\u00fasir a\u00f0 mi\u00f0la \u00f6\u00f0rum,<a name=\"19\"><span class=\"versanumer\">19<\/span><\/a>safni s\u00e9r \u00ed fj\u00e1rsj\u00f3\u00f0u g\u00f3\u00f0um stofni til hins \u00f3komna svo \u00feeir \u00f6\u00f0list hi\u00f0 sanna l\u00edf.<a name=\"20\"><span class=\"versanumer\">20<\/span><\/a>K\u00e6ri T\u00edm\u00f3teus, g\u00e6t \u00feess sem \u00fe\u00e9r er tr\u00faa\u00f0 fyrir en for\u00f0ast vanheilagar h\u00e9g\u00f3mar\u00e6\u00f0ur og \u00fer\u00e6tum\u00e1l speki \u00feeirrar er svo ranglega nefnist,<a name=\"21\"><span class=\"versanumer\">21<\/span><\/a>hv\u00f6rri nokkrir hafa gefi\u00f0 sig vi\u00f0 og eru \u00fev\u00ed tr\u00fanni fr\u00e1villtir or\u00f0nir.<a name=\"22\"><span class=\"versanumer\">22<\/span><\/a>N\u00e1\u00f0 s\u00e9 me\u00f0 \u00fe\u00e9r. Amen.<\/p>\n<div class=\"footnoteVidey\">V. 1. Efes. 6,5. fl. R\u00f3m. 2,24. T\u00edt. 2,5.8.  V. 2. \u00dea\u00f0 er \u00feeirra samkristnir.  V. 4. 1 Kor. 8,2.  V. 5. T\u00edt. 1,11. 2 P\u00e9t. 2,13.  V. 6. Or\u00f0kv.b. 15,15.16. 1 T\u00edm. 4,8.  V. 7. Job 1,21. Pr\u00e9d. 5,15. S\u00e1lm. 49,17\u201321.  V. 8. Or\u00f0kv.b. 30,8. Matt. 6,29.  V. 9. Or\u00f0skv.b. 23,4. 28,20.22. 11,28. Jak. 5,1.5.  V. 10. 2 M\u00f3s.b. 23,8. 5 M\u00f3s. 16,19. Or\u00f0skv. 15,16.  V. 12. 1 Kor. 9,25.26. Fil. 3,12.14. 2 T\u00edm. 2,5. 4,7.  V. 13. R\u00f3m. 4,17. J\u00f3h. 18,36.37.  V. 15. 5 M\u00f3s.b. 10,17.  V. 16. 1 J\u00f3h. 1,5. 4,12. 2 M\u00f3s. b. 33,20.  V. 17. Kap. 5,7. Job 31,24.25. S\u00e1lm. 62,11. Matt. 6,19. L\u00fak. 12,15\u201320. Jak. 5,2.3. V. 17. Matt. 6,25\u201334.  V. 18. 5 M\u00f3s. b. 15,7.10. L\u00fak. 12,21. Jak. 2,8.14\u201317. R\u00f3m. 12,8.  V. 19. Matt. 6,20. L\u00fak. 16,9.<\/div>\n","protected":false},"excerpt":{"rendered":"<p>\u00der\u00e6laskyldur. Falskennendal\u00e6rd\u00f3mur lei\u00f0ir til \u00fer\u00e6tu og \u00e1girndar. T\u00edm\u00f3teus \u00e1minnist til gu\u00f0hr\u00e6\u00f0slu. Hva\u00f0 hann skuli kenna \u00feeim r\u00edku. Hann g\u00e6ti tr\u00falega s\u00edns emb\u00e6ttis en for\u00f0ist \u00fev\u00e6tting. 1\u00c1nau\u00f0ugir \u00fer\u00e6lar haldi s\u00edna drottna alls hei\u00f0urs ver\u00f0uga svo nafn Gu\u00f0s og l\u00e6rd\u00f3murinn ver\u00f0i ekki fyrir lasti.2\u00deeir sem tr\u00faa\u00f0a h\u00fasb\u00e6ndur eiga fyrirl\u00edti \u00fe\u00e1 ekki vegna \u00feess \u00feeir eru br\u00e6\u00f0ur heldur \u00fej\u00f3ni \u00feess f\u00faslegar vegna \u00feess \u00feeir eru tr\u00faa\u00f0ir og elsku ver\u00f0ir sem \u00feiggja eiga \u00fe\u00e1 tr\u00fau \u00fej\u00f3nustu. Kenn \u00fe\u00fa \u00feetta og \u00e1minn um \u00fea\u00f0.3Hv\u00f6r sem \u00f6\u00f0ruv\u00edsi kennir og ekki fylgir vors Drottins Jes\u00fa Krists heilsusama l\u00e6rd\u00f3mi og kenningu sem lei\u00f0ir til gu\u00f0hr\u00e6\u00f0slu, hann er, \u00fer\u00e1tt <a href=\"https:\/\/biblian.is\/videy\/fyrra-timoteusarbref-6-kafli\/\"> [&#8230;]<\/a><\/p>\n","protected":false},"author":1,"featured_media":0,"parent":0,"menu_order":0,"comment_status":"open","ping_status":"open","template":"bibliukaflar.php","meta":{"footnotes":""},"class_list":["post-21974","page","type-page","status-publish","hentry"],"_links":{"self":[{"href":"https:\/\/biblian.is\/videy\/wp-json\/wp\/v2\/pages\/21974","targetHints":{"allow":["GET"]}}],"collection":[{"href":"https:\/\/biblian.is\/videy\/wp-json\/wp\/v2\/pages"}],"about":[{"href":"https:\/\/biblian.is\/videy\/wp-json\/wp\/v2\/types\/page"}],"author":[{"embeddable":true,"href":"https:\/\/biblian.is\/videy\/wp-json\/wp\/v2\/users\/1"}],"replies":[{"embeddable":true,"href":"https:\/\/biblian.is\/videy\/wp-json\/wp\/v2\/comments?post=21974"}],"version-history":[{"count":0,"href":"https:\/\/biblian.is\/videy\/wp-json\/wp\/v2\/pages\/21974\/revisions"}],"wp:attachment":[{"href":"https:\/\/biblian.is\/videy\/wp-json\/wp\/v2\/media?parent=21974"}],"curies":[{"name":"wp","href":"https:\/\/api.w.org\/{rel}","templated":true}]}}