{"id":21973,"date":"2018-01-02T01:05:02","date_gmt":"2018-01-02T01:05:02","guid":{"rendered":"http:\/\/biblian.is\/videy\/fyrra-timoteusarbref-5-kafli\/"},"modified":"2018-01-02T01:05:02","modified_gmt":"2018-01-02T01:05:02","slug":"fyrra-timoteusarbref-5-kafli","status":"publish","type":"page","link":"https:\/\/biblian.is\/videy\/fyrra-timoteusarbref-5-kafli\/","title":{"rendered":"Fyrra T\u00edm\u00f3teusarbr\u00e9f 5. kafli"},"content":{"rendered":"<div class=\"fyrirsognVidey\">Hv\u00f6rnig T\u00edm\u00f3teus eigi a\u00f0 haga \u00e1minningum s\u00ednum vi\u00f0 eldri menn og yngri. Ekkjur eiga s\u00e9rdeilislega a\u00f0 nj\u00f3ta \u00f6lmusu safna\u00f0arins og kennendur. Hv\u00f6rjar ekkjur eigi a\u00f0 f\u00e1 \u00fear \u00ed hlutdeild. \u00c1minning um var\u00fa\u00f0 a\u00f0 straffa \u00f6ldunga og um g\u00e6tni \u00ed a\u00f0 velja til \u00feess emb\u00e6ttis.<\/div>\n<p><a name=\"1\"><span class=\"versanumer\">1<\/span><\/a>\u00c1v\u00edta ekki gamlan mann har\u00f0lega heldur \u00e1minn hann sem f\u00f6\u00f0ur, hina yngri sem br\u00e6\u00f0ur,<a name=\"2\"><span class=\"versanumer\">2<\/span><\/a>aldra\u00f0ar konur sem m\u00e6\u00f0ur, ungar sem systur, me\u00f0 allri si\u00f0semi.<br \/><a name=\"3\"><span class=\"versanumer\">3<\/span><\/a>Hei\u00f0ra ekkjur sem eru sannar ekkjur.<a name=\"4\"><span class=\"versanumer\">4<\/span><\/a>En ef nokkur ekkja \u00e1 b\u00f6rn e\u00f0a afkomendur \u00fe\u00e1 l\u00e6ri \u00feeir fyrst og fremst a\u00f0 au\u00f0s\u00fdna r\u00e6kt \u00e6ttm\u00f6nnum s\u00ednum og endurgjalda foreldrum, \u00fev\u00ed \u00fea\u00f0 er \u00fe\u00f3knanlegt fyrir augliti Gu\u00f0s.<a name=\"5\"><span class=\"versanumer\">5<\/span><\/a>Sannarleg ekkja sem er a\u00f0sto\u00f0arlaus, h\u00fan hefir sett von s\u00edna til Gu\u00f0s og er st\u00f6\u00f0ug \u00ed b\u00e6n og \u00e1kalli til hans n\u00f3tt og dag.<a name=\"6\"><span class=\"versanumer\">6<\/span><\/a>En hin b\u00edl\u00edfa er dau\u00f0 \u00fe\u00f3 h\u00fan lifi.<a name=\"7\"><span class=\"versanumer\">7<\/span><\/a>Kunngj\u00f6r \u00fe\u00fa \u00feetta svo \u00fe\u00e6r s\u00e9u \u00f3a\u00f0finnanlegar.<a name=\"8\"><span class=\"versanumer\">8<\/span><\/a>En ef s\u00e1 er nokkur sem ekki vill annast n\u00e1unga, helst ef \u00feeir eru heimilismenn hans, hann hefir afneita\u00f0 tr\u00fanni og er verri en hei\u00f0ingi.<a name=\"9\"><span class=\"versanumer\">9<\/span><\/a>Ekkja m\u00e1 ekki veljast yngri en sextug, s\u00fa er veri\u00f0 hefir eins manns kona og kunn er a\u00f0 g\u00f3\u00f0verkum,<a name=\"10\"><span class=\"versanumer\">10<\/span><\/a>a\u00f0 h\u00fan hafi uppali\u00f0 b\u00f6rn, veri\u00f0 gestrisin, hafi \u00fevegi\u00f0 f\u00e6tur tr\u00faa\u00f0ra, hj\u00e1lpa\u00f0 nau\u00f0st\u00f6ddum, kappkosta\u00f0 allt gott.<a name=\"11\"><span class=\"versanumer\">11<\/span><\/a>En hj\u00e1 ungum ekkjum skalt\u00fa sney\u00f0a \u00feig. \u00dev\u00ed \u00feegar \u00fe\u00e6r af gj\u00e1l\u00edfi h\u00e6tta a\u00f0 hir\u00f0a um Krist girnast \u00fe\u00e6r a\u00f0 giftast<a name=\"12\"><span class=\"versanumer\">12<\/span><\/a>og gj\u00f6rast sekar, \u00fear e\u00f0 \u00fe\u00e6r brj\u00f3ta sitt fyrra heit. Sl\u00edkar venja sig \u00e1 i\u00f0juleysi og h\u00fasg\u00f6ngur.<a name=\"13\"><span class=\"versanumer\">13<\/span><\/a>\u00de\u00e6r eru ekki einungis i\u00f0julausar heldur og m\u00e1lugar, hlutsamar og t\u00ed\u00f0ka \u00f3s\u00e6milegt tal.<a name=\"14\"><span class=\"versanumer\">14<\/span><\/a>Eg vil \u00fev\u00ed a\u00f0 inar ungu ekkjur giftist, ali b\u00f6rn, stj\u00f3rni h\u00fasi og gefi m\u00f3tst\u00f6\u00f0umanninum ekkert tilefni til ills umtals.<a name=\"15\"><span class=\"versanumer\">15<\/span><\/a>\u00dev\u00ed nokkrar eru \u00feegar fallnar fr\u00e1 og hafa sn\u00fai\u00f0 s\u00e9r til Satans.<a name=\"16\"><span class=\"versanumer\">16<\/span><\/a>Ef nokkur tr\u00faa\u00f0ur e\u00f0a tr\u00fau\u00f0 \u00e1 ekkjur s\u00e9r skyldar hj\u00e1lpi \u00feau \u00feeim a\u00f0 \u00fe\u00e6r s\u00e9u ekki s\u00f6fnu\u00f0inum til byr\u00f0i og a\u00f0 hann geti hj\u00e1lpa\u00f0 sannarlegum ekkjum.<br \/><a name=\"17\"><span class=\"versanumer\">17<\/span><\/a>\u00deeir \u00f6ldungar sem veita g\u00f3\u00f0a forst\u00f6\u00f0u metist tv\u00f6faldlega, allra helst \u00feeir sem sveitast vi\u00f0 a\u00f0 kenna og fr\u00e6\u00f0a,<a name=\"18\"><span class=\"versanumer\">18<\/span><\/a>\u00fev\u00ed Ritningin segir: \u00de\u00fa skalt ekki m\u00falbinda nauti\u00f0 sem erjar. S\u00f6mulei\u00f0is: Ver\u00f0ur er verkama\u00f0urinn launanna.<br \/><a name=\"19\"><span class=\"versanumer\">19<\/span><\/a>Ekki skalt\u00fa m\u00f3tt\u00f6ku veita \u00e1k\u00e6ru gegn \u00f6ldungi nema tv\u00f6 e\u00f0a \u00ferj\u00fa vitni beri.<a name=\"20\"><span class=\"versanumer\">20<\/span><\/a>En \u00fe\u00e1 sem misbrj\u00f3ta skaltu \u00e1v\u00edta \u00ed allra n\u00e6rveru svo a\u00f0 hinir hafi og svo \u00f3tta \u00fear af.<a name=\"21\"><span class=\"versanumer\">21<\/span><\/a>Eg s\u00e6ri \u00feig fyrir augliti Gu\u00f0s, Drottins Jes\u00fa Krists og \u00fatvaldra engla a\u00f0 \u00fe\u00fa g\u00e6tir \u00feessa fylgislaust og gj\u00f6rir ekkert af me\u00f0haldi.<br \/><a name=\"22\"><span class=\"versanumer\">22<\/span><\/a>Vert\u00fa ekki flj\u00f3tur a\u00f0 leggja hendur yfir nokkurn. Takt\u00fa ekki heldur \u00fe\u00e1tt \u00ed annarra syndum. Geym \u00feig sj\u00e1lfan \u00f3flekka\u00f0an.<a name=\"23\"><span class=\"versanumer\">23<\/span><\/a>Drekk ekki framar vatn heldur neyt l\u00edtils v\u00edns vegna maga \u00fe\u00edns og \u00fe\u00edns jafna\u00f0arlega heilsubrests.<a name=\"24\"><span class=\"versanumer\">24<\/span><\/a>Sumra manna syndir eru svo berar a\u00f0 \u00fe\u00e6r ford\u00e6mast fyrirfram, a\u00f0rar \u00feekkjast eftir \u00e1.<a name=\"25\"><span class=\"versanumer\">25<\/span><\/a>S\u00f6mulei\u00f0is l\u00fdsa sum g\u00f3\u00f0verk s\u00e9r strax en \u00feau sem ekki eru \u00feannig geta ekki heldur dulist.<\/p>\n<div class=\"footnoteVidey\">V. 1. Sbr. 3 M\u00f3s.b. 19,32. sbr. 2 Tess. 3,15.  V. 4. Matt. 15,4.  V. 5. L\u00fak. 2,37.  V. 8. T\u00edt. 1,16.  V. 9. sbr. v. 14 vi\u00f0 Mark. 10,12. Matt. 19,7 og 5 M\u00f3s.b. 24,3.4.  V. 10. \u00dea\u00f0 er s\u00fdnt \u00fe\u00e9nustusemi. 1 M\u00f3s.b. 18,4. 19,2.  V. 13. Or\u00f0skv.b. 7,11. T\u00edt. 2,3.  V. 14. 1 Kor. 7,9. T\u00edt. 2,8.  V. 15. Nefnilega kristni, me\u00f0 \u00fev\u00ed \u00fe\u00e6r hafa gifst hei\u00f0num m\u00f6nnum. Ef. 2,2.  V. 16. sbr. v. 8.  V. 18. 5 M\u00f3s.b. 25,4. 5 M\u00f3s.b. 24,14. Matt. 10,10. 1 Kor. 9,9\u201314.  V. 19. 5 M\u00f3s.b. 17,6. 19,15.  V. 20. sbr. Matt. 18,17. Ef. 5,11. 5 M\u00f3s.b. 17,13. 19,20.  V. 22. Post.g.b. 6,6. 8,17. 13,3. 19,6. 2 T\u00edm. 1,6.  V. 24. samanb. v. 22. Gal. 5,19.  V. 25. Matt. 10,26.<\/div>\n","protected":false},"excerpt":{"rendered":"<p>Hv\u00f6rnig T\u00edm\u00f3teus eigi a\u00f0 haga \u00e1minningum s\u00ednum vi\u00f0 eldri menn og yngri. Ekkjur eiga s\u00e9rdeilislega a\u00f0 nj\u00f3ta \u00f6lmusu safna\u00f0arins og kennendur. Hv\u00f6rjar ekkjur eigi a\u00f0 f\u00e1 \u00fear \u00ed hlutdeild. \u00c1minning um var\u00fa\u00f0 a\u00f0 straffa \u00f6ldunga og um g\u00e6tni \u00ed a\u00f0 velja til \u00feess emb\u00e6ttis. 1\u00c1v\u00edta ekki gamlan mann har\u00f0lega heldur \u00e1minn hann sem f\u00f6\u00f0ur, hina yngri sem br\u00e6\u00f0ur,2aldra\u00f0ar konur sem m\u00e6\u00f0ur, ungar sem systur, me\u00f0 allri si\u00f0semi.3Hei\u00f0ra ekkjur sem eru sannar ekkjur.4En ef nokkur ekkja \u00e1 b\u00f6rn e\u00f0a afkomendur \u00fe\u00e1 l\u00e6ri \u00feeir fyrst og fremst a\u00f0 au\u00f0s\u00fdna r\u00e6kt \u00e6ttm\u00f6nnum s\u00ednum og endurgjalda foreldrum, \u00fev\u00ed \u00fea\u00f0 er \u00fe\u00f3knanlegt fyrir augliti Gu\u00f0s.5Sannarleg <a href=\"https:\/\/biblian.is\/videy\/fyrra-timoteusarbref-5-kafli\/\"> [&#8230;]<\/a><\/p>\n","protected":false},"author":1,"featured_media":0,"parent":0,"menu_order":0,"comment_status":"open","ping_status":"open","template":"bibliukaflar.php","meta":{"footnotes":""},"class_list":["post-21973","page","type-page","status-publish","hentry"],"_links":{"self":[{"href":"https:\/\/biblian.is\/videy\/wp-json\/wp\/v2\/pages\/21973","targetHints":{"allow":["GET"]}}],"collection":[{"href":"https:\/\/biblian.is\/videy\/wp-json\/wp\/v2\/pages"}],"about":[{"href":"https:\/\/biblian.is\/videy\/wp-json\/wp\/v2\/types\/page"}],"author":[{"embeddable":true,"href":"https:\/\/biblian.is\/videy\/wp-json\/wp\/v2\/users\/1"}],"replies":[{"embeddable":true,"href":"https:\/\/biblian.is\/videy\/wp-json\/wp\/v2\/comments?post=21973"}],"version-history":[{"count":0,"href":"https:\/\/biblian.is\/videy\/wp-json\/wp\/v2\/pages\/21973\/revisions"}],"wp:attachment":[{"href":"https:\/\/biblian.is\/videy\/wp-json\/wp\/v2\/media?parent=21973"}],"curies":[{"name":"wp","href":"https:\/\/api.w.org\/{rel}","templated":true}]}}