{"id":21972,"date":"2018-01-02T01:05:02","date_gmt":"2018-01-02T01:05:02","guid":{"rendered":"http:\/\/biblian.is\/videy\/fyrra-timoteusarbref-4-kafli\/"},"modified":"2018-01-02T01:05:02","modified_gmt":"2018-01-02T01:05:02","slug":"fyrra-timoteusarbref-4-kafli","status":"publish","type":"page","link":"https:\/\/biblian.is\/videy\/fyrra-timoteusarbref-4-kafli\/","title":{"rendered":"Fyrra T\u00edm\u00f3teusarbr\u00e9f 4. kafli"},"content":{"rendered":"<div class=\"fyrirsognVidey\">Postulinn \u00e1minnir enn T\u00edm\u00f3teus a\u00f0 fyrirbyggja ranga l\u00e6rd\u00f3ma og a\u00f0 for\u00f0ast \u00fe\u00e1 sj\u00e1lfur. Hann gefi af s\u00e9r gott eftird\u00e6mi og s\u00e9 tr\u00far \u00ed s\u00ednu emb\u00e6tti.<\/div>\n<p><a name=\"1\"><span class=\"versanumer\">1<\/span><\/a>En Andinn segir me\u00f0 berum or\u00f0um a\u00f0 \u00e1 s\u00ed\u00f0ustu t\u00ed\u00f0um muni nokkrir ganga af tr\u00fanni, festa tr\u00fa til villuanda og dj\u00f6flal\u00e6rd\u00f3ma<a name=\"2\"><span class=\"versanumer\">2<\/span><\/a>sem af fl\u00e1r\u00e6\u00f0i kenna lygar og eru brennimerktir \u00e1 samviskunni,<a name=\"3\"><span class=\"versanumer\">3<\/span><\/a>banna a\u00f0 giftast og a\u00f0 neyta f\u00e6\u00f0u er Gu\u00f0 hefir \u00fe\u00f3 skapa\u00f0 til \u00feess hennar s\u00e9 neytt me\u00f0 \u00feakkargj\u00f6r\u00f0 af tr\u00fau\u00f0um er komnir eru til \u00feekkingar \u00e1 sannleikanum.<a name=\"4\"><span class=\"versanumer\">4<\/span><\/a>\u00dev\u00ed a\u00f0 \u00f6ll Gu\u00f0s skepna er g\u00f3\u00f0 og engin burtkastanleg s\u00e9 h\u00fan me\u00f0tekin me\u00f0 \u00feakkargj\u00f6r\u00f0<a name=\"5\"><span class=\"versanumer\">5<\/span><\/a>\u00fev\u00ed h\u00fan helgast me\u00f0 Gu\u00f0s or\u00f0i og b\u00e6ninni.<a name=\"6\"><span class=\"versanumer\">6<\/span><\/a>\u00deegar \u00fe\u00fa br\u00fdnir \u00feetta fyrir br\u00e6\u00f0runum \u00fe\u00e1 s\u00fdnir \u00fe\u00fa \u00feig g\u00f3\u00f0an \u00fej\u00f3n Jes\u00fa Krists, vel mennta\u00f0an \u00ed l\u00e6rd\u00f3mum tr\u00faarinnar og \u00feeirri \u00e1g\u00e6tu kenningu hv\u00f6rri \u00fe\u00fa hefir hl\u00fd\u00f0nast.<a name=\"7\"><span class=\"versanumer\">7<\/span><\/a>For\u00f0ast \u00fe\u00fa vanheil\u00f6g \u00e6vint\u00fdri og kerlingah\u00e9giljur en \u00e6f sj\u00e1lfan \u00feig \u00ed gu\u00f0hr\u00e6\u00f0slu.<a name=\"8\"><span class=\"versanumer\">8<\/span><\/a>L\u00edkamleg \u00e6fing er til l\u00edtils n\u00fdt en gu\u00f0r\u00e6kni er til alls nytsamleg og hefir fyrirheit b\u00e6\u00f0i fyrir \u00feetta l\u00edf og hi\u00f0 tilkomanda.<a name=\"9\"><span class=\"versanumer\">9<\/span><\/a>\u00deetta eru sannm\u00e6li allrar samsinningar ver\u00f0ug.<a name=\"10\"><span class=\"versanumer\">10<\/span><\/a>\u00deess vegna leggjum v\u00e9r \u00e1 oss erfi\u00f0i og \u00feolum fyrirlitningu \u00fev\u00ed v\u00e9r h\u00f6fum sett vora von til ins lifanda Gu\u00f0s sem er frelsari allra manna, einkum tr\u00faa\u00f0ra.<a name=\"11\"><span class=\"versanumer\">11<\/span><\/a>Kunngj\u00f6r \u00fe\u00fa \u00feetta og kenn. <br \/><a name=\"12\"><span class=\"versanumer\">12<\/span><\/a>Enginn fyrirl\u00edti \u00feig vegna \u00feinnar \u00e6sku en vert\u00fa tr\u00faa\u00f0ra fyrirmynd \u00ed l\u00e6rd\u00f3mi, heg\u00f0un, elsku, tr\u00fa, sk\u00edrl\u00edfi.<a name=\"13\"><span class=\"versanumer\">13<\/span><\/a>Ver kappsamur \u00ed lestri, \u00e1minningum, kenningu, \u00feanga\u00f0 til eg kem.<a name=\"14\"><span class=\"versanumer\">14<\/span><\/a>Vanr\u00e6ktu ekki \u00fe\u00e9r veitta n\u00e1\u00f0arg\u00e1fu, hv\u00f6r \u00fe\u00e9r var fyrirsp\u00e1\u00f0 vi\u00f0 handaupp\u00e1leggingu \u00f6ldunganna.<a name=\"15\"><span class=\"versanumer\">15<\/span><\/a>G\u00e6ttu a\u00f0 \u00feessu, vert\u00fa allur \u00ed \u00fev\u00ed, svo a\u00f0 \u00fe\u00edn framf\u00f6r s\u00e9 au\u00f0s\u00e9n \u00ed \u00f6llu.<a name=\"16\"><span class=\"versanumer\">16<\/span><\/a>Haf g\u00e1t \u00e1 sj\u00e1lfum \u00fe\u00e9r og l\u00e6rd\u00f3minum, vert\u00fa st\u00f6\u00f0ugur vi\u00f0 \u00feetta. \u00dev\u00ed ef \u00fe\u00fa gj\u00f6rir \u00fea\u00f0 munt \u00fe\u00fa gj\u00f6ra sj\u00e1lfan \u00feig h\u00f3lpinn og \u00fe\u00e1 sem \u00feig heyra.<\/p>\n<div class=\"footnoteVidey\">V. 1. Matt. 24,24. Mikk. 2,11. 1 J\u00f3h. 4,1. 2,18. 2 P\u00e9t. 2,1. 2 Tess. 2,1\u201312.  V. 4. 1 M\u00f3s.b. 1,31. Post.g.b. 10,15. K\u00f3l. 2,16.  V. 5. sbr. T\u00edt. 1,15.  V. 7. Kap. 1,4. 2 T\u00edm. 2,16.23.  V. 12. Nokkur handrit N\u00fdja testamentisins b\u00e6ta h\u00e9r inn \u00ed: \u00ed anda.  V. 13. Kristnir h\u00e9ldu s\u00f6mu venju eins og Gy\u00f0ingar br\u00faku\u00f0u \u00ed samkunduh\u00fasum s\u00ednum, a\u00f0 lesa part \u00far Bibl\u00edunni og s\u00e1 sem fann sig h\u00e6fan t\u00f3k \u00fear af t\u00e6kif\u00e6ri a\u00f0 gefa s\u00f6fnu\u00f0inum \u00e1minningar og me\u00f0deila l\u00e6rd\u00f3ma. L\u00fak. 4,16.20\u201322. Post.g.b. 13,15.42 sbr. 1 Kor. 14,19.31.  V. 14. Kap. 1,19. sbr. 1 Kor. 14.24\u201326. Post.g.b. 6,6.7. 8,17. 13,3.  V. 16. Sbr. Post.g.b. 20,28.<\/div>\n","protected":false},"excerpt":{"rendered":"<p>Postulinn \u00e1minnir enn T\u00edm\u00f3teus a\u00f0 fyrirbyggja ranga l\u00e6rd\u00f3ma og a\u00f0 for\u00f0ast \u00fe\u00e1 sj\u00e1lfur. Hann gefi af s\u00e9r gott eftird\u00e6mi og s\u00e9 tr\u00far \u00ed s\u00ednu emb\u00e6tti. 1En Andinn segir me\u00f0 berum or\u00f0um a\u00f0 \u00e1 s\u00ed\u00f0ustu t\u00ed\u00f0um muni nokkrir ganga af tr\u00fanni, festa tr\u00fa til villuanda og dj\u00f6flal\u00e6rd\u00f3ma2sem af fl\u00e1r\u00e6\u00f0i kenna lygar og eru brennimerktir \u00e1 samviskunni,3banna a\u00f0 giftast og a\u00f0 neyta f\u00e6\u00f0u er Gu\u00f0 hefir \u00fe\u00f3 skapa\u00f0 til \u00feess hennar s\u00e9 neytt me\u00f0 \u00feakkargj\u00f6r\u00f0 af tr\u00fau\u00f0um er komnir eru til \u00feekkingar \u00e1 sannleikanum.4\u00dev\u00ed a\u00f0 \u00f6ll Gu\u00f0s skepna er g\u00f3\u00f0 og engin burtkastanleg s\u00e9 h\u00fan me\u00f0tekin me\u00f0 \u00feakkargj\u00f6r\u00f05\u00fev\u00ed h\u00fan helgast me\u00f0 Gu\u00f0s <a href=\"https:\/\/biblian.is\/videy\/fyrra-timoteusarbref-4-kafli\/\"> [&#8230;]<\/a><\/p>\n","protected":false},"author":1,"featured_media":0,"parent":0,"menu_order":0,"comment_status":"open","ping_status":"open","template":"bibliukaflar.php","meta":{"footnotes":""},"class_list":["post-21972","page","type-page","status-publish","hentry"],"_links":{"self":[{"href":"https:\/\/biblian.is\/videy\/wp-json\/wp\/v2\/pages\/21972","targetHints":{"allow":["GET"]}}],"collection":[{"href":"https:\/\/biblian.is\/videy\/wp-json\/wp\/v2\/pages"}],"about":[{"href":"https:\/\/biblian.is\/videy\/wp-json\/wp\/v2\/types\/page"}],"author":[{"embeddable":true,"href":"https:\/\/biblian.is\/videy\/wp-json\/wp\/v2\/users\/1"}],"replies":[{"embeddable":true,"href":"https:\/\/biblian.is\/videy\/wp-json\/wp\/v2\/comments?post=21972"}],"version-history":[{"count":0,"href":"https:\/\/biblian.is\/videy\/wp-json\/wp\/v2\/pages\/21972\/revisions"}],"wp:attachment":[{"href":"https:\/\/biblian.is\/videy\/wp-json\/wp\/v2\/media?parent=21972"}],"curies":[{"name":"wp","href":"https:\/\/api.w.org\/{rel}","templated":true}]}}