{"id":21970,"date":"2018-01-02T01:05:02","date_gmt":"2018-01-02T01:05:02","guid":{"rendered":"http:\/\/biblian.is\/videy\/fyrra-timoteusarbref-2-kafli\/"},"modified":"2018-01-02T01:05:02","modified_gmt":"2018-01-02T01:05:02","slug":"fyrra-timoteusarbref-2-kafli","status":"publish","type":"page","link":"https:\/\/biblian.is\/videy\/fyrra-timoteusarbref-2-kafli\/","title":{"rendered":"Fyrra T\u00edm\u00f3teusarbr\u00e9f 2. kafli"},"content":{"rendered":"<div class=\"fyrirsognVidey\">P\u00e1ll skipar a\u00f0 bi\u00f0ja fyrir \u00f6llum. Reglur um \u00fea\u00f0 hv\u00f6rnig karlmenn og kvenmenn skuli heg\u00f0a s\u00e9r \u00ed \u00feeirra gu\u00f0r\u00e6knissamkomum.<\/div>\n<p><a name=\"1\"><span class=\"versanumer\">1<\/span><\/a>Fyrst og fremst \u00e1minni eg til \u00feess a\u00f0 menn framberi b\u00e6nir, \u00f3skir, fyrirb\u00e6nir og \u00feakkargj\u00f6r\u00f0 fyrir \u00f6llum m\u00f6nnum,<a name=\"2\"><span class=\"versanumer\">2<\/span><\/a>fyrir konungum og valdsm\u00f6nnum, svo v\u00e9r me\u00f0 spekt og r\u00f3semi lifa\u00f0 getum gu\u00f0r\u00e6kilega og s\u00f3masamlega.<a name=\"3\"><span class=\"versanumer\">3<\/span><\/a>\u00deetta er gott og \u00fe\u00f3knanlegt fyrir Gu\u00f0i vorum frelsara<a name=\"4\"><span class=\"versanumer\">4<\/span><\/a>sem vill a\u00f0 allir h\u00f3lpnir ver\u00f0i og komist til \u00feekkingar \u00e1 sannleikanum.<a name=\"5\"><span class=\"versanumer\">5<\/span><\/a>\u00dev\u00ed einn er Gu\u00f0 og einn er me\u00f0algangarinn milli Gu\u00f0s og manna, ma\u00f0urinn Jes\u00fas Kristur,<a name=\"6\"><span class=\"versanumer\">6<\/span><\/a>sem gaf sig sj\u00e1lfan til lausnargjalds fyrir alla, til vitnisbur\u00f0ar \u00e1 tilsettri t\u00ed\u00f0.<a name=\"7\"><span class=\"versanumer\">7<\/span><\/a>Hann a\u00f0 bo\u00f0a er eg settur pr\u00e9dikari og postuli, hei\u00f0inna \u00fej\u00f3\u00f0a l\u00e6rimeistari \u00ed tr\u00fanni og sannleikanum. \u00dea\u00f0 segi eg satt og l\u00fdg ekki.<br \/><a name=\"8\"><span class=\"versanumer\">8<\/span><\/a>\u00dear fyrir vil eg a\u00f0 karlmenn, hvar helst sem \u00feeir samankoma til b\u00e6nagj\u00f6r\u00f0ar, upplyfti heil\u00f6gum h\u00f6ndum \u00e1n rei\u00f0i og \u00fer\u00e6tu.<a name=\"9\"><span class=\"versanumer\">9<\/span><\/a>S\u00f6mulei\u00f0is vil eg a\u00f0 konurnar skr\u00fd\u00f0i sig s\u00f3masamlegum b\u00faningi, me\u00f0 blyg\u00f0 og h\u00f3fl\u00e6ti, ekki me\u00f0 h\u00e1rfl\u00e9ttum, gulli, perlum og d\u00fdrindisb\u00faningi<a name=\"10\"><span class=\"versanumer\">10<\/span><\/a>heldur <span class='VideyAth'>(eins og \u00feeim konum s\u00f3mir er s\u00fdna vilja gu\u00f0r\u00e6kni)<\/span> me\u00f0 g\u00f3\u00f0um verkum.<a name=\"11\"><span class=\"versanumer\">11<\/span><\/a>Konan \u00e1 a\u00f0 l\u00e6ra <span class='VideyAth'>(taka \u00e1 m\u00f3ti kenningunni)<\/span> hlj\u00f3\u00f0lega, me\u00f0 allri undirgefni.<a name=\"12\"><span class=\"versanumer\">12<\/span><\/a>En ekki leyfi eg nokkurri konu a\u00f0 kenna e\u00f0a r\u00e1\u00f0a yfir karlmanni, heldur \u00e1 h\u00fan a\u00f0 vera kyrrl\u00e1t.<a name=\"13\"><span class=\"versanumer\">13<\/span><\/a>\u00dev\u00ed fyrst var Adam mynda\u00f0ur, Eva \u00fear \u00e1 eftir.<a name=\"14\"><span class=\"versanumer\">14<\/span><\/a>Og Adam t\u00e6ldist ekki heldur var konan t\u00e6ld og gj\u00f6r\u00f0ist brotleg.<a name=\"15\"><span class=\"versanumer\">15<\/span><\/a>En h\u00fan ver\u00f0ur h\u00f3lpin vegna barnbur\u00f0arins ef \u00feau standa st\u00f6\u00f0ug \u00ed tr\u00fa, k\u00e6rleika og heilagleika samfara h\u00f3fl\u00e6ti.<\/p>\n<div class=\"footnoteVidey\">V. 2. Jer. 29,7.  V. 6. Ef. 1,7, a\u00f0 Gu\u00f0 vilji fyrirgefa syndirnar. Gal. 4,4.  V. 7. Post.gb. 9,15. R\u00f3m. 11,13. Gal. 2,8.9. 2 Kor. 12,6.  V. 8. J\u00f3h. 4,21. 2 Makk.b. 3,20.  V. 9. 1 P\u00e9t. 3,3.4. Sbr. T\u00edt. 2,3. Sbr. 1 Kor. 11,3\u201318. Esa. 3,16. fl.  V. 10. Efes. 2,10. sbr. Jak. 2,18.  V. 12. 1 Kor. 14,34. Efes. 5,22. T\u00edt. 2,5.  V. 13. 1 M\u00f3s.b. 1,27. 2,7.18.  V. 14. 1 M\u00f3s.b. 3,6. 2 Kor. 11,3.  V. 15. Konan var sk\u00f6pu\u00f0 til \u00feess a\u00f0 mannkyni\u00f0 g\u00e6ti t\u00edmgast.<\/div>\n","protected":false},"excerpt":{"rendered":"<p>P\u00e1ll skipar a\u00f0 bi\u00f0ja fyrir \u00f6llum. Reglur um \u00fea\u00f0 hv\u00f6rnig karlmenn og kvenmenn skuli heg\u00f0a s\u00e9r \u00ed \u00feeirra gu\u00f0r\u00e6knissamkomum. 1Fyrst og fremst \u00e1minni eg til \u00feess a\u00f0 menn framberi b\u00e6nir, \u00f3skir, fyrirb\u00e6nir og \u00feakkargj\u00f6r\u00f0 fyrir \u00f6llum m\u00f6nnum,2fyrir konungum og valdsm\u00f6nnum, svo v\u00e9r me\u00f0 spekt og r\u00f3semi lifa\u00f0 getum gu\u00f0r\u00e6kilega og s\u00f3masamlega.3\u00deetta er gott og \u00fe\u00f3knanlegt fyrir Gu\u00f0i vorum frelsara4sem vill a\u00f0 allir h\u00f3lpnir ver\u00f0i og komist til \u00feekkingar \u00e1 sannleikanum.5\u00dev\u00ed einn er Gu\u00f0 og einn er me\u00f0algangarinn milli Gu\u00f0s og manna, ma\u00f0urinn Jes\u00fas Kristur,6sem gaf sig sj\u00e1lfan til lausnargjalds fyrir alla, til vitnisbur\u00f0ar \u00e1 tilsettri t\u00ed\u00f0.7Hann a\u00f0 bo\u00f0a er eg <a href=\"https:\/\/biblian.is\/videy\/fyrra-timoteusarbref-2-kafli\/\"> [&#8230;]<\/a><\/p>\n","protected":false},"author":1,"featured_media":0,"parent":0,"menu_order":0,"comment_status":"open","ping_status":"open","template":"bibliukaflar.php","meta":{"footnotes":""},"class_list":["post-21970","page","type-page","status-publish","hentry"],"_links":{"self":[{"href":"https:\/\/biblian.is\/videy\/wp-json\/wp\/v2\/pages\/21970","targetHints":{"allow":["GET"]}}],"collection":[{"href":"https:\/\/biblian.is\/videy\/wp-json\/wp\/v2\/pages"}],"about":[{"href":"https:\/\/biblian.is\/videy\/wp-json\/wp\/v2\/types\/page"}],"author":[{"embeddable":true,"href":"https:\/\/biblian.is\/videy\/wp-json\/wp\/v2\/users\/1"}],"replies":[{"embeddable":true,"href":"https:\/\/biblian.is\/videy\/wp-json\/wp\/v2\/comments?post=21970"}],"version-history":[{"count":0,"href":"https:\/\/biblian.is\/videy\/wp-json\/wp\/v2\/pages\/21970\/revisions"}],"wp:attachment":[{"href":"https:\/\/biblian.is\/videy\/wp-json\/wp\/v2\/media?parent=21970"}],"curies":[{"name":"wp","href":"https:\/\/api.w.org\/{rel}","templated":true}]}}