{"id":21969,"date":"2018-01-02T01:04:57","date_gmt":"2018-01-02T01:04:57","guid":{"rendered":"http:\/\/biblian.is\/videy\/fyrra-timoteusarbref-1-kafli\/"},"modified":"2018-01-02T01:04:57","modified_gmt":"2018-01-02T01:04:57","slug":"fyrra-timoteusarbref-1-kafli","status":"publish","type":"page","link":"https:\/\/biblian.is\/videy\/fyrra-timoteusarbref-1-kafli\/","title":{"rendered":"Fyrra T\u00edm\u00f3teusarbr\u00e9f 1. kafli"},"content":{"rendered":"<div class=\"fyrirsognVidey\">G\u00f3\u00f0ar \u00f3skir. P\u00e1ll \u00e1minnir T\u00edm\u00f3teus a\u00f0 hindra afbaka\u00f0an skilning M\u00f3sislaga og pr\u00edsar undir eins Krists l\u00e6rd\u00f3ms kraft til a\u00f0 lagf\u00e6ra menn og fars\u00e6la.<\/div>\n<p><a name=\"1\"><span class=\"versanumer\">1<\/span><\/a>P\u00e1ll postuli Jes\u00fa Krists eftir r\u00e1\u00f0st\u00f6fun Gu\u00f0s vors frelsara og Jes\u00fa Krists sem er vor von<a name=\"2\"><span class=\"versanumer\">2<\/span><\/a>\u00f3skar T\u00edm\u00f3teusi, s\u00ednum samnefndum syni \u00ed tr\u00fanni, n\u00e1\u00f0ar, miskunnar og fri\u00f0ar af Gu\u00f0i vorum F\u00f6\u00f0ur og Drottni vorum Jes\u00fa Kristi.<br \/><a name=\"3\"><span class=\"versanumer\">3<\/span><\/a>\u00de\u00e1 eg f\u00f3r til Makedon\u00edu beidda eg \u00feig a\u00f0 vera kyrran \u00ed Efesus og bj\u00f3\u00f0a vissum m\u00f6nnum a\u00f0 \u00feeir kenni ekki annarlegan l\u00e6rd\u00f3m<a name=\"4\"><span class=\"versanumer\">4<\/span><\/a>og gefi ekki gaum a\u00f0 \u00e6vint\u00fdrum og endalausum \u00e6ttart\u00f6lum er framar valda \u00fer\u00e6tum heldur enn efla \u00fe\u00e1 r\u00e1\u00f0st\u00f6fun Gu\u00f0s sem tr\u00fanni vi\u00f0v\u00edkur.<a name=\"5\"><span class=\"versanumer\">5<\/span><\/a>\u00dev\u00ed a\u00f0altilgangur kenningarinnar er k\u00e6rleikurinn af hreinu hjarta, g\u00f3\u00f0ri samvisku og hr\u00e6snislausri tr\u00fa.<a name=\"6\"><span class=\"versanumer\">6<\/span><\/a>En fr\u00e1 \u00feessu eru sumir viknir og hafa sn\u00fai\u00f0 s\u00e9r til \u00fev\u00e6ttings.<a name=\"7\"><span class=\"versanumer\">7<\/span><\/a>\u00deeir l\u00e1tast vera l\u00f6gl\u00e6r\u00f0ir \u00fe\u00f3tt \u00feeir hv\u00f6rki skilji sj\u00e1lfir hva\u00f0 \u00feeir segja e\u00f0a hva\u00f0 \u00feeir fullyr\u00f0a.<a name=\"8\"><span class=\"versanumer\">8<\/span><\/a>V\u00e9r vitum a\u00f0 l\u00f6gm\u00e1li\u00f0 er gott fyrir hv\u00f6rn \u00feann sem br\u00fakar \u00fea\u00f0 r\u00e9ttilega<a name=\"9\"><span class=\"versanumer\">9<\/span><\/a>og eg veit a\u00f0 l\u00f6gm\u00e1li\u00f0 er ekki sett \u00feeim r\u00e9ttl\u00e1tu heldur \u00feeim rangl\u00e1tu og \u00feverbrotnu, \u00f3gu\u00f0legum og st\u00f3rsyndurum, andvaralausum og vanheil\u00f6gum, f\u00f6\u00f0urb\u00f6num og m\u00f3\u00f0urb\u00f6num, manndr\u00e1purum,<a name=\"10\"><span class=\"versanumer\">10<\/span><\/a>frillul\u00edfism\u00f6nnum, \u00feeim sem sk\u00f6mm dr\u00fdgja me\u00f0 karlm\u00f6nnum, selja menn mansali, lygurum, meins\u00e6rism\u00f6nnum og gegn s\u00e9rhv\u00f6rju \u00f6\u00f0ru sem gagnst\u00e6tt er hreinum l\u00e6rd\u00f3mi \u00feeim<a name=\"11\"><span class=\"versanumer\">11<\/span><\/a>er innihelst \u00ed \u00feeim d\u00fdr\u00f0lega n\u00e1\u00f0arbo\u00f0skapi hins s\u00e6la <span class='VideyAth'>(\u00f3dau\u00f0lega)<\/span> Gu\u00f0s sem m\u00e9r er \u00e1 hendur falinn.<a name=\"12\"><span class=\"versanumer\">12<\/span><\/a>Og eg \u00feakka Drottni vorum Jes\u00fa Krist\u00f3, \u00feeim er mig hefir styrkvan gj\u00f6rt, fyrir \u00fea\u00f0 a\u00f0 hann \u00e1leit mig tr\u00faan og setti mig til sinnar \u00fej\u00f3nustu,<a name=\"13\"><span class=\"versanumer\">13<\/span><\/a>mig sem for\u00f0um var lastari, ofs\u00f3knari og sm\u00e1nari; en eg hefi miskunn \u00f6\u00f0last s\u00f6kum \u00feess a\u00f0 eg gj\u00f6r\u00f0i \u00fea\u00f0 \u00ed vantr\u00fa af van\u00feekkingu.<a name=\"14\"><span class=\"versanumer\">14<\/span><\/a>J\u00e1, r\u00edkuglega hefir n\u00e1\u00f0 Drottins vors t\u00e9\u00f0 sig \u00ed a\u00f0 efla tr\u00fa m\u00edna \u00e1 Jes\u00fa Kristi og elskuna til hans.<a name=\"15\"><span class=\"versanumer\">15<\/span><\/a>\u00dea\u00f0 er sannur l\u00e6rd\u00f3mur og \u00ed allan m\u00e1ta me\u00f0t\u00e6kilegur a\u00f0 Jes\u00fas Kristur er kominn \u00ed heiminn til a\u00f0 gj\u00f6ra synduga h\u00f3lpna, \u00e1 me\u00f0al hv\u00f6rra eg er hinn helsti.<a name=\"16\"><span class=\"versanumer\">16<\/span><\/a>En \u00feess vegna hefi eg miskunn \u00f6\u00f0last a\u00f0 Kristur s\u00fdndi \u00e1 m\u00e9r st\u00f3rsyndugum sitt langlundarge\u00f0 til eftird\u00e6mis fyrir \u00fe\u00e1 sem s\u00ed\u00f0ar tr\u00faa \u00e1 hann, \u00feeim til eil\u00edfs l\u00edfs.<a name=\"17\"><span class=\"versanumer\">17<\/span><\/a>En \u00feeim \u00f3dau\u00f0lega, \u00f3s\u00fdnilega aldanna konungi, honum sem aleinn er Gu\u00f0, s\u00e9 hei\u00f0ur og d\u00fdr\u00f0 um aldir alda. Amen.<a name=\"18\"><span class=\"versanumer\">18<\/span><\/a>\u00deetta er s\u00fa \u00e1minning er eg fyrirlegg \u00fe\u00e9r, son minn T\u00edm\u00f3teus, a\u00f0 \u00fe\u00fa eftir \u00fev\u00ed sem \u00e1\u00f0ur er um \u00feig sp\u00e1\u00f0 tj\u00e1ir \u00feig g\u00f3\u00f0an str\u00ed\u00f0smann,<a name=\"19\"><span class=\"versanumer\">19<\/span><\/a>s\u00e9rt fastheldinn vi\u00f0 tr\u00fana og g\u00f3\u00f0a samvisku, hv\u00f6rri nokkrir hafa fr\u00e1 s\u00e9r varpa\u00f0 og \u00feess vegna li\u00f0i\u00f0 skipbrot \u00e1 tr\u00fa sinni.<a name=\"20\"><span class=\"versanumer\">20<\/span><\/a>\u00cd \u00feessara t\u00f6lu eru \u00feeir H\u00fdmeneus og Alexander, hv\u00f6rja eg hefi gefi\u00f0 \u00ed Satans vald svo a\u00f0 \u00feeir af refsingunni l\u00e6ri a\u00f0 gu\u00f0lasta ekki.<\/p>\n<div class=\"footnoteVidey\">V. 1. Post.g.b. 9,15. 13,2. K\u00f3l. 1,27. Hebr. 2,10.  V. 2. T\u00edt. 1,4. Fil. 2,20.22.  V. 3. Post.g.b. 20,1.3. Gal. 1,6.7.  V. 4. Kap. 4,7. 6,4. 2 T\u00edm. 2,16.23.  V. 5. Matt. 22,37\u201340.  V. 7. J\u00f3h. 3,10., sbr. Matt. 23,13.  V. 8. R\u00f3m. 7,12., \u00fe. e. M\u00f3sisl\u00f6gm\u00e1li.  V. 9. M\u00f3sisl\u00f6gm\u00e1l mi\u00f0ar s\u00e9rdeilis til a\u00f0 koma m\u00f6nnum til a\u00f0 for\u00f0ast lesti, Krists tr\u00fa krefur meira, sj\u00e1 v. 5.  V. 10. 2 M\u00f3s. 21,16.  V. 11. Kap. 6,15.16.  V. 12. Post.g.b. 9,15.  V. 13. Post.g.b. 8,3. 9,1. 3,17.  V. 15. Matt. 9,13. 18,11. 1,21.  V. 17. R\u00f3m. 16,27.  V. 20. 2 T\u00edm. 2,17. 4,14. Post. g.b. 19,33. 1 Kor. 5,5, sbr. Post.g.b. 26,18. K\u00f3l. 1,13. 1 J\u00f3h. 3,8. J\u00f3h. 8,41\u201344.<\/div>\n","protected":false},"excerpt":{"rendered":"<p>G\u00f3\u00f0ar \u00f3skir. P\u00e1ll \u00e1minnir T\u00edm\u00f3teus a\u00f0 hindra afbaka\u00f0an skilning M\u00f3sislaga og pr\u00edsar undir eins Krists l\u00e6rd\u00f3ms kraft til a\u00f0 lagf\u00e6ra menn og fars\u00e6la. 1P\u00e1ll postuli Jes\u00fa Krists eftir r\u00e1\u00f0st\u00f6fun Gu\u00f0s vors frelsara og Jes\u00fa Krists sem er vor von2\u00f3skar T\u00edm\u00f3teusi, s\u00ednum samnefndum syni \u00ed tr\u00fanni, n\u00e1\u00f0ar, miskunnar og fri\u00f0ar af Gu\u00f0i vorum F\u00f6\u00f0ur og Drottni vorum Jes\u00fa Kristi.3\u00de\u00e1 eg f\u00f3r til Makedon\u00edu beidda eg \u00feig a\u00f0 vera kyrran \u00ed Efesus og bj\u00f3\u00f0a vissum m\u00f6nnum a\u00f0 \u00feeir kenni ekki annarlegan l\u00e6rd\u00f3m4og gefi ekki gaum a\u00f0 \u00e6vint\u00fdrum og endalausum \u00e6ttart\u00f6lum er framar valda \u00fer\u00e6tum heldur enn efla \u00fe\u00e1 r\u00e1\u00f0st\u00f6fun Gu\u00f0s sem tr\u00fanni <a href=\"https:\/\/biblian.is\/videy\/fyrra-timoteusarbref-1-kafli\/\"> [&#8230;]<\/a><\/p>\n","protected":false},"author":1,"featured_media":0,"parent":0,"menu_order":0,"comment_status":"open","ping_status":"open","template":"bibliukaflar.php","meta":{"footnotes":""},"class_list":["post-21969","page","type-page","status-publish","hentry"],"_links":{"self":[{"href":"https:\/\/biblian.is\/videy\/wp-json\/wp\/v2\/pages\/21969","targetHints":{"allow":["GET"]}}],"collection":[{"href":"https:\/\/biblian.is\/videy\/wp-json\/wp\/v2\/pages"}],"about":[{"href":"https:\/\/biblian.is\/videy\/wp-json\/wp\/v2\/types\/page"}],"author":[{"embeddable":true,"href":"https:\/\/biblian.is\/videy\/wp-json\/wp\/v2\/users\/1"}],"replies":[{"embeddable":true,"href":"https:\/\/biblian.is\/videy\/wp-json\/wp\/v2\/comments?post=21969"}],"version-history":[{"count":0,"href":"https:\/\/biblian.is\/videy\/wp-json\/wp\/v2\/pages\/21969\/revisions"}],"wp:attachment":[{"href":"https:\/\/biblian.is\/videy\/wp-json\/wp\/v2\/media?parent=21969"}],"curies":[{"name":"wp","href":"https:\/\/api.w.org\/{rel}","templated":true}]}}