{"id":21968,"date":"2018-01-02T01:04:57","date_gmt":"2018-01-02T01:04:57","guid":{"rendered":"http:\/\/biblian.is\/videy\/sidara-thessalonikubref-3-kafli\/"},"modified":"2018-01-02T01:04:57","modified_gmt":"2018-01-02T01:04:57","slug":"sidara-thessalonikubref-3-kafli","status":"publish","type":"page","link":"https:\/\/biblian.is\/videy\/sidara-thessalonikubref-3-kafli\/","title":{"rendered":"S\u00ed\u00f0ara \u00deessalon\u00edkubr\u00e9f 3. kafli"},"content":{"rendered":"<div class=\"fyrirsognVidey\">P\u00e1ll bi\u00f0ur Tessalon\u00edkumenn a\u00f0 bi\u00f0ja fyrir s\u00e9r, huggar \u00fe\u00e1 og bi\u00f0ur fyrir \u00feeim; varar vi\u00f0 umgengni \u00f3si\u00f0samra; hvetur a\u00f0 draga d\u00e6mi af s\u00e9r til i\u00f0jusemi og g\u00f3\u00f0ra verka; gefur reglur um, hv\u00f6rnig skuli haga s\u00e9r vi\u00f0 \u00f3hl\u00fd\u00f0uga. Kve\u00f0ja.<\/div>\n<p><a name=\"1\"><span class=\"versanumer\">1<\/span><\/a>Enn framar, br\u00e6\u00f0ur! bi\u00f0ji\u00f0 fyrir oss, a\u00f0 Drottins l\u00e6rd\u00f3mur megi \u00f3\u00f0um \u00fatbrei\u00f0ast og vegsamlegur ver\u00f0a, eins og hj\u00e1 y\u00f0ur,<a name=\"2\"><span class=\"versanumer\">2<\/span><\/a>og a\u00f0 v\u00e9r m\u00e6ttum frelsast fr\u00e1 \u00f3si\u00f0u\u00f0um og vondum m\u00f6nnum; \u00fev\u00ed ekki er \u00f6llum a\u00f0 tr\u00faa,<a name=\"3\"><span class=\"versanumer\">3<\/span><\/a>en Drottinn er tr\u00far, og hann mun styrkja y\u00f0ur og geyma fyrir illu.<a name=\"4\"><span class=\"versanumer\">4<\/span><\/a>Enn hefi eg \u00fea\u00f0 traust til Drottins, a\u00f0 \u00fe\u00e9r hl\u00fd\u00f0i\u00f0 og munu\u00f0 hl\u00fd\u00f0a \u00fev\u00ed, sem eg hefi bo\u00f0i\u00f0 y\u00f0ur;<a name=\"5\"><span class=\"versanumer\">5<\/span><\/a>en Drottinn lei\u00f0i y\u00f0ar hj\u00f6rtu til Gu\u00f0s k\u00e6rleika og \u00feolinm\u00e6\u00f0i Krists. <br \/><a name=\"6\"><span class=\"versanumer\">6<\/span><\/a>Enn bj\u00f3\u00f0um v\u00e9r y\u00f0ur, br\u00e6\u00f0ur! \u00ed nafni Drottins vors Jes\u00fa Krists, a\u00f0 \u00fe\u00e9r haldi\u00f0 y\u00f0ur fr\u00e1 hv\u00f6rjum \u00feeim br\u00f3\u00f0ur, er hagar s\u00e9r \u00f3si\u00f0lega, og fj\u00e6rst\u00e6tt \u00feeim l\u00edfsreglum er eg hefi fyrir y\u00f0ur lagt.<a name=\"7\"><span class=\"versanumer\">7<\/span><\/a>Sj\u00e1lfir \u00feekki\u00f0 \u00fe\u00e9r, hv\u00f6rnig y\u00f0ur ber a\u00f0 taka oss til eftird\u00e6mis;<a name=\"8\"><span class=\"versanumer\">8<\/span><\/a>\u00fev\u00ed ekki lif\u00f0um v\u00e9r \u00f3si\u00f0lega hj\u00e1 y\u00f0ur, n\u00e9 \u00fe\u00e1\u00f0um vort brau\u00f0 af nokkrum gefins, heldur unnum v\u00e9r me\u00f0 elju og atorku n\u00f3tt og dag, svo v\u00e9r v\u00e6rum engum y\u00f0ar til \u00feyngsla;<a name=\"9\"><span class=\"versanumer\">9<\/span><\/a>ekki \u00feess vegna a\u00f0 oss brysti heimild til \u00feess, heldur til \u00feess, a\u00f0 v\u00e9r g\u00e6tum veri\u00f0 y\u00f0ur fyrirmynd, til a\u00f0 breyta eftir.<a name=\"10\"><span class=\"versanumer\">10<\/span><\/a>\u00dev\u00ed, \u00fe\u00e1 eg var hj\u00e1 y\u00f0ur, bau\u00f0 eg y\u00f0ur, a\u00f0 ef einhv\u00f6r vildi ekki vinna, \u00e6tti hann ekki heldur mat a\u00f0 f\u00e1.<a name=\"11\"><span class=\"versanumer\">11<\/span><\/a>En v\u00e9r heyrum, a\u00f0 sumir me\u00f0al y\u00f0ar lifi \u00ed \u00f3skikki, vinni ekkert, heldur ey\u00f0i t\u00ed\u00f0inni til \u00f3\u00fearfa.<a name=\"12\"><span class=\"versanumer\">12<\/span><\/a>\u00cd Drottins vors Jes\u00fa Krists umbo\u00f0i bj\u00f3\u00f0um v\u00e9r sl\u00edkum og \u00e1minnum \u00fe\u00e1, a\u00f0 \u00feeir erfi\u00f0i \u00ed kyrr\u00f0 og vinni sj\u00e1lfir fyrir s\u00e9r. <br \/><a name=\"13\"><span class=\"versanumer\">13<\/span><\/a>Br\u00e6\u00f0ur! \u00fereytist ekki gott a\u00f0 gj\u00f6ra.<a name=\"14\"><span class=\"versanumer\">14<\/span><\/a>Ef s\u00e1 nokkur, sem ekki hl\u00fd\u00f0ir minni \u00e1minningu \u00ed \u00feessu br\u00e9fi, \u00fe\u00e1 athugi\u00f0 hann, og hafi\u00f0 engin afskipti af honum, svo hann blyg\u00f0ist;<a name=\"15\"><span class=\"versanumer\">15<\/span><\/a>en \u00e1l\u00edti\u00f0 hann samt ekki sem \u00f3vin, heldur \u00e1minni\u00f0 hann sem br\u00f3\u00f0ur.<a name=\"16\"><span class=\"versanumer\">16<\/span><\/a>En sj\u00e1lfur Drottinn fri\u00f0arins veiti y\u00f0ur fri\u00f0 \u00e6t\u00ed\u00f0 og \u00ed \u00f6llu! Drottinn s\u00e9 me\u00f0 y\u00f0ur \u00f6llum! <br \/><a name=\"17\"><span class=\"versanumer\">17<\/span><\/a>Kve\u00f0jan er skrifu\u00f0 me\u00f0 minni, P\u00e1ls, eigin hendi; \u00fea\u00f0 er merki s\u00e9rhv\u00f6rs br\u00e9fs fr\u00e1 m\u00e9r. Svona skrifa eg.<a name=\"18\"><span class=\"versanumer\">18<\/span><\/a>N\u00e1\u00f0in Drottins vors Jes\u00fa Krists s\u00e9 me\u00f0 y\u00f0ur \u00f6llum, Amen!<\/p>\n<div class=\"footnoteVidey\">V. 1. R\u00f3m. 15,30. Matt. 9,38.  V. 2. Post. g. b. 2,40. R\u00f3m. 15,31. R\u00f3m. 10,18.  V. 3. 1 Kor. 1,9. 10,13. 1 P\u00e9t. 5,10. J\u00f3h. 17,15.  V. 6. R\u00f3m. 16,17. 1 Kor. 5,11.13. T\u00edt. 3,10. 2 J\u00f3h. v. 10. 1 Tess. 4,11.  V. 7. 1 Kor. 4,16. Fil. 3,17. 1 Tess. 2,10.  V. 8. Post. g. b. 20,34. 1 Kor. 4,12. 1 Tess. 2,9. 2 Kor. 11,9.  V. 9. Matt. 10,10. 1 Kor. 9,4.6. 1 Kor. 4,16. 1 Tess. 1,6.  V. 10. 1 M\u00f3s. b. 3,19. Efes. 4,28.  V. 12. R\u00f3m. 15,30. 1 Tess. 4,11.  V. 13. Gal. 6,9.  V. 14. Matt. 18,17. 1 Kor. 5,9.11. V. 15. Gal. 6,1.2.  V. 16. R\u00f3m. 15,33. 16,20. Fil. 4,9. Matt. 28,20.  V. 17. 1 Kor. 16,21. K\u00f3l. 4,18.<\/div>\n","protected":false},"excerpt":{"rendered":"<p>P\u00e1ll bi\u00f0ur Tessalon\u00edkumenn a\u00f0 bi\u00f0ja fyrir s\u00e9r, huggar \u00fe\u00e1 og bi\u00f0ur fyrir \u00feeim; varar vi\u00f0 umgengni \u00f3si\u00f0samra; hvetur a\u00f0 draga d\u00e6mi af s\u00e9r til i\u00f0jusemi og g\u00f3\u00f0ra verka; gefur reglur um, hv\u00f6rnig skuli haga s\u00e9r vi\u00f0 \u00f3hl\u00fd\u00f0uga. Kve\u00f0ja. 1Enn framar, br\u00e6\u00f0ur! bi\u00f0ji\u00f0 fyrir oss, a\u00f0 Drottins l\u00e6rd\u00f3mur megi \u00f3\u00f0um \u00fatbrei\u00f0ast og vegsamlegur ver\u00f0a, eins og hj\u00e1 y\u00f0ur,2og a\u00f0 v\u00e9r m\u00e6ttum frelsast fr\u00e1 \u00f3si\u00f0u\u00f0um og vondum m\u00f6nnum; \u00fev\u00ed ekki er \u00f6llum a\u00f0 tr\u00faa,3en Drottinn er tr\u00far, og hann mun styrkja y\u00f0ur og geyma fyrir illu.4Enn hefi eg \u00fea\u00f0 traust til Drottins, a\u00f0 \u00fe\u00e9r hl\u00fd\u00f0i\u00f0 og munu\u00f0 hl\u00fd\u00f0a \u00fev\u00ed, sem eg hefi <a href=\"https:\/\/biblian.is\/videy\/sidara-thessalonikubref-3-kafli\/\"> [&#8230;]<\/a><\/p>\n","protected":false},"author":1,"featured_media":0,"parent":0,"menu_order":0,"comment_status":"open","ping_status":"open","template":"bibliukaflar.php","meta":{"footnotes":""},"class_list":["post-21968","page","type-page","status-publish","hentry"],"_links":{"self":[{"href":"https:\/\/biblian.is\/videy\/wp-json\/wp\/v2\/pages\/21968","targetHints":{"allow":["GET"]}}],"collection":[{"href":"https:\/\/biblian.is\/videy\/wp-json\/wp\/v2\/pages"}],"about":[{"href":"https:\/\/biblian.is\/videy\/wp-json\/wp\/v2\/types\/page"}],"author":[{"embeddable":true,"href":"https:\/\/biblian.is\/videy\/wp-json\/wp\/v2\/users\/1"}],"replies":[{"embeddable":true,"href":"https:\/\/biblian.is\/videy\/wp-json\/wp\/v2\/comments?post=21968"}],"version-history":[{"count":0,"href":"https:\/\/biblian.is\/videy\/wp-json\/wp\/v2\/pages\/21968\/revisions"}],"wp:attachment":[{"href":"https:\/\/biblian.is\/videy\/wp-json\/wp\/v2\/media?parent=21968"}],"curies":[{"name":"wp","href":"https:\/\/api.w.org\/{rel}","templated":true}]}}