{"id":21967,"date":"2018-01-02T01:04:57","date_gmt":"2018-01-02T01:04:57","guid":{"rendered":"http:\/\/biblian.is\/videy\/sidara-thessalonikubref-2-kafli\/"},"modified":"2018-01-02T01:04:57","modified_gmt":"2018-01-02T01:04:57","slug":"sidara-thessalonikubref-2-kafli","status":"publish","type":"page","link":"https:\/\/biblian.is\/videy\/sidara-thessalonikubref-2-kafli\/","title":{"rendered":"S\u00ed\u00f0ara \u00deessalon\u00edkubr\u00e9f 2. kafli"},"content":{"rendered":"<div class=\"fyrirsognVidey\">P\u00e1ll hrindir \u00feeirri \u00edmyndun, a\u00f0 Krists koma ver\u00f0i svo br\u00e1\u00f0um. Lofar Gu\u00f0 fyrir \u00fatvalningu Tessalon\u00edkumanna, \u00e1minnir \u00fe\u00e1 og bi\u00f0ur fyrir \u00feeim.<\/div>\n<p><a name=\"1\"><span class=\"versanumer\">1<\/span><\/a>En hva\u00f0 \u00e1hr\u00e6rir tilkomu Drottins vors Jes\u00fa Krists og vora sams\u00f6fnun til hans, \u00fe\u00e1 bi\u00f0 eg y\u00f0ur, br\u00e6\u00f0ur,<a name=\"2\"><span class=\"versanumer\">2<\/span><\/a>a\u00f0 \u00fe\u00e9r ekki s\u00e9u\u00f0 flj\u00f3tir \u00e1, a\u00f0 l\u00e1ta y\u00f0ur hr\u00e6\u00f0a og trufla, hv\u00f6rki af nokkurum anda, e\u00f0ur vi\u00f0 kenningu e\u00f0ur br\u00e9f, svo sem \u00fea\u00f0 v\u00e6ri fr\u00e1 oss, eins og <span class='VideyAth'>(tilkomu)<\/span>dagur Drottins v\u00e6ri \u00feegar fyrir h\u00f6ndum.<a name=\"3\"><span class=\"versanumer\">3<\/span><\/a>L\u00e1ti\u00f0 engan villa y\u00f0ur \u00e1 nokkurn h\u00e1tt; \u00fev\u00ed fyrst hl\u00fdtur fr\u00e1falli\u00f0 a\u00f0 ske, og ma\u00f0ur syndarinnar a\u00f0 augl\u00fdsast, s\u00e1 gl\u00f6tunarsonurinn,<a name=\"4\"><span class=\"versanumer\">4<\/span><\/a>er setur sig \u00e1 m\u00f3ti \u00fev\u00ed og hefur sig upp yfir allt \u00fea\u00f0, sem Gu\u00f0 e\u00f0ur heilagt kallast; og \u00fea\u00f0 svo, a\u00f0 hann setur sig \u00ed Gu\u00f0s musteri, og t\u00e9r sig eins og v\u00e6ri hann Gu\u00f0.<a name=\"5\"><span class=\"versanumer\">5<\/span><\/a>Minnist \u00fe\u00e9r ekki \u00feess, a\u00f0 eg sag\u00f0i y\u00f0ur \u00feetta, \u00fe\u00e1 eg enn \u00fe\u00e1 var hj\u00e1 y\u00f0ur?<a name=\"6\"><span class=\"versanumer\">6<\/span><\/a>Og \u00fe\u00e9r viti\u00f0, hva\u00f0 \u00fea\u00f0 er, sem n\u00fa aftrar honum, til \u00feess hann opinberist \u00e1 s\u00ednum t\u00edma;<a name=\"7\"><span class=\"versanumer\">7<\/span><\/a>\u00fev\u00ed leyndard\u00f3mur gu\u00f0leysisins <span class='VideyAth'>a)<\/span> er \u00feegar farinn a\u00f0 brydda \u00e1 s\u00e9r, einungis a\u00f0 s\u00e1 ver\u00f0i \u00far vegi tekinn, er n\u00fa aftrar \u00fev\u00ed;<a name=\"8\"><span class=\"versanumer\">8<\/span><\/a>\u00fev\u00ed \u00fe\u00e1 mun hinn gu\u00f0lausi koma \u00ed lj\u00f3s, hv\u00f6rjum Drottinn Jes\u00fas mun tort\u00fdna me\u00f0 anda s\u00edns munns, og a\u00f0 engu gj\u00f6ra, \u00fe\u00e1 hann birtist d\u00fdr\u00f0lega \u00ed tilkomu sinni.<a name=\"9\"><span class=\"versanumer\">9<\/span><\/a>En tilkoma hins <span class='VideyAth'>(\u00f3gu\u00f0lega)<\/span> s\u00fdnir sig \u00e1 \u00feeim gl\u00f6tu\u00f0u, fyrir framkv\u00e6md Satans, \u00ed alls konar krafti, t\u00e1knum og undrum lyginnar, og \u00ed alls lags v\u00e9lum rangl\u00e6tisins,<a name=\"10\"><span class=\"versanumer\">10<\/span><\/a>vegna \u00feess \u00feeir g\u00e1fu ekki sannleikselskunni inngang hj\u00e1 s\u00e9r, svo \u00feeir h\u00f3lpnir yr\u00f0u.<a name=\"11\"><span class=\"versanumer\">11<\/span><\/a>\u00dear fyrir mun Gu\u00f0 senda \u00feeim megna villud\u00f3ma, a\u00f0 \u00feeir tr\u00fai lygi,<a name=\"12\"><span class=\"versanumer\">12<\/span><\/a>svo allir straffist, sem ekki tr\u00faa sannleikanum, en hafa vel\u00fe\u00f3knun \u00e1 rangl\u00e6tinu.<br \/><a name=\"13\"><span class=\"versanumer\">13<\/span><\/a>En skylt er, a\u00f0 v\u00e9r \u00e1vallt \u00fe\u00f6kkum Gu\u00f0i fyrir y\u00f0ur, br\u00e6\u00f0ur, Drottins elskanlegu! a\u00f0 Gu\u00f0 hefir fr\u00e1 upphafi \u00fatvali\u00f0 y\u00f0ur til s\u00e1luhj\u00e1lpar fyrir helgun andans og tr\u00fa til sannleikans.<a name=\"14\"><span class=\"versanumer\">14<\/span><\/a>Til \u00feess kalla\u00f0i hann y\u00f0ur me\u00f0 vorri kenningu, a\u00f0 \u00fe\u00e9r skyldu\u00f0 \u00f6\u00f0last d\u00fdr\u00f0 Drottins vors Jes\u00fa Krists.<a name=\"15\"><span class=\"versanumer\">15<\/span><\/a>Br\u00e6\u00f0ur! standi\u00f0 \u00fev\u00ed st\u00f6\u00f0ugir og haldi\u00f0 fast vi\u00f0 \u00fe\u00e6r l\u00edfsreglur, er \u00fe\u00e9r numi\u00f0 hafi\u00f0, anna\u00f0hv\u00f6rt af kenningu vorri e\u00f0ur br\u00e9fi.<a name=\"16\"><span class=\"versanumer\">16<\/span><\/a>En sj\u00e1lfur Drottinn vor Jes\u00fas Kristur og vor Gu\u00f0 og Fa\u00f0ir, sem elska\u00f0i oss og gaf oss af n\u00e1\u00f0 eil\u00edfa huggun og g\u00f3\u00f0a von,<a name=\"17\"><span class=\"versanumer\">17<\/span><\/a>hann huggi y\u00f0ar hj\u00f6rtu og gj\u00f6ri y\u00f0ur sta\u00f0fasta \u00ed s\u00e9rhv\u00f6rjum g\u00f3\u00f0um l\u00e6rd\u00f3mi og g\u00f3\u00f0ri breytni.<\/p>\n<div class=\"footnoteVidey\">V. 1. 1 Tess. 4,16.17.  V. 2. \u00fea\u00f0 er: neinum, sem \u00fe\u00e6ttist hafa gu\u00f0lega andagift. 1 J\u00f3h. 4,1.  V. 3. Jer. 29,8. Efes. 5,6. K\u00f3l. 2,18. 1 J\u00f3h. 2,18. Opinb. b. 13,11.  V. 4. Dan. 11,36. Opinb. b. 13,1.4\u20136. Esek. 28,2.  V. 5. J\u00f3h. 16,4. Post. g. b. 17,1.  V. 6. 1 J\u00f3h. 4,3. 2,18.  V. 7. a. \u00fe. e. gu\u00f0leysi sem \u00e1\u00f0ur var huli\u00f0 og ekki bar \u00e1.  V. 8. \u00fea\u00f0 er: s\u00ednum kr\u00f6ftuga m\u00e6tti. Esa. 11,4. samb. S\u00e1lm. 33,6. Opinb. b. 19,15.  V. 9. J\u00f3h. 8,41. 2 Kor. 4,4. Efes. 2,2. Matt. 24,24. Opinb. b. 13,13.  V. 10. 2 T\u00edm. 4,4.  V. 11. R\u00f3m. 1,24. 1 T\u00edm. 4,1.  V. 12. v. 10.  V. 13. Kap. 1,3. Efes. 1,4. 1 Tess. 1,4.  V. 14. 1 P\u00e9t. 5,10.  V. 16. R\u00f3m. 5,8. Gal. 2,20.  V. 17. 1 Tess. 3,13.<\/div>\n","protected":false},"excerpt":{"rendered":"<p>P\u00e1ll hrindir \u00feeirri \u00edmyndun, a\u00f0 Krists koma ver\u00f0i svo br\u00e1\u00f0um. Lofar Gu\u00f0 fyrir \u00fatvalningu Tessalon\u00edkumanna, \u00e1minnir \u00fe\u00e1 og bi\u00f0ur fyrir \u00feeim. 1En hva\u00f0 \u00e1hr\u00e6rir tilkomu Drottins vors Jes\u00fa Krists og vora sams\u00f6fnun til hans, \u00fe\u00e1 bi\u00f0 eg y\u00f0ur, br\u00e6\u00f0ur,2a\u00f0 \u00fe\u00e9r ekki s\u00e9u\u00f0 flj\u00f3tir \u00e1, a\u00f0 l\u00e1ta y\u00f0ur hr\u00e6\u00f0a og trufla, hv\u00f6rki af nokkurum anda, e\u00f0ur vi\u00f0 kenningu e\u00f0ur br\u00e9f, svo sem \u00fea\u00f0 v\u00e6ri fr\u00e1 oss, eins og (tilkomu)dagur Drottins v\u00e6ri \u00feegar fyrir h\u00f6ndum.3L\u00e1ti\u00f0 engan villa y\u00f0ur \u00e1 nokkurn h\u00e1tt; \u00fev\u00ed fyrst hl\u00fdtur fr\u00e1falli\u00f0 a\u00f0 ske, og ma\u00f0ur syndarinnar a\u00f0 augl\u00fdsast, s\u00e1 gl\u00f6tunarsonurinn,4er setur sig \u00e1 m\u00f3ti \u00fev\u00ed og hefur sig <a href=\"https:\/\/biblian.is\/videy\/sidara-thessalonikubref-2-kafli\/\"> [&#8230;]<\/a><\/p>\n","protected":false},"author":1,"featured_media":0,"parent":0,"menu_order":0,"comment_status":"open","ping_status":"open","template":"bibliukaflar.php","meta":{"footnotes":""},"class_list":["post-21967","page","type-page","status-publish","hentry"],"_links":{"self":[{"href":"https:\/\/biblian.is\/videy\/wp-json\/wp\/v2\/pages\/21967","targetHints":{"allow":["GET"]}}],"collection":[{"href":"https:\/\/biblian.is\/videy\/wp-json\/wp\/v2\/pages"}],"about":[{"href":"https:\/\/biblian.is\/videy\/wp-json\/wp\/v2\/types\/page"}],"author":[{"embeddable":true,"href":"https:\/\/biblian.is\/videy\/wp-json\/wp\/v2\/users\/1"}],"replies":[{"embeddable":true,"href":"https:\/\/biblian.is\/videy\/wp-json\/wp\/v2\/comments?post=21967"}],"version-history":[{"count":0,"href":"https:\/\/biblian.is\/videy\/wp-json\/wp\/v2\/pages\/21967\/revisions"}],"wp:attachment":[{"href":"https:\/\/biblian.is\/videy\/wp-json\/wp\/v2\/media?parent=21967"}],"curies":[{"name":"wp","href":"https:\/\/api.w.org\/{rel}","templated":true}]}}