{"id":21963,"date":"2018-01-02T01:04:57","date_gmt":"2018-01-02T01:04:57","guid":{"rendered":"http:\/\/biblian.is\/videy\/fyrra-thessalonikubref-3-kafli\/"},"modified":"2018-01-02T01:04:57","modified_gmt":"2018-01-02T01:04:57","slug":"fyrra-thessalonikubref-3-kafli","status":"publish","type":"page","link":"https:\/\/biblian.is\/videy\/fyrra-thessalonikubref-3-kafli\/","title":{"rendered":"Fyrra \u00deessalon\u00edkubr\u00e9f 3. kafli"},"content":{"rendered":"<div class=\"fyrirsognVidey\">Til \u00feess a\u00f0 fr\u00e9tta af Tessalon\u00edkum\u00f6nnum segist P\u00e1ll hafa sent T\u00edm\u00f3teus, og \u00feakkar Gu\u00f0i fyrir \u00fe\u00e1 gle\u00f0ifregn, er hann hafi fengi\u00f0 me\u00f0 honum um \u00feeirra st\u00f6\u00f0uglyndi. Girnist a\u00f0 koma til \u00feeirra.<\/div>\n<p><a name=\"1\"><span class=\"versanumer\">1<\/span><\/a>\u00dear fyrir, \u00feegar v\u00e9r m\u00e1ttum ekki lengur vi\u00f0 \u00fereyja, r\u00e9\u00f0um v\u00e9r \u00fea\u00f0 af, a\u00f0 ver\u00f0a einir eftir \u00ed A\u00feenuborg,<a name=\"2\"><span class=\"versanumer\">2<\/span><\/a>og sendum T\u00edm\u00f3teum, br\u00f3\u00f0ur vorn og Gu\u00f0s verkamann me\u00f0ur oss \u00ed Kristi n\u00e1\u00f0arbo\u00f0skapi, til \u00feess hann efldi og \u00f6rva\u00f0i y\u00f0ar tr\u00fa,<a name=\"3\"><span class=\"versanumer\">3<\/span><\/a>a\u00f0 enginn skuli l\u00e1ta sig trufla af \u00feessum \u00ferengingum; \u00fev\u00ed \u00fe\u00e9r viti\u00f0, a\u00f0 \u00fe\u00e6r eru oss \u00e6tla\u00f0ar.<a name=\"4\"><span class=\"versanumer\">4<\/span><\/a>Eg sag\u00f0a y\u00f0ur \u00fea\u00f0 og fyrir, \u00fe\u00e1 eg var hj\u00e1 y\u00f0ur, a\u00f0 v\u00e9r mundum \u00ferengingar l\u00ed\u00f0a, hva\u00f0 l\u00edka hefir r\u00e6st, eins og y\u00f0ur er kunnugt.<a name=\"5\"><span class=\"versanumer\">5<\/span><\/a>\u00dear fyrir, \u00feegar eg m\u00e1tti ekki lengur vi\u00f0 \u00fereyja, \u00fe\u00e1 senda eg til a\u00f0 fr\u00e9tta um tr\u00fa y\u00f0ar, hv\u00f6rt freistarinn hef\u00f0i ekki freista\u00f0 y\u00f0ar, og vinna vor or\u00f0i\u00f0 til einkis.<a name=\"6\"><span class=\"versanumer\">6<\/span><\/a>En n\u00fa er T\u00edm\u00f3teus aftur kominn fr\u00e1 y\u00f0ur til vor, og ber oss gle\u00f0ifregn um tr\u00fa y\u00f0ar og k\u00e6rleika, og a\u00f0 \u00fe\u00e9r \u00e1vallt minnist vors til g\u00f3\u00f0s, og girnist a\u00f0 sj\u00e1 oss, eins og v\u00e9r y\u00f0ur.<a name=\"7\"><span class=\"versanumer\">7<\/span><\/a>\u00deannig hafi\u00f0 \u00fe\u00e9r, br\u00e6\u00f0ur! hugga\u00f0 oss \u00ed allri vorri \u00ferengingu og ney\u00f0 me\u00f0 y\u00f0ar tr\u00fafesti;<a name=\"8\"><span class=\"versanumer\">8<\/span><\/a>\u00fev\u00ed n\u00fa lifum v\u00e9r <span class='VideyAth'>a)<\/span>, fyrst \u00fe\u00e9r haldi\u00f0 st\u00f6\u00f0uglega vi\u00f0 Drottin.<a name=\"9\"><span class=\"versanumer\">9<\/span><\/a>Hv\u00f6rt \u00feakkl\u00e6ti megnum v\u00e9r a\u00f0 gjalda Gu\u00f0i fyrir y\u00f0ur, fyrir alla \u00fe\u00e1 gle\u00f0i, er v\u00e9r h\u00f6fum af y\u00f0ur fyrir Gu\u00f0s augliti? <br \/><a name=\"10\"><span class=\"versanumer\">10<\/span><\/a>N\u00f3tt og dag bi\u00f0jum v\u00e9r innilega, a\u00f0 oss m\u00e6tti hlotnast a\u00f0 sj\u00e1 y\u00f0ur og b\u00e6ta \u00far brestum tr\u00faar y\u00f0ar;<a name=\"11\"><span class=\"versanumer\">11<\/span><\/a>en sj\u00e1lfur Gu\u00f0 og Fa\u00f0ir vor og Drottinn vor Jes\u00fas Kristur grei\u00f0i veg vorn til y\u00f0ar.<a name=\"12\"><span class=\"versanumer\">12<\/span><\/a>En Drottinn fylli y\u00f0ur og au\u00f0gi elsku b\u00e6\u00f0i innbyr\u00f0is y\u00f0ar \u00e1 milli og til allra, eins og vor elska er til y\u00f0ar;<a name=\"13\"><span class=\"versanumer\">13<\/span><\/a>upp \u00e1 \u00fea\u00f0 a\u00f0 y\u00f0ar hj\u00f6rtu megi sta\u00f0festast \u00ed heilagleika og \u00fe\u00e9r birtast fyrir Gu\u00f0i vorum F\u00f6\u00f0ur \u00f3straffanlegir, \u00fe\u00e1 Drottinn vor Jes\u00fas Kristur kemur \u00e1samt \u00f6llum hans heil\u00f6gu.<\/p>\n<div class=\"footnoteVidey\">V. 1. a\u00f0 fr\u00e9tta ekkert af y\u00f0ur.  V. 2. Post. g. b. 17,14.15. Fil. 2,19. R\u00f3m. 16,21. K\u00f3l. 4,8.  V. 3. Efes. 3,13. Filipp. 1,14. Post. g. b. 14,22. 2 T\u00edm. 3,12.  V. 4. J\u00f3h. 14,25.29. Post. gb. 17,1. 1 P\u00e9t. 4,13.  V. 5. K\u00f3l. 4,8. leitt til a\u00f0 falla fr\u00e1 kristni, e\u00f0a til \u00f3kristilegrar breytni. Matt. 4,3. 1 Kor. 7,5.  V. 6. \u00fea\u00f0 er: til annarra. Kap. 2,17.  V. 8. a. (gl\u00f6\u00f0u l\u00edfi).  V. 10. R\u00f3m. 1,10. 1 Tess. 2,17.  V. 12. Kap. 4,9. 1 P\u00e9t. 1,22. 4,8.  V. 13. 2 Tess. 2,17. Ef. 1,4. K\u00f3l. 1,22. Opinb. b. 14,5. 1 Kor. 1,8. Fil. 1,10.<\/div>\n","protected":false},"excerpt":{"rendered":"<p>Til \u00feess a\u00f0 fr\u00e9tta af Tessalon\u00edkum\u00f6nnum segist P\u00e1ll hafa sent T\u00edm\u00f3teus, og \u00feakkar Gu\u00f0i fyrir \u00fe\u00e1 gle\u00f0ifregn, er hann hafi fengi\u00f0 me\u00f0 honum um \u00feeirra st\u00f6\u00f0uglyndi. Girnist a\u00f0 koma til \u00feeirra. 1\u00dear fyrir, \u00feegar v\u00e9r m\u00e1ttum ekki lengur vi\u00f0 \u00fereyja, r\u00e9\u00f0um v\u00e9r \u00fea\u00f0 af, a\u00f0 ver\u00f0a einir eftir \u00ed A\u00feenuborg,2og sendum T\u00edm\u00f3teum, br\u00f3\u00f0ur vorn og Gu\u00f0s verkamann me\u00f0ur oss \u00ed Kristi n\u00e1\u00f0arbo\u00f0skapi, til \u00feess hann efldi og \u00f6rva\u00f0i y\u00f0ar tr\u00fa,3a\u00f0 enginn skuli l\u00e1ta sig trufla af \u00feessum \u00ferengingum; \u00fev\u00ed \u00fe\u00e9r viti\u00f0, a\u00f0 \u00fe\u00e6r eru oss \u00e6tla\u00f0ar.4Eg sag\u00f0a y\u00f0ur \u00fea\u00f0 og fyrir, \u00fe\u00e1 eg var hj\u00e1 y\u00f0ur, a\u00f0 v\u00e9r mundum \u00ferengingar <a href=\"https:\/\/biblian.is\/videy\/fyrra-thessalonikubref-3-kafli\/\"> [&#8230;]<\/a><\/p>\n","protected":false},"author":1,"featured_media":0,"parent":0,"menu_order":0,"comment_status":"open","ping_status":"open","template":"bibliukaflar.php","meta":{"footnotes":""},"class_list":["post-21963","page","type-page","status-publish","hentry"],"_links":{"self":[{"href":"https:\/\/biblian.is\/videy\/wp-json\/wp\/v2\/pages\/21963","targetHints":{"allow":["GET"]}}],"collection":[{"href":"https:\/\/biblian.is\/videy\/wp-json\/wp\/v2\/pages"}],"about":[{"href":"https:\/\/biblian.is\/videy\/wp-json\/wp\/v2\/types\/page"}],"author":[{"embeddable":true,"href":"https:\/\/biblian.is\/videy\/wp-json\/wp\/v2\/users\/1"}],"replies":[{"embeddable":true,"href":"https:\/\/biblian.is\/videy\/wp-json\/wp\/v2\/comments?post=21963"}],"version-history":[{"count":0,"href":"https:\/\/biblian.is\/videy\/wp-json\/wp\/v2\/pages\/21963\/revisions"}],"wp:attachment":[{"href":"https:\/\/biblian.is\/videy\/wp-json\/wp\/v2\/media?parent=21963"}],"curies":[{"name":"wp","href":"https:\/\/api.w.org\/{rel}","templated":true}]}}