{"id":21962,"date":"2018-01-02T01:04:57","date_gmt":"2018-01-02T01:04:57","guid":{"rendered":"http:\/\/biblian.is\/videy\/fyrra-thessalonikubref-2-kafli\/"},"modified":"2018-01-02T01:04:57","modified_gmt":"2018-01-02T01:04:57","slug":"fyrra-thessalonikubref-2-kafli","status":"publish","type":"page","link":"https:\/\/biblian.is\/videy\/fyrra-thessalonikubref-2-kafli\/","title":{"rendered":"Fyrra \u00deessalon\u00edkubr\u00e9f 2. kafli"},"content":{"rendered":"<div class=\"fyrirsognVidey\">P\u00e1ll talar um, hv\u00f6rnig hann hafi heg\u00f0a\u00f0 s\u00e9r hj\u00e1 \u00feeim; \u00feakkar Gu\u00f0i fyrir, a\u00f0 \u00feeir svo f\u00faslega t\u00f3ku hans kenningu, og talar um ofs\u00f3knir, er \u00feeir l\u00ed\u00f0a mega; talar um l\u00f6ngun s\u00edna a\u00f0 finna \u00fe\u00e1.<\/div>\n<p><a name=\"1\"><span class=\"versanumer\">1<\/span><\/a>Sj\u00e1lfir viti\u00f0 \u00fe\u00e9r \u00fea\u00f0, br\u00e6\u00f0ur! a\u00f0 koma vor til y\u00f0ar var ekki \u00e1vaxtarlaus;<a name=\"2\"><span class=\"versanumer\">2<\/span><\/a>heldur \u00fe\u00f3tt v\u00e9r \u00e1\u00f0ur \u00ed Filipp\u00edborg, eins og y\u00f0ur er kunnugt, li\u00f0um illt og v\u00e6rum sm\u00e1na\u00f0ir, \u00fe\u00e1 kunngj\u00f6r\u00f0um v\u00e9r samt djarflega og \u00ed trausti til Gu\u00f0s vors hj\u00e1 y\u00f0ur n\u00e1\u00f0arl\u00e6rd\u00f3m vors Gu\u00f0s me\u00f0 mikilli bar\u00e1ttu.<a name=\"3\"><span class=\"versanumer\">3<\/span><\/a>Hv\u00f6rki leiddi villa e\u00f0ur \u00f3hrein s\u00e9rpl\u00e6gni e\u00f0ur v\u00e9lar oss til a\u00f0 kenna;<a name=\"4\"><span class=\"versanumer\">4<\/span><\/a>heldur, eins og Gu\u00f0 hefir fundi\u00f0 oss \u00feess ver\u00f0uga, a\u00f0 tr\u00faa oss fyrir n\u00e1\u00f0arl\u00e6rd\u00f3minum, \u00feannig h\u00f6fum v\u00e9r kennt hann; ekki, sem \u00feeir, er m\u00f6nnum vilja \u00fe\u00f3knast, heldur Gu\u00f0i, sem rannsakar vor hj\u00f6rtu.<a name=\"5\"><span class=\"versanumer\">5<\/span><\/a>\u00dev\u00ed hv\u00f6rki h\u00f6fum v\u00e9r nokkuru sinni fari\u00f0 me\u00f0 hr\u00e6sni, eins og y\u00f0ur er kunnugt, n\u00e9 lei\u00f0st af \u00e1girnd, Gu\u00f0 er \u00feess vottur,<a name=\"6\"><span class=\"versanumer\">6<\/span><\/a>n\u00e9 leita\u00f0 or\u00f0st\u00edrs af m\u00f6nnum, hv\u00f6rki af y\u00f0ur n\u00e9 \u00f6\u00f0rum.<a name=\"7\"><span class=\"versanumer\">7<\/span><\/a>V\u00e9r g\u00e1tum veri\u00f0 y\u00f0ur til \u00feyngsla, sem postular Krists, en v\u00e9r s\u00fdndum oss v\u00e6g\u00f0arsama vi\u00f0 y\u00f0ur.<a name=\"8\"><span class=\"versanumer\">8<\/span><\/a>Eins og f\u00f3stra hj\u00fakrar b\u00f6rnum s\u00ednum, eins erum v\u00e9r y\u00f0ur \u00e1st\u00fa\u00f0legir, og erum f\u00fasir til, ekki einungis a\u00f0 me\u00f0deila y\u00f0ur n\u00e1\u00f0arl\u00e6rd\u00f3m Gu\u00f0s, heldur og til a\u00f0 gefa y\u00f0ur, vort eigi\u00f0 l\u00edf, \u00fev\u00ed \u00fe\u00e9r eru\u00f0 or\u00f0nir oss \u00e1stf\u00f3lgnir.<a name=\"9\"><span class=\"versanumer\">9<\/span><\/a>\u00de\u00e9r muni\u00f0, br\u00e6\u00f0ur! til erfi\u00f0is vors og m\u00e6\u00f0u; til \u00feess v\u00e9r v\u00e6rum engum y\u00f0ar til \u00feyngsla, unnum v\u00e9r n\u00f3tt og dag, \u00e1 milli \u00feess v\u00e9r vorum a\u00f0 bo\u00f0a y\u00f0ur n\u00e1\u00f0arbo\u00f0skap Gu\u00f0s.<a name=\"10\"><span class=\"versanumer\">10<\/span><\/a>\u00de\u00e9r eru\u00f0 vitni til \u00feess og Gu\u00f0, hv\u00f6rsu heilaglega, r\u00e9ttv\u00edslega og \u00f3lastanlega v\u00e9r heg\u00f0u\u00f0um oss hj\u00e1 y\u00f0ur, sem vi\u00f0 tr\u00fanni h\u00f6f\u00f0u\u00f0 teki\u00f0.<a name=\"11\"><span class=\"versanumer\">11<\/span><\/a>Y\u00f0ur er og kunnugt hv\u00f6rsu eg hefi \u00e1minnt, upphvatt og s\u00e1rb\u00e6nt s\u00e9rhv\u00f6rn y\u00f0ar, eins og fa\u00f0ir b\u00f6rn s\u00edn,<a name=\"12\"><span class=\"versanumer\">12<\/span><\/a>a\u00f0 \u00fe\u00e9r breyttu\u00f0 ver\u00f0uglega Gu\u00f0i, er kalla\u00f0 hefir y\u00f0ur til s\u00edns r\u00edkis og d\u00fdr\u00f0ar. <br \/><a name=\"13\"><span class=\"versanumer\">13<\/span><\/a>\u00dear fyrir afl\u00e1tum v\u00e9r ekki a\u00f0 \u00feakka Gu\u00f0i fyrir \u00fea\u00f0, a\u00f0 \u00fe\u00e9r me\u00f0t\u00f6ku veittu\u00f0 Gu\u00f0s or\u00f0i, er \u00fe\u00e9r numu\u00f0 af oss og me\u00f0t\u00f3ku\u00f0 \u00fea\u00f0 ekki sem mannal\u00e6rd\u00f3m, heldur sem Gu\u00f0s or\u00f0, eins og \u00fea\u00f0 \u00ed sannleika er, hv\u00f6rt l\u00edka hefir s\u00fdnt sinn kraft \u00e1 y\u00f0ur, sem tr\u00faa\u00f0ir eru\u00f0.<a name=\"14\"><span class=\"versanumer\">14<\/span><\/a>Br\u00e6\u00f0ur! y\u00f0ar kj\u00f6r hafa l\u00edk veri\u00f0 safna\u00f0a Gu\u00f0s \u00ed Gy\u00f0ingalandi, er j\u00e1tast hafa Jes\u00fa Kristi; \u00fev\u00ed \u00fe\u00e9r hafi\u00f0 \u00feola\u00f0 sama af y\u00f0ar \u00e6ttingjum,<a name=\"15\"><span class=\"versanumer\">15<\/span><\/a>sem \u00feeir af Gy\u00f0ingum, er b\u00e6\u00f0i l\u00edfl\u00e9tu Drottin Jes\u00fam og s\u00edna eigin sp\u00e1menn; oss hafa \u00feeir og ofs\u00f3tt, eru Gu\u00f0i mis\u00fe\u00f3knanlegir og \u00f6llum m\u00f6nnum m\u00f3tst\u00e6\u00f0ir;<a name=\"16\"><span class=\"versanumer\">16<\/span><\/a>\u00feeir meina oss a\u00f0 tala til hei\u00f0ingjanna, a\u00f0 \u00feeir frelsist, og uppfylla \u00fear vi\u00f0 m\u00e6lir sinna synda, en a\u00f0 lokunum mun straffi\u00f0 koma yfir \u00fe\u00e1. <br \/><a name=\"17\"><span class=\"versanumer\">17<\/span><\/a>V\u00e9r, br\u00e6\u00f0ur! sem um stundar sakir h\u00f6fum veri\u00f0 sviptir y\u00f0ar n\u00e1vistum a\u00f0 l\u00edkamanum til, en ekki huganum, h\u00f6fum me\u00f0 \u00fev\u00ed meiri al\u00fa\u00f0 og l\u00f6ngun kappkosta\u00f0 a\u00f0 sj\u00e1 y\u00f0ur.<a name=\"18\"><span class=\"versanumer\">18<\/span><\/a>\u00dear fyrir h\u00f6fum v\u00e9r\u2014eg P\u00e1ll\u2014oftar en einu sinni vilja\u00f0 koma til y\u00f0ar, en Satan hefir hamla\u00f0 oss fr\u00e1 \u00fev\u00ed.<a name=\"19\"><span class=\"versanumer\">19<\/span><\/a>\u00dev\u00ed hv\u00f6r er vor von, vor gle\u00f0i, vor hei\u00f0urskrans, er v\u00e9r getum st\u00e6rt oss af? Munu\u00f0 \u00fe\u00e9r ekki einnig ver\u00f0a \u00fea\u00f0 fyrir augliti Drottins vors Jes\u00fa Krists, \u00fe\u00e1 hann kemur?<a name=\"20\"><span class=\"versanumer\">20<\/span><\/a>\u00de\u00e9r eru\u00f0 vor s\u00f3mi og vor gle\u00f0i!<\/p>\n<div class=\"footnoteVidey\">V. 1. Kap. 1,5.9.  V. 2. Post. g. b. 16,12.19\u201324. 2 Kor. 12,10. Fil. 1,30. Post. g. b. 17,l1.9.  V. 3. 2 Kor. 7,2.  V. 4. Gal. 7,2. 1 T\u00edm. 1,11. Gal. 1,10. 1 Sam\u00fael. 16,7. 1 K\u00f3ng. b. 8,39. S\u00e1lm. 7,10. Post. g. b. 1,24. R\u00f3m. 8,27.  V. 5. Post. g. b. 20,33. 2 Kor. 2,18. R\u00f3m. 1,9. 2 Kor. 1,23. fylg.  V. 6. J\u00f3h. 5,41.44. 1 Kor. 9,12. 2 Kor. 11,9.12.  V. 7. sbr. v. 9. 2 Tess. 3,7.9.  V. 8. 2 Kor. 12,15.  V. 9. Post. gb. 20,34. 1 Kor. 4,12. 2 Tess. 3,8. 1 Kor. 9,16.  V. 10. 1 T\u00edm\u00f3t. 3,2.  V. 11. Post. gb. 20,20.31. Kap. 2,7.  V. 12. 1 M\u00f3s. b. 17,1. Efes. 4,1.2. Tess. 1,11. 1 P\u00e9t. 5,10.  V. 13. Matt. 10,40. Galat. 4,14. 1 Korint. 2,5. 1 Tessal. 1,5.  V. 14. Post. g. b. 17,5.23. Hebr. 10,34.  V. 15. Post. g. b. 2,23. Matt. 23,34.  V. 16. Post. g. b. 13,50. 14,5.19. 17,5.13. Matt. 23,23.  V. 17. R\u00f3m. 1,11. 1 Tess. 3,6.  V. 18. R\u00f3m. 15,22.  V. 19. Fil. 4,1. 2 Tess. 1,4.<\/div>\n","protected":false},"excerpt":{"rendered":"<p>P\u00e1ll talar um, hv\u00f6rnig hann hafi heg\u00f0a\u00f0 s\u00e9r hj\u00e1 \u00feeim; \u00feakkar Gu\u00f0i fyrir, a\u00f0 \u00feeir svo f\u00faslega t\u00f3ku hans kenningu, og talar um ofs\u00f3knir, er \u00feeir l\u00ed\u00f0a mega; talar um l\u00f6ngun s\u00edna a\u00f0 finna \u00fe\u00e1. 1Sj\u00e1lfir viti\u00f0 \u00fe\u00e9r \u00fea\u00f0, br\u00e6\u00f0ur! a\u00f0 koma vor til y\u00f0ar var ekki \u00e1vaxtarlaus;2heldur \u00fe\u00f3tt v\u00e9r \u00e1\u00f0ur \u00ed Filipp\u00edborg, eins og y\u00f0ur er kunnugt, li\u00f0um illt og v\u00e6rum sm\u00e1na\u00f0ir, \u00fe\u00e1 kunngj\u00f6r\u00f0um v\u00e9r samt djarflega og \u00ed trausti til Gu\u00f0s vors hj\u00e1 y\u00f0ur n\u00e1\u00f0arl\u00e6rd\u00f3m vors Gu\u00f0s me\u00f0 mikilli bar\u00e1ttu.3Hv\u00f6rki leiddi villa e\u00f0ur \u00f3hrein s\u00e9rpl\u00e6gni e\u00f0ur v\u00e9lar oss til a\u00f0 kenna;4heldur, eins og Gu\u00f0 hefir fundi\u00f0 oss \u00feess <a href=\"https:\/\/biblian.is\/videy\/fyrra-thessalonikubref-2-kafli\/\"> [&#8230;]<\/a><\/p>\n","protected":false},"author":1,"featured_media":0,"parent":0,"menu_order":0,"comment_status":"open","ping_status":"open","template":"bibliukaflar.php","meta":{"footnotes":""},"class_list":["post-21962","page","type-page","status-publish","hentry"],"_links":{"self":[{"href":"https:\/\/biblian.is\/videy\/wp-json\/wp\/v2\/pages\/21962","targetHints":{"allow":["GET"]}}],"collection":[{"href":"https:\/\/biblian.is\/videy\/wp-json\/wp\/v2\/pages"}],"about":[{"href":"https:\/\/biblian.is\/videy\/wp-json\/wp\/v2\/types\/page"}],"author":[{"embeddable":true,"href":"https:\/\/biblian.is\/videy\/wp-json\/wp\/v2\/users\/1"}],"replies":[{"embeddable":true,"href":"https:\/\/biblian.is\/videy\/wp-json\/wp\/v2\/comments?post=21962"}],"version-history":[{"count":0,"href":"https:\/\/biblian.is\/videy\/wp-json\/wp\/v2\/pages\/21962\/revisions"}],"wp:attachment":[{"href":"https:\/\/biblian.is\/videy\/wp-json\/wp\/v2\/media?parent=21962"}],"curies":[{"name":"wp","href":"https:\/\/api.w.org\/{rel}","templated":true}]}}