{"id":21959,"date":"2018-01-02T01:04:57","date_gmt":"2018-01-02T01:04:57","guid":{"rendered":"http:\/\/biblian.is\/videy\/kolussubrefid-3-kafli\/"},"modified":"2018-01-02T01:04:57","modified_gmt":"2018-01-02T01:04:57","slug":"kolossubrefid-3-kafli","status":"publish","type":"page","link":"https:\/\/biblian.is\/videy\/kolossubrefid-3-kafli\/","title":{"rendered":"K\u00f3lossubr\u00e9fi\u00f0 3. kafli"},"content":{"rendered":"<div class=\"fyrirsognVidey\">Sannir kristnir eiga a\u00f0 meta meira hi\u00f0 himneska enn \u00fea\u00f0 jar\u00f0neska, afleggja hi\u00f0 forna h\u00e1ttalag, en fylgja n\u00fdu; einkum stunda br\u00f3\u00f0urlega elsku og hafa \u00ed \u00f6llu Krists vilja og bo\u00f0 fyrir augnami\u00f0; skyldur hj\u00f3na, barna, foreldra og \u00fej\u00f3na.<\/div>\n<p><a name=\"1\"><span class=\"versanumer\">1<\/span><\/a>Fyrst \u00fe\u00e9r eru\u00f0 \u00e1samt me\u00f0 Kristi upprisnir, \u00fe\u00e1 keppist eftir \u00fev\u00ed, sem \u00fear efra er, hvar Kristur situr til h\u00e6gri handar Gu\u00f0i.<a name=\"2\"><span class=\"versanumer\">2<\/span><\/a>Hafi\u00f0 hugann \u00e1 \u00fev\u00ed himneska, en ekki \u00e1 \u00fev\u00ed jar\u00f0neska.<a name=\"3\"><span class=\"versanumer\">3<\/span><\/a>\u00dev\u00ed \u00fe\u00e9r eru\u00f0 d\u00e1nir, og l\u00edf y\u00f0vart er fali\u00f0 me\u00f0 Kristi hj\u00e1 Gu\u00f0i.<a name=\"4\"><span class=\"versanumer\">4<\/span><\/a>En \u00feegar Kristur, vort l\u00edf, opinberast, \u00fe\u00e1 munu\u00f0 \u00fe\u00e9r og \u00e1samt honum \u00ed d\u00fdr\u00f0 opinberast.<a name=\"5\"><span class=\"versanumer\">5<\/span><\/a>Dey\u00f0i\u00f0 \u00fev\u00ed y\u00f0ar jar\u00f0nesku limu, frillul\u00edfi, saurlifna\u00f0, losta, vonda tilteygingu og \u00e1girnd, hva\u00f0 ekki er betra en skur\u00f0go\u00f0ad\u00fdrkan.<a name=\"6\"><span class=\"versanumer\">6<\/span><\/a>Fyrir sl\u00edkt <span class='VideyAth'>(ath\u00e6fi)<\/span> kemur hegning Gu\u00f0s yfir \u00fe\u00e1 vantr\u00fau\u00f0u,<a name=\"7\"><span class=\"versanumer\">7<\/span><\/a>\u00ed hv\u00f6rra t\u00f6lu \u00fe\u00e9r for\u00f0um voru\u00f0, me\u00f0an \u00fe\u00e9r lif\u00f0u\u00f0 \u00feessum l\u00f6stum.<a name=\"8\"><span class=\"versanumer\">8<\/span><\/a>En afleggi\u00f0 n\u00fa allt \u00feetta: rei\u00f0i, st\u00f3rlyndi, vonsku, lastm\u00e6li, sv\u00edvir\u00f0ilegt tal, framkomi ekki af y\u00f0rum munni.<a name=\"9\"><span class=\"versanumer\">9<\/span><\/a>Lj\u00fagi\u00f0 ekki hv\u00f6r upp \u00e1 annan, \u00fear \u00fe\u00e9r hafi\u00f0 afkl\u00e6\u00f0st hinum gamla manni og hans h\u00e1ttalagi,<a name=\"10\"><span class=\"versanumer\">10<\/span><\/a>en \u00edkl\u00e6\u00f0ist n\u00fdjum, sem endurn\u00fdja\u00f0ur er til \u00feekkingar, samkv\u00e6mt \u00feess mynd, sem hann hefir skapa\u00f0.<a name=\"11\"><span class=\"versanumer\">11<\/span><\/a>H\u00e9r <span class='VideyAth'>a)<\/span> er enginn munur \u00e1 gr\u00edskum manni og Gy\u00f0ingi, \u00e1 umskornum og \u00f3umskornum, \u00fatlending og Skyta, \u00fer\u00e6li e\u00f0ur frj\u00e1lsum, heldur er Kristur allt og \u00ed \u00f6llum.<a name=\"12\"><span class=\"versanumer\">12<\/span><\/a>\u00cdkl\u00e6\u00f0ist \u00fear fyrir, eins og Gu\u00f0s \u00fatvaldir heilagir og elskanlegir, hjartgr\u00f3inni me\u00f0aumkun, g\u00f3\u00f0vild, l\u00edtill\u00e6ti, h\u00f3gv\u00e6r\u00f0, langlundarge\u00f0i;<a name=\"13\"><span class=\"versanumer\">13<\/span><\/a>umberi\u00f0 hv\u00f6r annan og fyrirgefi\u00f0 hv\u00f6r \u00f6\u00f0rum, ef einhv\u00f6r y\u00f0ar hefir k\u00e6rum\u00e1l \u00f6\u00f0rum \u00e1 m\u00f3ti; eins og Kristur hefir fyrirgefi\u00f0 y\u00f0ur, svo skulu\u00f0 \u00fe\u00e9r og einninn gj\u00f6ra.<a name=\"14\"><span class=\"versanumer\">14<\/span><\/a>En umfram allt \u00edkl\u00e6\u00f0ist elskunni, \u00fev\u00ed h\u00fan er band algj\u00f6rleikans;<a name=\"15\"><span class=\"versanumer\">15<\/span><\/a>\u00fe\u00e1 mun fri\u00f0ur Krists r\u00edkja \u00ed y\u00f0rum hj\u00f6rtum; til \u00feessa fri\u00f0ar eru\u00f0 \u00fe\u00e9r einnig kalla\u00f0ir \u00ed einum l\u00edkama <span class='VideyAth'>(sameiginlega)<\/span>; og veri\u00f0 <span class='VideyAth'>(fyrir \u00fea\u00f0)<\/span> \u00feakkl\u00e1tir.<a name=\"16\"><span class=\"versanumer\">16<\/span><\/a>L\u00e1ti\u00f0 Krists l\u00e6rd\u00f3m r\u00edkuglega b\u00faa hj\u00e1 y\u00f0ur, svo a\u00f0 \u00fe\u00e9r me\u00f0 allri speki kenni\u00f0 hv\u00f6r \u00f6\u00f0rum og \u00e1minni\u00f0 hv\u00f6r annan me\u00f0 s\u00e1lmum, s\u00f6ngum og andlegum lofkv\u00e6\u00f0um, s\u00e6tlega syngjandi Drottni lof \u00ed y\u00f0rum hj\u00f6rtum.<a name=\"17\"><span class=\"versanumer\">17<\/span><\/a>Hva\u00f0 helst \u00fe\u00e9r a\u00f0hafist \u00ed or\u00f0i e\u00f0ur verki, \u00fea\u00f0 gj\u00f6ri\u00f0 \u00ed nafni Drottins Jes\u00fa, \u00feakkandi Gu\u00f0i og F\u00f6\u00f0ur fyrir hann.<br \/><a name=\"18\"><span class=\"versanumer\">18<\/span><\/a>\u00de\u00e9r konur! veri\u00f0 y\u00f0ar b\u00e6ndum undirgefnar eins og \u00feeim h\u00e6fir, sem Drottins eru.<a name=\"19\"><span class=\"versanumer\">19<\/span><\/a>\u00de\u00e9r menn! elski\u00f0 y\u00f0ar eiginkonur og veri\u00f0 ekki beisklunda\u00f0ir vi\u00f0 \u00fe\u00e6r.<a name=\"20\"><span class=\"versanumer\">20<\/span><\/a>\u00de\u00e9r b\u00f6rn! veri\u00f0 hl\u00fd\u00f0ug foreldrunum \u00ed \u00f6llu, \u00fev\u00ed \u00fea\u00f0 er Drottni \u00fe\u00f3knanlegt.<a name=\"21\"><span class=\"versanumer\">21<\/span><\/a>\u00de\u00e9r fe\u00f0ur! upperti\u00f0 ekki y\u00f0ar b\u00f6rn, svo a\u00f0 \u00feau ver\u00f0i ekki huglaus.<a name=\"22\"><span class=\"versanumer\">22<\/span><\/a>\u00de\u00e9r \u00fer\u00e6lar! veri\u00f0 hl\u00fd\u00f0ugir \u00ed \u00f6llu y\u00f0ar jar\u00f0nesku drottnum, ekki me\u00f0 augna\u00fej\u00f3nustu, svo sem \u00feeir, er vilja m\u00f6nnum \u00fe\u00f3knast, heldur me\u00f0 hjartans einl\u00e6gni, svo sem \u00feeir, er Drottin \u00f3ttast;<a name=\"23\"><span class=\"versanumer\">23<\/span><\/a>og gj\u00f6ri\u00f0 allt, hva\u00f0 helst sem \u00fe\u00e9r vinni\u00f0, me\u00f0 einl\u00e6gu ge\u00f0i, eins og \u00fea\u00f0 s\u00e9 fyrir Drottin, en ekki menn,<a name=\"24\"><span class=\"versanumer\">24<\/span><\/a>vel vitandi a\u00f0 \u00fe\u00e9r munu\u00f0 taka s\u00e6lu \u00ed arf til endurgjalds, \u00fev\u00ed \u00fe\u00e9r \u00fej\u00f3ni\u00f0 Drottni Kristi. <br \/><a name=\"25\"><span class=\"versanumer\">25<\/span><\/a>En s\u00e1 svikuli mun bera \u00far b\u00fdtum svikalaun, \u00fev\u00ed h\u00e9r gildir ekkert manngreinar\u00e1lit.<\/p>\n<div class=\"footnoteVidey\">V. 1. R\u00f3m. 6,5. Efes. 2,6. 1,20.  V. 4. Fil. 1,21. 3,21. 1 Kor. 15,43.  V. 5. girndir. Matt. 18,8. R\u00f3m. 6,13. Efes. 5,3. 1 Tess. 4,5. Efes. 5,5.  V. 6. 1 Kor. 6,10. Gal. 5,19. Efes. 5,6.  V. 7. R\u00f3m. 6,19.20. 7,5. 1 Kor. 6,11. T\u00edt. 3,3.  V. 8. 2 Kor. 7,1. Efes. 4,22. 1 P\u00e9t. 2,1. Jak. 1,21.  V. 9. Sak. 8,16. aflagt hinn fyrri \u00feenkingar- og l\u00edfernish\u00e1tt, er \u00fe\u00e9r h\u00f6f\u00f0u\u00f0 \u00e1\u00f0ur en kristni t\u00f3ku\u00f0. Efes. 2,11.  V. 10. Efes. 4,23.24.  V. 11. \u00ed kristind\u00f3minum. R\u00f3m. 10,12. Gal. 3,28. Kap. 5,6. 1 Kor. 14,11. Efes. 1,10.  V. 12. 1 Tess. 1,4. 1 P\u00e9t. 2,9. Gal. 5,22. Matt. 11,29.  V. 13. Efes. 4,2. v. 32. Matth. 6,14.  V. 14. J\u00f3h. 13,34. 15,12. Efes. 4,3. K\u00f3l. 2,2.  V. 15. Fil. 4,7. Kap. 2,7.  V. 16. 1 Kor. 14,26. Efes. 5,19.  V. 17. 1 Kor. 10,31. Efes. 5,20. 1 Tess. 5,18.  V. 18. 1 M\u00f3s. b. 3,16. 1 Kor. 14,34. Efes. 5,22.  V. 19. Efes. 5,25.  V. 20. Efes. 6,1. S\u00edr. 3,1\u201315.  V. 21. Efes. 6,4.  V. 22. Efes. 6,5. 1 T\u00edm. 6,1. T\u00edt. 2,9.  V. 23. Efes. 6,7.  V. 25. 2 Kor. 5,20. Post. gb. 10,34. R\u00f3m. 2,11.<\/div>\n","protected":false},"excerpt":{"rendered":"<p>Sannir kristnir eiga a\u00f0 meta meira hi\u00f0 himneska enn \u00fea\u00f0 jar\u00f0neska, afleggja hi\u00f0 forna h\u00e1ttalag, en fylgja n\u00fdu; einkum stunda br\u00f3\u00f0urlega elsku og hafa \u00ed \u00f6llu Krists vilja og bo\u00f0 fyrir augnami\u00f0; skyldur hj\u00f3na, barna, foreldra og \u00fej\u00f3na. 1Fyrst \u00fe\u00e9r eru\u00f0 \u00e1samt me\u00f0 Kristi upprisnir, \u00fe\u00e1 keppist eftir \u00fev\u00ed, sem \u00fear efra er, hvar Kristur situr til h\u00e6gri handar Gu\u00f0i.2Hafi\u00f0 hugann \u00e1 \u00fev\u00ed himneska, en ekki \u00e1 \u00fev\u00ed jar\u00f0neska.3\u00dev\u00ed \u00fe\u00e9r eru\u00f0 d\u00e1nir, og l\u00edf y\u00f0vart er fali\u00f0 me\u00f0 Kristi hj\u00e1 Gu\u00f0i.4En \u00feegar Kristur, vort l\u00edf, opinberast, \u00fe\u00e1 munu\u00f0 \u00fe\u00e9r og \u00e1samt honum \u00ed d\u00fdr\u00f0 opinberast.5Dey\u00f0i\u00f0 \u00fev\u00ed y\u00f0ar jar\u00f0nesku limu, frillul\u00edfi, <a href=\"https:\/\/biblian.is\/videy\/kolossubrefid-3-kafli\/\"> [&#8230;]<\/a><\/p>\n","protected":false},"author":1,"featured_media":0,"parent":0,"menu_order":0,"comment_status":"open","ping_status":"open","template":"bibliukaflar.php","meta":{"footnotes":""},"class_list":["post-21959","page","type-page","status-publish","hentry"],"_links":{"self":[{"href":"https:\/\/biblian.is\/videy\/wp-json\/wp\/v2\/pages\/21959","targetHints":{"allow":["GET"]}}],"collection":[{"href":"https:\/\/biblian.is\/videy\/wp-json\/wp\/v2\/pages"}],"about":[{"href":"https:\/\/biblian.is\/videy\/wp-json\/wp\/v2\/types\/page"}],"author":[{"embeddable":true,"href":"https:\/\/biblian.is\/videy\/wp-json\/wp\/v2\/users\/1"}],"replies":[{"embeddable":true,"href":"https:\/\/biblian.is\/videy\/wp-json\/wp\/v2\/comments?post=21959"}],"version-history":[{"count":0,"href":"https:\/\/biblian.is\/videy\/wp-json\/wp\/v2\/pages\/21959\/revisions"}],"wp:attachment":[{"href":"https:\/\/biblian.is\/videy\/wp-json\/wp\/v2\/media?parent=21959"}],"curies":[{"name":"wp","href":"https:\/\/api.w.org\/{rel}","templated":true}]}}