{"id":21958,"date":"2018-01-02T01:04:57","date_gmt":"2018-01-02T01:04:57","guid":{"rendered":"http:\/\/biblian.is\/videy\/kolussubrefid-2-kafli\/"},"modified":"2018-01-02T01:04:57","modified_gmt":"2018-01-02T01:04:57","slug":"kolossubrefid-2-kafli","status":"publish","type":"page","link":"https:\/\/biblian.is\/videy\/kolossubrefid-2-kafli\/","title":{"rendered":"K\u00f3lossubr\u00e9fi\u00f0 2. kafli"},"content":{"rendered":"<div class=\"fyrirsognVidey\">P\u00e1ll er \u00e1hyggjufullur, a\u00f0 K\u00f3lossuborgarmenn lei\u00f0ast kunni afvega af villum\u00f6nnum, bi\u00f0ur \u00fev\u00ed a\u00f0 \u00feeir haldi fast vi\u00f0 \u00fe\u00e1 s\u00f6nnu Krists tr\u00fa; sannar, a\u00f0 Jes\u00fas hafi gefi\u00f0 \u00feeim betri s\u00e1luhj\u00e1lpar me\u00f0\u00f6l, en \u00fatvortis helgisi\u00f0ir Gy\u00f0inga og hei\u00f0ingja g\u00e1tu veitt.<\/div>\n<p><a name=\"1\"><span class=\"versanumer\">1<\/span><\/a>Ekki vil eg dylja fyrir y\u00f0ur, hv\u00edl\u00edka bar\u00e1ttu eg hefi haft y\u00f0ar vegna og \u00feeirra, sem b\u00faa \u00ed La\u00f3d\u00edkeu, og svo margra, sem ekki hafa s\u00e9\u00f0 mig sj\u00e1lfan n\u00e6rveranda,<a name=\"2\"><span class=\"versanumer\">2<\/span><\/a>til \u00feess a\u00f0 hj\u00f6rtu \u00feeirra m\u00e6ttu styrkjast, og \u00feeir sj\u00e1lfir \u00ed elsku sameinast, og \u00f6\u00f0last gj\u00f6rvallan r\u00edkd\u00f3m fullkomins skilnings, \u00feekkinguna \u00e1 Gu\u00f0s leyndard\u00f3mi,<a name=\"3\"><span class=\"versanumer\">3<\/span><\/a>\u00ed hv\u00f6rjum f\u00f3lgnir eru allir fj\u00e1rsj\u00f3\u00f0ir spekinnar og \u00feekkingarinnar.<a name=\"4\"><span class=\"versanumer\">4<\/span><\/a>\u00deetta segi eg, svo enginn t\u00e6li y\u00f0ur me\u00f0 m\u00e6lskulegum or\u00f0um.<a name=\"5\"><span class=\"versanumer\">5<\/span><\/a>\u00dev\u00ed \u00fe\u00f3 a\u00f0 eg, a\u00f0 l\u00edkamanum til, s\u00e9 fj\u00e6rverandi, \u00fe\u00e1 er eg samt y\u00f0ur n\u00e1l\u00e6gur \u00ed anda, og gle\u00f0st, \u00fe\u00e1 eg s\u00e9 y\u00f0ar reglusemi og fastheldni vi\u00f0 tr\u00fana \u00e1 Krist.<a name=\"6\"><span class=\"versanumer\">6<\/span><\/a>Breyti\u00f0 \u00fear fyrir samkv\u00e6mt l\u00e6rd\u00f3mi Drottins vors Jes\u00fa Krists, eins og \u00fe\u00e9r hafi\u00f0 hann numi\u00f0.<a name=\"7\"><span class=\"versanumer\">7<\/span><\/a>R\u00f3tfestir og <span class='VideyAth'>a)<\/span> bygg\u00f0ir \u00e1 Krist\u00f3 <span class='VideyAth'>(sem grundvelli)<\/span>, st\u00f6\u00f0ugir \u00ed tr\u00fanni, eins og h\u00fan hefir y\u00f0ur veri\u00f0 kennd, og vaxandi \u00ed henni me\u00f0 \u00feakkargj\u00f6r\u00f0.<a name=\"8\"><span class=\"versanumer\">8<\/span><\/a>Varist, a\u00f0 nokkur <span class='VideyAth'>(blindi)<\/span> hertaki y\u00f0ur me\u00f0 heimspeki og h\u00e9g\u00f3mlegri villu, eftir <span class='VideyAth'>b)<\/span> mannasetningum, eftir <span class='VideyAth'>c)<\/span> stafr\u00f3fi heimsins, en ekki eftir Krist\u00f3;<a name=\"9\"><span class=\"versanumer\">9<\/span><\/a>\u00fev\u00ed \u00ed honum b\u00fdr \u00f6ll fylling <span class='VideyAth'>(au\u00f0leg\u00f0)<\/span> Gu\u00f0d\u00f3msins l\u00edkamlega,<a name=\"10\"><span class=\"versanumer\">10<\/span><\/a>og \u00ed honum eru\u00f0 \u00fe\u00e9r sannau\u00f0ugir vor\u00f0nir, honum sem er h\u00f6fu\u00f0 alls <span class='VideyAth'>d)<\/span> h\u00f6f\u00f0ingjad\u00f3ms og yfirvalds;<a name=\"11\"><span class=\"versanumer\">11<\/span><\/a>fyrir hann eru\u00f0 \u00fe\u00e9r og umskornir, \u00feeirri <span class='VideyAth'>e)<\/span> umskurn, sem ekki er me\u00f0 h\u00f6ndum gj\u00f6r\u00f0, heldur innifalin \u00ed afleggingu syndum spilltrar n\u00e1tt\u00faru, \u00fea\u00f0 er, \u00fe\u00e9r eru\u00f0 umskornir me\u00f0 Krists umskurn,<a name=\"12\"><span class=\"versanumer\">12<\/span><\/a>me\u00f0 \u00fev\u00ed a\u00f0 \u00fe\u00e9r eru\u00f0 me\u00f0 honum greftra\u00f0ir \u00ed sk\u00edrninni, \u00ed hv\u00f6rri \u00fe\u00e9r og eru\u00f0 me\u00f0 honum upprisnir, fyrir tr\u00fana \u00e1 m\u00e1tt Gu\u00f0s, er uppvakti hann fr\u00e1 dau\u00f0um.<a name=\"13\"><span class=\"versanumer\">13<\/span><\/a>Einnig y\u00f0ur, sem dau\u00f0ir voru\u00f0 \u00ed yfirtro\u00f0slunum og <span class='VideyAth'>f)<\/span> yfirh\u00fa\u00f0 y\u00f0vars holds, l\u00edfga\u00f0i Gu\u00f0, eins og hann, me\u00f0 \u00fev\u00ed a\u00f0 hann fyrirgaf oss \u00f6ll vor afbrot,<a name=\"14\"><span class=\"versanumer\">14<\/span><\/a>afm\u00e1\u00f0i \u00fea\u00f0 skuldabr\u00e9f, sem st\u00edla\u00f0 var \u00ed gegn oss og innifali\u00f0 var \u00ed lagabo\u00f0um, og burtt\u00f3k \u00fea\u00f0, \u00fe\u00e1 hann negldi \u00fea\u00f0 \u00e1 krossinn.<a name=\"15\"><span class=\"versanumer\">15<\/span><\/a>Hann fletti vopnum hinna voldugu og mektugu, leiddi \u00fe\u00e1 opinberlega fram til s\u00fdnis, og l\u00e9t Krist hr\u00f3sa sigri yfir \u00feeim.<br \/><a name=\"16\"><span class=\"versanumer\">16<\/span><\/a>L\u00e1ti\u00f0 \u00feess vegna engan ford\u00e6ma y\u00f0ur fyrir mat e\u00f0ur drykk, e\u00f0ur nokku\u00f0 \u00fea\u00f0, sem snertir h\u00e1t\u00ed\u00f0ir, tunglkomur e\u00f0ur hv\u00edldardaga,<a name=\"17\"><span class=\"versanumer\">17<\/span><\/a>hva\u00f0 allt er ekki nema skuggi hins eftirkomanda, en Kristur er l\u00edkaminn sj\u00e1lfur.<a name=\"18\"><span class=\"versanumer\">18<\/span><\/a>L\u00e1ti\u00f0 engan taka hnossi\u00f0 fr\u00e1 y\u00f0ur, er \u00feykist af sinni au\u00f0m\u00fdkt og englad\u00fdrkun, l\u00e6tur drj\u00fagt yfir \u00fev\u00ed, sem hann aldrei hefir s\u00e9\u00f0, og upphrokast h\u00e9g\u00f3mlega af s\u00ednu holdlega hugarfari,<a name=\"19\"><span class=\"versanumer\">19<\/span><\/a>en heldur s\u00e9r ekki til h\u00f6fu\u00f0sins, af hv\u00f6rju allur l\u00edkaminn, styrktur og samtengdur me\u00f0 li\u00f0um og taugum, tekur gu\u00f0legan \u00feroska.<a name=\"20\"><span class=\"versanumer\">20<\/span><\/a>Ef \u00fe\u00e9r eru\u00f0 d\u00e1nir me\u00f0 Kristi fr\u00e1 stafr\u00f3fi heimsins, \u00fev\u00ed bindi\u00f0 \u00fe\u00e9r y\u00f0ur \u00fe\u00e1 vi\u00f0 \u00fev\u00edl\u00edka setninga, eins og \u00fe\u00e9r lif\u00f0u\u00f0 \u00ed heiminum:<a name=\"21\"><span class=\"versanumer\">21<\/span><\/a>\u201e\u00fe\u00fa skalt <span class='VideyAth'>g)<\/span> ekki snerta, ekki smakka, ekki taka \u00e1\u201c?<a name=\"22\"><span class=\"versanumer\">22<\/span><\/a>Allt \u00feetta ver\u00f0ur til fordj\u00f6rfunar, ef \u00fea\u00f0 er br\u00faka\u00f0 eftir mannabo\u00f0or\u00f0um og -l\u00e6rd\u00f3mum,<a name=\"23\"><span class=\"versanumer\">23<\/span><\/a>sem hafa a\u00f0 s\u00f6nnu \u00e1 s\u00e9r visku yfirbrag\u00f0, en eru innifalin \u00ed sj\u00e1lfgj\u00f6r\u00f0ri d\u00fdrkun, mj\u00fakl\u00e6ti og meingj\u00f6r\u00f0um vi\u00f0 sj\u00e1lfan sig, \u00e1n \u00feess a\u00f0 r\u00e6kja l\u00edkamann til g\u00f3\u00f0rar hl\u00edtar.<\/p>\n<div class=\"footnoteVidey\">V. 1. \u00e1hyggju. P\u00e1ll haf\u00f0i ekki sj\u00e1lfur komi\u00f0 til K\u00f3lossuborgar.  V. 7. a. Efes. 2,20\u201322.  V. 8. b. Matt. 15,5.6.9. c. s\u00fa \u00f3fullkomnari \u00feekking \u00f6ll, er menn h\u00f6f\u00f0u \u00e1\u00f0ur en kristni kom, um \u00fea\u00f0, hv\u00f6rnig Gu\u00f0 r\u00e9ttilega d\u00fdrka\u00f0ist, Gal. 4,3.9.  V. 10. d. Efes. 1,20.21.  V. 11. e. 5 M\u00f3s. b. 10,16. Ef. 2,11.  V. 12. R\u00f3m. 6,4.  V. 13. f. \u00d3fars\u00e6lir b\u00e6\u00f0i h\u00e9r og s\u00ed\u00f0ar, af hei\u00f0inglegri si\u00f0aspillingu og tr\u00faarvillu.  V. 14. l\u00e9t M\u00f3sis seremon\u00edulaga gildi deyja me\u00f0 Jes\u00fa \u00e1 krossinum, \u00fea\u00f0 er: afm\u00e1st me\u00f0 hans dau\u00f0a.  V. 15. J\u00f3h. 12,31. 1 Kor. 15,25.55. Hebr. 2,14.  V. 16. R\u00f3m. 14,2.3.5.  V. 18. Jer. 24,8. Mark. 13,5. Ef. 5,6. 2 Tess. 2,3.  V. 19. Krists, Ef. 4,15.16.  V. 20. R\u00f3m. 6,3.5. 7,4. Gal. 2,19. 4,3.9. v\u00e6ru\u00f0 enn ekki uppl\u00fdstir af Kristi.  V. 21. g. 1 T\u00edm. 4,1.4.  V. 22. T\u00edt. 1,14.  V. 23. 1 T\u00edm. 5,23.<\/div>\n","protected":false},"excerpt":{"rendered":"<p>P\u00e1ll er \u00e1hyggjufullur, a\u00f0 K\u00f3lossuborgarmenn lei\u00f0ast kunni afvega af villum\u00f6nnum, bi\u00f0ur \u00fev\u00ed a\u00f0 \u00feeir haldi fast vi\u00f0 \u00fe\u00e1 s\u00f6nnu Krists tr\u00fa; sannar, a\u00f0 Jes\u00fas hafi gefi\u00f0 \u00feeim betri s\u00e1luhj\u00e1lpar me\u00f0\u00f6l, en \u00fatvortis helgisi\u00f0ir Gy\u00f0inga og hei\u00f0ingja g\u00e1tu veitt. 1Ekki vil eg dylja fyrir y\u00f0ur, hv\u00edl\u00edka bar\u00e1ttu eg hefi haft y\u00f0ar vegna og \u00feeirra, sem b\u00faa \u00ed La\u00f3d\u00edkeu, og svo margra, sem ekki hafa s\u00e9\u00f0 mig sj\u00e1lfan n\u00e6rveranda,2til \u00feess a\u00f0 hj\u00f6rtu \u00feeirra m\u00e6ttu styrkjast, og \u00feeir sj\u00e1lfir \u00ed elsku sameinast, og \u00f6\u00f0last gj\u00f6rvallan r\u00edkd\u00f3m fullkomins skilnings, \u00feekkinguna \u00e1 Gu\u00f0s leyndard\u00f3mi,3\u00ed hv\u00f6rjum f\u00f3lgnir eru allir fj\u00e1rsj\u00f3\u00f0ir spekinnar og \u00feekkingarinnar.4\u00deetta segi eg, svo <a href=\"https:\/\/biblian.is\/videy\/kolossubrefid-2-kafli\/\"> [&#8230;]<\/a><\/p>\n","protected":false},"author":1,"featured_media":0,"parent":0,"menu_order":0,"comment_status":"open","ping_status":"open","template":"bibliukaflar.php","meta":{"footnotes":""},"class_list":["post-21958","page","type-page","status-publish","hentry"],"_links":{"self":[{"href":"https:\/\/biblian.is\/videy\/wp-json\/wp\/v2\/pages\/21958","targetHints":{"allow":["GET"]}}],"collection":[{"href":"https:\/\/biblian.is\/videy\/wp-json\/wp\/v2\/pages"}],"about":[{"href":"https:\/\/biblian.is\/videy\/wp-json\/wp\/v2\/types\/page"}],"author":[{"embeddable":true,"href":"https:\/\/biblian.is\/videy\/wp-json\/wp\/v2\/users\/1"}],"replies":[{"embeddable":true,"href":"https:\/\/biblian.is\/videy\/wp-json\/wp\/v2\/comments?post=21958"}],"version-history":[{"count":0,"href":"https:\/\/biblian.is\/videy\/wp-json\/wp\/v2\/pages\/21958\/revisions"}],"wp:attachment":[{"href":"https:\/\/biblian.is\/videy\/wp-json\/wp\/v2\/media?parent=21958"}],"curies":[{"name":"wp","href":"https:\/\/api.w.org\/{rel}","templated":true}]}}