{"id":21957,"date":"2018-01-02T01:04:57","date_gmt":"2018-01-02T01:04:57","guid":{"rendered":"http:\/\/biblian.is\/videy\/kolussubrefid-1-kafli\/"},"modified":"2018-01-02T01:04:57","modified_gmt":"2018-01-02T01:04:57","slug":"kolossubrefid-1-kafli","status":"publish","type":"page","link":"https:\/\/biblian.is\/videy\/kolossubrefid-1-kafli\/","title":{"rendered":"K\u00f3lossubr\u00e9fi\u00f0 1. kafli"},"content":{"rendered":"<div class=\"fyrirsognVidey\">G\u00f3\u00f0ar \u00f3skir. P\u00e1ll \u00feakkar Gu\u00f0i fyrir kristnit\u00f6ku \u00feeirra og kristilega framf\u00f6r, sem hann \u00f3skar a\u00f0 vaxi. Talar um Krist og hans fri\u00f0\u00fe\u00e6gingu; a\u00f0 hei\u00f0ingjarnir s\u00e9u einnig hluttakandi \u00fear \u00ed, og a\u00f0 hann sj\u00e1lfur s\u00e9 verkf\u00e6ri Gu\u00f0s \u00fear til.<\/div>\n<p><a name=\"1\"><span class=\"versanumer\">1<\/span><\/a>P\u00e1ll, a\u00f0 Gu\u00f0s vilja postuli Jes\u00fa Krists, og T\u00edm\u00f3teus br\u00f3\u00f0ir,<a name=\"2\"><span class=\"versanumer\">2<\/span><\/a>\u00f3ska y\u00f0ur, heil\u00f6gum br\u00e6\u00f0rum \u00ed K\u00f3lossuborg og tr\u00fau\u00f0um \u00ed Krist\u00f3, n\u00e1\u00f0ar og fri\u00f0ar af Gu\u00f0i vorum F\u00f6\u00f0ur.<a name=\"3\"><span class=\"versanumer\">3<\/span><\/a>\u00deakkir gj\u00f6rum v\u00e9r Gu\u00f0i, F\u00f6\u00f0ur Drottins vors Jes\u00fa Krists, og bi\u00f0jum \u00e1vallt fyrir y\u00f0ur,<a name=\"4\"><span class=\"versanumer\">4<\/span><\/a>fr\u00e1 \u00fev\u00ed v\u00e9r heyr\u00f0um um tr\u00fa y\u00f0ar \u00e1 Jes\u00fa Kristi og elsku til allra heilagra,<a name=\"5\"><span class=\"versanumer\">5<\/span><\/a>vegna \u00feeirrar vonar, sem y\u00f0ur er geymd \u00e1 himni, og sem \u00fe\u00e9r hafi\u00f0 \u00e1\u00f0ur heyrt um \u00ed \u00feeim fagna\u00f0ars\u00e6la sannleikans l\u00e6rd\u00f3mi,<a name=\"6\"><span class=\"versanumer\">6<\/span><\/a>sem til y\u00f0ar er kominn eins og um allan heim, hvar hann ber \u00e1v\u00f6xt og \u00fatbrei\u00f0ist meir og meir, eins og hj\u00e1 y\u00f0ur fr\u00e1 \u00feeim degi \u00fe\u00e9r heyr\u00f0u\u00f0 og fengu\u00f0 \u00feekkingu \u00e1 n\u00e1\u00f0 Gu\u00f0s y\u00f0ur veittri me\u00f0 sannleikans l\u00e6rd\u00f3mi,<a name=\"7\"><span class=\"versanumer\">7<\/span><\/a>eins og Epafras, vor elskulegur sam\u00fej\u00f3n, hefir y\u00f0ur hann kennt, hv\u00f6r a\u00f0 er tr\u00far Krists \u00fe\u00e9nari hj\u00e1 y\u00f0ur,<a name=\"8\"><span class=\"versanumer\">8<\/span><\/a>hv\u00f6r og hefir sagt oss fr\u00e1 y\u00f0ar kristilegum k\u00e6rleika.<a name=\"9\"><span class=\"versanumer\">9<\/span><\/a>\u00deess vegna h\u00f6fum v\u00e9r einnig, fr\u00e1 \u00feeim degi v\u00e9r heyr\u00f0um fr\u00e1 y\u00f0ur, ekki afl\u00e1ti\u00f0 a\u00f0 bi\u00f0ja fyrir y\u00f0ur og \u00f3ska, a\u00f0 \u00fe\u00e9r fylltust \u00feekkingar \u00e1 Gu\u00f0s vilja, me\u00f0 alls slags speki og andlegum skilningi,<a name=\"10\"><span class=\"versanumer\">10<\/span><\/a>svo a\u00f0 \u00fe\u00e9r breyti\u00f0 Drottni ver\u00f0uglega honum til \u00fe\u00f3knunar \u00e1 allan h\u00e1tt,<a name=\"11\"><span class=\"versanumer\">11<\/span><\/a>s\u00e9u\u00f0 \u00e1vaxtarsamir \u00ed alls konar g\u00f3\u00f0um verkum, vaxi\u00f0 \u00ed \u00feekkingu \u00e1 Gu\u00f0i, eflist af hans d\u00fdr\u00f0arm\u00e6tti, \u00ed algj\u00f6r\u00f0um dugna\u00f0i, til allsh\u00e1ttar \u00feolg\u00e6\u00f0is og st\u00f6\u00f0uglyndis me\u00f0 gla\u00f0v\u00e6r\u00f0.<a name=\"12\"><span class=\"versanumer\">12<\/span><\/a>V\u00e9r \u00fe\u00f6kkum F\u00f6\u00f0urnum, sem gj\u00f6r\u00f0i oss h\u00e6fa til a\u00f0 f\u00e1 hlutdeild \u00ed arfleif\u00f0 \u00feeirra, sem af lj\u00f3sinu helga\u00f0ir eru,<a name=\"13\"><span class=\"versanumer\">13<\/span><\/a>me\u00f0 \u00fev\u00ed hann \u00fereif oss fr\u00e1 myrkursins valdi og flutti oss inn \u00ed r\u00edki s\u00edns elskulega Sonar,<a name=\"14\"><span class=\"versanumer\">14<\/span><\/a>af hv\u00f6rjum v\u00e9r h\u00f6fum lausnina, fyrirgefningu syndanna. <br \/><a name=\"15\"><span class=\"versanumer\">15<\/span><\/a>Hv\u00f6r a\u00f0 er \u00edmynd \u00f3s\u00fdnilegs Gu\u00f0s, frumgetningur allrar skepnu;<a name=\"16\"><span class=\"versanumer\">16<\/span><\/a>\u00fev\u00ed a\u00f0 fyrir hann er allt skapa\u00f0, sem er \u00e1 himni og j\u00f6r\u00f0u, hi\u00f0 s\u00fdnilega og hi\u00f0 \u00f3s\u00fdnilega, h\u00e1s\u00e6ti, herraveldi, h\u00f6f\u00f0ingjad\u00f3mar og yfirr\u00e1\u00f0; alltsaman er \u00fea\u00f0 fyrir hann og handa honum skapa\u00f0.<a name=\"17\"><span class=\"versanumer\">17<\/span><\/a>S\u00e1 hinn sami er og fyrri en allt, og allt vi\u00f0helst fyrir hann;<a name=\"18\"><span class=\"versanumer\">18<\/span><\/a>hann er einnig h\u00f6fu\u00f0 \u00e1 safna\u00f0arins l\u00edkama, hann er upphafi\u00f0, frumbur\u00f0ur enna dau\u00f0u, svo a\u00f0 hann hafi yfirbur\u00f0i \u00ed \u00f6llu;<a name=\"19\"><span class=\"versanumer\">19<\/span><\/a>\u00fev\u00ed \u00fea\u00f0 \u00fe\u00f3kna\u00f0ist Gu\u00f0i, a\u00f0 \u00f6ll fylling skyldi b\u00faa \u00ed honum,<a name=\"20\"><span class=\"versanumer\">20<\/span><\/a>og a\u00f0 koma \u00f6llu \u00ed s\u00e1tt vi\u00f0 sig fyrir hann, b\u00e6\u00f0i \u00fev\u00ed, sem er \u00e1 j\u00f6r\u00f0u og \u00e1 himni, \u00fe\u00e1 l\u00e9t hann semja fri\u00f0 me\u00f0 s\u00ednu bl\u00f3\u00f0i \u00e1 krossinum.<br \/><a name=\"21\"><span class=\"versanumer\">21<\/span><\/a>Einnig y\u00f0ur, sem for\u00f0um voru\u00f0 fr\u00e1hverfir <span class='VideyAth'>(Gu\u00f0i)<\/span> og \u00f3vinir <span class='VideyAth'>(hans)<\/span> \u00ed huga, s\u00f6kum y\u00f0ar vondra verka,<a name=\"22\"><span class=\"versanumer\">22<\/span><\/a>y\u00f0ur hefir n\u00fa Jes\u00fas s\u00e1tta gj\u00f6rt, fyrir dey\u00f0ingu s\u00edns holdlega l\u00edkama, svo hann l\u00e1ti y\u00f0ur koma fram fyrir Gu\u00f0, heilaga, l\u00fdtalausa og \u00f3a\u00f0finnanlega,<a name=\"23\"><span class=\"versanumer\">23<\/span><\/a>ef \u00fe\u00e9r a\u00f0eins standi\u00f0 grundvalla\u00f0ir og st\u00f6\u00f0ugir \u00ed tr\u00fanni, og l\u00e1ti\u00f0 ekki bifa y\u00f0ur fr\u00e1 von \u00feess n\u00e1\u00f0arl\u00e6rd\u00f3ms, hv\u00f6rn \u00fe\u00e9r hafi\u00f0 numi\u00f0 og kenndur er s\u00e9rhv\u00f6rri skepnu undir himninum, hv\u00f6rs \u00fej\u00f3n eg, P\u00e1ll, og svo er or\u00f0inn.<br \/><a name=\"24\"><span class=\"versanumer\">24<\/span><\/a>N\u00fa gle\u00f0 eg mig \u00ed m\u00ednum \u00fej\u00e1ningum y\u00f0ar vegna og uppfylli \u00e1 m\u00ednu holdi \u00fea\u00f0, sem vanta\u00f0i \u00e1 Krists \u00fej\u00e1ningar, fyrir hans l\u00edkama, sem er s\u00f6fnu\u00f0urinn,<a name=\"25\"><span class=\"versanumer\">25<\/span><\/a>hv\u00f6rs \u00fej\u00f3n eg er or\u00f0inn, eftir \u00feeirri r\u00e1\u00f0st\u00f6fun Gu\u00f0s, sem m\u00e9r er \u00e1 hendur falin y\u00f0ar vegna, a\u00f0 \u00fatbrei\u00f0a Gu\u00f0s or\u00f0,<a name=\"26\"><span class=\"versanumer\">26<\/span><\/a>\u00feann <span class='VideyAth'>a)<\/span> leyndard\u00f3m, sem hulinn var \u00f6ldum og kynkv\u00edslum, en n\u00fa er opinbera\u00f0ur hans heil\u00f6gum.<a name=\"27\"><span class=\"versanumer\">27<\/span><\/a>\u00deeim vildi Gu\u00f0 opinbera, hv\u00edl\u00edkur d\u00fdr\u00f0arr\u00edkd\u00f3mur \u00feessi leyndard\u00f3mur er fyrir \u00fej\u00f3\u00f0irnar sem a\u00f0 Kristur er \u00ed y\u00f0ur, von d\u00fdr\u00f0arinnar.<a name=\"28\"><span class=\"versanumer\">28<\/span><\/a>\u00deenna kunngj\u00f6rum v\u00e9r, \u00ed \u00fev\u00ed v\u00e9r \u00e1minnum s\u00e9rhv\u00f6rn mann og fr\u00e6\u00f0um s\u00e9rhv\u00f6rn mann \u00ed allri speki, svo v\u00e9r getum <span class='VideyAth'>b)<\/span> leitt hv\u00f6rn mann algj\u00f6rvan \u00ed Krist\u00f3 fram <span class='VideyAth'>(fyrir Gu\u00f0)<\/span>;<a name=\"29\"><span class=\"versanumer\">29<\/span><\/a>til \u00feess vinn eg og str\u00ed\u00f0i, styrktur af hans krafti, \u00feeim er s\u00fdnir sig \u00ed m\u00e9r volduglega kr\u00f6ftugan.<\/p>\n<div class=\"footnoteVidey\">V. 4. sannkristinna.  V. 9. skilningi \u00e1 Krists andlega l\u00e6rd\u00f3mi.  V. 12. Krists l\u00e6rd\u00f3ms lj\u00f3si. Post. g. b. 26,18.  V. 15. J\u00f3h. 14,9. Fil. 2,6. Hebr. 1,3.  V. 16. J\u00f3h. 1,3. Hebr. 1,2. Efes. 1,20.21.  V. 18. e\u00f0ur yfir alla.  V. 19. anna\u00f0hv\u00f6rt, alls lags fullkomlegleikar. sbr. 2,9. e\u00f0ur alls lags n\u00e1\u00f0arg\u00e6\u00f0i. J\u00f3h. 1,16.  V. 21. R\u00f3m. 8,7.8. K\u00f3lossu-borgarmenn h\u00f6f\u00f0u, \u00e1\u00f0ur en kristnir ur\u00f0u, veri\u00f0 hei\u00f0nir og lif\u00f0u \u00ed hei\u00f0inglegum l\u00f6stum. R\u00f3m. 1,23\u201332. voru \u00fev\u00ed \u00f3vinir Gu\u00f0s, \u00fea\u00f0 er: gj\u00f6r\u00f0u \u00fea\u00f0, sem Gu\u00f0i var \u00e1 m\u00f3ti, og g\u00e1tu \u00fev\u00ed ekki g\u00f3\u00f0s af honum v\u00e6nst.  V. 26. a. Efes. 1,9. 3,5\u20139.  V. 27. 2 Kor. 13,3.  V. 28. b. samanb. v. 22.<\/div>\n","protected":false},"excerpt":{"rendered":"<p>G\u00f3\u00f0ar \u00f3skir. P\u00e1ll \u00feakkar Gu\u00f0i fyrir kristnit\u00f6ku \u00feeirra og kristilega framf\u00f6r, sem hann \u00f3skar a\u00f0 vaxi. Talar um Krist og hans fri\u00f0\u00fe\u00e6gingu; a\u00f0 hei\u00f0ingjarnir s\u00e9u einnig hluttakandi \u00fear \u00ed, og a\u00f0 hann sj\u00e1lfur s\u00e9 verkf\u00e6ri Gu\u00f0s \u00fear til. 1P\u00e1ll, a\u00f0 Gu\u00f0s vilja postuli Jes\u00fa Krists, og T\u00edm\u00f3teus br\u00f3\u00f0ir,2\u00f3ska y\u00f0ur, heil\u00f6gum br\u00e6\u00f0rum \u00ed K\u00f3lossuborg og tr\u00fau\u00f0um \u00ed Krist\u00f3, n\u00e1\u00f0ar og fri\u00f0ar af Gu\u00f0i vorum F\u00f6\u00f0ur.3\u00deakkir gj\u00f6rum v\u00e9r Gu\u00f0i, F\u00f6\u00f0ur Drottins vors Jes\u00fa Krists, og bi\u00f0jum \u00e1vallt fyrir y\u00f0ur,4fr\u00e1 \u00fev\u00ed v\u00e9r heyr\u00f0um um tr\u00fa y\u00f0ar \u00e1 Jes\u00fa Kristi og elsku til allra heilagra,5vegna \u00feeirrar vonar, sem y\u00f0ur er geymd \u00e1 himni, og <a href=\"https:\/\/biblian.is\/videy\/kolossubrefid-1-kafli\/\"> [&#8230;]<\/a><\/p>\n","protected":false},"author":1,"featured_media":0,"parent":0,"menu_order":0,"comment_status":"open","ping_status":"open","template":"bibliukaflar.php","meta":{"footnotes":""},"class_list":["post-21957","page","type-page","status-publish","hentry"],"_links":{"self":[{"href":"https:\/\/biblian.is\/videy\/wp-json\/wp\/v2\/pages\/21957","targetHints":{"allow":["GET"]}}],"collection":[{"href":"https:\/\/biblian.is\/videy\/wp-json\/wp\/v2\/pages"}],"about":[{"href":"https:\/\/biblian.is\/videy\/wp-json\/wp\/v2\/types\/page"}],"author":[{"embeddable":true,"href":"https:\/\/biblian.is\/videy\/wp-json\/wp\/v2\/users\/1"}],"replies":[{"embeddable":true,"href":"https:\/\/biblian.is\/videy\/wp-json\/wp\/v2\/comments?post=21957"}],"version-history":[{"count":0,"href":"https:\/\/biblian.is\/videy\/wp-json\/wp\/v2\/pages\/21957\/revisions"}],"wp:attachment":[{"href":"https:\/\/biblian.is\/videy\/wp-json\/wp\/v2\/media?parent=21957"}],"curies":[{"name":"wp","href":"https:\/\/api.w.org\/{rel}","templated":true}]}}