{"id":21956,"date":"2018-01-02T01:04:57","date_gmt":"2018-01-02T01:04:57","guid":{"rendered":"http:\/\/biblian.is\/videy\/filippibrefid-4-kafli\/"},"modified":"2018-01-02T01:04:57","modified_gmt":"2018-01-02T01:04:57","slug":"filippibrefid-4-kafli","status":"publish","type":"page","link":"https:\/\/biblian.is\/videy\/filippibrefid-4-kafli\/","title":{"rendered":"Filipp\u00edbr\u00e9fi\u00f0 4. kafli"},"content":{"rendered":"<div class=\"fyrirsognVidey\">Postulinn hvetur til samlyndis, til gu\u00f0r\u00e6kilegrar gle\u00f0i og \u00e1stundunar \u00ed \u00f6llu, sem gott er; hr\u00f3sar Filipp\u00edborgarmanna \u00f6rl\u00e6ti vi\u00f0 sig; ber kve\u00f0jur.<\/div>\n<p><a name=\"1\"><span class=\"versanumer\">1<\/span><\/a>\u00dear fyrir, m\u00ednir elskanlegu og \u00e1stf\u00f3lgnu br\u00e6\u00f0ur! \u00fe\u00e9r m\u00edn gle\u00f0i og hei\u00f0ursk\u00f3r\u00f3na! haldi\u00f0 y\u00f0ur fast vi\u00f0 Drottin, \u00fe\u00e9r elskanlegir!<a name=\"2\"><span class=\"versanumer\">2<\/span><\/a>Ev\u00f3diu og Syntykku \u00e1minni eg a\u00f0 \u00fe\u00e6r s\u00e9u samlyndar, sem kristnum ber;<a name=\"3\"><span class=\"versanumer\">3<\/span><\/a>einnig bi\u00f0 eg \u00feig, minn tr\u00falyndi me\u00f0br\u00f3\u00f0ir! a\u00f0 \u00fe\u00fa takir \u00fe\u00e6r a\u00f0 \u00fe\u00e9r, \u00fev\u00ed \u00fe\u00e6r a\u00f0sto\u00f0u\u00f0u mig, \u00fe\u00e1 eg bo\u00f0a\u00f0i n\u00e1\u00f0arl\u00e6rd\u00f3minn, \u00e1samt me\u00f0 Klemens og \u00f6\u00f0rum m\u00ednum li\u00f0sm\u00f6nnum, hv\u00f6rra n\u00f6fn standa \u00ed l\u00edfsins b\u00f3k. <br \/><a name=\"4\"><span class=\"versanumer\">4<\/span><\/a>Gle\u00f0ji\u00f0 y\u00f0ur \u00e1vallt \u00ed Drottni; og enn aftur segi eg, gle\u00f0ji\u00f0 y\u00f0ur!<a name=\"5\"><span class=\"versanumer\">5<\/span><\/a>y\u00f0ar h\u00f3gv\u00e6r\u00f0 ver\u00f0i \u00f6llum kunnug;<a name=\"6\"><span class=\"versanumer\">6<\/span><\/a>Drottinn er n\u00e1l\u00e6gur. Veri\u00f0 ekki hugsj\u00fakir um nokkurn hlut, heldur l\u00e1ti\u00f0 \u00ed \u00f6llum hlutum y\u00f0ar \u00f3skir koma fyrir Gu\u00f0, \u00ed b\u00e6num og fyrirbei\u00f0ni \u00e1samt me\u00f0 \u00feakkargj\u00f6r\u00f0.<a name=\"7\"><span class=\"versanumer\">7<\/span><\/a>\u00de\u00e1 mun fri\u00f0ur Gu\u00f0s, sem yfirgengur allan skilning, halda y\u00f0ar hj\u00f6rtum og hugsunum st\u00f6\u00f0uglega vi\u00f0 Jes\u00fam Krist.<a name=\"8\"><span class=\"versanumer\">8<\/span><\/a>Enn framar, k\u00e6rir br\u00e6\u00f0ur! hva\u00f0, sem satt er og s\u00f3masamlegt, hva\u00f0 r\u00e9ttv\u00edst er, hva\u00f0 sk\u00edrl\u00edft er, hva\u00f0 elskuvert er e\u00f0ur gott afspurnar, s\u00e9 \u00fear mannkostur e\u00f0ur fremd nokkur, gefi\u00f0 gaum a\u00f0 \u00fev\u00ed.<a name=\"9\"><span class=\"versanumer\">9<\/span><\/a>Breyti\u00f0 eftir \u00fev\u00ed, sem \u00fe\u00e9r hafi\u00f0 l\u00e6rt og me\u00f0teki\u00f0 og heyrt af m\u00e9r og \u00fe\u00e9r hafi\u00f0 s\u00e9\u00f0 mig gj\u00f6ra; \u00fe\u00e1 mun fri\u00f0arins Gu\u00f0 vera me\u00f0 y\u00f0ur. <br \/><a name=\"10\"><span class=\"versanumer\">10<\/span><\/a>n\u00e6sta mj\u00f6g gladdist eg \u00ed Drottni, a\u00f0 y\u00f0ar hagur hefir svo batna\u00f0, a\u00f0 \u00fe\u00e9r g\u00e1tu\u00f0 hugsa\u00f0 til m\u00edn; hva\u00f0 e\u00f0 \u00fe\u00e9r a\u00f0 s\u00f6nnu <span class='VideyAth'>(alltaf)<\/span> hafi\u00f0 gj\u00f6rt, en y\u00f0ur vanta\u00f0i t\u00e6kif\u00e6ri.<a name=\"11\"><span class=\"versanumer\">11<\/span><\/a>Ekki segi eg \u00feetta vegna minnar \u00fearfar, \u00fev\u00ed eg hefi l\u00e6rt a\u00f0 l\u00e1ta m\u00e9r n\u00e6gja \u00fea\u00f0, sem fyrir hendi er.<a name=\"12\"><span class=\"versanumer\">12<\/span><\/a>Eg veit hva\u00f0 \u00fea\u00f0 er a\u00f0 vera \u00ed ni\u00f0url\u00e6gingu, eg veit og hva\u00f0 \u00fea\u00f0 er a\u00f0 hafa allsn\u00e6gtir; \u00ed einu og s\u00e9rhv\u00f6rju er eg reyndur or\u00f0inn, a\u00f0 vera mettur og a\u00f0 vera svangur, a\u00f0 hafa n\u00e6gtir og l\u00ed\u00f0a skort.<a name=\"13\"><span class=\"versanumer\">13<\/span><\/a>Allt megna eg fyrir \u00feess hj\u00e1lp, sem mig styrkvan gj\u00f6rir.<a name=\"14\"><span class=\"versanumer\">14<\/span><\/a>Engu a\u00f0 s\u00ed\u00f0ur gj\u00f6r\u00f0u\u00f0 \u00fe\u00e9r vel \u00ed \u00fev\u00ed a\u00f0 taka \u00fe\u00e1tt \u00ed minni \u00ferengingu.<a name=\"15\"><span class=\"versanumer\">15<\/span><\/a>\u00de\u00e9r viti\u00f0, og Filipp\u00edborgarmenn! a\u00f0 \u00ed upphafi kristnibo\u00f0sins, \u00feegar eg f\u00f3r fr\u00e1 Makedon\u00edu, a\u00f0 enginn s\u00f6fnu\u00f0ur hefir mi\u00f0la\u00f0 m\u00e9r neinu \u00ed g\u00e1fu og \u00fe\u00e1gu nafni, nema \u00fe\u00e9r einir.<a name=\"16\"><span class=\"versanumer\">16<\/span><\/a>\u00dev\u00ed \u00fe\u00e1 eg var \u00ed Tessaloniku, sendu\u00f0 \u00fe\u00e9r m\u00e9r einu sinni, j\u00e1, tvisvar, til nau\u00f0\u00feurfta minna.<a name=\"17\"><span class=\"versanumer\">17<\/span><\/a>Ekki a\u00f0 m\u00e9r v\u00e6ri svo umhuga\u00f0 um gj\u00f6fina, sem um \u00e1bata \u00feann, er af henni fl\u00fdtur \u00ed y\u00f0ar sj\u00f3\u00f0.<a name=\"18\"><span class=\"versanumer\">18<\/span><\/a>Eg hefi me\u00f0teki\u00f0 allt, og hefi yfirflj\u00f3tanlega n\u00f3g, s\u00ed\u00f0an eg me\u00f0t\u00f3k \u00fea\u00f0 \u00fe\u00e9r sendu\u00f0 me\u00f0 Epafr\u00f3d\u00edtusi, \u00fea\u00f0 ilmanda reykelsi, \u00fea\u00f0 Gu\u00f0i k\u00e6ra og vel\u00fe\u00f3knanlega offur.<a name=\"19\"><span class=\"versanumer\">19<\/span><\/a>En minn Gu\u00f0 mun uppfylla allar y\u00f0ar \u00fearfir af sinni d\u00fdr\u00f0legu n\u00e6gt vegna Jes\u00fa Krists.<a name=\"20\"><span class=\"versanumer\">20<\/span><\/a>Gu\u00f0i og F\u00f6\u00f0ur vorum s\u00e9 vegsemd a\u00f0 eil\u00edfu. Amen.<br \/><a name=\"21\"><span class=\"versanumer\">21<\/span><\/a>Heilsi\u00f0 s\u00e9rhv\u00f6rjum heil\u00f6gum \u00ed Jes\u00fa Kristi. Y\u00f0ur heilsa br\u00e6\u00f0urnir, sem me\u00f0 m\u00e9r eru.<a name=\"22\"><span class=\"versanumer\">22<\/span><\/a>Y\u00f0ur heilsa allir heilagir, en s\u00e9rdeilis keisarans venslamenn.<a name=\"23\"><span class=\"versanumer\">23<\/span><\/a>N\u00e1\u00f0in Drottins vors Jes\u00fa Krists s\u00e9 me\u00f0 y\u00f0ur \u00f6llum. Amen.<\/p>\n<div class=\"footnoteVidey\">V. 2. Kap. 2,2. 1 P\u00e9t. 3,8.  V. 3. Kap. 1,27. S\u00e1lm. 69,29. Dan. 12,1. L\u00fak. 10,20. Opinb. b. 3,5. 13,8. 20,12.  V. 4. S\u00e1lm. 32,11. 2 Kor. 13,11. 1 Tess. 5,16.  V. 6. Matt. 6,25.31. 1 P\u00e9t. 5,7. 1 T\u00edm. 2,1.  V. 7. R\u00f3m. 5,1.  V. 8. R\u00f3m. 12,17. 13,13.  V. 9. Kap. 3,17. R\u00f3m. 15,33. 2 Tes. 3,16.  V. 11. 1 T\u00edm. 6,8.  V. 12. 1 Kor. 4,11.  V. 13. Mark. 9,23.  V. 14. Kap. 1,7.  V. 17. R\u00f3m. 15,28. 2 Kor 9,6.12.  V. 18. Kap. 2,25. R\u00f3m. 12,1. 1 P\u00e9t. 2,5.  V. 19. 2 Kor. 9,8.  V. 20. 1 P\u00e9t. 4,11.  V. 21. 2 Kor. 13,12.  V. 23. 1 Kor. 16,23.<\/div>\n","protected":false},"excerpt":{"rendered":"<p>Postulinn hvetur til samlyndis, til gu\u00f0r\u00e6kilegrar gle\u00f0i og \u00e1stundunar \u00ed \u00f6llu, sem gott er; hr\u00f3sar Filipp\u00edborgarmanna \u00f6rl\u00e6ti vi\u00f0 sig; ber kve\u00f0jur. 1\u00dear fyrir, m\u00ednir elskanlegu og \u00e1stf\u00f3lgnu br\u00e6\u00f0ur! \u00fe\u00e9r m\u00edn gle\u00f0i og hei\u00f0ursk\u00f3r\u00f3na! haldi\u00f0 y\u00f0ur fast vi\u00f0 Drottin, \u00fe\u00e9r elskanlegir!2Ev\u00f3diu og Syntykku \u00e1minni eg a\u00f0 \u00fe\u00e6r s\u00e9u samlyndar, sem kristnum ber;3einnig bi\u00f0 eg \u00feig, minn tr\u00falyndi me\u00f0br\u00f3\u00f0ir! a\u00f0 \u00fe\u00fa takir \u00fe\u00e6r a\u00f0 \u00fe\u00e9r, \u00fev\u00ed \u00fe\u00e6r a\u00f0sto\u00f0u\u00f0u mig, \u00fe\u00e1 eg bo\u00f0a\u00f0i n\u00e1\u00f0arl\u00e6rd\u00f3minn, \u00e1samt me\u00f0 Klemens og \u00f6\u00f0rum m\u00ednum li\u00f0sm\u00f6nnum, hv\u00f6rra n\u00f6fn standa \u00ed l\u00edfsins b\u00f3k. 4Gle\u00f0ji\u00f0 y\u00f0ur \u00e1vallt \u00ed Drottni; og enn aftur segi eg, gle\u00f0ji\u00f0 y\u00f0ur!5y\u00f0ar h\u00f3gv\u00e6r\u00f0 ver\u00f0i \u00f6llum kunnug;6Drottinn <a href=\"https:\/\/biblian.is\/videy\/filippibrefid-4-kafli\/\"> [&#8230;]<\/a><\/p>\n","protected":false},"author":1,"featured_media":0,"parent":0,"menu_order":0,"comment_status":"open","ping_status":"open","template":"bibliukaflar.php","meta":{"footnotes":""},"class_list":["post-21956","page","type-page","status-publish","hentry"],"_links":{"self":[{"href":"https:\/\/biblian.is\/videy\/wp-json\/wp\/v2\/pages\/21956","targetHints":{"allow":["GET"]}}],"collection":[{"href":"https:\/\/biblian.is\/videy\/wp-json\/wp\/v2\/pages"}],"about":[{"href":"https:\/\/biblian.is\/videy\/wp-json\/wp\/v2\/types\/page"}],"author":[{"embeddable":true,"href":"https:\/\/biblian.is\/videy\/wp-json\/wp\/v2\/users\/1"}],"replies":[{"embeddable":true,"href":"https:\/\/biblian.is\/videy\/wp-json\/wp\/v2\/comments?post=21956"}],"version-history":[{"count":0,"href":"https:\/\/biblian.is\/videy\/wp-json\/wp\/v2\/pages\/21956\/revisions"}],"wp:attachment":[{"href":"https:\/\/biblian.is\/videy\/wp-json\/wp\/v2\/media?parent=21956"}],"curies":[{"name":"wp","href":"https:\/\/api.w.org\/{rel}","templated":true}]}}