{"id":21954,"date":"2018-01-02T01:04:57","date_gmt":"2018-01-02T01:04:57","guid":{"rendered":"http:\/\/biblian.is\/videy\/filippibrefid-2-kafli\/"},"modified":"2018-01-02T01:04:57","modified_gmt":"2018-01-02T01:04:57","slug":"filippibrefid-2-kafli","status":"publish","type":"page","link":"https:\/\/biblian.is\/videy\/filippibrefid-2-kafli\/","title":{"rendered":"Filipp\u00edbr\u00e9fi\u00f0 2. kafli"},"content":{"rendered":"<div class=\"fyrirsognVidey\">Postulinn \u00e1minnir til br\u00f3\u00f0urleg k\u00e6rleika og l\u00edtill\u00e6tis; a\u00f0 d\u00e6mi Jes\u00fa, sem \u00fear fyrir var upphafinn, skuli \u00feeir og gj\u00f6ra sig s\u00f6mu d\u00fdr\u00f0ar ver\u00f0uga; er rei\u00f0ub\u00fainn a\u00f0 deyja fyrir Krists l\u00e6rd\u00f3m. Segist senda T\u00edm\u00f3teus en s\u00ed\u00f0ar Epafr\u00f3ditus. Gj\u00f6rir s\u00e9r jafnvel von um sj\u00e1lfur a\u00f0 geta komi\u00f0 til \u00feeirra.<\/div>\n<p><a name=\"1\"><span class=\"versanumer\">1<\/span><\/a>\u00dear fyrir, ef nokku\u00f0 gildir hj\u00e1 y\u00f0ur upphvatning, \u00ed nafni Krists, k\u00e6rleiksfull a\u00f0varan, hluttekning \u00ed s\u00f6mu andans gj\u00f6f og vi\u00f0kv\u00e6mt hjarta\u00feel,<a name=\"2\"><span class=\"versanumer\">2<\/span><\/a>\u00fe\u00e1 gj\u00f6ri\u00f0 m\u00edna gle\u00f0i fullkomna me\u00f0 \u00fev\u00ed, a\u00f0 \u00fe\u00e9r s\u00e9u\u00f0 allir me\u00f0 einum huga, hafi\u00f0 innbyr\u00f0is k\u00e6rleika, s\u00e9u\u00f0 samlyndir og \u00e1 eitt s\u00e1ttir,<a name=\"3\"><span class=\"versanumer\">3<\/span><\/a>gj\u00f6ri\u00f0 ekkert af \u00fer\u00e6tugirni, e\u00f0ur fyrir h\u00e9g\u00f3mad\u00fdr\u00f0, heldur a\u00f0 s\u00e9rhv\u00f6r, me\u00f0 l\u00edtill\u00e6ti, \u00e1l\u00edti annan s\u00e9r \u00e6\u00f0ri;<a name=\"4\"><span class=\"versanumer\">4<\/span><\/a>og s\u00e9rhv\u00f6r l\u00edti ekki einungis til s\u00edns gagns heldur og annarra.<a name=\"5\"><span class=\"versanumer\">5<\/span><\/a>L\u00e1ti sama lunderni vera \u00ed y\u00f0ur, sem var \u00ed Jes\u00fa Kristi;<a name=\"6\"><span class=\"versanumer\">6<\/span><\/a>hv\u00f6r \u00fe\u00f3 hann v\u00e6ri Gu\u00f0s eftirmynd, mikla\u00f0ist ekki af \u00fev\u00ed, a\u00f0 hann var Gu\u00f0i l\u00edkur,<a name=\"7\"><span class=\"versanumer\">7<\/span><\/a>heldur minnka\u00f0i sj\u00e1lfan sig, gj\u00f6r\u00f0ist \u00fej\u00f3n, var\u00f0 m\u00f6nnum l\u00edkur,<a name=\"8\"><span class=\"versanumer\">8<\/span><\/a>og a\u00f0 \u00fatvortis h\u00e6tti, sem ma\u00f0ur. Hann l\u00edtill\u00e6kka\u00f0i sig sj\u00e1lfan, og var hl\u00fd\u00f0inn allt fram \u00ed dau\u00f0ann, j\u00e1, fram \u00ed dau\u00f0ann \u00e1 krossinum.<a name=\"9\"><span class=\"versanumer\">9<\/span><\/a>\u00dear fyrir hefir og Gu\u00f0 h\u00e1tt upphafi\u00f0 hann, og gefi\u00f0 honum tign, sem er allri tign \u00e6\u00f0ri,<a name=\"10\"><span class=\"versanumer\">10<\/span><\/a>svo a\u00f0 \u00f6ll kn\u00e9 skulu sig beygja fyrir Jes\u00fa tign, b\u00e6\u00f0i \u00feeirra, sem eru \u00e1 himni og \u00e1 j\u00f6r\u00f0u, og undir j\u00f6r\u00f0unni,<a name=\"11\"><span class=\"versanumer\">11<\/span><\/a>og s\u00e9rhv\u00f6r tunga vi\u00f0urkenna, a\u00f0 Jes\u00fas Kristur er Drottinn, Gu\u00f0i F\u00f6\u00f0ur til d\u00fdr\u00f0ar.<a name=\"12\"><span class=\"versanumer\">12<\/span><\/a>\u00deess vegna, m\u00ednir elskanlegir! efli\u00f0 y\u00f0ar s\u00e1luhj\u00e1lp me\u00f0 \u00e1hyggju og andvara. \u00de\u00e9r hafi\u00f0 \u00e6t\u00ed\u00f0 veri\u00f0 m\u00e9r hl\u00fd\u00f0ugir, gegni\u00f0 m\u00e9r ekki einungis n\u00e1l\u00e6gum, heldur enn fremur n\u00fa \u00ed minni fj\u00e6rveru.<a name=\"13\"><span class=\"versanumer\">13<\/span><\/a>\u00dev\u00ed \u00fea\u00f0 er Gu\u00f0, sem eftir sinni vel\u00fe\u00f3knun kemur \u00fev\u00ed til vegar \u00ed y\u00f0ur, b\u00e6\u00f0i a\u00f0 \u00fe\u00e9r <span class='VideyAth'>a)<\/span> vilji\u00f0 og framkv\u00e6mi\u00f0.<a name=\"14\"><span class=\"versanumer\">14<\/span><\/a>Gj\u00f6ri\u00f0 allt \u00e1n m\u00f6gls og \u00fer\u00e1ttunar,<a name=\"15\"><span class=\"versanumer\">15<\/span><\/a>svo a\u00f0 \u00fe\u00e9r s\u00e9u\u00f0 \u00f3lastanlegir og prettalausir, flekklaus Gu\u00f0s b\u00f6rn mitt \u00e1 me\u00f0al aldarinnar rangsn\u00fanu og gj\u00f6rspilltu manna. Sk\u00edni\u00f0 \u00e1 me\u00f0al \u00feessara eins og himinlj\u00f3s \u00ed heiminum,<a name=\"16\"><span class=\"versanumer\">16<\/span><\/a>og haldi\u00f0 fast vi\u00f0 l\u00edfsins l\u00e6rd\u00f3m m\u00e9r til s\u00f3ma \u00e1 degi Krists, a\u00f0 eg hafi ekki til einkis hlaupi\u00f0 e\u00f0ur unni\u00f0 til \u00f3n\u00fdtis.<br \/><a name=\"17\"><span class=\"versanumer\">17<\/span><\/a>En \u00fe\u00f3 m\u00ednu bl\u00f3\u00f0i ver\u00f0i \u00fathellt yfir f\u00f3rn og \u00fej\u00f3nustu m\u00edna a\u00f0 tr\u00fa y\u00f0varri, \u00fe\u00e1 gle\u00f0st eg \u00fear af, og samgle\u00f0st y\u00f0ur \u00f6llum.<a name=\"18\"><span class=\"versanumer\">18<\/span><\/a>En gle\u00f0jist \u00fe\u00e9r l\u00edka af \u00fev\u00ed sama, og samgle\u00f0jist me\u00f0 m\u00e9r.<a name=\"19\"><span class=\"versanumer\">19<\/span><\/a>Eg hefi \u00fe\u00e1 von til Drottins Jes\u00fa, a\u00f0 eg br\u00e1\u00f0um muni geta sent T\u00edm\u00f3teus til y\u00f0ar, svo m\u00e9r ver\u00f0i hugh\u00e6gra, \u00fe\u00e1 eg f\u00e6 a\u00f0 fr\u00e9tta af y\u00f0ur.<a name=\"20\"><span class=\"versanumer\">20<\/span><\/a>Engan hefi eg m\u00e9r jafnsamlyndan, e\u00f0ur \u00feann sem eins einl\u00e6glega s\u00e9 annt um y\u00f0ur.<a name=\"21\"><span class=\"versanumer\">21<\/span><\/a>Flestir leita eigin hagna\u00f0ar, en ekki \u00feess, sem Jes\u00fa Krists er.<a name=\"22\"><span class=\"versanumer\">22<\/span><\/a>\u00de\u00e9r \u00feekki\u00f0 T\u00edm\u00f3teusar reyndu dygg\u00f0, a\u00f0 hann hefir, eins og sonur me\u00f0 f\u00f6\u00f0ur s\u00ednum, \u00fej\u00f3na\u00f0 a\u00f0 kristnibo\u00f0inu me\u00f0 m\u00e9r.<a name=\"23\"><span class=\"versanumer\">23<\/span><\/a>Hann hygg eg a\u00f0 senda strax, sem eg er b\u00fainn a\u00f0 fullsj\u00e1 hva\u00f0 um mig ver\u00f0ur;<a name=\"24\"><span class=\"versanumer\">24<\/span><\/a>en eg hefi \u00fe\u00e1 von til Drottins, a\u00f0 eg br\u00e1\u00f0um f\u00e1i komist sj\u00e1lfur.<a name=\"25\"><span class=\"versanumer\">25<\/span><\/a>Samt h\u00e9lt eg nau\u00f0synlegt a\u00f0 senda til y\u00f0ar br\u00f3\u00f0ur vorn Epafr\u00f3ditus, minn samlags\u00fej\u00f3n og str\u00ed\u00f0sf\u00e9laga \u00ed kristnibo\u00f0inu, en y\u00f0ar \u00fatsendara og erindsreka \u00ed \u00fev\u00ed, a\u00f0 b\u00e6ta \u00far nau\u00f0\u00feurft minni.<a name=\"26\"><span class=\"versanumer\">26<\/span><\/a>Hann sakna\u00f0i y\u00f0ar allra svo mj\u00f6g, a\u00f0 hann var\u00f0 hugsj\u00fakur \u00fat af \u00fev\u00ed, a\u00f0 \u00fe\u00e9r h\u00f6f\u00f0u\u00f0 fr\u00e9tt, a\u00f0 hann hef\u00f0i veri\u00f0 sj\u00fakur;<a name=\"27\"><span class=\"versanumer\">27<\/span><\/a>hann var\u00f0 og veikur og n\u00e6rri a\u00f0kominn dau\u00f0a, en Gu\u00f0 miskunna\u00f0i honum; en ekki einungis honum, heldur l\u00edka m\u00e9r, svo m\u00e9r ekki b\u00e6ttist sorg \u00e1 sorg ofan.<a name=\"28\"><span class=\"versanumer\">28<\/span><\/a>\u00deess vegna hra\u00f0a eg \u00fev\u00ed heldur a\u00f0 senda hann, svo a\u00f0 \u00fe\u00e9r gle\u00f0jist, \u00fe\u00e1 \u00fe\u00e9r f\u00e1i\u00f0 a\u00f0 sj\u00e1 hann aftur, og svo m\u00e9r ver\u00f0i hugh\u00e6gra.<a name=\"29\"><span class=\"versanumer\">29<\/span><\/a>Taki\u00f0 \u00fev\u00ed me\u00f0 \u00f6llum fagna\u00f0i \u00e1 m\u00f3ti honum Drottins vegna, og hafi\u00f0 \u00fev\u00edl\u00edka menn \u00ed hei\u00f0ri;<a name=\"30\"><span class=\"versanumer\">30<\/span><\/a>\u00fev\u00ed a\u00f0 \u00ed Krists erindi var hann a\u00f0kominn dau\u00f0a, \u00fear e\u00f0 hann f\u00f3r \u00f3varlega me\u00f0 l\u00edf sitt, svo hann uppb\u00e6tti \u00fea\u00f0, sem brast \u00e1 y\u00f0ar um\u00f6nnun fyrir m\u00e9r.<\/p>\n<div class=\"footnoteVidey\">V. 2. R\u00f3m. 12,6. 15,5. 1 Kor. 1,10. 1 P\u00e9t. 3,8.  V. 3. Gal. 5,26. R\u00f3m. 12,10.  V. 4. 1 Kor. 10,24.33. 13,5.  V. 5. Matt. 11,29. J\u00f3h. 13,15. 1 J\u00f3h. 2,6.  V. 6. K\u00f3loss. 2,9.  V. 7. Matt. 20,28. Hebr. 4,15.  V. 8. Hebr. 12,2.  V. 9. Post. gb. 2,36. R\u00f3m. 14,9. 1 Kor. 8,6.  V. 13. a. 2 Kor. 3,5. Hebr. 13,21. 2 Kor. 8,10.  V. 14. 1 P\u00e9t. 4,9. 1 T\u00edm. 2,8.  V. 15. Ef. 5,8. V. 16. 2 T\u00edm. 1,13. T\u00edt. 1,9. Hebr. 4,14. 1 Tess. 2,19. 1 Kor. 9,24.  V. 17. 2 T\u00edm. 4,6. 2 Kor. 7,4.  V. 18. Kap. 3,1. 4,4.  V. 19. Post. g. b. 16,1. Fil. 1,27.  V. 20. 1 Kor. 16,10.  V. 21. 1 Kor. 10,24. 13,5.  V. 25. Kap. 4,18.  V. 26. Kap. 1,8.  V. 29. 16,2. 1 Kor. 16,18. 1 Tess. 5,12.<\/div>\n","protected":false},"excerpt":{"rendered":"<p>Postulinn \u00e1minnir til br\u00f3\u00f0urleg k\u00e6rleika og l\u00edtill\u00e6tis; a\u00f0 d\u00e6mi Jes\u00fa, sem \u00fear fyrir var upphafinn, skuli \u00feeir og gj\u00f6ra sig s\u00f6mu d\u00fdr\u00f0ar ver\u00f0uga; er rei\u00f0ub\u00fainn a\u00f0 deyja fyrir Krists l\u00e6rd\u00f3m. Segist senda T\u00edm\u00f3teus en s\u00ed\u00f0ar Epafr\u00f3ditus. Gj\u00f6rir s\u00e9r jafnvel von um sj\u00e1lfur a\u00f0 geta komi\u00f0 til \u00feeirra. 1\u00dear fyrir, ef nokku\u00f0 gildir hj\u00e1 y\u00f0ur upphvatning, \u00ed nafni Krists, k\u00e6rleiksfull a\u00f0varan, hluttekning \u00ed s\u00f6mu andans gj\u00f6f og vi\u00f0kv\u00e6mt hjarta\u00feel,2\u00fe\u00e1 gj\u00f6ri\u00f0 m\u00edna gle\u00f0i fullkomna me\u00f0 \u00fev\u00ed, a\u00f0 \u00fe\u00e9r s\u00e9u\u00f0 allir me\u00f0 einum huga, hafi\u00f0 innbyr\u00f0is k\u00e6rleika, s\u00e9u\u00f0 samlyndir og \u00e1 eitt s\u00e1ttir,3gj\u00f6ri\u00f0 ekkert af \u00fer\u00e6tugirni, e\u00f0ur fyrir h\u00e9g\u00f3mad\u00fdr\u00f0, heldur a\u00f0 s\u00e9rhv\u00f6r, me\u00f0 <a href=\"https:\/\/biblian.is\/videy\/filippibrefid-2-kafli\/\"> [&#8230;]<\/a><\/p>\n","protected":false},"author":1,"featured_media":0,"parent":0,"menu_order":0,"comment_status":"open","ping_status":"open","template":"bibliukaflar.php","meta":{"footnotes":""},"class_list":["post-21954","page","type-page","status-publish","hentry"],"_links":{"self":[{"href":"https:\/\/biblian.is\/videy\/wp-json\/wp\/v2\/pages\/21954","targetHints":{"allow":["GET"]}}],"collection":[{"href":"https:\/\/biblian.is\/videy\/wp-json\/wp\/v2\/pages"}],"about":[{"href":"https:\/\/biblian.is\/videy\/wp-json\/wp\/v2\/types\/page"}],"author":[{"embeddable":true,"href":"https:\/\/biblian.is\/videy\/wp-json\/wp\/v2\/users\/1"}],"replies":[{"embeddable":true,"href":"https:\/\/biblian.is\/videy\/wp-json\/wp\/v2\/comments?post=21954"}],"version-history":[{"count":0,"href":"https:\/\/biblian.is\/videy\/wp-json\/wp\/v2\/pages\/21954\/revisions"}],"wp:attachment":[{"href":"https:\/\/biblian.is\/videy\/wp-json\/wp\/v2\/media?parent=21954"}],"curies":[{"name":"wp","href":"https:\/\/api.w.org\/{rel}","templated":true}]}}