{"id":21953,"date":"2018-01-02T01:04:57","date_gmt":"2018-01-02T01:04:57","guid":{"rendered":"http:\/\/biblian.is\/videy\/filippibrefid-1-kafli\/"},"modified":"2018-01-02T01:04:57","modified_gmt":"2018-01-02T01:04:57","slug":"filippibrefid-1-kafli","status":"publish","type":"page","link":"https:\/\/biblian.is\/videy\/filippibrefid-1-kafli\/","title":{"rendered":"Filipp\u00edbr\u00e9fi\u00f0 1. kafli"},"content":{"rendered":"<div class=\"fyrirsognVidey\">P\u00e1ll \u00f3skar Filipp\u00edborgarm\u00f6nnum g\u00f3\u00f0s; \u00feakkar Gu\u00f0i fyri \u00fe\u00e1 og bi\u00f0ur fyrir \u00feeim; l\u00e6tur \u00fe\u00e1 vita, a\u00f0 fj\u00f6tur hans \u00fe\u00e9ni til eflingar kristninni, og segist vilja lifa og l\u00ed\u00f0a, ef \u00fea\u00f0 \u00fe\u00e9na\u00f0 geti \u00feeim til framfara; \u00e1minnir \u00fe\u00e1 til st\u00f6\u00f0uglyndis vi\u00f0 kristilega tr\u00fa.<\/div>\n<p><a name=\"1\"><span class=\"versanumer\">1<\/span><\/a>P\u00e1ll og T\u00edm\u00f3teus \u00fej\u00f3nar Jes\u00fa Krists, \u00f3ska \u00f6llum Jes\u00fa Krists heil\u00f6gum, \u00ed Filipp\u00edborg, forstj\u00f3rum og tilsj\u00f3narm\u00f6nnum,<a name=\"2\"><span class=\"versanumer\">2<\/span><\/a>n\u00e1\u00f0ar og fri\u00f0ar fr\u00e1 Gu\u00f0i vorum F\u00f6\u00f0ur og Herranum Jes\u00fa Kristi. <br \/><a name=\"3\"><span class=\"versanumer\">3<\/span><\/a>Eg \u00feakka Gu\u00f0i m\u00ednum, \u00ed hv\u00f6rt sinn sem eg til y\u00f0ar hugsa;<a name=\"4\"><span class=\"versanumer\">4<\/span><\/a>og \u00e1vallt, \u00ed \u00f6llum m\u00ednum b\u00e6num, bi\u00f0 eg me\u00f0 gle\u00f0i fyrir \u00f6llum,<a name=\"5\"><span class=\"versanumer\">5<\/span><\/a>s\u00f6kum fastheldni y\u00f0ar vi\u00f0 n\u00e1\u00f0arbo\u00f0skapinn, fr\u00e1 \u00fev\u00ed fyrsta allt til \u00feessa t\u00edma;<a name=\"6\"><span class=\"versanumer\">6<\/span><\/a>\u00fear e\u00f0 eg fulltreysti \u00fev\u00ed, a\u00f0 s\u00e1, sem hefir byrja\u00f0 hi\u00f0 g\u00f3\u00f0a verki\u00f0 me\u00f0 y\u00f0ur, muni \u00fea\u00f0 fullkomna, allt \u00fear til Kristur kemur.<a name=\"7\"><span class=\"versanumer\">7<\/span><\/a>\u00dea\u00f0 er og vi\u00f0urkv\u00e6milegt fyrir mig, a\u00f0 hafa \u00fev\u00edl\u00edka \u00feanka um y\u00f0ur alla, sem \u00e1samt m\u00e9r eru\u00f0 or\u00f0nir hluttakandi \u00ed n\u00e1\u00f0inni, \u00fear e\u00f0 eg hefi y\u00f0ur s\u00edfellt \u00ed huganum, hv\u00f6rt sem eg er \u00ed fangelsi, ellegar eg er a\u00f0 forsvara n\u00e1\u00f0arl\u00e6rd\u00f3minn og sta\u00f0festa hann.<a name=\"8\"><span class=\"versanumer\">8<\/span><\/a>\u00dev\u00ed Gu\u00f0 veit, a\u00f0 eg elska y\u00f0ur alla me\u00f0 vi\u00f0kv\u00e6mri \u00e1st, l\u00edkri Jes\u00fa Krists;<a name=\"9\"><span class=\"versanumer\">9<\/span><\/a>og bi\u00f0 eg a\u00f0 elska y\u00f0ar eflist \u00e6 meir og meir, \u00e1samt \u00feekkingu og g\u00f3\u00f0um skilningi,<a name=\"10\"><span class=\"versanumer\">10<\/span><\/a>svo a\u00f0 \u00fe\u00e9r skili\u00f0 geti\u00f0 hva\u00f0 r\u00e9tt er, og s\u00e9u\u00f0 r\u00e1\u00f0vandir og \u00e1m\u00e6lislausir allt til Krists a\u00f0komudags,<a name=\"11\"><span class=\"versanumer\">11<\/span><\/a>og s\u00e9u\u00f0 r\u00edkir af \u00e1v\u00f6xtum kristilegrar dygg\u00f0ar, Gu\u00f0i til lofs og d\u00fdr\u00f0ar. <br \/><a name=\"12\"><span class=\"versanumer\">12<\/span><\/a>Viti\u00f0, br\u00e6\u00f0ur! a\u00f0 \u00fea\u00f0, sem fram vi\u00f0 mig hefir komi\u00f0, hefir miki\u00f0 eflt framgang n\u00e1\u00f0arl\u00e6rd\u00f3msins,<a name=\"13\"><span class=\"versanumer\">13<\/span><\/a>\u00fev\u00ed a\u00f0 \u00fea\u00f0 er kunnugt or\u00f0i\u00f0 gj\u00f6rvallri keisarans hir\u00f0 og \u00f6llum \u00f6\u00f0rum \u00fat \u00ed fr\u00e1, a\u00f0 eg er fj\u00f6tra\u00f0ur vegna Krists.<a name=\"14\"><span class=\"versanumer\">14<\/span><\/a>Margir br\u00e6\u00f0ur hafa og fengi\u00f0 dug af fj\u00f6trum m\u00ednum, og enn meiri dj\u00f6rfung, til a\u00f0 kenna l\u00e6rd\u00f3minn \u00f3skelfdir.<a name=\"15\"><span class=\"versanumer\">15<\/span><\/a>Sumir gj\u00f6ra \u00fea\u00f0 a\u00f0 s\u00f6nnu af metingi, \u00f6fund og \u00fer\u00e6tugirni, en aftur a\u00f0rir bo\u00f0a Krist af velvilja <span class='VideyAth'>(til m\u00edn)<\/span>.<a name=\"16\"><span class=\"versanumer\">16<\/span><\/a>\u00deeir, sem k\u00e6rleiki dregur til \u00feess, gj\u00f6ra \u00fea\u00f0 vegna \u00feess \u00feeir vita, a\u00f0 eg er settur n\u00e1\u00f0arl\u00e6rd\u00f3minum til forsvars;<a name=\"17\"><span class=\"versanumer\">17<\/span><\/a>en hinir, sem gj\u00f6ra \u00fea\u00f0 af \u00fer\u00e6tugirni, bo\u00f0a ekki Krist af hreinu ge\u00f0i, heldur meina, a\u00f0 \u00feeir \u00fear me\u00f0 b\u00e6ti n\u00fdrri \u00ferengingu ofan \u00e1 fj\u00f6tur m\u00edn.<a name=\"18\"><span class=\"versanumer\">18<\/span><\/a>En hva\u00f0 um \u00fea\u00f0? Kristur bo\u00f0ast samt, me\u00f0 hv\u00f6rjum helst h\u00e6tti, sem \u00fea\u00f0 sker, hv\u00f6rt \u00fea\u00f0 sker af yfirdrepskap, e\u00f0ur me\u00f0 hreinskilni, og af \u00fev\u00ed gle\u00f0st eg, og mun framvegis gle\u00f0jast;<a name=\"19\"><span class=\"versanumer\">19<\/span><\/a>\u00fev\u00ed eg veit, a\u00f0 \u00feetta ver\u00f0ur m\u00e9r til heilla, sakir y\u00f0ar b\u00e6na og me\u00f0 tilstyrk Jes\u00fa Krists anda.<a name=\"20\"><span class=\"versanumer\">20<\/span><\/a>\u00dev\u00ed \u00fea\u00f0 er m\u00edn fastn\u00e6m l\u00f6ngun og von, a\u00f0 eg \u00ed engu muni til skammar ver\u00f0a, heldur a\u00f0 Kristur muni, fyrir m\u00edna djarflegu kenningu n\u00fa, eins og \u00e1vallt, vegsamast af m\u00ednum l\u00edkama, hv\u00f6rt heldur \u00fea\u00f0 ver\u00f0ur me\u00f0 m\u00ednu l\u00edfi, e\u00f0ur dau\u00f0a.<a name=\"21\"><span class=\"versanumer\">21<\/span><\/a>A\u00f0 eg lifi, er vegna Krists, en a\u00f0 deyja, er \u00e1vinningur fyrir mig.<a name=\"22\"><span class=\"versanumer\">22<\/span><\/a>En ef l\u00edf l\u00edkamans er \u00e1bati fyrir verk mitt, \u00fe\u00e1 veit eg ekki hv\u00f6rt eg \u00e1 heldur a\u00f0 kj\u00f3sa.<a name=\"23\"><span class=\"versanumer\">23<\/span><\/a>Eg \u00e1 \u00far tvennu v\u00f6ndu a\u00f0 r\u00e1\u00f0a: mig langar til a\u00f0 losast h\u00e9\u00f0an og vera me\u00f0 Kristi, \u00fev\u00ed \u00fea\u00f0 v\u00e6ri miklu betra;<a name=\"24\"><span class=\"versanumer\">24<\/span><\/a>en \u00fea\u00f0 er nau\u00f0synlegra y\u00f0ar vegna, a\u00f0 eg dvelji \u00ed l\u00edkamanum,<a name=\"25\"><span class=\"versanumer\">25<\/span><\/a>og \u00fea\u00f0 vona eg fyrir v\u00edst, a\u00f0 eg muni lifa og lifa \u00e1samt y\u00f0ur \u00f6llum, y\u00f0ur til framfara \u00ed tr\u00fanni og gle\u00f0i af henni;<a name=\"26\"><span class=\"versanumer\">26<\/span><\/a>svo a\u00f0 y\u00f0ar f\u00f6gnu\u00f0ur \u00ed Jes\u00fa Kristi vaxi fyrir m\u00edna skuld, \u00fe\u00e1 eg kem aftur til y\u00f0ar. <br \/><a name=\"27\"><span class=\"versanumer\">27<\/span><\/a>Einungis a\u00f0 \u00fe\u00e9r vildu\u00f0 heg\u00f0a y\u00f0ur ver\u00f0uglega, Krists n\u00e1\u00f0arl\u00e6rd\u00f3mi samkv\u00e6mt, svo a\u00f0 hv\u00f6rt heldur eg kem og finn y\u00f0ur, ellegar ver\u00f0 fjarl\u00e6gur, \u00fe\u00e1 megi eg f\u00e1 \u00fe\u00e1 fregn um y\u00f0ur, a\u00f0 \u00fe\u00e9r standi\u00f0 st\u00f6\u00f0ugir \u00ed einum anda, og verji\u00f0 samhuga tr\u00fa n\u00e1\u00f0arl\u00e6rd\u00f3msins,<a name=\"28\"><span class=\"versanumer\">28<\/span><\/a>og l\u00e1ti\u00f0 \u00ed engu hugfallast fyrir m\u00f3tst\u00f6\u00f0um\u00f6nnunum, hva\u00f0 \u00feeim er gl\u00f6tunarfyrirbo\u00f0i, en y\u00f0ur heillamerki, og \u00fea\u00f0 hv\u00f6rt um sig fr\u00e1 Gu\u00f0i.<a name=\"29\"><span class=\"versanumer\">29<\/span><\/a>\u00dev\u00ed y\u00f0ur er s\u00fa n\u00e1\u00f0 veitt, fyrir Krists sakir, ekki einungis a\u00f0 tr\u00faa \u00e1 hann, heldur og l\u00ed\u00f0a illt hans vegna,<a name=\"30\"><span class=\"versanumer\">30<\/span><\/a>y\u00f0ur, sem eigi\u00f0 \u00ed s\u00f6mu bar\u00e1ttu, sem eg, til hv\u00f6rrar \u00fe\u00e9r \u00e1\u00f0ur voru\u00f0 vitni og n\u00fa f\u00e1i\u00f0 fregn um.<\/p>\n<div class=\"footnoteVidey\">V. 3. 2 Tess. 1,1. R\u00f3m. 1,8. Efes. 1,15.16. 2 Tess. 1,3.  V. 6. Hebr. 12,2. Hebr. 13,21. 1 P\u00e9t. 5,10. Fil. 2,13. 1 Tess. 5,23.  V. 7. Efes. 3,1. K\u00f3l. 4,3. 2 T\u00edm. 1,8.  V. 10. 1 Kor. 1,8.  V. 11. Ef. 5,9. K\u00f3l. 1,10.11. 15,8.  V. 12. K\u00f3l. 4,7.  V. 14. Efes. 3,13. 1 Tess. 3,3.  V. 16. v. 7.  V. 19. 2 Kor. 1,11.  V. 20. 1 Kor. 6,20. \u00feeim \u00fej\u00e1ningum eg l\u00ed\u00f0 \u00e1 l\u00edkamanum.  V. 21. Gal. 2,20.  V. 23. 2 Kor. 5,8.  V. 25. Kap. 2,24.  V. 27. Efes. 4,4. K\u00f3l. 1,10. 1 Tess. 2,12. 4,1.  V. 28. Kap. 3,14. 2 Tess. 1,5. 2 T\u00edm. 2,11.  V. 29. Post. g. b. 5,41. R\u00f3m. 5,3.  V. 30. Post. g. b. 16,22, fl. K\u00f3l. 2,1.<\/div>\n","protected":false},"excerpt":{"rendered":"<p>P\u00e1ll \u00f3skar Filipp\u00edborgarm\u00f6nnum g\u00f3\u00f0s; \u00feakkar Gu\u00f0i fyri \u00fe\u00e1 og bi\u00f0ur fyrir \u00feeim; l\u00e6tur \u00fe\u00e1 vita, a\u00f0 fj\u00f6tur hans \u00fe\u00e9ni til eflingar kristninni, og segist vilja lifa og l\u00ed\u00f0a, ef \u00fea\u00f0 \u00fe\u00e9na\u00f0 geti \u00feeim til framfara; \u00e1minnir \u00fe\u00e1 til st\u00f6\u00f0uglyndis vi\u00f0 kristilega tr\u00fa. 1P\u00e1ll og T\u00edm\u00f3teus \u00fej\u00f3nar Jes\u00fa Krists, \u00f3ska \u00f6llum Jes\u00fa Krists heil\u00f6gum, \u00ed Filipp\u00edborg, forstj\u00f3rum og tilsj\u00f3narm\u00f6nnum,2n\u00e1\u00f0ar og fri\u00f0ar fr\u00e1 Gu\u00f0i vorum F\u00f6\u00f0ur og Herranum Jes\u00fa Kristi. 3Eg \u00feakka Gu\u00f0i m\u00ednum, \u00ed hv\u00f6rt sinn sem eg til y\u00f0ar hugsa;4og \u00e1vallt, \u00ed \u00f6llum m\u00ednum b\u00e6num, bi\u00f0 eg me\u00f0 gle\u00f0i fyrir \u00f6llum,5s\u00f6kum fastheldni y\u00f0ar vi\u00f0 n\u00e1\u00f0arbo\u00f0skapinn, fr\u00e1 \u00fev\u00ed fyrsta allt til <a href=\"https:\/\/biblian.is\/videy\/filippibrefid-1-kafli\/\"> [&#8230;]<\/a><\/p>\n","protected":false},"author":1,"featured_media":0,"parent":0,"menu_order":0,"comment_status":"open","ping_status":"open","template":"bibliukaflar.php","meta":{"footnotes":""},"class_list":["post-21953","page","type-page","status-publish","hentry"],"_links":{"self":[{"href":"https:\/\/biblian.is\/videy\/wp-json\/wp\/v2\/pages\/21953","targetHints":{"allow":["GET"]}}],"collection":[{"href":"https:\/\/biblian.is\/videy\/wp-json\/wp\/v2\/pages"}],"about":[{"href":"https:\/\/biblian.is\/videy\/wp-json\/wp\/v2\/types\/page"}],"author":[{"embeddable":true,"href":"https:\/\/biblian.is\/videy\/wp-json\/wp\/v2\/users\/1"}],"replies":[{"embeddable":true,"href":"https:\/\/biblian.is\/videy\/wp-json\/wp\/v2\/comments?post=21953"}],"version-history":[{"count":0,"href":"https:\/\/biblian.is\/videy\/wp-json\/wp\/v2\/pages\/21953\/revisions"}],"wp:attachment":[{"href":"https:\/\/biblian.is\/videy\/wp-json\/wp\/v2\/media?parent=21953"}],"curies":[{"name":"wp","href":"https:\/\/api.w.org\/{rel}","templated":true}]}}