{"id":21952,"date":"2018-01-02T01:04:57","date_gmt":"2018-01-02T01:04:57","guid":{"rendered":"http:\/\/biblian.is\/videy\/efesusbrefid-6-kafli\/"},"modified":"2018-01-02T01:04:57","modified_gmt":"2018-01-02T01:04:57","slug":"efesusbrefid-6-kafli","status":"publish","type":"page","link":"https:\/\/biblian.is\/videy\/efesusbrefid-6-kafli\/","title":{"rendered":"Efesusbr\u00e9fi\u00f0 6. kafli"},"content":{"rendered":"<div class=\"fyrirsognVidey\">Skyldur barna og foreldra, \u00fej\u00f3na og drottna. Upphvatning til a\u00f0 hertygjast \u00ed gegn kristinnd\u00f3msins m\u00f3tst\u00f6\u00f0um\u00f6nnum; og til a\u00f0 bi\u00f0ja fyrir samkristnum og P\u00e1li sj\u00e1lfum. P\u00e1ll sendir Tyk\u00edkus til a\u00f0 l\u00e1ta Efesusmenn vita, hv\u00f6rnig honum l\u00ed\u00f0ur; \u00f3skar \u00feeim Gu\u00f0s n\u00e1\u00f0ar.<\/div>\n<p><a name=\"1\"><span class=\"versanumer\">1<\/span><\/a>\u00de\u00e9r b\u00f6rn! veri\u00f0 foreldrum y\u00f0rum hl\u00fd\u00f0in, Drottins vegna, \u00fev\u00ed a\u00f0 \u00fea\u00f0 er r\u00e9tt.<a name=\"2\"><span class=\"versanumer\">2<\/span><\/a>Hei\u00f0ra f\u00f6\u00f0ur \u00feinn og m\u00f3\u00f0ur, \u00fea\u00f0 er hi\u00f0 fyrsta bo\u00f0or\u00f0 me\u00f0 fyrirheiti,<a name=\"3\"><span class=\"versanumer\">3<\/span><\/a>a\u00f0 \u00fe\u00e9r vegni vel og \u00fe\u00fa ver\u00f0ir langl\u00edfur \u00ed landinu.<a name=\"4\"><span class=\"versanumer\">4<\/span><\/a>En \u00fe\u00e9r fe\u00f0ur! reiti\u00f0 ekki b\u00f6rn y\u00f0ar til rei\u00f0i, heldur uppali\u00f0 \u00feau me\u00f0 aga og umv\u00f6ndun eftir Drottins bo\u00f0um.<a name=\"5\"><span class=\"versanumer\">5<\/span><\/a>\u00de\u00e9r \u00fej\u00f3nar! veri\u00f0 undirgefnir y\u00f0ar jar\u00f0nesku drottnum me\u00f0 lotningu og hr\u00e6\u00f0slu af einl\u00e6gu ge\u00f0i, svo sem Kristi;<a name=\"6\"><span class=\"versanumer\">6<\/span><\/a>ekki me\u00f0 augna\u00fej\u00f3nustu, svo sem \u00feeir, er m\u00f6nnum vilja \u00fe\u00f3knast, heldur svo sem \u00fej\u00f3nar Krists, er gj\u00f6ra Gu\u00f0s vilja af hjarta,<a name=\"7\"><span class=\"versanumer\">7<\/span><\/a>\u00fej\u00f3na me\u00f0 g\u00f3\u00f0u ge\u00f0i, eins og \u00feeir gj\u00f6ri \u00fea\u00f0 fyrir Drottin, en ekki fyrir menn,<a name=\"8\"><span class=\"versanumer\">8<\/span><\/a>vitandi, a\u00f0 hva\u00f0 hv\u00f6r einn gj\u00f6rir gott, \u00fea\u00f0 mun ver\u00f0a honum endurgoldi\u00f0 af Drottni, hv\u00f6rt heldur hann er \u00fer\u00e6ll e\u00f0ur frj\u00e1ls.<a name=\"9\"><span class=\"versanumer\">9<\/span><\/a>En \u00fe\u00e9r drottnar! breyti\u00f0 eins vi\u00f0 \u00fe\u00e1; l\u00e1ti\u00f0 af h\u00f3tunum, svo sem \u00feeir, er vita, a\u00f0 \u00fe\u00e9r eigi\u00f0 og svo y\u00f0ar Drottin \u00e1 himni, og a\u00f0 hann gj\u00f6rir s\u00e9r engan mannamun. <br \/><a name=\"10\"><span class=\"versanumer\">10<\/span><\/a>Enn framar, br\u00e6\u00f0ur m\u00ednir! styrkist \u00ed Drottni og krafti hans m\u00e1ttar.<a name=\"11\"><span class=\"versanumer\">11<\/span><\/a>\u00cdkl\u00e6\u00f0ist Gu\u00f0s alvepni, svo \u00fe\u00e9r sta\u00f0ist geti\u00f0 dj\u00f6fulsins v\u00e9labr\u00f6g\u00f0;<a name=\"12\"><span class=\"versanumer\">12<\/span><\/a>\u00fev\u00ed v\u00e9r eigum ekki \u00ed str\u00ed\u00f0i vi\u00f0 hold og bl\u00f3\u00f0, heldur vi\u00f0 h\u00f6f\u00f0ingja og maktarv\u00f6ld, vi\u00f0 heimsdrottna \u00feessa myrkurs, vi\u00f0 vonskunnar anda \u00ed loftinu.<a name=\"13\"><span class=\"versanumer\">13<\/span><\/a>Taki\u00f0 \u00fev\u00ed Gu\u00f0s alvepni, svo \u00fe\u00e9r geti\u00f0 veitt m\u00f3tst\u00f6\u00f0u, \u00e1 enum vonda degi, og geti\u00f0, a\u00f0 \u00f6llu yfirunnu, sta\u00f0ist.<a name=\"14\"><span class=\"versanumer\">14<\/span><\/a>Standi\u00f0 rei\u00f0ub\u00fanir, og hafi\u00f0 y\u00f0ar lendar umgirtar me\u00f0 sannleika. Veri\u00f0 \u00edkl\u00e6ddir brynju r\u00e9ttl\u00e6tisins,<a name=\"15\"><span class=\"versanumer\">15<\/span><\/a>og \u00fatb\u00fai\u00f0 y\u00f0ar f\u00e6tur, a\u00f0 \u00feeir s\u00e9u rei\u00f0ub\u00fanir a\u00f0 flytja fagna\u00f0arbo\u00f0skap fri\u00f0arins.<a name=\"16\"><span class=\"versanumer\">16<\/span><\/a>En umfram allt, gr\u00edpi\u00f0 skj\u00f6ld tr\u00faarinnar, me\u00f0 hv\u00f6rjum \u00fe\u00e9r munu\u00f0 \u00fatsl\u00f6kkt f\u00e1 \u00f6ll eldleg skeyti \u00feess vonda;<a name=\"17\"><span class=\"versanumer\">17<\/span><\/a>og taki\u00f0 hj\u00e1lm hj\u00e1lpr\u00e6\u00f0isins og sver\u00f0 andans, sem er Gu\u00f0s or\u00f0.<a name=\"18\"><span class=\"versanumer\">18<\/span><\/a>Bi\u00f0ji\u00f0 \u00e1 s\u00e9rhv\u00f6rri t\u00ed\u00f0 \u00ed anda me\u00f0 alls konar b\u00e6num og bei\u00f0ni, og veri\u00f0 \u00e1rvakrir og s\u00edfelldlega st\u00f6\u00f0ugir \u00ed fyrirbei\u00f0slu fyrir \u00f6llum heil\u00f6gum,<a name=\"19\"><span class=\"versanumer\">19<\/span><\/a>og svo fyrir m\u00e9r, a\u00f0 \u00fe\u00e1 eg opna minn munn, skorti mig ekki or\u00f0 til \u00feess a\u00f0 kunngj\u00f6ra djarflega n\u00e1\u00f0arl\u00e6rd\u00f3msins leyndard\u00f3m,<a name=\"20\"><span class=\"versanumer\">20<\/span><\/a>hv\u00f6rs sendibo\u00f0i eg er \u00ed fj\u00f6trum, og a\u00f0 eg megi kenna l\u00e6rd\u00f3minn me\u00f0 dj\u00f6rfung, eins og vera ber. <br \/><a name=\"21\"><span class=\"versanumer\">21<\/span><\/a>En upp \u00e1 \u00fea\u00f0, a\u00f0 \u00fe\u00e9r einnig f\u00e1i\u00f0 a\u00f0 vita, hv\u00f6rnig m\u00e9r l\u00ed\u00f0ur og hva\u00f0 eg gj\u00f6ri, \u00fe\u00e1 mun Tykikus, minn elskulegi br\u00f3\u00f0ir og tr\u00far \u00fej\u00f3n Drottins, kunngj\u00f6ra y\u00f0ur allt \u00fear um.<a name=\"22\"><span class=\"versanumer\">22<\/span><\/a>Eg sendi hann \u00feess vegna til y\u00f0ar, a\u00f0 \u00fe\u00e9r f\u00e1i\u00f0 a\u00f0 vita, hv\u00f6rnig m\u00e9r l\u00ed\u00f0ur, og til \u00feess hann huggi y\u00f0ar hj\u00f6rtu.<br \/>Fri\u00f0ur veri me\u00f0 br\u00e6\u00f0runum og elska, \u00e1samt tr\u00fa af Gu\u00f0i F\u00f6\u00f0ur og Drottni Jes\u00fa Kristi. <br \/>24. N\u00e1\u00f0 s\u00e9 me\u00f0 \u00f6llum \u00feeim eil\u00edflega, sem elska Drottin vorn Jes\u00fam Krist, Amen!<\/p>\n<div class=\"footnoteVidey\">V. 1. K\u00f3l. 3,20.  V. 2. 2 M\u00f3s. b. 20,12. Matt. 15,4.  V. 3. Or\u00f0skv. b. 3,2.  V. 4. K\u00f3l. 3,21.  V. 5. K\u00f3l. 3,22. 1 P\u00e9t. 2,18.  V. 7. K\u00f3l. 3,23.  V. 8. R\u00f3m. 2,6. 1 Kor. 3,8.  V. 9. K\u00f3l. 4,1. 5 M\u00f3s. b. 10,17. Job. 34,19. 1 P\u00e9t 1,17.  V. 12. 2 Kor. 10,4.5.  V. 13. 2 Kor. 6,7. 10,4.  V. 14. 2 Kor. 6,7. 1 Tess. 5,8. Es. 59,17.  V. 15. Kap. 2,14.  V. 16. 1 P\u00e9t. 5,9.  V. 17. Hebr. 4,12. Opinb. b. 1,16.  V. 18. L\u00fak. 18,1. K\u00f3l. 4,2. Matt. 24,42. 25,13.  V. 19. R\u00f3m. 15,30. K\u00f3l. 4,3. 2 Tess. 3,1. Post. gb. 4,29.  V. 20. 2 Kor. 5,20. Post. gb. 28,20.  V. 21. Post. gb. 20,4. K\u00f3l. 4,7.<\/div>\n","protected":false},"excerpt":{"rendered":"<p>Skyldur barna og foreldra, \u00fej\u00f3na og drottna. Upphvatning til a\u00f0 hertygjast \u00ed gegn kristinnd\u00f3msins m\u00f3tst\u00f6\u00f0um\u00f6nnum; og til a\u00f0 bi\u00f0ja fyrir samkristnum og P\u00e1li sj\u00e1lfum. P\u00e1ll sendir Tyk\u00edkus til a\u00f0 l\u00e1ta Efesusmenn vita, hv\u00f6rnig honum l\u00ed\u00f0ur; \u00f3skar \u00feeim Gu\u00f0s n\u00e1\u00f0ar. 1\u00de\u00e9r b\u00f6rn! veri\u00f0 foreldrum y\u00f0rum hl\u00fd\u00f0in, Drottins vegna, \u00fev\u00ed a\u00f0 \u00fea\u00f0 er r\u00e9tt.2Hei\u00f0ra f\u00f6\u00f0ur \u00feinn og m\u00f3\u00f0ur, \u00fea\u00f0 er hi\u00f0 fyrsta bo\u00f0or\u00f0 me\u00f0 fyrirheiti,3a\u00f0 \u00fe\u00e9r vegni vel og \u00fe\u00fa ver\u00f0ir langl\u00edfur \u00ed landinu.4En \u00fe\u00e9r fe\u00f0ur! reiti\u00f0 ekki b\u00f6rn y\u00f0ar til rei\u00f0i, heldur uppali\u00f0 \u00feau me\u00f0 aga og umv\u00f6ndun eftir Drottins bo\u00f0um.5\u00de\u00e9r \u00fej\u00f3nar! veri\u00f0 undirgefnir y\u00f0ar jar\u00f0nesku drottnum me\u00f0 lotningu og hr\u00e6\u00f0slu <a href=\"https:\/\/biblian.is\/videy\/efesusbrefid-6-kafli\/\"> [&#8230;]<\/a><\/p>\n","protected":false},"author":1,"featured_media":0,"parent":0,"menu_order":0,"comment_status":"open","ping_status":"open","template":"bibliukaflar.php","meta":{"footnotes":""},"class_list":["post-21952","page","type-page","status-publish","hentry"],"_links":{"self":[{"href":"https:\/\/biblian.is\/videy\/wp-json\/wp\/v2\/pages\/21952","targetHints":{"allow":["GET"]}}],"collection":[{"href":"https:\/\/biblian.is\/videy\/wp-json\/wp\/v2\/pages"}],"about":[{"href":"https:\/\/biblian.is\/videy\/wp-json\/wp\/v2\/types\/page"}],"author":[{"embeddable":true,"href":"https:\/\/biblian.is\/videy\/wp-json\/wp\/v2\/users\/1"}],"replies":[{"embeddable":true,"href":"https:\/\/biblian.is\/videy\/wp-json\/wp\/v2\/comments?post=21952"}],"version-history":[{"count":0,"href":"https:\/\/biblian.is\/videy\/wp-json\/wp\/v2\/pages\/21952\/revisions"}],"wp:attachment":[{"href":"https:\/\/biblian.is\/videy\/wp-json\/wp\/v2\/media?parent=21952"}],"curies":[{"name":"wp","href":"https:\/\/api.w.org\/{rel}","templated":true}]}}