{"id":21951,"date":"2018-01-02T01:04:57","date_gmt":"2018-01-02T01:04:57","guid":{"rendered":"http:\/\/biblian.is\/videy\/efesusbrefid-5-kafli\/"},"modified":"2018-01-02T01:04:57","modified_gmt":"2018-01-02T01:04:57","slug":"efesusbrefid-5-kafli","status":"publish","type":"page","link":"https:\/\/biblian.is\/videy\/efesusbrefid-5-kafli\/","title":{"rendered":"Efesusbr\u00e9fi\u00f0 5. kafli"},"content":{"rendered":"<div class=\"fyrirsognVidey\">P\u00e1ll b\u00fd\u00f0ur: a\u00f0 taka Gu\u00f0 og Krist til eftird\u00e6mis \u00ed elskunni. A\u00f0 afleggja hei\u00f0inglega lesti. Hj\u00f3n g\u00e6ti \u00feeirra skyldu.<\/div>\n<p><a name=\"1\"><span class=\"versanumer\">1<\/span><\/a>L\u00edkist \u00fe\u00e1 Gu\u00f0i, sem elskuleg b\u00f6rn,<a name=\"2\"><span class=\"versanumer\">2<\/span><\/a>og framgangi\u00f0 \u00ed elskunni, eins og Kristur elska\u00f0i oss, og gaf sig sj\u00e1lfan \u00fat fyrir oss, Gu\u00f0i til \u00fe\u00e6gilegs offurs og f\u00f3rnf\u00e6ringar. <br \/><a name=\"3\"><span class=\"versanumer\">3<\/span><\/a>Eftir \u00fev\u00ed sem heil\u00f6gum h\u00e6fir, \u00e1 hv\u00f6rki frillul\u00edfi, nokkurs konar \u00f3hreinleiki, e\u00f0ur \u00e1girnd, svo miki\u00f0 sem nefnast \u00e1 me\u00f0al y\u00f0ar,<a name=\"4\"><span class=\"versanumer\">4<\/span><\/a>n\u00e9 blyg\u00f0unarleysi, n\u00e9 f\u00edflslegt hjal, e\u00f0ur g\u00e1rungah\u00e1ttur, \u00fev\u00ed sl\u00edkt er \u00f3s\u00e6milegt, heldur miklu framar \u00feakkargj\u00f6r\u00f0;<a name=\"5\"><span class=\"versanumer\">5<\/span><\/a>\u00fev\u00ed \u00fea\u00f0 skulu\u00f0 \u00fe\u00e9r vita fyrir v\u00edst, a\u00f0 enginn frillul\u00edfisma\u00f0ur, e\u00f0ur \u00f3hreinn, e\u00f0ur \u00e1gjarn, sem er skur\u00f0go\u00f0ad\u00fdrkari, hefir arft\u00f6ku \u00ed r\u00edki Krists og Gu\u00f0s.<a name=\"6\"><span class=\"versanumer\">6<\/span><\/a>L\u00e1ti\u00f0 engan lei\u00f0a y\u00f0ur afvega me\u00f0 h\u00e9g\u00f3mlegum or\u00f0um! \u00fev\u00ed fyrir \u00feessa <span class='VideyAth'>(lesti)<\/span> kemur rei\u00f0i Gu\u00f0s yfir syni vantr\u00faarinnar.<a name=\"7\"><span class=\"versanumer\">7<\/span><\/a>Taki\u00f0 \u00fev\u00ed ekki hlutdeild me\u00f0 \u00feeim.<a name=\"8\"><span class=\"versanumer\">8<\/span><\/a>\u00c1\u00f0ur voru\u00f0 \u00fe\u00e9r myrkur, n\u00fa eru\u00f0 \u00fe\u00e9r lj\u00f3s \u00ed Drottni; gangi\u00f0 \u00fev\u00ed sem lj\u00f3ssins b\u00f6rn,<a name=\"9\"><span class=\"versanumer\">9<\/span><\/a>\u00fev\u00ed \u00e1v\u00f6xtur lj\u00f3ssins er g\u00f3\u00f0vilji, r\u00e9ttl\u00e6ti og sannleiki.<a name=\"10\"><span class=\"versanumer\">10<\/span><\/a>Hugsi\u00f0 eftir \u00fev\u00ed, hva\u00f0 Drottni er \u00fe\u00f3knanlegt,<a name=\"11\"><span class=\"versanumer\">11<\/span><\/a>en taki\u00f0 ekki \u00fe\u00e1tt \u00ed myrkursins vondu verkum, heldur miklu framar straffi\u00f0 \u00feau;<a name=\"12\"><span class=\"versanumer\">12<\/span><\/a>\u00fev\u00ed \u00fea\u00f0 \u00feeir dr\u00fdgja \u00ed leyndum, er sk\u00f6mm um a\u00f0 tala;<a name=\"13\"><span class=\"versanumer\">13<\/span><\/a>en allt \u00feetta, n\u00e6r \u00fea\u00f0 ver\u00f0ur straffa\u00f0 af lj\u00f3sinu, ver\u00f0ur auglj\u00f3st; \u00fev\u00ed s\u00e9rhva\u00f0 \u00fea\u00f0, sem auglj\u00f3st ver\u00f0ur, er lj\u00f3s.<a name=\"14\"><span class=\"versanumer\">14<\/span><\/a>\u00dear fyrir stendur skrifa\u00f0: vakna \u00fe\u00fa, sem sefur og r\u00eds upp fr\u00e1 dau\u00f0um, \u00fe\u00e1 mun Kristur l\u00fdsa \u00fe\u00e9r.<a name=\"15\"><span class=\"versanumer\">15<\/span><\/a>Sj\u00e1i\u00f0 \u00fev\u00ed til, a\u00f0 \u00fe\u00e9r gangi\u00f0 forsj\u00e1llega, ekki sem f\u00e1v\u00edsir, heldur sem v\u00edsir;<a name=\"16\"><span class=\"versanumer\">16<\/span><\/a>noti\u00f0 t\u00e6kif\u00e6ri\u00f0, \u00fev\u00ed n\u00fa er h\u00e6ttuleg t\u00ed\u00f0.<a name=\"17\"><span class=\"versanumer\">17<\/span><\/a>Veri\u00f0 \u00fev\u00ed ekki f\u00e1v\u00edsir, heldur skynji\u00f0 hv\u00f6r a\u00f0 er Drottins vilji.<a name=\"18\"><span class=\"versanumer\">18<\/span><\/a>Og drekki\u00f0 y\u00f0ur ekki drukkna af v\u00edni, \u00fev\u00ed \u00fear af fl\u00fdtur \u00f3heill, heldur fyllist andagift,<a name=\"19\"><span class=\"versanumer\">19<\/span><\/a>og syngi\u00f0 hv\u00f6r fyrir \u00f6\u00f0rum s\u00e1lma, lofkv\u00e6\u00f0i og andlega s\u00f6ngva; syngi\u00f0 og leiki\u00f0 Drottni lof \u00ed y\u00f0rum hj\u00f6rtum.<a name=\"20\"><span class=\"versanumer\">20<\/span><\/a>\u00deakki\u00f0 jafnan Gu\u00f0i og F\u00f6\u00f0ur fyrir alla hluti \u00ed nafni Drottins vors Jes\u00fa Krists,<a name=\"21\"><span class=\"versanumer\">21<\/span><\/a>og veri\u00f0 hv\u00f6r \u00f6\u00f0rum undirgefnir \u00ed \u00f3tta Krists. <br \/><a name=\"22\"><span class=\"versanumer\">22<\/span><\/a>Konurnar s\u00e9u s\u00ednum m\u00f6nnum undirgefnar, eins og Drottni;<a name=\"23\"><span class=\"versanumer\">23<\/span><\/a>\u00fev\u00ed ma\u00f0urinn er h\u00f6fu\u00f0 konunnar, eins og Kristur er h\u00f6fu\u00f0 safna\u00f0arins; hann er og frelsari s\u00edns l\u00edkama.<a name=\"24\"><span class=\"versanumer\">24<\/span><\/a>En eins og s\u00f6fnu\u00f0urinn er undirgefinn Kristi, \u00feannig s\u00e9u og konurnar s\u00ednum m\u00f6nnum \u00ed \u00f6llu.<a name=\"25\"><span class=\"versanumer\">25<\/span><\/a>\u00de\u00e9r menn! elski\u00f0 y\u00f0ar eiginkonur, eins og Kristur elska\u00f0i s\u00f6fnu\u00f0inn og gaf sig sj\u00e1lfan \u00fat fyrir hann,<a name=\"26\"><span class=\"versanumer\">26<\/span><\/a>svo a\u00f0 hann helga\u00f0i hann og hreinsa\u00f0i hann \u00ed vatnslauginni, me\u00f0 or\u00f0inu;<a name=\"27\"><span class=\"versanumer\">27<\/span><\/a>upp \u00e1 \u00fea\u00f0 hann \u00fatvega\u00f0i sj\u00e1lfum s\u00e9r d\u00fdr\u00f0legan s\u00f6fnu\u00f0, \u00e1 hv\u00f6rjum enginn blettur e\u00f0a hrukka v\u00e6ri, e\u00f0ur nokku\u00f0 \u00fev\u00edl\u00edkt, heldur v\u00e6ri heilagur og l\u00fdtalaus.<a name=\"28\"><span class=\"versanumer\">28<\/span><\/a>\u00deannig eiga mennirnir a\u00f0 elska s\u00ednar eiginkonur sem s\u00edna eigin l\u00edkami. S\u00e1, sem elskar s\u00edna eiginkonu, elskar sj\u00e1lfan sig.<a name=\"29\"><span class=\"versanumer\">29<\/span><\/a>Enginn hefir nokkru sinni sinn eigin l\u00edkama hata\u00f0, heldur ali\u00f0 \u00f6nn fyrir honum og hj\u00fakra\u00f0, eins og Kristur gj\u00f6rir s\u00f6fnu\u00f0inum;<a name=\"30\"><span class=\"versanumer\">30<\/span><\/a>\u00fev\u00ed v\u00e9r erum limir hans l\u00edkama, af hans holdi og af hans beinum.<a name=\"31\"><span class=\"versanumer\">31<\/span><\/a>\u00deess vegna skal ma\u00f0urinn yfirgefa f\u00f6\u00f0ur sinn og m\u00f3\u00f0ur, og tengjast svo vi\u00f0 konu s\u00edna, a\u00f0 \u00feau tv\u00f6 ver\u00f0i eitt hold.<a name=\"32\"><span class=\"versanumer\">32<\/span><\/a>\u00deetta er <span class='VideyAth'>(\u00ed \u00feessu er f\u00f3lginn)<\/span> mikill leyndard\u00f3mur, en eg heimf\u00e6ri hann upp \u00e1 Krist og s\u00f6fnu\u00f0inn.<a name=\"33\"><span class=\"versanumer\">33<\/span><\/a>En allir skulu\u00f0 \u00fe\u00e9r, hv\u00f6r um sig, elska y\u00f0ar eiginkonur, eins og sj\u00e1lfa y\u00f0ur, en konan beri lotningu fyrir manni s\u00ednum.<\/p>\n<div class=\"footnoteVidey\">V. 5. 1 Kor. 6,10. Gal. 5,21. K\u00f3l. 3,5.  V. 8. J\u00f3h. 12,35.36.  V. 9. Gal. 5,22.  V. 10. R\u00f3m. 12,2.  V. 11. 1 Kor. 5,11. 2 Kor 6,14. Matt 18,17.  V. 13. J\u00f3h. 3,20.21.  V. 14. 1 Kor. 15.34. 16,13. Ef. 9.2.  V. 15. Or\u00f0skv. b. 14,8. R\u00f3m. 16,19.  V. 16. K\u00f3l. 4,5. Efes. 6,13.  V. 18. Gal. 5,21.  V. 19. K\u00f3l. 3,16.  V. 20. v. 4. 1 Tess. 5,18.  V. 22. 1 Kor. 11,3. 14,34.  V. 23. Kap. 1,22.23. 4,12.15. Post. g. b. 5,31. 1 J\u00f3h. 4,14.  V. 24. K\u00f3l. 3,18.  V. 25. K\u00f3l. 3,19. 1 P\u00e9t. 3,7. 5,2. Gal. 1,4.  V. 26. J\u00f3h. 17,17. 1 J\u00f3h. 1,7. T\u00edt. 3,5.  V. 27. Kap. 1,4. K\u00f3l. 1,22.  V. 29. Kap. 4,16.  V. 30. 1 Kor. 6,15. 12,27.  V. 31. 1 M\u00f3s. b. 2,24. Matt. 19.5.  V. 33. v. 28. 1 M\u00f3s. b. 3,16.<\/div>\n","protected":false},"excerpt":{"rendered":"<p>P\u00e1ll b\u00fd\u00f0ur: a\u00f0 taka Gu\u00f0 og Krist til eftird\u00e6mis \u00ed elskunni. A\u00f0 afleggja hei\u00f0inglega lesti. Hj\u00f3n g\u00e6ti \u00feeirra skyldu. 1L\u00edkist \u00fe\u00e1 Gu\u00f0i, sem elskuleg b\u00f6rn,2og framgangi\u00f0 \u00ed elskunni, eins og Kristur elska\u00f0i oss, og gaf sig sj\u00e1lfan \u00fat fyrir oss, Gu\u00f0i til \u00fe\u00e6gilegs offurs og f\u00f3rnf\u00e6ringar. 3Eftir \u00fev\u00ed sem heil\u00f6gum h\u00e6fir, \u00e1 hv\u00f6rki frillul\u00edfi, nokkurs konar \u00f3hreinleiki, e\u00f0ur \u00e1girnd, svo miki\u00f0 sem nefnast \u00e1 me\u00f0al y\u00f0ar,4n\u00e9 blyg\u00f0unarleysi, n\u00e9 f\u00edflslegt hjal, e\u00f0ur g\u00e1rungah\u00e1ttur, \u00fev\u00ed sl\u00edkt er \u00f3s\u00e6milegt, heldur miklu framar \u00feakkargj\u00f6r\u00f0;5\u00fev\u00ed \u00fea\u00f0 skulu\u00f0 \u00fe\u00e9r vita fyrir v\u00edst, a\u00f0 enginn frillul\u00edfisma\u00f0ur, e\u00f0ur \u00f3hreinn, e\u00f0ur \u00e1gjarn, sem er skur\u00f0go\u00f0ad\u00fdrkari, hefir arft\u00f6ku \u00ed r\u00edki <a href=\"https:\/\/biblian.is\/videy\/efesusbrefid-5-kafli\/\"> [&#8230;]<\/a><\/p>\n","protected":false},"author":1,"featured_media":0,"parent":0,"menu_order":0,"comment_status":"open","ping_status":"open","template":"bibliukaflar.php","meta":{"footnotes":""},"class_list":["post-21951","page","type-page","status-publish","hentry"],"_links":{"self":[{"href":"https:\/\/biblian.is\/videy\/wp-json\/wp\/v2\/pages\/21951","targetHints":{"allow":["GET"]}}],"collection":[{"href":"https:\/\/biblian.is\/videy\/wp-json\/wp\/v2\/pages"}],"about":[{"href":"https:\/\/biblian.is\/videy\/wp-json\/wp\/v2\/types\/page"}],"author":[{"embeddable":true,"href":"https:\/\/biblian.is\/videy\/wp-json\/wp\/v2\/users\/1"}],"replies":[{"embeddable":true,"href":"https:\/\/biblian.is\/videy\/wp-json\/wp\/v2\/comments?post=21951"}],"version-history":[{"count":0,"href":"https:\/\/biblian.is\/videy\/wp-json\/wp\/v2\/pages\/21951\/revisions"}],"wp:attachment":[{"href":"https:\/\/biblian.is\/videy\/wp-json\/wp\/v2\/media?parent=21951"}],"curies":[{"name":"wp","href":"https:\/\/api.w.org\/{rel}","templated":true}]}}