{"id":21950,"date":"2018-01-02T01:04:57","date_gmt":"2018-01-02T01:04:57","guid":{"rendered":"http:\/\/biblian.is\/videy\/efesusbrefid-4-kafli\/"},"modified":"2018-01-02T01:04:57","modified_gmt":"2018-01-02T01:04:57","slug":"efesusbrefid-4-kafli","status":"publish","type":"page","link":"https:\/\/biblian.is\/videy\/efesusbrefid-4-kafli\/","title":{"rendered":"Efesusbr\u00e9fi\u00f0 4. kafli"},"content":{"rendered":"<div class=\"fyrirsognVidey\">Postulinn \u00e1minnir a\u00f0 kristnir breyti samkv\u00e6mt \u00feeirra k\u00f6llun; og \u00fear fyrir for\u00f0ist \u00fe\u00e1 lesti, sem \u00feeir \u00ed hei\u00f0ni dr\u00fdg\u00f0u.<\/div>\n<p><a name=\"1\"><span class=\"versanumer\">1<\/span><\/a>Eg, sem er bandingi vegna Drottins, \u00e1minni y\u00f0ur \u00fear fyrir, a\u00f0 \u00fe\u00e9r heg\u00f0i\u00f0 y\u00f0ur samkv\u00e6mt \u00feeirri k\u00f6llu, sem \u00fe\u00e9r eru\u00f0 kalla\u00f0ir,<a name=\"2\"><span class=\"versanumer\">2<\/span><\/a>s\u00e9u\u00f0 l\u00edtill\u00e1tir, h\u00f3gv\u00e6rir, \u00feolinm\u00f3\u00f0ir, uml\u00ed\u00f0i\u00f0 hv\u00f6r annan \u00ed k\u00e6rleika,<a name=\"3\"><span class=\"versanumer\">3<\/span><\/a>og kappkosti\u00f0 a\u00f0 var\u00f0veita einingu andans me\u00f0 bandi fri\u00f0arins.<a name=\"4\"><span class=\"versanumer\">4<\/span><\/a><span class='VideyAth'>(\u00de\u00e9r eru\u00f0)<\/span> einn l\u00edkami og einn andi, eins og \u00fe\u00e9r eru\u00f0 einnig kalla\u00f0ir einni von y\u00f0ar k\u00f6llunar;<a name=\"5\"><span class=\"versanumer\">5<\/span><\/a>einn <span class='VideyAth'>(er)<\/span> Drottinn, ein tr\u00fa, ein sk\u00edrn,<a name=\"6\"><span class=\"versanumer\">6<\/span><\/a>einn Gu\u00f0 og Fa\u00f0ir allra, sem er yfir \u00f6llum, hj\u00e1 \u00f6llum og \u00ed oss \u00f6llum.<a name=\"7\"><span class=\"versanumer\">7<\/span><\/a>En s\u00e9rhv\u00f6rjum af oss er n\u00e1\u00f0argj\u00f6f veitt, eftir \u00fev\u00ed, sem Kristur hefir hv\u00f6rjum af n\u00e1\u00f0 sinni \u00fathluta\u00f0.<a name=\"8\"><span class=\"versanumer\">8<\/span><\/a>\u00dear fyrir segir Ritningin: uppfarinn \u00ed h\u00e6\u00f0ina hefir hann \u00fe\u00e1 herteknu herleitt, og gefi\u00f0 m\u00f6nnunum gjafir.<a name=\"9\"><span class=\"versanumer\">9<\/span><\/a>En \u00feetta, \u201ehann er uppfarinn\u201c, hva\u00f0 er \u00fea\u00f0 anna\u00f0, en a\u00f0 hann hafi stigi\u00f0 ni\u00f0ur til jar\u00f0arinnar?<a name=\"10\"><span class=\"versanumer\">10<\/span><\/a>S\u00e1, sem ni\u00f0ursteig, er hinn sami, sem uppst\u00e9 yfir alla himna, a\u00f0 hann uppfylli allt.<a name=\"11\"><span class=\"versanumer\">11<\/span><\/a>\u00deessi hinn sami hefir gj\u00f6rt suma a\u00f0 postulum, suma a\u00f0 sp\u00e1m\u00f6nnum, suma a\u00f0 gu\u00f0sspjallam\u00f6nnum, suma a\u00f0 hir\u00f0urum og l\u00e6rife\u00f0rum,<a name=\"12\"><span class=\"versanumer\">12<\/span><\/a>svo hinir heil\u00f6gu yr\u00f0u h\u00e6filegir til framkv\u00e6mdarsamrar \u00fej\u00f3nustu, Krists l\u00edkama til uppbyggingar,<a name=\"13\"><span class=\"versanumer\">13<\/span><\/a>\u00fear til v\u00e9r allir erum komnir til einingar \u00ed tr\u00fanni og \u00feekkingar \u00e1 Gu\u00f0s Syni, h\u00f6fum n\u00e1\u00f0 fullor\u00f0insaldri og fullkomnum \u00feroska Krists safna\u00f0a;<a name=\"14\"><span class=\"versanumer\">14<\/span><\/a>svo a\u00f0 v\u00e9r s\u00e9um ekki framar b\u00f6rn, er hrekjumst og feykjumst af hv\u00f6rjum l\u00e6rd\u00f3msvindbl\u00e6, fyrir br\u00f6g\u00f0um manna, sl\u00e6g\u00f0 \u00feeirra og k\u00e6nskufullu v\u00e9lum,<a name=\"15\"><span class=\"versanumer\">15<\/span><\/a>heldur h\u00f6ldum fast vi\u00f0 sannleikann \u00ed k\u00e6rleika, og ver\u00f0um me\u00f0 \u00f6llu samgr\u00f3nir Kristi, sem er h\u00f6fu\u00f0i\u00f0,<a name=\"16\"><span class=\"versanumer\">16<\/span><\/a>af hv\u00f6rjum allur l\u00edkaminn sem er samtengdur og samsettur me\u00f0 alls konar hj\u00e1lpartaugum, \u00feroskast, eftir \u00feeim krafti, sem s\u00e9rhv\u00f6rjum lim er veittur, til uppbyggingar \u00ed k\u00e6rleikanum.<br \/><a name=\"17\"><span class=\"versanumer\">17<\/span><\/a>\u00deess vegna b\u00fd\u00f0 eg og \u00e1minni \u00ed Drottni, a\u00f0 \u00fe\u00e9r ekki framar breyti\u00f0 sem hinar \u00fej\u00f3\u00f0irnar, er fylgja h\u00e9g\u00f3mleik s\u00edns hugskots,<a name=\"18\"><span class=\"versanumer\">18<\/span><\/a>eru blinda\u00f0ar \u00e1 skilninginum, og vegna \u00feeirra van\u00feekkingar og hjartans har\u00f0\u00fa\u00f0ar eru fr\u00e1hverfar \u00fev\u00ed l\u00edferni, sem Gu\u00f0i l\u00edkar,<a name=\"19\"><span class=\"versanumer\">19<\/span><\/a>hafa blyg\u00f0unarlaust s\u00f6kkt s\u00e9r ni\u00f0ur \u00ed saurlifna\u00f0, og dr\u00fdgja alls konar \u00f3t\u00e9rleika fyrir \u00e1bata sakir.<a name=\"20\"><span class=\"versanumer\">20<\/span><\/a>En \u00feannig er ekki y\u00f0ur Kristur kenndur;<a name=\"21\"><span class=\"versanumer\">21<\/span><\/a>\u00fev\u00ed \u00fe\u00e9r hafi\u00f0 numi\u00f0 hann og eru\u00f0 \u00ed honum uppfr\u00e6ddir, eins og sannleikurinn er \u00ed Jes\u00fa <span class='VideyAth'>(innifalinn)<\/span>:<a name=\"22\"><span class=\"versanumer\">22<\/span><\/a>a\u00f0 \u00fe\u00e9r, hva\u00f0 hinni fyrri heg\u00f0un vi\u00f0v\u00edkur, skuli\u00f0 afleggja hinn gamla manninn, sem spillist af t\u00e6landi girndum,<a name=\"23\"><span class=\"versanumer\">23<\/span><\/a>en a\u00f0 \u00fe\u00e9r \u00fear \u00e1 m\u00f3ti skulu\u00f0 endurn\u00fdjast \u00ed anda y\u00f0vars hugskots,<a name=\"24\"><span class=\"versanumer\">24<\/span><\/a>og \u00edkl\u00e6\u00f0ast \u00feeim n\u00fdja manni, sem skapa\u00f0ur er eftir Gu\u00f0i \u00ed r\u00e9ttl\u00e6ti og heilagleika sannleikans.<a name=\"25\"><span class=\"versanumer\">25<\/span><\/a>Afleggi\u00f0 \u00fev\u00ed lygar og tali\u00f0 sannleika, hv\u00f6r vi\u00f0 sinn n\u00e1unga, \u00fev\u00ed v\u00e9r erum hv\u00f6r annars limur,<a name=\"26\"><span class=\"versanumer\">26<\/span><\/a>rei\u00f0ist, en syndgi\u00f0 ekki; s\u00f3lin gangi ekki undir <span class='VideyAth'>a)<\/span> yfir y\u00f0ar rei\u00f0i;<a name=\"27\"><span class=\"versanumer\">27<\/span><\/a>og gefi\u00f0 ekki dj\u00f6flinum r\u00fam.<a name=\"28\"><span class=\"versanumer\">28<\/span><\/a>\u00dej\u00f3furinn steli ekki framar, heldur vinni og gj\u00f6ri eitthva\u00f0 nytsamt me\u00f0 h\u00f6ndunum, svo hann hafi \u00fea\u00f0, sem hann geti mi\u00f0la\u00f0 hinum \u00feurfanda.<a name=\"29\"><span class=\"versanumer\">29<\/span><\/a>Ekkert \u00f3s\u00e6milegt or\u00f0 \u00fatfari af y\u00f0ar munni, heldur \u00fea\u00f0, sem gott er til \u00fearflegrar uppbyggingar, og kemur s\u00e9r vel a\u00f0 heyra.<a name=\"30\"><span class=\"versanumer\">30<\/span><\/a>Hryggi\u00f0 ekki Gu\u00f0s heilagan Anda, \u00ed hv\u00f6rjum \u00fe\u00e9r eru\u00f0 innsigla\u00f0ir til endurlausnardagsins.<a name=\"31\"><span class=\"versanumer\">31<\/span><\/a>Allur beiskleiki, st\u00f3rlyndi, rei\u00f0i, h\u00e1va\u00f0i og illm\u00e6li s\u00e9u fjarl\u00e6g y\u00f0ur, sem og \u00f6ll vonska;<a name=\"32\"><span class=\"versanumer\">32<\/span><\/a>en veri\u00f0 g\u00f3\u00f0ir hv\u00f6r vi\u00f0 annan, me\u00f0aumkunarsamir, f\u00fasir a\u00f0 fyrirgefa hv\u00f6r \u00f6\u00f0rum, eins og Gu\u00f0 hefir fyrirgefi\u00f0 y\u00f0ur vegna Krists.<\/p>\n<div class=\"footnoteVidey\">V. 1. Post. g. b. 21,13.  V. 4. R\u00f3m. 12,5. 1. Kor. 12,27.  V. 5. 1 Kor. 8,4.6. 12,5.  V. 6. Mal. 2,10. R\u00f3m. 11,36.  V. 7. R\u00f3m. 12,3.  V. 8. S\u00e1lm. 68,19.  V. 10. \u00fe. e. kristilegri kirkju til eflingar.  V. 11. 1 Kor. 12,28. Post. gb. 11,24. 21,8. R\u00f3m. 12,7. l\u00edklega forst\u00f6\u00f0umenn og st\u00f6\u00f0ugir kennarar \u00ed einst\u00f6kum s\u00f6fnu\u00f0i, T\u00edt. 1.  V. 12. 1 Kor. 12,27. K\u00f3l. 1,24.  V. 13. Kap. 3,18.19.  V. 14. 1 Kor. 14,20. Hebr. 13.9.  V. 15. K\u00f3l. 1,18. fl.  V. 16. 1 Kor. 12,12.27. 1 Kor. 16,14.  V. 17. 1 P\u00e9t. 4,3.  V. 19. R\u00f3m. 1,27. 1 Tess. 4,5.  V. 24. 2 Kor. 5,17. K\u00f3l. 3,10.  V. 26. a. \u00fe. e. l\u00e1ti\u00f0 ekki rei\u00f0ina vara til s\u00f3larlags, (veri\u00f0 \u00e1 hv\u00f6rri stundu f\u00fasir til s\u00e1tta), sbr. Jak. 1,19.  V. 27. 1 P\u00e9t. 5,8.9.  V. 28. 1 Tes. 4,11.  V. 30. 2 Kor 1,22. Efes. 1,14.  V. 32. Matt. 6,14. K\u00f3l. 3,13.<\/div>\n","protected":false},"excerpt":{"rendered":"<p>Postulinn \u00e1minnir a\u00f0 kristnir breyti samkv\u00e6mt \u00feeirra k\u00f6llun; og \u00fear fyrir for\u00f0ist \u00fe\u00e1 lesti, sem \u00feeir \u00ed hei\u00f0ni dr\u00fdg\u00f0u. 1Eg, sem er bandingi vegna Drottins, \u00e1minni y\u00f0ur \u00fear fyrir, a\u00f0 \u00fe\u00e9r heg\u00f0i\u00f0 y\u00f0ur samkv\u00e6mt \u00feeirri k\u00f6llu, sem \u00fe\u00e9r eru\u00f0 kalla\u00f0ir,2s\u00e9u\u00f0 l\u00edtill\u00e1tir, h\u00f3gv\u00e6rir, \u00feolinm\u00f3\u00f0ir, uml\u00ed\u00f0i\u00f0 hv\u00f6r annan \u00ed k\u00e6rleika,3og kappkosti\u00f0 a\u00f0 var\u00f0veita einingu andans me\u00f0 bandi fri\u00f0arins.4(\u00de\u00e9r eru\u00f0) einn l\u00edkami og einn andi, eins og \u00fe\u00e9r eru\u00f0 einnig kalla\u00f0ir einni von y\u00f0ar k\u00f6llunar;5einn (er) Drottinn, ein tr\u00fa, ein sk\u00edrn,6einn Gu\u00f0 og Fa\u00f0ir allra, sem er yfir \u00f6llum, hj\u00e1 \u00f6llum og \u00ed oss \u00f6llum.7En s\u00e9rhv\u00f6rjum af oss er n\u00e1\u00f0argj\u00f6f veitt, eftir \u00fev\u00ed, <a href=\"https:\/\/biblian.is\/videy\/efesusbrefid-4-kafli\/\"> [&#8230;]<\/a><\/p>\n","protected":false},"author":1,"featured_media":0,"parent":0,"menu_order":0,"comment_status":"open","ping_status":"open","template":"bibliukaflar.php","meta":{"footnotes":""},"class_list":["post-21950","page","type-page","status-publish","hentry"],"_links":{"self":[{"href":"https:\/\/biblian.is\/videy\/wp-json\/wp\/v2\/pages\/21950","targetHints":{"allow":["GET"]}}],"collection":[{"href":"https:\/\/biblian.is\/videy\/wp-json\/wp\/v2\/pages"}],"about":[{"href":"https:\/\/biblian.is\/videy\/wp-json\/wp\/v2\/types\/page"}],"author":[{"embeddable":true,"href":"https:\/\/biblian.is\/videy\/wp-json\/wp\/v2\/users\/1"}],"replies":[{"embeddable":true,"href":"https:\/\/biblian.is\/videy\/wp-json\/wp\/v2\/comments?post=21950"}],"version-history":[{"count":0,"href":"https:\/\/biblian.is\/videy\/wp-json\/wp\/v2\/pages\/21950\/revisions"}],"wp:attachment":[{"href":"https:\/\/biblian.is\/videy\/wp-json\/wp\/v2\/media?parent=21950"}],"curies":[{"name":"wp","href":"https:\/\/api.w.org\/{rel}","templated":true}]}}