{"id":21949,"date":"2018-01-02T01:04:52","date_gmt":"2018-01-02T01:04:52","guid":{"rendered":"http:\/\/biblian.is\/videy\/efesusbrefid-3-kafli\/"},"modified":"2018-01-02T01:04:52","modified_gmt":"2018-01-02T01:04:52","slug":"efesusbrefid-3-kafli","status":"publish","type":"page","link":"https:\/\/biblian.is\/videy\/efesusbrefid-3-kafli\/","title":{"rendered":"Efesusbr\u00e9fi\u00f0 3. kafli"},"content":{"rendered":"<div class=\"fyrirsognVidey\">P\u00e1ll segir: a\u00f0 hann s\u00e9 settur postuli til a\u00f0 kunngj\u00f6ra hei\u00f0num \u00fej\u00f3\u00f0um Krists l\u00e6rd\u00f3m. Bi\u00f0ur, a\u00f0 \u00feeir megi styrkjast \u00ed sambandinu vi\u00f0 Krist.<\/div>\n<p><a name=\"1\"><span class=\"versanumer\">1<\/span><\/a>\u00deessa vegna er eg, P\u00e1ll, bandingi Jes\u00fa Krists vegna y\u00f0ar hei\u00f0ingjanna,<a name=\"2\"><span class=\"versanumer\">2<\/span><\/a>\u00fe\u00e9r munu\u00f0 hv\u00f6rt sem er heyrt hafa Gu\u00f0s n\u00e1\u00f0arr\u00e1\u00f0st\u00f6fun, sem m\u00e9r er falin \u00e1 hendur y\u00f0ur til heilla,<a name=\"3\"><span class=\"versanumer\">3<\/span><\/a>\u00fev\u00ed a\u00f0 me\u00f0 opinberun kunngj\u00f6r\u00f0i Gu\u00f0 m\u00e9r sitt leyndarr\u00e1\u00f0, hv\u00f6rs eg \u00e1\u00f0ur stuttlega hefi geti\u00f0,<a name=\"4\"><span class=\"versanumer\">4<\/span><\/a>upp \u00e1 \u00fea\u00f0, a\u00f0 \u00fe\u00e1 \u00fe\u00e9r hafi\u00f0 lesi\u00f0, geti\u00f0 \u00feekkt skilning minn \u00e1 Krists leyndard\u00f3mi,<a name=\"5\"><span class=\"versanumer\">5<\/span><\/a>er \u00e1 hinum fyrri \u00f6ldum var mannanna sonum, ekki kunngj\u00f6r\u00f0ur, eins og hann n\u00fa er af andanum opinbera\u00f0ur hans heil\u00f6gu postulum og sp\u00e1m\u00f6nnum,<a name=\"6\"><span class=\"versanumer\">6<\/span><\/a>nefnilega: a\u00f0 hei\u00f0ingjarnir s\u00e9u samarfar, tilheyri sama l\u00edkama og f\u00e1i hlut \u00ed fyrirheiti Gu\u00f0s um Krist me\u00f0 n\u00e1\u00f0arl\u00e6rd\u00f3minum,<a name=\"7\"><span class=\"versanumer\">7<\/span><\/a>hv\u00f6rs \u00fej\u00f3n eg er or\u00f0inn af m\u00e9r \u00f3ver\u00f0skulda\u00f0 veittri Gu\u00f0s n\u00e1\u00f0, fyrir hans alm\u00e6ttis kraft;<a name=\"8\"><span class=\"versanumer\">8<\/span><\/a>m\u00e9r, hinum l\u00edtilm\u00f3tlegasta allra heilagra, er nefnilega: veitt s\u00fa n\u00e1\u00f0, a\u00f0 kunngj\u00f6ra \u00e1 me\u00f0al hei\u00f0inna \u00fej\u00f3\u00f0a \u00feann \u00f3rannsakanlega r\u00edkd\u00f3m <span class='VideyAth'>a)<\/span> Krists,<a name=\"9\"><span class=\"versanumer\">9<\/span><\/a>og uppl\u00fdsa alla um \u00fea\u00f0, hv\u00f6rnig \u00feessu leyndarr\u00e1\u00f0i s\u00e9 h\u00e1tta\u00f0, sem \u00e1\u00f0ur var geymt hj\u00e1 einum Gu\u00f0i, er skapa\u00f0i allt,<a name=\"10\"><span class=\"versanumer\">10<\/span><\/a>svo a\u00f0 n\u00fa skyldi af s\u00f6fnu\u00f0inum <span class='VideyAth'>b)<\/span> kunnug ver\u00f0a s\u00fa margbreytta speki Gu\u00f0s, h\u00f6f\u00f0ingjum og herrad\u00f3mum \u00e1 himnum,<a name=\"11\"><span class=\"versanumer\">11<\/span><\/a>eftir eil\u00edfri fyrirhugun, sem hann fullkomna\u00f0i fyrir Jes\u00fam Krist vorn Drottin;<a name=\"12\"><span class=\"versanumer\">12<\/span><\/a>fyrir hv\u00f6rn v\u00e9r h\u00f6fum dj\u00f6rfung og a\u00f0gang me\u00f0 trausti fyrir tr\u00fana \u00e1 hann. <br \/><a name=\"13\"><span class=\"versanumer\">13<\/span><\/a>\u00dear fyrir bi\u00f0 eg, a\u00f0 \u00fe\u00e9r l\u00e1ti\u00f0 ekki hugfallast af \u00feeim \u00ferengingum, er eg l\u00ed\u00f0 fyrir y\u00f0ar skuld; \u00fev\u00ed \u00fea\u00f0 er y\u00f0ar hei\u00f0ur.<a name=\"14\"><span class=\"versanumer\">14<\/span><\/a>Eg beygi \u00feess vegna m\u00edn kn\u00e9 fyrir F\u00f6\u00f0ur Drottins vors Jes\u00fa Krists,<a name=\"15\"><span class=\"versanumer\">15<\/span><\/a>af hv\u00f6rjum allt fa\u00f0erni nefnist \u00e1 himni og j\u00f6r\u00f0u,<a name=\"16\"><span class=\"versanumer\">16<\/span><\/a>a\u00f0 hann af r\u00edkd\u00f3mi sinnar g\u00e6sku vilji veita y\u00f0ur a\u00f0 styrkjast svo kr\u00f6ftuglega \u00ed \u00feeim innra manni fyrir hans anda,<a name=\"17\"><span class=\"versanumer\">17<\/span><\/a>a\u00f0 Kristur geti \u00ed y\u00f0ar hj\u00f6rtum b\u00fai\u00f0 fyrir tr\u00fana, og a\u00f0 \u00fe\u00e9r s\u00e9u\u00f0 r\u00f3tfestir og grundvalla\u00f0ir \u00ed k\u00e6rleikanum,<a name=\"18\"><span class=\"versanumer\">18<\/span><\/a>og \u00e1samt \u00f6llum heil\u00f6gum geti\u00f0 skili\u00f0, hv\u00edl\u00edk a\u00f0 s\u00e9 breidd, lengd, d\u00fdpt og h\u00e6\u00f0 elsku Krists,<a name=\"19\"><span class=\"versanumer\">19<\/span><\/a>og \u00feekkt hv\u00f6rsu h\u00fan yfirgengur allan skilning, svo \u00fe\u00e9r fullkomnist \u00ed allri fullkomnun Gu\u00f0s.<a name=\"20\"><span class=\"versanumer\">20<\/span><\/a>En \u00feeim, sem \u00f6llu framar megnar a\u00f0 gj\u00f6ra fram yfir \u00fea\u00f0, sem v\u00e9r bi\u00f0jum e\u00f0ur skynjum, eftir \u00feeim krafti, sem \u00ed oss verkar,<a name=\"21\"><span class=\"versanumer\">21<\/span><\/a>honum s\u00e9 d\u00fdr\u00f0 \u00ed s\u00f6fnu\u00f0inum fyrir Jes\u00fam Krist \u00e6t\u00ed\u00f0 um aldir alda, Amen!<\/p>\n<div class=\"footnoteVidey\">V. 1. Kap. 4,1. Post. g. b. 21,33. fl. 28,31. Efes. 3,13. K\u00f3l. 1,24.  V. 2. Post. g. b. 9,15.  V. 3. Post. g. b. 22,21. R\u00f3m. 16,25.26. Gal. 1,16.  V. 4. K\u00f3l. 4,3.  V. 5. K\u00f3l. 1,26. Post. g. b. 10,28.  V. 6. Gal. 3,28.29. Efes. 2,15.16.  V. 8. 1 Kor. 15,9. Post. g. b. 9,15. Gal. 2,8. R\u00f3m. 11,33. a. nl. sannleika og n\u00e1\u00f0arr\u00edkd\u00f3m.  V. 9. K\u00f3l. 1,26. 1 P\u00e9t. 1,20.  V. 10. sbr. 1 P\u00e9t. 1,12. b. nl. af forl\u00f6gum safna\u00f0arins.  V. 12. Hebr. 4,16. 10,19. J\u00f3h. 10,9. R\u00f3m. 5,2.  V. 13. K\u00f3l. 1,24.  V. 15. Kap. 1,10.  V. 16. 2 Kor. 4,16.  V. 18. K\u00f3l. 1,26. geti\u00f0 skili\u00f0 mikilleik, kraft og e\u00f0li Krists elsku.  V. 20. R\u00f3m. 16,25. Efes. 1,19.<\/div>\n","protected":false},"excerpt":{"rendered":"<p>P\u00e1ll segir: a\u00f0 hann s\u00e9 settur postuli til a\u00f0 kunngj\u00f6ra hei\u00f0num \u00fej\u00f3\u00f0um Krists l\u00e6rd\u00f3m. Bi\u00f0ur, a\u00f0 \u00feeir megi styrkjast \u00ed sambandinu vi\u00f0 Krist. 1\u00deessa vegna er eg, P\u00e1ll, bandingi Jes\u00fa Krists vegna y\u00f0ar hei\u00f0ingjanna,2\u00fe\u00e9r munu\u00f0 hv\u00f6rt sem er heyrt hafa Gu\u00f0s n\u00e1\u00f0arr\u00e1\u00f0st\u00f6fun, sem m\u00e9r er falin \u00e1 hendur y\u00f0ur til heilla,3\u00fev\u00ed a\u00f0 me\u00f0 opinberun kunngj\u00f6r\u00f0i Gu\u00f0 m\u00e9r sitt leyndarr\u00e1\u00f0, hv\u00f6rs eg \u00e1\u00f0ur stuttlega hefi geti\u00f0,4upp \u00e1 \u00fea\u00f0, a\u00f0 \u00fe\u00e1 \u00fe\u00e9r hafi\u00f0 lesi\u00f0, geti\u00f0 \u00feekkt skilning minn \u00e1 Krists leyndard\u00f3mi,5er \u00e1 hinum fyrri \u00f6ldum var mannanna sonum, ekki kunngj\u00f6r\u00f0ur, eins og hann n\u00fa er af andanum opinbera\u00f0ur hans heil\u00f6gu postulum og <a href=\"https:\/\/biblian.is\/videy\/efesusbrefid-3-kafli\/\"> [&#8230;]<\/a><\/p>\n","protected":false},"author":1,"featured_media":0,"parent":0,"menu_order":0,"comment_status":"open","ping_status":"open","template":"bibliukaflar.php","meta":{"footnotes":""},"class_list":["post-21949","page","type-page","status-publish","hentry"],"_links":{"self":[{"href":"https:\/\/biblian.is\/videy\/wp-json\/wp\/v2\/pages\/21949","targetHints":{"allow":["GET"]}}],"collection":[{"href":"https:\/\/biblian.is\/videy\/wp-json\/wp\/v2\/pages"}],"about":[{"href":"https:\/\/biblian.is\/videy\/wp-json\/wp\/v2\/types\/page"}],"author":[{"embeddable":true,"href":"https:\/\/biblian.is\/videy\/wp-json\/wp\/v2\/users\/1"}],"replies":[{"embeddable":true,"href":"https:\/\/biblian.is\/videy\/wp-json\/wp\/v2\/comments?post=21949"}],"version-history":[{"count":0,"href":"https:\/\/biblian.is\/videy\/wp-json\/wp\/v2\/pages\/21949\/revisions"}],"wp:attachment":[{"href":"https:\/\/biblian.is\/videy\/wp-json\/wp\/v2\/media?parent=21949"}],"curies":[{"name":"wp","href":"https:\/\/api.w.org\/{rel}","templated":true}]}}