{"id":21948,"date":"2018-01-02T01:04:52","date_gmt":"2018-01-02T01:04:52","guid":{"rendered":"http:\/\/biblian.is\/videy\/efesusbrefid-2-kafli\/"},"modified":"2018-01-02T01:04:52","modified_gmt":"2018-01-02T01:04:52","slug":"efesusbrefid-2-kafli","status":"publish","type":"page","link":"https:\/\/biblian.is\/videy\/efesusbrefid-2-kafli\/","title":{"rendered":"Efesusbr\u00e9fi\u00f0 2. kafli"},"content":{"rendered":"<div class=\"fyrirsognVidey\">Postulinn minnir \u00fe\u00e1 kristnu, svo vel af Gy\u00f0ingum sem hei\u00f0ingjum, \u00e1 \u00fea\u00f0, a\u00f0 Kristur hafi kalla\u00f0 \u00fe\u00e1 fr\u00e1 andlegum dau\u00f0a til andlegs l\u00edfs, og sameina\u00f0 \u00fe\u00e1 \u00ed einn s\u00f6fnu\u00f0. Sj\u00e1lfum s\u00e9r hafi \u00feeir \u00fea\u00f0 eigi a\u00f0 \u00feakka.<\/div>\n<p><a name=\"1\"><span class=\"versanumer\">1<\/span><\/a>Og svo hefir hann l\u00edfga\u00f0 y\u00f0ur, sem dau\u00f0ir voru\u00f0 \u00ed yfirtro\u00f0slum og syndum,<a name=\"2\"><span class=\"versanumer\">2<\/span><\/a>er \u00fe\u00e9r l\u00e1gu\u00f0 \u00ed for\u00f0um a\u00f0 heimsins si\u00f0 og a\u00f0 vild \u00feess h\u00f6f\u00f0ingja, sem \u00ed loftinu drottnar, \u00feess anda, sem n\u00fa s\u00fdnir sig verkandi \u00ed vantr\u00faarinnar sonum;<a name=\"3\"><span class=\"versanumer\">3<\/span><\/a>\u00e1 me\u00f0al \u00feessara vorum v\u00e9r og allir for\u00f0um, \u00e1 me\u00f0an v\u00e9r fylgdum vorum holdlegu girndum og hl\u00fdddum holdsins og tilhneiginganna vilja og vorum \u00feess vegna af n\u00e1tt\u00farunni b\u00f6rn rei\u00f0innar eins og hinir.<a name=\"4\"><span class=\"versanumer\">4<\/span><\/a>En Gu\u00f0, sem r\u00edkur er af miskunn, kalla\u00f0i oss, vegna sinnar miklu elsku, me\u00f0 hv\u00f6rri hann elska\u00f0i oss, til l\u00edfsins, me\u00f0 Kristi,<a name=\"5\"><span class=\"versanumer\">5<\/span><\/a>\u00fe\u00e1 v\u00e9r dau\u00f0ir vorum \u00ed misgj\u00f6r\u00f0um vorum\u2014af n\u00e1\u00f0 eru\u00f0 \u00fe\u00e9r h\u00f3lpnir or\u00f0nir\u2014<a name=\"6\"><span class=\"versanumer\">6<\/span><\/a>og hefir uppvaki\u00f0 oss og sett oss \u00e1 himni me\u00f0 Jes\u00fa Kristi,<a name=\"7\"><span class=\"versanumer\">7<\/span><\/a>svo a\u00f0 \u00e1 eftirkomandi \u00f6ldum skyldi s\u00e1 mikli mikilleiki hans n\u00e1\u00f0arl\u00fdsa s\u00e9r \u00e1 velgj\u00f6rningi \u00feeim, er hann veitti oss me\u00f0 Jes\u00fa Kristi;<a name=\"8\"><span class=\"versanumer\">8<\/span><\/a>\u00fev\u00ed af n\u00e1\u00f0 eru\u00f0 \u00fe\u00e9r h\u00f3lpnir or\u00f0nir me\u00f0 tr\u00fanni, og \u00fea\u00f0 er ekki y\u00f0ur a\u00f0 \u00feakka, heldur er \u00fea\u00f0 Gu\u00f0s gj\u00f6f;<a name=\"9\"><span class=\"versanumer\">9<\/span><\/a>ekki af verkunum, svo a\u00f0 enginn hefir ors\u00f6k a\u00f0 st\u00e6ra sig.<a name=\"10\"><span class=\"versanumer\">10<\/span><\/a>V\u00e9r erum hans verk skapa\u00f0ir \u00ed Jes\u00fa Kristi til g\u00f3\u00f0ra verka, sem Gu\u00f0 hefir fyrirfram til\u00e6tla\u00f0 a\u00f0 v\u00e9r stunda skyldum. <br \/><a name=\"11\"><span class=\"versanumer\">11<\/span><\/a>Muni\u00f0 \u00fev\u00ed til \u00feess, a\u00f0 \u00fe\u00e9r voru\u00f0 for\u00f0um holdlega sinna\u00f0ir hei\u00f0ingjar, kalla\u00f0ir \u00f3umskornir af \u00feeim, sem kalla sig umskorna af \u00feeirri umskurn, sem \u00e1 holdinu er me\u00f0 h\u00f6ndum gj\u00f6r\u00f0;<a name=\"12\"><span class=\"versanumer\">12<\/span><\/a>a\u00f0 \u00fe\u00e9r \u00fe\u00e1 voru\u00f0 \u00e1n Krists \u00fatiloka\u00f0ir fr\u00e1 r\u00e9tti Gy\u00f0inganna og fr\u00e1 \u00fev\u00ed a\u00f0 hafa hlut \u00ed fyrirheitsins s\u00e1ttm\u00e1lum, vonarlausir og \u00e1n Gu\u00f0s \u00ed heiminum.<a name=\"13\"><span class=\"versanumer\">13<\/span><\/a>En n\u00fa eru\u00f0 \u00fe\u00e9r \u00ed Kristi hluttakandi og \u00fe\u00e9r, sem \u00e1\u00f0ur voru\u00f0 fj\u00e6rl\u00e6gir, eru\u00f0 n\u00fa n\u00e1l\u00e6gir or\u00f0nir vegna Krists bl\u00f3\u00f0s;<a name=\"14\"><span class=\"versanumer\">14<\/span><\/a>\u00fev\u00ed hann er vor fri\u00f0ur, sem hefir gj\u00f6rt eitt \u00far b\u00e1\u00f0um og ni\u00f0urbroti\u00f0 skilr\u00famsvegginn, fjandskapinn,<a name=\"15\"><span class=\"versanumer\">15<\/span><\/a>og \u00ed s\u00ednu holdi afm\u00e1\u00f0 bo\u00f0or\u00f0anna l\u00f6gm\u00e1l, \u00e1samt me\u00f0 \u00feess setningum, svo a\u00f0 hann skapa\u00f0i af tveimur einn n\u00fdjan mann \u00ed sj\u00e1lfum s\u00e9r,<a name=\"16\"><span class=\"versanumer\">16<\/span><\/a>semdi fri\u00f0 og s\u00e6tti hv\u00f6rjatveggja vi\u00f0 Gu\u00f0 \u00ed einum l\u00edkama fyrir krossinn og deyddi fjandskapinn \u00fear me\u00f0,<a name=\"17\"><span class=\"versanumer\">17<\/span><\/a>kom og bo\u00f0a\u00f0i y\u00f0ur fri\u00f0, sem voru\u00f0 fj\u00e6r og n\u00e6r,<a name=\"18\"><span class=\"versanumer\">18<\/span><\/a>\u00fev\u00ed honum er \u00fea\u00f0 a\u00f0 \u00feakka, a\u00f0 v\u00e9r hv\u00f6rutveggja h\u00f6fum me\u00f0 einum anda a\u00f0gang til f\u00f6\u00f0ursins.<a name=\"19\"><span class=\"versanumer\">19<\/span><\/a>\u00de\u00e9r eru\u00f0 \u00feess vegna ekki framar gestir og framandi, heldur me\u00f0borgarar enna heil\u00f6gu og heimamenn Gu\u00f0s,<a name=\"20\"><span class=\"versanumer\">20<\/span><\/a>bygg\u00f0ir yfir \u00feann grundv\u00f6ll, sem postularnir og sp\u00e1mennirnir hafa lagt, hv\u00f6rs hornsteinn Jes\u00fas Kristur er,<a name=\"21\"><span class=\"versanumer\">21<\/span><\/a>\u00e1 hv\u00f6rjum \u00f6ll s\u00fa samtengda bygging vex til heilags musteris \u00ed Drottni;<a name=\"22\"><span class=\"versanumer\">22<\/span><\/a>ofan \u00e1 hv\u00f6rn \u00fe\u00e9r eru\u00f0 einnig bygg\u00f0ir til b\u00fasta\u00f0ar Gu\u00f0s \u00ed andanum.<\/p>\n<div class=\"footnoteVidey\">V. 1. K\u00f3l. 2,13.  V. 2. 2 Kor. 6,11. T\u00edt. 3,3. K\u00f3l. 3,13. J\u00f3h. 12,31.  V. 3. \u00fe. e. \u00e1\u00f0ur en v\u00e9r uppl\u00fdstumst og betru\u00f0umst af Krists tr\u00fa, J\u00f3h. 3,6. sbr. K\u00f3l. 3,6.7.  V. 4. R\u00f3m. 10,12.  V. 5. sbr. R\u00f3m. 6,4. fl. 8,11.  V. 6. \u00fe. e. s\u00e1 kristilega sinna\u00f0i g\u00e6tir sinnar jar\u00f0nesku k\u00f6llunar, en hans hugur er \u00e1 himni. Sbr. Matt. 10,16.  V. 7. Kap. 1,7. 3,8.  V. 8. sbr. Matt. 16,17. R\u00f3m. 6,23.  V. 9. sbr. R\u00f3m. 3,20.27. 4,2. fl. 1 Kor. 4,7.  V. 10. 2 Kor. 5,17. T\u00edt. 2,14.  V. 12. R\u00f3m. 1,21 (sbr. 9,4). Gal. 4,8. 2 M\u00f3s. 19,6.  V. 13. fj\u00e6rl\u00e6gir, \u00fe. e. \u00fe\u00e9r, vegna \u00feess \u00fe\u00e9r voru\u00f0 hei\u00f0nir, m\u00e1ttu\u00f0 ekki \u00e1\u00f0ur me\u00f0 Gu\u00f0s f\u00f3lki koma til Gu\u00f0s h\u00fass.  V. 14. \u00de. e. honum er a\u00f0 \u00feakka, a\u00f0 v\u00e9r getum \u00feenkt Gu\u00f0 oss n\u00e1\u00f0ugan, J\u00f3h. 10,16. Gal. 3,28.  V. 15. K\u00f3l. 2,14. nl. Gy\u00f0ingum og hei\u00f0ingjum.  V. 16. sbr. K\u00f3l. 1,20.  V. 17. Esa. 57,19.  V. 18. J\u00f3h. 14,6. R\u00f3m. 5,2. Hebr. 10,19.  V. 19. Filipp. 3,20. Hebr. 12,22.23.  V. 20. sbr. Matt. 16,18. 1 Kor. 3,9.10.  V. 21. Kap. 4,16. 1 Kor. 3,16.  V. 22. 1 P\u00e9t. 2,5.<\/div>\n","protected":false},"excerpt":{"rendered":"<p>Postulinn minnir \u00fe\u00e1 kristnu, svo vel af Gy\u00f0ingum sem hei\u00f0ingjum, \u00e1 \u00fea\u00f0, a\u00f0 Kristur hafi kalla\u00f0 \u00fe\u00e1 fr\u00e1 andlegum dau\u00f0a til andlegs l\u00edfs, og sameina\u00f0 \u00fe\u00e1 \u00ed einn s\u00f6fnu\u00f0. Sj\u00e1lfum s\u00e9r hafi \u00feeir \u00fea\u00f0 eigi a\u00f0 \u00feakka. 1Og svo hefir hann l\u00edfga\u00f0 y\u00f0ur, sem dau\u00f0ir voru\u00f0 \u00ed yfirtro\u00f0slum og syndum,2er \u00fe\u00e9r l\u00e1gu\u00f0 \u00ed for\u00f0um a\u00f0 heimsins si\u00f0 og a\u00f0 vild \u00feess h\u00f6f\u00f0ingja, sem \u00ed loftinu drottnar, \u00feess anda, sem n\u00fa s\u00fdnir sig verkandi \u00ed vantr\u00faarinnar sonum;3\u00e1 me\u00f0al \u00feessara vorum v\u00e9r og allir for\u00f0um, \u00e1 me\u00f0an v\u00e9r fylgdum vorum holdlegu girndum og hl\u00fdddum holdsins og tilhneiginganna vilja og vorum \u00feess vegna <a href=\"https:\/\/biblian.is\/videy\/efesusbrefid-2-kafli\/\"> [&#8230;]<\/a><\/p>\n","protected":false},"author":1,"featured_media":0,"parent":0,"menu_order":0,"comment_status":"open","ping_status":"open","template":"bibliukaflar.php","meta":{"footnotes":""},"class_list":["post-21948","page","type-page","status-publish","hentry"],"_links":{"self":[{"href":"https:\/\/biblian.is\/videy\/wp-json\/wp\/v2\/pages\/21948","targetHints":{"allow":["GET"]}}],"collection":[{"href":"https:\/\/biblian.is\/videy\/wp-json\/wp\/v2\/pages"}],"about":[{"href":"https:\/\/biblian.is\/videy\/wp-json\/wp\/v2\/types\/page"}],"author":[{"embeddable":true,"href":"https:\/\/biblian.is\/videy\/wp-json\/wp\/v2\/users\/1"}],"replies":[{"embeddable":true,"href":"https:\/\/biblian.is\/videy\/wp-json\/wp\/v2\/comments?post=21948"}],"version-history":[{"count":0,"href":"https:\/\/biblian.is\/videy\/wp-json\/wp\/v2\/pages\/21948\/revisions"}],"wp:attachment":[{"href":"https:\/\/biblian.is\/videy\/wp-json\/wp\/v2\/media?parent=21948"}],"curies":[{"name":"wp","href":"https:\/\/api.w.org\/{rel}","templated":true}]}}