{"id":21947,"date":"2018-01-02T01:04:52","date_gmt":"2018-01-02T01:04:52","guid":{"rendered":"http:\/\/biblian.is\/videy\/efesusbrefid-1-kafli\/"},"modified":"2018-01-02T01:04:52","modified_gmt":"2018-01-02T01:04:52","slug":"efesusbrefid-1-kafli","status":"publish","type":"page","link":"https:\/\/biblian.is\/videy\/efesusbrefid-1-kafli\/","title":{"rendered":"Efesusbr\u00e9fi\u00f0 1. kafli"},"content":{"rendered":"<div class=\"fyrirsognVidey\">P\u00e1ll \u00feakkar Gu\u00f0i fyrir Krists velgj\u00f6rninga. Bi\u00f0ur a\u00f0 Gu\u00f0 vilji enn betur uppl\u00fdsa \u00fe\u00e1 um mikilleik \u00feessara velgj\u00f6rninga.<\/div>\n<p><a name=\"1\"><span class=\"versanumer\">1<\/span><\/a>P\u00e1ll, a\u00f0 Gu\u00f0s vild postuli Jes\u00fa Krists, \u00f3skar n\u00e1\u00f0ar og fri\u00f0ar af Gu\u00f0i vorum F\u00f6\u00f0ur og Drottni Jes\u00fa Kristi,<a name=\"2\"><span class=\"versanumer\">2<\/span><\/a>\u00f6llum heil\u00f6gum, sem eru \u00ed Efesus og tr\u00faa \u00e1 Jes\u00fam Krist.<br \/><a name=\"3\"><span class=\"versanumer\">3<\/span><\/a>Lofa\u00f0ur s\u00e9 Gu\u00f0 og Fa\u00f0ir vors Drottins Jes\u00fa Krists, er oss hefir fyrir Krist blessa\u00f0, me\u00f0 alls konar andlegri og himneskri blessun;<a name=\"4\"><span class=\"versanumer\">4<\/span><\/a>l\u00edka sem hann og hefir \u00fatvali\u00f0 oss me\u00f0 honum \u00e1\u00f0ur en ver\u00f6ldin var grundv\u00f6llu\u00f0, til \u00feess a\u00f0 v\u00e9r vera skyldum heilagir og flekklausir fyrir hans augliti,<a name=\"5\"><span class=\"versanumer\">5<\/span><\/a>og af elsku hefir fyrirhuga\u00f0 oss, eftir vel\u00fe\u00f3knun s\u00edns vilja, barnar\u00e9tt hj\u00e1 s\u00e9r fyrir Jes\u00fam Krist,<a name=\"6\"><span class=\"versanumer\">6<\/span><\/a>til lofs sinni d\u00fdr\u00f0legu n\u00e1\u00f0, er hann veitti oss \u00ed s\u00ednum elskulega,<a name=\"7\"><span class=\"versanumer\">7<\/span><\/a>fyrir hv\u00f6rn, \u00fea\u00f0 er fyrir hans bl\u00f3\u00f0, v\u00e9r h\u00f6fum lausnina \u00f6\u00f0last: fyrirgefningu syndanna af r\u00edkd\u00f3mi Gu\u00f0s g\u00e6sku,<a name=\"8\"><span class=\"versanumer\">8<\/span><\/a>hv\u00f6rja hann hefir r\u00edkuglega l\u00e1ti\u00f0 oss \u00ed t\u00e9, me\u00f0 \u00fev\u00ed a\u00f0 veita oss v\u00edsd\u00f3m og skilning,<a name=\"9\"><span class=\"versanumer\">9<\/span><\/a>\u00ed \u00fev\u00ed hann opinbera\u00f0i oss leyndarr\u00e1\u00f0 s\u00edns vel\u00fe\u00f3knanlega vilja, er hann haf\u00f0i \u00e1\u00f0ur \u00e1lykta\u00f0 me\u00f0 sj\u00e1lfum s\u00e9r,<a name=\"10\"><span class=\"versanumer\">10<\/span><\/a>nefnilega: \u00fe\u00e1 s\u00edna r\u00e1\u00f0st\u00f6fun, a\u00f0 \u00ed uppfyllingu t\u00edmans allt skyldi sameinast \u00ed Kristi, b\u00e6\u00f0i \u00fea\u00f0, sem er \u00e1 himni og \u00e1 j\u00f6r\u00f0u;<a name=\"11\"><span class=\"versanumer\">11<\/span><\/a>\u00ed \u00feeim, \u00ed hv\u00f6rjum einnig v\u00e9r, sem \u00e1\u00f0ur v\u00e6ntum hans, h\u00f6fum hluttekningu \u00f6\u00f0last; v\u00e9r, sem eftir fyrirhugun Gu\u00f0s, er framkv\u00e6mir allt eftir r\u00e1\u00f0i s\u00edns vilja, \u00e1\u00f0ur \u00e1kvar\u00f0a\u00f0ir vorum,<a name=\"12\"><span class=\"versanumer\">12<\/span><\/a>til \u00feess a\u00f0 v\u00e9r, sem fyrirfram vonu\u00f0um upp \u00e1 Krist, s\u00e9um hans d\u00fdr\u00f0 til lofs.<a name=\"13\"><span class=\"versanumer\">13<\/span><\/a>\u00cd hv\u00f6rjum og \u00fe\u00e9r, sem heyrt hafi\u00f0 sannleiksins l\u00e6rd\u00f3m, n\u00e1\u00f0arl\u00e6rd\u00f3m y\u00f0ar s\u00e1luhj\u00e1lpar, \u00ed hv\u00f6rjum og \u00fe\u00e9r, sem tr\u00fai\u00f0, eru\u00f0 innsigla\u00f0ir me\u00f0 \u00feeim fyrirheitna heilaga Anda,<a name=\"14\"><span class=\"versanumer\">14<\/span><\/a>sem er pantur vorrar arfleif\u00f0ar, \u00feanga\u00f0 til lausnarinn kemur fyrir \u00fe\u00e1, sem hans eru, til lofs hans d\u00fdr\u00f0ar. <br \/><a name=\"15\"><span class=\"versanumer\">15<\/span><\/a>\u00deess vegna, fr\u00e1 \u00fev\u00ed eg fr\u00e9tti um tr\u00fa y\u00f0ar \u00e1 Drottin Jes\u00fam og elsku y\u00f0ar til allra heilagra,<a name=\"16\"><span class=\"versanumer\">16<\/span><\/a>hefi eg ekki afl\u00e1ti\u00f0 a\u00f0 \u00feakka Gu\u00f0i fyrir y\u00f0ur og minnast y\u00f0ar \u00ed m\u00ednum b\u00e6num,<a name=\"17\"><span class=\"versanumer\">17<\/span><\/a>a\u00f0 Gu\u00f0 Drottins vors Jes\u00fa Krists, d\u00fdr\u00f0arinnar Fa\u00f0ir, vildi gefa y\u00f0ur v\u00edsd\u00f3ms- og opinberunaranda \u00ed sinni \u00feekkingu,<a name=\"18\"><span class=\"versanumer\">18<\/span><\/a>og uppl\u00fdsa augu y\u00f0ar hugskots, svo \u00fe\u00e9r \u00feekkt geti\u00f0, hv\u00edl\u00edk a\u00f0 s\u00e9 von y\u00f0ar k\u00f6llunar og hva\u00f0 yfri\u00f0 d\u00fdr\u00f0leg s\u00fa arfleif\u00f0 s\u00e9, sem hann hefir \u00feeim heil\u00f6gu fyrirhuga\u00f0,<a name=\"19\"><span class=\"versanumer\">19<\/span><\/a>og \u00feekkt \u00feann yfirgn\u00e6fanlega mikilleika hans m\u00e1ttar, sem hann hefir s\u00fdnt \u00e1 oss, sem tr\u00faum fyrir kraft \u00feess hins sama alm\u00e6ttis,<a name=\"20\"><span class=\"versanumer\">20<\/span><\/a>sem hann s\u00fdndi \u00e1 Kristi, \u00fe\u00e1 hann uppvakti hann fr\u00e1 dau\u00f0um og setti til h\u00e6gri handar sj\u00e1lfum s\u00e9r \u00e1 himnum,<a name=\"21\"><span class=\"versanumer\">21<\/span><\/a>yfir allan h\u00f6f\u00f0ingjad\u00f3m og yfirr\u00e1\u00f0, makt og herraveldi og allt \u00fea\u00f0, sem nafn hefir, ekki einungis \u00e1 \u00feessari \u00f6ld, heldur og \u00feeirri tilkomandi.<a name=\"22\"><span class=\"versanumer\">22<\/span><\/a>Allt hefir hann lagt honum undir f\u00e6tur og sett hann h\u00f6f\u00f0ingja yfir \u00f6llu \u00ed hans s\u00f6fnu\u00f0i,<a name=\"23\"><span class=\"versanumer\">23<\/span><\/a>sem er hans l\u00edkami, fylling \u00feess sem uppfyllir allt \u00ed \u00f6llum.<\/p>\n<div class=\"footnoteVidey\">V. 3. 2 Kor. 1,3. P\u00e9t. 1,3.  V. 4. R\u00f3m. 8,29.30. 2 Tess. 2,13. L\u00fak. 1,75. Efes. 2,10.  fyrir hans augliti, \u00fe. e. hr\u00e6snislaust.  V. 5. R\u00f3m. 8,15,29. Gal. 4,5.  V. 6. Matt. 3,17. 17,5.  V. 7. Post. gb. 20,28. K\u00f3l. 1,14. 1 P\u00e9t. 1,18.19.  V. 9. K\u00f3l. 1,26.  V. 10. 1 M\u00f3s. 49,10. Dan. 9,24. Gal. 4,4. K\u00f3l. 1,20. 1 Kor. 15,24.28. Fil. 2,9\u201311.  V. 11. K\u00f3l. 1,12. R\u00f3m. 8,29.30.  V. 13. og 14. Sannf\u00e6ringin er or\u00f0in \u00f3bifanleg hj\u00e1 y\u00f0ur (\u00fe\u00e9r eru\u00f0 innsigla\u00f0ir) um Krists l\u00e6rd\u00f3ms sannleika og y\u00f0ar s\u00e1luhj\u00e1lp og \u00fea\u00f0 gu\u00f0lega og heilaga hugarfar, sem \u00feessi sannf\u00e6ring veitir, er y\u00f0ur pantur upp \u00e1, a\u00f0 \u00fe\u00e9r ver\u00f0i\u00f0 eil\u00edfrar s\u00e6lu (arfleif\u00f0ar) nj\u00f3tandi. R\u00f3m. 8,15\u201317.23. T\u00edt. 2,14. 1 P\u00e9t. 2,9.  V. 20. Post. gb. 2,24. S\u00e1lm. 110,1. sbr. 1 Kor. 15,25.  V. 21. Filipp. 2,9. K\u00f3l. 2,10. \u00fe. e. \u00ed \u00feessu l\u00edfi.  V. 22. S\u00e1lm. 8,7. Matt. 28,18. K\u00f3l. 1,18.  V. 23. 1 Kor. 12,12.27. Efes. 4,16.<\/div>\n","protected":false},"excerpt":{"rendered":"<p>P\u00e1ll \u00feakkar Gu\u00f0i fyrir Krists velgj\u00f6rninga. Bi\u00f0ur a\u00f0 Gu\u00f0 vilji enn betur uppl\u00fdsa \u00fe\u00e1 um mikilleik \u00feessara velgj\u00f6rninga. 1P\u00e1ll, a\u00f0 Gu\u00f0s vild postuli Jes\u00fa Krists, \u00f3skar n\u00e1\u00f0ar og fri\u00f0ar af Gu\u00f0i vorum F\u00f6\u00f0ur og Drottni Jes\u00fa Kristi,2\u00f6llum heil\u00f6gum, sem eru \u00ed Efesus og tr\u00faa \u00e1 Jes\u00fam Krist.3Lofa\u00f0ur s\u00e9 Gu\u00f0 og Fa\u00f0ir vors Drottins Jes\u00fa Krists, er oss hefir fyrir Krist blessa\u00f0, me\u00f0 alls konar andlegri og himneskri blessun;4l\u00edka sem hann og hefir \u00fatvali\u00f0 oss me\u00f0 honum \u00e1\u00f0ur en ver\u00f6ldin var grundv\u00f6llu\u00f0, til \u00feess a\u00f0 v\u00e9r vera skyldum heilagir og flekklausir fyrir hans augliti,5og af elsku hefir fyrirhuga\u00f0 oss, eftir vel\u00fe\u00f3knun <a href=\"https:\/\/biblian.is\/videy\/efesusbrefid-1-kafli\/\"> [&#8230;]<\/a><\/p>\n","protected":false},"author":1,"featured_media":0,"parent":0,"menu_order":0,"comment_status":"open","ping_status":"open","template":"bibliukaflar.php","meta":{"footnotes":""},"class_list":["post-21947","page","type-page","status-publish","hentry"],"_links":{"self":[{"href":"https:\/\/biblian.is\/videy\/wp-json\/wp\/v2\/pages\/21947","targetHints":{"allow":["GET"]}}],"collection":[{"href":"https:\/\/biblian.is\/videy\/wp-json\/wp\/v2\/pages"}],"about":[{"href":"https:\/\/biblian.is\/videy\/wp-json\/wp\/v2\/types\/page"}],"author":[{"embeddable":true,"href":"https:\/\/biblian.is\/videy\/wp-json\/wp\/v2\/users\/1"}],"replies":[{"embeddable":true,"href":"https:\/\/biblian.is\/videy\/wp-json\/wp\/v2\/comments?post=21947"}],"version-history":[{"count":0,"href":"https:\/\/biblian.is\/videy\/wp-json\/wp\/v2\/pages\/21947\/revisions"}],"wp:attachment":[{"href":"https:\/\/biblian.is\/videy\/wp-json\/wp\/v2\/media?parent=21947"}],"curies":[{"name":"wp","href":"https:\/\/api.w.org\/{rel}","templated":true}]}}