{"id":21946,"date":"2018-01-02T01:04:52","date_gmt":"2018-01-02T01:04:52","guid":{"rendered":"http:\/\/biblian.is\/videy\/galatabrefid-6-kafli\/"},"modified":"2018-01-02T01:04:52","modified_gmt":"2018-01-02T01:04:52","slug":"galatabrefid-6-kafli","status":"publish","type":"page","link":"https:\/\/biblian.is\/videy\/galatabrefid-6-kafli\/","title":{"rendered":"Galatabr\u00e9fi\u00f0 6. kafli"},"content":{"rendered":"<div class=\"fyrirsognVidey\">P\u00e1ll \u00e1minnir til \u00fdmislegra dygg\u00f0a. Varar vi\u00f0 falskennendum.<\/div>\n<p><a name=\"1\"><span class=\"versanumer\">1<\/span><\/a>G\u00f3\u00f0ir br\u00e6\u00f0ur! ver\u00f0i nokkur fundinn a\u00f0 einhv\u00f6rri synd, \u00fe\u00e1 lei\u00f0r\u00e9tti\u00f0 \u00fe\u00e9r, sem andlegir eru\u00f0, hann me\u00f0 h\u00f3gv\u00e6r\u00f0; en s\u00e9rhv\u00f6r g\u00e6ti a\u00f0 sj\u00e1lfum s\u00e9r, a\u00f0 hann lei\u00f0ist ekki til syndar.<a name=\"2\"><span class=\"versanumer\">2<\/span><\/a>S\u00e9rhv\u00f6r umberi annars bresti; \u00fe\u00e1 hafi\u00f0 \u00fe\u00e9r uppfyllt Krists l\u00f6gm\u00e1l.<a name=\"3\"><span class=\"versanumer\">3<\/span><\/a>\u00deykist nokkur mikill, en er \u00fea\u00f0 \u00fe\u00f3 ekki, hann dregur sj\u00e1lfan sig \u00e1 t\u00e1lar.<a name=\"4\"><span class=\"versanumer\">4<\/span><\/a>En s\u00e9rhv\u00f6r rannsaki s\u00edn verk og hr\u00f3si s\u00e9r \u00fe\u00e1 einungis me\u00f0 sj\u00e1lfum s\u00e9r, en ekki fyrir \u00f6\u00f0rum;<a name=\"5\"><span class=\"versanumer\">5<\/span><\/a>\u00fev\u00ed hv\u00f6r einn mun hafa s\u00edna byr\u00f0i a\u00f0 bera. <br \/><a name=\"6\"><span class=\"versanumer\">6<\/span><\/a>S\u00e1, sem uppfr\u00e6\u00f0ist, veiti \u00feeim alls konar g\u00e6\u00f0i, er hann uppfr\u00e6\u00f0ir.<a name=\"7\"><span class=\"versanumer\">7<\/span><\/a>Villist ekki, Gu\u00f0 l\u00e6tur ekki a\u00f0 s\u00e9r h\u00e6\u00f0a; \u00fev\u00ed \u00fea\u00f0, sem hv\u00f6r einn s\u00e1ir, \u00fea\u00f0 mun hann uppskera.<a name=\"8\"><span class=\"versanumer\">8<\/span><\/a>S\u00e1, sem \u00ed sitt hold s\u00e1ir <span class='VideyAth'>a)<\/span>, mun \u00fear af gl\u00f6tun uppskera; en s\u00e1, sem \u00ed andann ni\u00f0urs\u00e1ir <span class='VideyAth'>b)<\/span>, mun af andanum uppskera eil\u00edft l\u00edf.<a name=\"9\"><span class=\"versanumer\">9<\/span><\/a>L\u00e1tum oss ekki \u00fereytast a\u00f0 gj\u00f6ra gott, \u00fev\u00ed \u00e1 s\u00ednum t\u00edma munum v\u00e9r uppskera, ef v\u00e9r ekki letjumst.<a name=\"10\"><span class=\"versanumer\">10<\/span><\/a>\u00deess vegna, \u00e1 me\u00f0an t\u00edmi er til, \u00fe\u00e1 gj\u00f6rum \u00f6llum gott, en \u00fe\u00f3 \u00feeim helst, sem eru s\u00f6mu tr\u00faar, sem v\u00e9r. <br \/><a name=\"11\"><span class=\"versanumer\">11<\/span><\/a>Sj\u00e1i\u00f0 hva\u00f0 langt br\u00e9f eg hefi skrifa\u00f0 y\u00f0ur, me\u00f0 minni eigin hendi.<a name=\"12\"><span class=\"versanumer\">12<\/span><\/a>\u00deeir, sem eru a\u00f0 \u00ferengja y\u00f0ur til a\u00f0 umskerast, eru \u00feeir sem s\u00e6kjast eftir yfirbur\u00f0um \u00ed \u00fev\u00ed \u00fatvortis, einungis til \u00feess \u00feeir komist hj\u00e1 ofs\u00f3knum vegna krossins Krists;<a name=\"13\"><span class=\"versanumer\">13<\/span><\/a>\u00fev\u00ed ekki var\u00f0veita sj\u00e1lfir \u00feeir, sem umskornir eru, l\u00f6gm\u00e1li\u00f0, heldur vilja \u00feeir a\u00f0 \u00fe\u00e9r umskerist, svo \u00feeir geti st\u00e6rt sig af y\u00f0ar holdi.<a name=\"14\"><span class=\"versanumer\">14<\/span><\/a>En langt s\u00e9 fr\u00e1 m\u00e9r a\u00f0 hr\u00f3sa m\u00e9r af \u00f6\u00f0ru, en krossi Drottins vors Jes\u00fa Krists, vegna hv\u00f6rs heimurinn er m\u00e9r krossfestur og eg heiminum.<a name=\"15\"><span class=\"versanumer\">15<\/span><\/a>Hj\u00e1 Jes\u00fa Kristi gildir hv\u00f6rki umskurn n\u00e9 yfirh\u00fa\u00f0, heldur a\u00f0 ma\u00f0urinn s\u00e9 n\u00fd skepna <span class='VideyAth'>a)<\/span>.<a name=\"16\"><span class=\"versanumer\">16<\/span><\/a>Yfir svo m\u00f6rgum, sem \u00feessu fylgja, hv\u00edli fri\u00f0ur og miskunn og yfir \u00cdsraeli Gu\u00f0s!<a name=\"17\"><span class=\"versanumer\">17<\/span><\/a>Enginn m\u00e6\u00f0i mig h\u00e9\u00f0an \u00ed fr\u00e1, \u00fev\u00ed eg ber merki Jes\u00fa Krists \u00e1 m\u00ednum l\u00edkama.<a name=\"18\"><span class=\"versanumer\">18<\/span><\/a>N\u00e1\u00f0in Drottins Jes\u00fa Krists s\u00e9 me\u00f0 y\u00f0ar anda, br\u00e6\u00f0ur! Amen!<\/p>\n<div class=\"footnoteVidey\">V. 1. Matt. 18,15. R\u00f3m. 14,1. 15,1. 1 Kor. 10,12.  V. 2. 1 Tess. 5,14. R\u00f3m. 15,1. 1 J\u00f3h. 4,21.  V. 3. Jak. 1,26.  V. 4. 2 Kor. 13,5. ef hann finnur \u00feau hr\u00f3sver\u00f0.  V. 6. 1 Kor. 9,11.  V. 7. L\u00fak. 16,25. R\u00f3m. 2,6.  V. 8. Or\u00f0skv. b. 22,8. 2 Tess. 1,9. S\u00e1lm. 126,5. a. \u00fe. e. lifir eftir s\u00ednum holdlegu girndum; b. breytir eftir \u00fev\u00ed, sem af Krists l\u00e6rd\u00f3mi uppl\u00fdst samviska kennir honum.  V. 9. S\u00edr. 51,38. 2 Tess. 3,13.  V. 10. sbr. 1 T\u00edm. 5,8. R\u00f3m. 2,10. 8,6.  V. 12. sbr. Filipp. 3,18.  V. 13. y\u00f0ar umskurn.  V. 15. a. betra\u00f0ur, 2 Kor. 5,17.<\/div>\n","protected":false},"excerpt":{"rendered":"<p>P\u00e1ll \u00e1minnir til \u00fdmislegra dygg\u00f0a. Varar vi\u00f0 falskennendum. 1G\u00f3\u00f0ir br\u00e6\u00f0ur! ver\u00f0i nokkur fundinn a\u00f0 einhv\u00f6rri synd, \u00fe\u00e1 lei\u00f0r\u00e9tti\u00f0 \u00fe\u00e9r, sem andlegir eru\u00f0, hann me\u00f0 h\u00f3gv\u00e6r\u00f0; en s\u00e9rhv\u00f6r g\u00e6ti a\u00f0 sj\u00e1lfum s\u00e9r, a\u00f0 hann lei\u00f0ist ekki til syndar.2S\u00e9rhv\u00f6r umberi annars bresti; \u00fe\u00e1 hafi\u00f0 \u00fe\u00e9r uppfyllt Krists l\u00f6gm\u00e1l.3\u00deykist nokkur mikill, en er \u00fea\u00f0 \u00fe\u00f3 ekki, hann dregur sj\u00e1lfan sig \u00e1 t\u00e1lar.4En s\u00e9rhv\u00f6r rannsaki s\u00edn verk og hr\u00f3si s\u00e9r \u00fe\u00e1 einungis me\u00f0 sj\u00e1lfum s\u00e9r, en ekki fyrir \u00f6\u00f0rum;5\u00fev\u00ed hv\u00f6r einn mun hafa s\u00edna byr\u00f0i a\u00f0 bera. 6S\u00e1, sem uppfr\u00e6\u00f0ist, veiti \u00feeim alls konar g\u00e6\u00f0i, er hann uppfr\u00e6\u00f0ir.7Villist ekki, Gu\u00f0 l\u00e6tur ekki a\u00f0 s\u00e9r <a href=\"https:\/\/biblian.is\/videy\/galatabrefid-6-kafli\/\"> [&#8230;]<\/a><\/p>\n","protected":false},"author":1,"featured_media":0,"parent":0,"menu_order":0,"comment_status":"open","ping_status":"open","template":"bibliukaflar.php","meta":{"footnotes":""},"class_list":["post-21946","page","type-page","status-publish","hentry"],"_links":{"self":[{"href":"https:\/\/biblian.is\/videy\/wp-json\/wp\/v2\/pages\/21946","targetHints":{"allow":["GET"]}}],"collection":[{"href":"https:\/\/biblian.is\/videy\/wp-json\/wp\/v2\/pages"}],"about":[{"href":"https:\/\/biblian.is\/videy\/wp-json\/wp\/v2\/types\/page"}],"author":[{"embeddable":true,"href":"https:\/\/biblian.is\/videy\/wp-json\/wp\/v2\/users\/1"}],"replies":[{"embeddable":true,"href":"https:\/\/biblian.is\/videy\/wp-json\/wp\/v2\/comments?post=21946"}],"version-history":[{"count":0,"href":"https:\/\/biblian.is\/videy\/wp-json\/wp\/v2\/pages\/21946\/revisions"}],"wp:attachment":[{"href":"https:\/\/biblian.is\/videy\/wp-json\/wp\/v2\/media?parent=21946"}],"curies":[{"name":"wp","href":"https:\/\/api.w.org\/{rel}","templated":true}]}}