{"id":21942,"date":"2018-01-02T01:04:52","date_gmt":"2018-01-02T01:04:52","guid":{"rendered":"http:\/\/biblian.is\/videy\/galatabrefid-2-kafli\/"},"modified":"2018-01-02T01:04:52","modified_gmt":"2018-01-02T01:04:52","slug":"galatabrefid-2-kafli","status":"publish","type":"page","link":"https:\/\/biblian.is\/videy\/galatabrefid-2-kafli\/","title":{"rendered":"Galatabr\u00e9fi\u00f0 2. kafli"},"content":{"rendered":"<div class=\"fyrirsognVidey\">P\u00e1ll segir fr\u00e1 vi\u00f0kynningu sinni vi\u00f0 postulana og einkum vi\u00f0 P\u00e9tur. Kennir, a\u00f0 r\u00e9ttl\u00e6tingin komi af tr\u00fanni.<\/div>\n<p><a name=\"1\"><span class=\"versanumer\">1<\/span><\/a>Fj\u00f3rt\u00e1n \u00e1rum s\u00ed\u00f0ar f\u00f3r eg aftur upp til Jer\u00fasalem, \u00e1samt me\u00f0 Barnabas og t\u00f3k \u00fe\u00e1 T\u00edtum me\u00f0 m\u00e9r.<a name=\"2\"><span class=\"versanumer\">2<\/span><\/a>\u00de\u00e1 fer\u00f0 stofna\u00f0i eg eftir opinberun og sk\u00fdr\u00f0i \u00feeim \u00fear fr\u00e1, en s\u00e9r \u00ed lagi \u00feeim helstu, hv\u00edl\u00edkur s\u00e1 l\u00e6rd\u00f3mur v\u00e6ri, sem eg kenndi hei\u00f0num \u00fej\u00f3\u00f0um, a\u00f0 eg enganveginn hlypi forgefins, e\u00f0ur hef\u00f0i hlaupi\u00f0;<a name=\"3\"><span class=\"versanumer\">3<\/span><\/a>en ekki var T\u00edtusi, gr\u00edskum manni, sem var me\u00f0 m\u00e9r, \u00ferengt til a\u00f0 l\u00e1ta umskera sig.<a name=\"4\"><span class=\"versanumer\">4<\/span><\/a>En fer\u00f0ina f\u00f3r eg vegna \u00feeirra falskristnu, er smeygt h\u00f6f\u00f0u s\u00e9r inn, til a\u00f0 nj\u00f3sna hva\u00f0a frelsi v\u00e9r br\u00faku\u00f0um \u00ed Jes\u00fa Krists tr\u00fa, svo a\u00f0 \u00feeir g\u00e6tu hneppt oss \u00ed \u00fer\u00e6ld\u00f3m.<a name=\"5\"><span class=\"versanumer\">5<\/span><\/a>Undan \u00feessum vilda eg ekki l\u00e1ta, ekki einu sinni um stundar sakir, svo a\u00f0 sannleiki l\u00e6rd\u00f3msins vi\u00f0h\u00e9ldist hj\u00e1 y\u00f0ur.<a name=\"6\"><span class=\"versanumer\">6<\/span><\/a>Mig skiptir engu \u00ed hv\u00f6rsu miklu \u00e1liti \u00feeir eru, sem helstir eru haldnir, <span class='VideyAth'>(Gu\u00f0 fer ekki a\u00f0 mannvir\u00f0ingum)<\/span>, \u00feeir hinir helstu hafa engu vi\u00f0 minn l\u00e6rd\u00f3m b\u00e6tt;<a name=\"7\"><span class=\"versanumer\">7<\/span><\/a>heldur gagnst\u00e6tt, \u00feegar \u00feeir s\u00e1u a\u00f0 m\u00e9r var tr\u00faa\u00f0 fyrir a\u00f0 kenna enum \u00f3umskornu, eins og P\u00e9tri enum umskornu,<a name=\"8\"><span class=\"versanumer\">8<\/span><\/a><span class='VideyAth'>(\u00fev\u00ed s\u00e1, sem haf\u00f0i eflt P\u00e9tur til hans postulaemb\u00e6ttis me\u00f0al enna umskornu, hefir eins eflt mig me\u00f0al hei\u00f0inna \u00fej\u00f3\u00f0a)<\/span>,<a name=\"9\"><span class=\"versanumer\">9<\/span><\/a>og l\u00e6r\u00f0u a\u00f0 \u00feekkja hv\u00edl\u00edk n\u00e1\u00f0 m\u00e9r var veitt; \u00fe\u00e1 r\u00e9ttu \u00feeir Jakob, Kefas <span class='VideyAth'>a)<\/span> og J\u00f3hannes, sem eru haldnir m\u00e1ttarst\u00f3lpar, br\u00f3\u00f0urlega a\u00f0 m\u00e9r og Barnabasi h\u00f6nd s\u00edna, upp \u00e1 \u00fea\u00f0, a\u00f0 v\u00e9r skyldum vera postular hei\u00f0inna \u00fej\u00f3\u00f0a, en \u00feeir hinna umskornu.<a name=\"10\"><span class=\"versanumer\">10<\/span><\/a>Einungis beiddu \u00feeir oss, a\u00f0 eg minntist f\u00e1t\u00e6kra og \u00fea\u00f0 hefi eg l\u00edka kappkosta\u00f0 a\u00f0 gj\u00f6ra.<br \/><a name=\"11\"><span class=\"versanumer\">11<\/span><\/a>En \u00feegar P\u00e9tur kom til Antiokiu, fann eg a\u00f0 vi\u00f0 hann upp \u00ed opin augun, \u00fev\u00ed hans breytni var a\u00f0finningar ver\u00f0.<a name=\"12\"><span class=\"versanumer\">12<\/span><\/a>\u00dev\u00ed \u00e1\u00f0ur en nokkrir komu fr\u00e1 Jakob, haf\u00f0i hann samneyti vi\u00f0 hei\u00f0na menn <span class='VideyAth'>b)<\/span> en eftir \u00fea\u00f0 a\u00f0 \u00feeir voru komnir, dr\u00f3 hann sig \u00ed hl\u00e9 og skildi sig fr\u00e1 \u00feeim, \u00fev\u00ed hann \u00f3tta\u00f0ist \u00fe\u00e1 umskornu <span class='VideyAth'>c)<\/span>,<a name=\"13\"><span class=\"versanumer\">13<\/span><\/a>a\u00f0rir Gy\u00f0ingar f\u00f3ru \u00fe\u00e1 og a\u00f0 hr\u00e6sna me\u00f0 honum, svo a\u00f0 jafnvel Barnabas fl\u00e6ktist me\u00f0 \u00ed s\u00f6mu hr\u00e6sni.<a name=\"14\"><span class=\"versanumer\">14<\/span><\/a>En \u00feegar eg s\u00e1, a\u00f0 \u00feeir gengu ekki beint eftir sannleika l\u00e6rd\u00f3msins, sag\u00f0i eg vi\u00f0 P\u00e9tur \u00ed allra \u00e1heyrn: \u00far \u00fev\u00ed \u00fe\u00fa, sem ert Gy\u00f0ingur, fylgir ekki Gy\u00f0inga-, heldur hei\u00f0ingjah\u00e1ttum, \u00fev\u00ed ney\u00f0ir \u00fe\u00fa \u00fe\u00e1 hei\u00f0ingja a\u00f0 lifa eftir Gy\u00f0ingasi\u00f0um.<a name=\"15\"><span class=\"versanumer\">15<\/span><\/a>V\u00e9r erum a\u00f0 \u00e6tterni Gy\u00f0ingar, en ekki bersyndugir hei\u00f0ingjar.<a name=\"16\"><span class=\"versanumer\">16<\/span><\/a>En me\u00f0 \u00fev\u00ed v\u00e9r vitum, a\u00f0 ma\u00f0urinn r\u00e9ttl\u00e6tist ekki af verkum l\u00f6gm\u00e1lsins, heldur fyrir tr\u00fana \u00e1 Jes\u00fam Krist, \u00fe\u00e1 h\u00f6fum v\u00e9r teki\u00f0 tr\u00fa Jes\u00fa Krists, svo v\u00e9r r\u00e9ttl\u00e6ttumst af tr\u00fa Krists, en ekki verkum l\u00f6gm\u00e1lsins, \u201e\u00fev\u00ed enginn ma\u00f0ur r\u00e9ttl\u00e6tist af verkum l\u00f6gm\u00e1lsins.\u201c<a name=\"17\"><span class=\"versanumer\">17<\/span><\/a>En ef v\u00e9r, sem kappkostum a\u00f0 r\u00e9ttl\u00e6tast \u00ed Kristi sj\u00e1lfir, finnumst syndarar, er \u00fe\u00e1 Kristur \u00fej\u00f3n syndarinnar? fj\u00e6rri fer \u00fev\u00ed.<a name=\"18\"><span class=\"versanumer\">18<\/span><\/a>\u00dev\u00ed f\u00e6ri eg aftur a\u00f0 uppbyggja \u00fea\u00f0, sem eg \u00e1\u00f0ur ni\u00f0urbraut, \u00fe\u00e1 sanna\u00f0i eg \u00fear me\u00f0, a\u00f0 eg hef\u00f0i \u00e1\u00f0ur ranglega breytt.<a name=\"19\"><span class=\"versanumer\">19<\/span><\/a>Eg er vegna l\u00f6gm\u00e1ls <span class='VideyAth'>a)<\/span> l\u00f6gm\u00e1linu <span class='VideyAth'>b)<\/span> d\u00e1inn <span class='VideyAth'>c)<\/span>, svo eg Gu\u00f0i lifi.<a name=\"20\"><span class=\"versanumer\">20<\/span><\/a>Eg er Kristi krossfestur. Eg lifi n\u00fa ekki framar, heldur lifir Kristur \u00ed m\u00e9r og \u00fea\u00f0 eg n\u00fa lifi \u00ed holdinu, \u00fea\u00f0 lifi eg \u00ed tr\u00fa Gu\u00f0s sonar, sem elska\u00f0i mig og gaf sig sj\u00e1lfan \u00fat fyrir mig.<a name=\"21\"><span class=\"versanumer\">21<\/span><\/a>Ekki vil eg gj\u00f6ra a\u00f0 engu velgj\u00f6rning Gu\u00f0s; \u00fev\u00ed ef r\u00e9ttl\u00e6tingin fengist fyrir l\u00f6gm\u00e1li\u00f0, \u00fe\u00e1 v\u00e6ri Kristur til einkis d\u00e1inn.<\/p>\n<div class=\"footnoteVidey\">V. 1. Post. g. b. 15,2.  V. 2. Fil. 2,16.  V. 4. Post. gb. 15,24.25. \u00de. e. undir M\u00f3sislagaok.  V. 6. 5 M\u00f3s. b. 10,17. 2 Kron. 19,7. Job. 34,19. R\u00f3m. 2,11. f.  V. 7. Post. gb. 15,7. og eftirf. v. v. 22.21. R\u00f3m. 11,13.  V. 8. Post. gb. 2,14. ff. 41. Post. gb. 9,15.20\u201322.  V. 9. a. P\u00e9tur. Post. gb. 13,2.  V. 10. Post. gb. 11,30. R\u00f3m. 15,25.26. 1 Kor. 16,1.  V. 12. b. kristna, sem \u00e1\u00f0ur h\u00f6f\u00f0u hei\u00f0nir veri\u00f0. c. kristna, sem \u00e1\u00f0ur h\u00f6f\u00f0u veri\u00f0 Gy\u00f0ingar. Post. gb. 10,28.  V. 14. Post. gb. 15.10. 10,28.  V. 16. Post. gb. 13,38. R\u00f3m. 3,20.28.  f. V. 16. S\u00e1lm. 143,2.  V. 17. R\u00f3m. 5,1. ff. R\u00f3m. 6,1. ff. T\u00edt. 3,8.  V. 19. R\u00f3m. 7,4.11. R\u00f3m. 14,7. 2 Kor. 5,15.16. 1 Tess. 5,10. a. nl. Krists l\u00f6gm\u00e1ls. b. M\u00f3sis l\u00f6gm\u00e1li. c. \u00fe. e. Eg held ekki lengur, s\u00ed\u00f0an Krists l\u00e6rd\u00f3mur uppl\u00fdsti mig, a\u00f0 eg \u00f6\u00f0list Gu\u00f0s hylli me\u00f0 a\u00f0g\u00e6slu M\u00f3sis laga, heldur me\u00f0 trausti til Gu\u00f0s f\u00f6\u00f0urlegu n\u00e1\u00f0ar og hl\u00fd\u00f0ni vi\u00f0 Krists bo\u00f0.  V. 20. R\u00f3m. 6,6. Gal. 5,24. J\u00f3h. 15,4.10.  V. 21. Heb. 7,11.<\/div>\n","protected":false},"excerpt":{"rendered":"<p>P\u00e1ll segir fr\u00e1 vi\u00f0kynningu sinni vi\u00f0 postulana og einkum vi\u00f0 P\u00e9tur. Kennir, a\u00f0 r\u00e9ttl\u00e6tingin komi af tr\u00fanni. 1Fj\u00f3rt\u00e1n \u00e1rum s\u00ed\u00f0ar f\u00f3r eg aftur upp til Jer\u00fasalem, \u00e1samt me\u00f0 Barnabas og t\u00f3k \u00fe\u00e1 T\u00edtum me\u00f0 m\u00e9r.2\u00de\u00e1 fer\u00f0 stofna\u00f0i eg eftir opinberun og sk\u00fdr\u00f0i \u00feeim \u00fear fr\u00e1, en s\u00e9r \u00ed lagi \u00feeim helstu, hv\u00edl\u00edkur s\u00e1 l\u00e6rd\u00f3mur v\u00e6ri, sem eg kenndi hei\u00f0num \u00fej\u00f3\u00f0um, a\u00f0 eg enganveginn hlypi forgefins, e\u00f0ur hef\u00f0i hlaupi\u00f0;3en ekki var T\u00edtusi, gr\u00edskum manni, sem var me\u00f0 m\u00e9r, \u00ferengt til a\u00f0 l\u00e1ta umskera sig.4En fer\u00f0ina f\u00f3r eg vegna \u00feeirra falskristnu, er smeygt h\u00f6f\u00f0u s\u00e9r inn, til a\u00f0 nj\u00f3sna hva\u00f0a frelsi v\u00e9r <a href=\"https:\/\/biblian.is\/videy\/galatabrefid-2-kafli\/\"> [&#8230;]<\/a><\/p>\n","protected":false},"author":1,"featured_media":0,"parent":0,"menu_order":0,"comment_status":"open","ping_status":"open","template":"bibliukaflar.php","meta":{"footnotes":""},"class_list":["post-21942","page","type-page","status-publish","hentry"],"_links":{"self":[{"href":"https:\/\/biblian.is\/videy\/wp-json\/wp\/v2\/pages\/21942","targetHints":{"allow":["GET"]}}],"collection":[{"href":"https:\/\/biblian.is\/videy\/wp-json\/wp\/v2\/pages"}],"about":[{"href":"https:\/\/biblian.is\/videy\/wp-json\/wp\/v2\/types\/page"}],"author":[{"embeddable":true,"href":"https:\/\/biblian.is\/videy\/wp-json\/wp\/v2\/users\/1"}],"replies":[{"embeddable":true,"href":"https:\/\/biblian.is\/videy\/wp-json\/wp\/v2\/comments?post=21942"}],"version-history":[{"count":0,"href":"https:\/\/biblian.is\/videy\/wp-json\/wp\/v2\/pages\/21942\/revisions"}],"wp:attachment":[{"href":"https:\/\/biblian.is\/videy\/wp-json\/wp\/v2\/media?parent=21942"}],"curies":[{"name":"wp","href":"https:\/\/api.w.org\/{rel}","templated":true}]}}