{"id":21941,"date":"2018-01-02T01:04:52","date_gmt":"2018-01-02T01:04:52","guid":{"rendered":"http:\/\/biblian.is\/videy\/galatabrefid-1-kafli\/"},"modified":"2018-01-02T01:04:52","modified_gmt":"2018-01-02T01:04:52","slug":"galatabrefid-1-kafli","status":"publish","type":"page","link":"https:\/\/biblian.is\/videy\/galatabrefid-1-kafli\/","title":{"rendered":"Galatabr\u00e9fi\u00f0 1. kafli"},"content":{"rendered":"<div class=\"fyrirsognVidey\">P\u00e1ll fur\u00f0ar sig \u00e1 a\u00f0 Galats\u00edumenn hafi l\u00e1ti\u00f0 sig lei\u00f0a fr\u00e1 r\u00e9ttum l\u00e6rd\u00f3mi Krists. Segist af Gu\u00f0i vera kalla\u00f0ur til postulaemb\u00e6ttisins.<\/div>\n<p><a name=\"1\"><span class=\"versanumer\">1<\/span><\/a>P\u00e1ll postuli <span class='VideyAth'>(hv\u00f6rki settur af m\u00f6nnum n\u00e9 a\u00f0 nokkurs manns tilhlutun, heldur af Jes\u00fa Kristi og Gu\u00f0i F\u00f6\u00f0ur, sem uppvakti hann fr\u00e1 dau\u00f0um)<\/span>,<a name=\"2\"><span class=\"versanumer\">2<\/span><\/a>og allir br\u00e6\u00f0urnir, sem hj\u00e1 m\u00e9r eru,<a name=\"3\"><span class=\"versanumer\">3<\/span><\/a>\u00f3skum s\u00f6fnu\u00f0inum \u00ed Galatsju n\u00e1\u00f0ar og fri\u00f0ar af Gu\u00f0i F\u00f6\u00f0ur og Drottni vorum Jes\u00fa Kristi,<a name=\"4\"><span class=\"versanumer\">4<\/span><\/a>sem vegna vorra synda, \u00fatgaf sj\u00e1lfan sig, a\u00f0 vilja Gu\u00f0s og vors F\u00f6\u00f0urs, svo a\u00f0 hann frelsa\u00f0i oss fr\u00e1 \u00feessari yfirstandandi vondu \u00f6ld.<a name=\"5\"><span class=\"versanumer\">5<\/span><\/a>Gu\u00f0i s\u00e9 d\u00fdr\u00f0 fr\u00e1 eil\u00edf\u00f0 til eil\u00edf\u00f0ar. Amen! <br \/><a name=\"6\"><span class=\"versanumer\">6<\/span><\/a>Mig fur\u00f0ar, a\u00f0 \u00fe\u00e9r svo flj\u00f3tt skyldu\u00f0 l\u00e1ta sn\u00faa y\u00f0ur fr\u00e1 \u00feeim, sem kalla\u00f0i y\u00f0ur me\u00f0 l\u00e6rd\u00f3mi Krists, til annars n\u00e1\u00f0arl\u00e6rd\u00f3ms,<a name=\"7\"><span class=\"versanumer\">7<\/span><\/a>sem \u00fe\u00f3 er ekki annar til; en meiningin er: a\u00f0 nokkrir eru, sem trufla y\u00f0ur og vilja rangf\u00e6ra Krists n\u00e1\u00f0arl\u00e6rd\u00f3m;<a name=\"8\"><span class=\"versanumer\">8<\/span><\/a>en \u00fe\u00f3 a\u00f0 v\u00e9r, e\u00f0ur engill fr\u00e1 himni bo\u00f0a\u00f0i y\u00f0ur n\u00e1\u00f0arl\u00e6rd\u00f3minn \u00f6\u00f0ruv\u00edsi, en eg hefi kennt y\u00f0ur, hann s\u00e9 b\u00f6lva\u00f0ur.<a name=\"9\"><span class=\"versanumer\">9<\/span><\/a>J\u00e1! eins og eg hefi \u00e1\u00f0ur sagt, svo segi eg n\u00fa aftur: ef nokkur kennir y\u00f0ur annan n\u00e1\u00f0arl\u00e6rd\u00f3m, en \u00feann, sem \u00fe\u00e9r hafi\u00f0 numi\u00f0, s\u00e1 s\u00e9 b\u00f6lva\u00f0ur.<a name=\"10\"><span class=\"versanumer\">10<\/span><\/a>Mun eg n\u00fa vera a\u00f0 koma m\u00e9r inn hj\u00e1 m\u00f6nnum e\u00f0ur Gu\u00f0i? e\u00f0ur leitast vi\u00f0 a\u00f0 \u00fe\u00f3knast m\u00f6nnum? ef eg enn \u00fe\u00e1 v\u00e6ri a\u00f0 leitast vi\u00f0 a\u00f0 \u00fe\u00f3knast \u00fe\u00e1 tr\u00fa, hv\u00f6rri hann \u00e1\u00f0ur eyddi, og vegs\u00f6mu\u00f0u Gu\u00f0 fyrir mig.<\/p>\n<div class=\"footnoteVidey\">V. 1. T\u00edt. 1,3. Kap. 1,12. Post. gb. 2,24.32. Efes. 1,20.  V. 3. R\u00f3m. 1,7. f.  V. 4. Matt. 20,28. Gal. 2,20. Efes. 5,2. 1 J\u00f3h. 5,19. Matt. 1,21. T\u00edt. 2,14.  V. 6. Kap. 5,7.8.  V. 7. sbr. Post. g. b. 15,1.  V. 10. sbr. 2 Tess. 2,4.  V. 12. Efes. 3,3.  V. 13. Post. g. b. 9,1. 22,4. ff.  V. 14. Fil. 3,6.  V. 15. a. Jer. 1,5. Post. g. b. 9,5.15.16. 26,15\u201318.  V. 16. Matt. 16,17.  V. 18. Post. g. b. 9,26.  V. 19. Mark. 6,3.  V. 21. Post. g. b. 9,30.  V. 23. Post.g.b. 9,21.<\/div>\n","protected":false},"excerpt":{"rendered":"<p>P\u00e1ll fur\u00f0ar sig \u00e1 a\u00f0 Galats\u00edumenn hafi l\u00e1ti\u00f0 sig lei\u00f0a fr\u00e1 r\u00e9ttum l\u00e6rd\u00f3mi Krists. Segist af Gu\u00f0i vera kalla\u00f0ur til postulaemb\u00e6ttisins. 1P\u00e1ll postuli (hv\u00f6rki settur af m\u00f6nnum n\u00e9 a\u00f0 nokkurs manns tilhlutun, heldur af Jes\u00fa Kristi og Gu\u00f0i F\u00f6\u00f0ur, sem uppvakti hann fr\u00e1 dau\u00f0um),2og allir br\u00e6\u00f0urnir, sem hj\u00e1 m\u00e9r eru,3\u00f3skum s\u00f6fnu\u00f0inum \u00ed Galatsju n\u00e1\u00f0ar og fri\u00f0ar af Gu\u00f0i F\u00f6\u00f0ur og Drottni vorum Jes\u00fa Kristi,4sem vegna vorra synda, \u00fatgaf sj\u00e1lfan sig, a\u00f0 vilja Gu\u00f0s og vors F\u00f6\u00f0urs, svo a\u00f0 hann frelsa\u00f0i oss fr\u00e1 \u00feessari yfirstandandi vondu \u00f6ld.5Gu\u00f0i s\u00e9 d\u00fdr\u00f0 fr\u00e1 eil\u00edf\u00f0 til eil\u00edf\u00f0ar. Amen! 6Mig fur\u00f0ar, a\u00f0 \u00fe\u00e9r svo flj\u00f3tt skyldu\u00f0 <a href=\"https:\/\/biblian.is\/videy\/galatabrefid-1-kafli\/\"> [&#8230;]<\/a><\/p>\n","protected":false},"author":1,"featured_media":0,"parent":0,"menu_order":0,"comment_status":"open","ping_status":"open","template":"bibliukaflar.php","meta":{"footnotes":""},"class_list":["post-21941","page","type-page","status-publish","hentry"],"_links":{"self":[{"href":"https:\/\/biblian.is\/videy\/wp-json\/wp\/v2\/pages\/21941","targetHints":{"allow":["GET"]}}],"collection":[{"href":"https:\/\/biblian.is\/videy\/wp-json\/wp\/v2\/pages"}],"about":[{"href":"https:\/\/biblian.is\/videy\/wp-json\/wp\/v2\/types\/page"}],"author":[{"embeddable":true,"href":"https:\/\/biblian.is\/videy\/wp-json\/wp\/v2\/users\/1"}],"replies":[{"embeddable":true,"href":"https:\/\/biblian.is\/videy\/wp-json\/wp\/v2\/comments?post=21941"}],"version-history":[{"count":0,"href":"https:\/\/biblian.is\/videy\/wp-json\/wp\/v2\/pages\/21941\/revisions"}],"wp:attachment":[{"href":"https:\/\/biblian.is\/videy\/wp-json\/wp\/v2\/media?parent=21941"}],"curies":[{"name":"wp","href":"https:\/\/api.w.org\/{rel}","templated":true}]}}