{"id":21939,"date":"2018-01-02T01:04:52","date_gmt":"2018-01-02T01:04:52","guid":{"rendered":"http:\/\/biblian.is\/videy\/sidara-korintubref-12-kafli\/"},"modified":"2018-01-02T01:04:52","modified_gmt":"2018-01-02T01:04:52","slug":"sidara-korintubref-12-kafli","status":"publish","type":"page","link":"https:\/\/biblian.is\/videy\/sidara-korintubref-12-kafli\/","title":{"rendered":"S\u00ed\u00f0ara Korintubr\u00e9f 12. kafli"},"content":{"rendered":"<div class=\"fyrirsognVidey\">P\u00e1ll hr\u00f3sar s\u00e9r af s\u00ednum opinberunum, kraftaverkum og a\u00f0 hann hafi ekki veri\u00f0 s\u00f6fnu\u00f0inum til \u00feyngsla. Segist segja \u00feetta \u00feeim til uppbyggingar og svo a\u00f0 hann ekki \u00feurfi br\u00faka h\u00f6rku \u00feegar hann kemur.<\/div>\n<p><a name=\"1\"><span class=\"versanumer\">1<\/span><\/a>\u00dea\u00f0 gagnar a\u00f0 v\u00edsu ekki a\u00f0 eg hr\u00f3si m\u00e9r. \u00de\u00f3 vil eg minnast \u00e1 sj\u00f3nir og opinberanir Drottins.<a name=\"2\"><span class=\"versanumer\">2<\/span><\/a>Eg \u00feekki mann \u00ed Krist\u00f3 er fyrir 14 \u00e1rum var uppnuminn allt upp \u00ed \u00feri\u00f0ja himin\u2014hv\u00f6rt hann var \u00ed l\u00edkamanum e\u00f0ur utan l\u00edkama, \u00fea\u00f0 veit eg ekki, Gu\u00f0 veit \u00fea\u00f0.<a name=\"3\"><span class=\"versanumer\">3<\/span><\/a>Eg veit a\u00f0 \u00feessum manni var upprykkt \u00ed Parad\u00eds\u2014hv\u00f6rt \u00ed l\u00edkama e\u00f0ur utan l\u00edkama, \u00fea\u00f0 veit eg ekki, Gu\u00f0 veit \u00fea\u00f0\u2014<a name=\"4\"><span class=\"versanumer\">4<\/span><\/a>og a\u00f0 hann heyr\u00f0i \u00fear \u00f3umr\u00e6\u00f0anleg or\u00f0 sem engum manni er unnt a\u00f0 tala.<a name=\"5\"><span class=\"versanumer\">5<\/span><\/a>Af \u00feessu vil eg hr\u00f3sa m\u00e9r en af sj\u00e1lfum m\u00e9r vil eg ekki hr\u00f3sa m\u00e9r, nema \u00fea\u00f0 v\u00e6ri af b\u00e1gindum m\u00ednum.<a name=\"6\"><span class=\"versanumer\">6<\/span><\/a>En \u00fe\u00f3 a\u00f0 eg vildi hr\u00f3sa m\u00e9r mundi eg ekki d\u00e1rlegur finnast, \u00fev\u00ed eg seg\u00f0i sannleika. En eg skirrist vi\u00f0 \u00fea\u00f0 svo a\u00f0 enginn skuli \u00feenkja h\u00e6rra um mig en hann s\u00e9r e\u00f0ur heyrir af m\u00e9r.<a name=\"7\"><span class=\"versanumer\">7<\/span><\/a>En til \u00feess a\u00f0 eg ekki skuli upphrokast af mikilleik opinberananna er m\u00e9r fleinn gefinn \u00ed holdi\u00f0, Satans engill, a\u00f0 hann sl\u00e1i mig svo a\u00f0 eg skuli ekki st\u00e6ril\u00e1tur ver\u00f0a.<a name=\"8\"><span class=\"versanumer\">8<\/span><\/a>\u00deess vegna hefi eg \u00ferisvar be\u00f0i\u00f0 Drottin um a\u00f0 hann f\u00e6ri fr\u00e1 m\u00e9r<a name=\"9\"><span class=\"versanumer\">9<\/span><\/a>en hann hefir svara\u00f0 m\u00e9r: L\u00e1t \u00fe\u00e9r n\u00e6gja m\u00edna n\u00e1\u00f0, \u00fev\u00ed minn kraftur s\u00fdnir sig fullkominn \u00ed veikleikanum. \u00dear fyrir vil eg helst hr\u00f3sa m\u00e9r af m\u00ednum \u00fej\u00e1ningum svo a\u00f0 kraftur Krists taki s\u00e9r b\u00fasta\u00f0 yfir m\u00e9r <span class='VideyAth'>a)<\/span>.<a name=\"10\"><span class=\"versanumer\">10<\/span><\/a>\u00dear fyrir er eg me\u00f0 gl\u00f6\u00f0u ge\u00f0i \u00ed veikleika, fyrirlitningu, ney\u00f0, ofs\u00f3knum og \u00ferengingum vegna Krists, \u00fev\u00ed mitt \u00ed veikleikanum er eg m\u00e1ttugur. <br \/><a name=\"11\"><span class=\"versanumer\">11<\/span><\/a>D\u00e1rlega hefi eg n\u00fa tala\u00f0, en \u00fe\u00e9r hafi\u00f0 neytt mig til \u00feess. \u00dev\u00ed eg \u00e1tti a\u00f0 lofast af y\u00f0ur. \u00dev\u00ed \u00ed engu er eg minni en \u00feeir helstu postular, \u00fe\u00f3 eg s\u00e9 ekkert.<a name=\"12\"><span class=\"versanumer\">12<\/span><\/a>Postulateikn eru gj\u00f6r\u00f0 me\u00f0al y\u00f0ar \u00ed allri \u00feolinm\u00e6\u00f0i, me\u00f0 t\u00e1knum og st\u00f3rmerkjum og kraftaverkum.<a name=\"13\"><span class=\"versanumer\">13<\/span><\/a>Hvar \u00ed eru\u00f0 \u00fe\u00e9r \u00fe\u00e1 minni en a\u00f0rir s\u00f6fnu\u00f0ir, nema \u00ed \u00fev\u00ed a\u00f0 eg hefi ekki veri\u00f0 y\u00f0ur til byr\u00f0i\u2014fyrirgefi\u00f0 m\u00e9r \u00feennan \u00f3r\u00e9tt!<a name=\"14\"><span class=\"versanumer\">14<\/span><\/a>Sj\u00e1, n\u00fa \u00ed \u00feri\u00f0ja sinni er eg fer\u00f0b\u00fainn a\u00f0 koma til y\u00f0ar en ekki mun eg ver\u00f0a y\u00f0ur til byr\u00f0i, \u00fev\u00ed ekki s\u00e6kist eg eftir eigum y\u00f0ar heldur y\u00f0ur sj\u00e1lfum. \u00dev\u00ed ekki eiga b\u00f6rnin a\u00f0 draga saman fyrir foreldrana heldur foreldrarnir fyrir b\u00f6rnin.<a name=\"15\"><span class=\"versanumer\">15<\/span><\/a>F\u00fas er eg til a\u00f0 verja m\u00ednu, j\u00e1 \u00fatgefa sj\u00e1lfan mig fyrir y\u00f0ar s\u00e1lir, \u00fev\u00ed eg elska y\u00f0ur innilega, \u00fe\u00f3 \u00fe\u00e9r elski\u00f0 mig l\u00edti\u00f0.<a name=\"16\"><span class=\"versanumer\">16<\/span><\/a>En l\u00e1tum svo vera a\u00f0 eg hafi ekki sj\u00e1lfur veri\u00f0 y\u00f0ur til byr\u00f0i en m\u00e1ske veri\u00f0 sl\u00e6gur og veitt y\u00f0ur me\u00f0 br\u00f6g\u00f0um.<a name=\"17\"><span class=\"versanumer\">17<\/span><\/a>M\u00e1ske eg hafi l\u00e1ti\u00f0 einhv\u00f6rn sem eg sendi til y\u00f0ar hafa af y\u00f0ur?<a name=\"18\"><span class=\"versanumer\">18<\/span><\/a>Eg ba\u00f0 T\u00edtum a\u00f0 fara og sendi annan br\u00f3\u00f0ur me\u00f0 honum. Mun T\u00edtus hafa f\u00e9flett y\u00f0ur? Leiddi ekki sami Andi oss b\u00e1\u00f0a og fetu\u00f0um v\u00e9r ekki \u00ed s\u00f6mu f\u00f3tspor? <br \/><a name=\"19\"><span class=\"versanumer\">19<\/span><\/a>\u00de\u00e9r \u00feenki\u00f0 m\u00e1ske \u00e1 n\u00fd a\u00f0 eg s\u00e9 a\u00f0 forsvara mig fyrir y\u00f0ur? Fyrir augliti Gu\u00f0s svo sem Krists \u00fej\u00f3n tala eg allt \u00feetta, elskanlegir, y\u00f0ur til uppbyggingar.<a name=\"20\"><span class=\"versanumer\">20<\/span><\/a>\u00dev\u00ed eg \u00f3ttast a\u00f0 \u00feegar eg kem muni eg ekki finna y\u00f0ur \u00fev\u00edl\u00edka sem eg vil og a\u00f0 y\u00f0ur muni finnast eg s\u00e9 ekki eins og \u00fe\u00e9r vilji\u00f0, a\u00f0 me\u00f0al y\u00f0ar s\u00e9u deilur, metningur, ofstopi, \u00fer\u00e1ttanir, baktal, kvis, drambsemi, \u00f3r\u00f3i;<a name=\"21\"><span class=\"versanumer\">21<\/span><\/a>eg \u00f3ttast a\u00f0 Gu\u00f0 muni au\u00f0m\u00fdkja mig hj\u00e1 y\u00f0ur \u00fe\u00e1 eg kem aftur og a\u00f0 eg hryggi marga sem \u00e1\u00f0ur syndgu\u00f0u og ekki hafa sn\u00fai\u00f0 huga s\u00ednum fr\u00e1 saurl\u00edfi, frillul\u00edfi og \u00f3t\u00e9rlegum lifna\u00f0i sem \u00feeir \u00e1\u00f0ur dr\u00fdg\u00f0u.<\/p>\n<div class=\"footnoteVidey\">V. 2. Post.g.b. 22,17.  V. 9. a. s\u00e9 s\u00edfellt me\u00f0 m\u00e9r verkandi.  V. 11. 1 Kor. 3,7. 15,9. Efes. 3,8.  V. 12. sbr. 1 Kor. 9,1.2.  V. 13. Kap. 11,8.9. 1 Tess. 2,9.  V. 18. Kap. 8,6.22.  V. 21. Kap. 13,10.<\/div>\n","protected":false},"excerpt":{"rendered":"<p>P\u00e1ll hr\u00f3sar s\u00e9r af s\u00ednum opinberunum, kraftaverkum og a\u00f0 hann hafi ekki veri\u00f0 s\u00f6fnu\u00f0inum til \u00feyngsla. Segist segja \u00feetta \u00feeim til uppbyggingar og svo a\u00f0 hann ekki \u00feurfi br\u00faka h\u00f6rku \u00feegar hann kemur. 1\u00dea\u00f0 gagnar a\u00f0 v\u00edsu ekki a\u00f0 eg hr\u00f3si m\u00e9r. \u00de\u00f3 vil eg minnast \u00e1 sj\u00f3nir og opinberanir Drottins.2Eg \u00feekki mann \u00ed Krist\u00f3 er fyrir 14 \u00e1rum var uppnuminn allt upp \u00ed \u00feri\u00f0ja himin\u2014hv\u00f6rt hann var \u00ed l\u00edkamanum e\u00f0ur utan l\u00edkama, \u00fea\u00f0 veit eg ekki, Gu\u00f0 veit \u00fea\u00f0.3Eg veit a\u00f0 \u00feessum manni var upprykkt \u00ed Parad\u00eds\u2014hv\u00f6rt \u00ed l\u00edkama e\u00f0ur utan l\u00edkama, \u00fea\u00f0 veit eg ekki, Gu\u00f0 veit \u00fea\u00f0\u20144og <a href=\"https:\/\/biblian.is\/videy\/sidara-korintubref-12-kafli\/\"> [&#8230;]<\/a><\/p>\n","protected":false},"author":1,"featured_media":0,"parent":0,"menu_order":0,"comment_status":"open","ping_status":"open","template":"bibliukaflar.php","meta":{"footnotes":""},"class_list":["post-21939","page","type-page","status-publish","hentry"],"_links":{"self":[{"href":"https:\/\/biblian.is\/videy\/wp-json\/wp\/v2\/pages\/21939","targetHints":{"allow":["GET"]}}],"collection":[{"href":"https:\/\/biblian.is\/videy\/wp-json\/wp\/v2\/pages"}],"about":[{"href":"https:\/\/biblian.is\/videy\/wp-json\/wp\/v2\/types\/page"}],"author":[{"embeddable":true,"href":"https:\/\/biblian.is\/videy\/wp-json\/wp\/v2\/users\/1"}],"replies":[{"embeddable":true,"href":"https:\/\/biblian.is\/videy\/wp-json\/wp\/v2\/comments?post=21939"}],"version-history":[{"count":0,"href":"https:\/\/biblian.is\/videy\/wp-json\/wp\/v2\/pages\/21939\/revisions"}],"wp:attachment":[{"href":"https:\/\/biblian.is\/videy\/wp-json\/wp\/v2\/media?parent=21939"}],"curies":[{"name":"wp","href":"https:\/\/api.w.org\/{rel}","templated":true}]}}