{"id":21938,"date":"2018-01-02T01:04:52","date_gmt":"2018-01-02T01:04:52","guid":{"rendered":"http:\/\/biblian.is\/videy\/sidara-korintubref-11-kafli\/"},"modified":"2018-01-02T01:04:52","modified_gmt":"2018-01-02T01:04:52","slug":"sidara-korintubref-11-kafli","status":"publish","type":"page","link":"https:\/\/biblian.is\/videy\/sidara-korintubref-11-kafli\/","title":{"rendered":"S\u00ed\u00f0ara Korintubr\u00e9f 11. kafli"},"content":{"rendered":"<div class=\"fyrirsognVidey\">P\u00e1ll forsvarar \u00e1lit sitt og varar Korintumenn vi\u00f0 villukennurum. Segist hafa kennt l\u00e6rd\u00f3minn \u00f3keypis, til a\u00f0 gj\u00f6ra kinnro\u00f0a falspostulunum, og s\u00fdnir a\u00f0 hann hafi meira unni\u00f0 og \u00feola\u00f0 fyrir l\u00e6rd\u00f3msins sakir en \u00feeir.<\/div>\n<p><a name=\"1\"><span class=\"versanumer\">1<\/span><\/a>Y\u00f0ur ber d\u00e1l\u00edti\u00f0 a\u00f0 umbera f\u00e1fengilegleika minn; sannlega munu\u00f0 \u00fe\u00e9r og gj\u00f6ra \u00fea\u00f0.<a name=\"2\"><span class=\"versanumer\">2<\/span><\/a>\u00dev\u00ed me\u00f0 gu\u00f0legri vandl\u00e6tingu vanda eg um vi\u00f0 y\u00f0ur, \u00fev\u00ed eg hefi fastna\u00f0 y\u00f0ur manni, svo sem \u00f3flekka\u00f0a mey, er lei\u00f0ast \u00e1 til Krists.<a name=\"3\"><span class=\"versanumer\">3<\/span><\/a>En eg \u00f3ttast, a\u00f0 eins og h\u00f6ggormurinn t\u00e6ldi Evu me\u00f0 s\u00ednu fl\u00e1r\u00e6\u00f0i, eins muni y\u00f0ar hugskot dragast fr\u00e1 einl\u00e6gni vi\u00f0 Krist.<a name=\"4\"><span class=\"versanumer\">4<\/span><\/a>\u00dev\u00ed \u00fe\u00e1 einhv\u00f6r kemur, er bo\u00f0ar annan Jes\u00fam en v\u00e9r h\u00f6fum bo\u00f0a\u00f0, e\u00f0ur \u00fe\u00e9r me\u00f0taki\u00f0 annan anda en \u00fe\u00e9r hafi\u00f0 me\u00f0taki\u00f0, e\u00f0ur annan n\u00e1\u00f0arl\u00e6rd\u00f3m en y\u00f0ur hefir kenndur veri\u00f0, umberi\u00f0 \u00fe\u00e9r \u00fea\u00f0 vel.<a name=\"5\"><span class=\"versanumer\">5<\/span><\/a>Eg held mig vera engu minni enn \u00fe\u00e1 helstu postula;<a name=\"6\"><span class=\"versanumer\">6<\/span><\/a>\u00fe\u00f3 mig bresti m\u00e6lsku, brestur mig samt ekki \u00feekkingu, en \u00e1vallt og \u00ed \u00f6llu hefi eg s\u00fdnt mig y\u00f0ur, eins og eg er. <br \/><a name=\"7\"><span class=\"versanumer\">7<\/span><\/a>E\u00f0ur hefi eg kannske syndga\u00f0 \u00ed \u00fev\u00ed, a\u00f0 eg l\u00edtill\u00e6kka\u00f0i mig, svo a\u00f0 \u00fe\u00e9r upphef\u00f0ust? a\u00f0 eg \u00f3keypis kenndi y\u00f0ur Gu\u00f0s n\u00e1\u00f0arl\u00e6rd\u00f3m?<a name=\"8\"><span class=\"versanumer\">8<\/span><\/a>A\u00f0ra s\u00f6fnu\u00f0i rupla\u00f0i eg og t\u00f3k af \u00feeim kaup til a\u00f0 \u00fe\u00e9na y\u00f0ur og \u00fe\u00f3 a\u00f0 mig brysti \u00e1 me\u00f0an eg var hj\u00e1 y\u00f0ur, \u00fe\u00e1 var eg samt engum til byr\u00f0i.<a name=\"9\"><span class=\"versanumer\">9<\/span><\/a>Br\u00e6\u00f0ur \u00feeir, sem komu fr\u00e1 Makedon\u00edu b\u00e6ttu \u00far m\u00ednum skorti. \u00cd \u00f6llu vara\u00f0ist eg a\u00f0 vera y\u00f0ur til \u00feyngsla og mun varast.<a name=\"10\"><span class=\"versanumer\">10<\/span><\/a>Svo sannarlega, sem Krists sanns\u00f6gli er \u00ed m\u00e9r, skal \u00feessi m\u00edn hr\u00f3san ekki ni\u00f0ur\u00fe\u00f6ggu\u00f0 ver\u00f0a \u00ed Akkajuh\u00e9ru\u00f0um.<a name=\"11\"><span class=\"versanumer\">11<\/span><\/a>Hv\u00f6rs vegna? mun \u00feess vegna a\u00f0 eg ekki elska y\u00f0ur? Gu\u00f0 veit \u00fea\u00f0.<a name=\"12\"><span class=\"versanumer\">12<\/span><\/a>En eg gj\u00f6ri \u00fea\u00f0 og mun gj\u00f6ra, til a\u00f0 svipta \u00fe\u00e1 t\u00e6kif\u00e6ri, er t\u00e6kif\u00e6ris leita a\u00f0 ver\u00f0a oss l\u00edkir \u00ed \u00fev\u00ed, sem \u00feeir st\u00e6ra sig af.<a name=\"13\"><span class=\"versanumer\">13<\/span><\/a>\u00deessir falspostular eru sviksamlegir verkamenn og taka \u00e1 sig mynd Krists postula,<a name=\"14\"><span class=\"versanumer\">14<\/span><\/a>og \u00fea\u00f0 eru ekki undur, \u00fev\u00ed Satan sj\u00e1lfur sn\u00fdr s\u00e9r \u00ed lj\u00f3ss engil;<a name=\"15\"><span class=\"versanumer\">15<\/span><\/a>\u00fea\u00f0 er \u00fev\u00ed ekki kyn, \u00fe\u00f3tt \u00fej\u00f3nar hans taki \u00e1 sig mynd r\u00e9ttl\u00e6tisins \u00fej\u00f3na. Endalok \u00feeirra ver\u00f0a l\u00edka sambo\u00f0in verkunum.<br \/><a name=\"16\"><span class=\"versanumer\">16<\/span><\/a>Enn aftur bi\u00f0 eg, a\u00f0 enginn \u00e1l\u00edti mig fyrir d\u00e1ra; en ef \u00fe\u00e9r geti\u00f0 ekki anna\u00f0, \u00fe\u00e1 me\u00f0taki\u00f0 mig sem d\u00e1ra, svo eg geti l\u00edka d\u00e1l\u00edti\u00f0 hr\u00f3sa\u00f0 m\u00e9r.<a name=\"17\"><span class=\"versanumer\">17<\/span><\/a>\u00dea\u00f0, sem eg n\u00fa tala, tala eg ekki eftir Drottins anda, heldur er \u00fea\u00f0 tala\u00f0 \u00ed heimsku, \u00ed trausti sj\u00e1lfshr\u00f3ssins;<a name=\"18\"><span class=\"versanumer\">18<\/span><\/a>me\u00f0 \u00fev\u00ed margir st\u00e6ra sig af \u00fev\u00ed, sem holdlegt er, hl\u00fdt eg og a\u00f0 st\u00e6ra mig af \u00fev\u00ed.<a name=\"19\"><span class=\"versanumer\">19<\/span><\/a>\u00de\u00e9r umberi\u00f0 gjarnan \u00fe\u00e1 hina f\u00e1v\u00edsu, \u00fev\u00ed \u00fe\u00e9r eru\u00f0 sj\u00e1lfir hyggnir;<a name=\"20\"><span class=\"versanumer\">20<\/span><\/a>\u00fev\u00ed \u00fe\u00e9r umberi\u00f0 \u00fea\u00f0, \u00fe\u00f3 einhv\u00f6r hneppi y\u00f0ur \u00ed \u00fer\u00e6ld\u00f3m <span class='VideyAth'>a)<\/span> \u00fe\u00f3 einhv\u00f6r uppeti y\u00f0ur, hafi af y\u00f0ur, hefji sig upp yfir y\u00f0ur, sl\u00e1i \u00ed y\u00f0ar \u00e1sj\u00f3nu <span class='VideyAth'>b)<\/span>.<a name=\"21\"><span class=\"versanumer\">21<\/span><\/a>Eg segi \u00feetta me\u00f0 blyg\u00f0un, \u00fev\u00ed \u00ed \u00feessu h\u00f6fum v\u00e9r s\u00fdnt oss veika <span class='VideyAth'>c)<\/span>, en af \u00fev\u00ed, sem a\u00f0rir geta hr\u00f3sa\u00f0 s\u00e9r, <span class='VideyAth'>(f\u00e1v\u00edslega er tala\u00f0)<\/span> af \u00fev\u00ed get eg hr\u00f3sa\u00f0 m\u00e9r l\u00edka.<a name=\"22\"><span class=\"versanumer\">22<\/span><\/a>S\u00e9u \u00feeir hebreskir, \u00fe\u00e1 er eg \u00fea\u00f0 og: s\u00e9u \u00feeir \u00cdsrael\u00edtar, \u00fe\u00e1 er eg \u00fea\u00f0 og;<a name=\"23\"><span class=\"versanumer\">23<\/span><\/a>s\u00e9u \u00feeir Abrahams ni\u00f0jar, sj\u00e1! er eg \u00fea\u00f0 og; s\u00e9u \u00feeir \u00fej\u00f3nar Krists, <span class='VideyAth'>(heimskulega tala eg)<\/span> \u00fe\u00e1 er eg \u00fea\u00f0 enn framar.<a name=\"24\"><span class=\"versanumer\">24<\/span><\/a>Af J\u00fa\u00f0um hefi eg fimm sinnum veri\u00f0 sleginn 40 h\u00f6ggum, einu f\u00e1tt \u00ed.<a name=\"25\"><span class=\"versanumer\">25<\/span><\/a>\u00derisvar sinnum hefi eg h\u00fa\u00f0str\u00fdktur veri\u00f0, einu sinni veri\u00f0 gr\u00fdttur, \u00ferisvar sinnum li\u00f0i\u00f0 skipbrot, heilt d\u00e6gur hefi eg hrakist um kring \u00ed reginhafi.<a name=\"26\"><span class=\"versanumer\">26<\/span><\/a>Oft hefi eg \u00e1 fer\u00f0um veri\u00f0, oft komist \u00ed h\u00e6ttu \u00ed \u00e1m, oft \u00ed h\u00e1ska af r\u00e6ningjum, \u00ed h\u00e1ska af l\u00f6ndum m\u00ednum, \u00ed h\u00e1ska af hei\u00f0num m\u00f6nnum, veri\u00f0 \u00ed h\u00e1ska \u00ed borgum og \u00ed ey\u00f0imerkum, \u00ed h\u00e1ska \u00e1 sj\u00f3, \u00ed h\u00e1ska af fl\u00e1r\u00e1\u00f0um br\u00e6\u00f0rum,<a name=\"27\"><span class=\"versanumer\">27<\/span><\/a>oft haft erfi\u00f0i og sorg, v\u00f6kur, sult, \u00feorsta og f\u00f6stur, kulda og kl\u00e6\u00f0leysi,<a name=\"28\"><span class=\"versanumer\">28<\/span><\/a>auk annars daglegt \u00f3n\u00e6\u00f0i af yfirhlaupi manna og \u00e1hyggju fyrir \u00f6llum s\u00f6fnu\u00f0um.<a name=\"29\"><span class=\"versanumer\">29<\/span><\/a>Hv\u00f6r er svo veikur a\u00f0 eg taki ekki \u00fe\u00e1tt \u00fear \u00ed? Hv\u00f6r hrasar svo eg ekki stikni?<a name=\"30\"><span class=\"versanumer\">30<\/span><\/a>Ef eg m\u00e6tti hr\u00f3sa m\u00e9r vilda eg hr\u00f3sa m\u00e9r af b\u00e1gindum m\u00ednum.<a name=\"31\"><span class=\"versanumer\">31<\/span><\/a>Gu\u00f0 og Fa\u00f0ir Drottins vors Jes\u00fa Krists, sem a\u00f0 eil\u00edfu s\u00e9 vegsama\u00f0ur, veit a\u00f0 eg l\u00fdg ekki.<a name=\"32\"><span class=\"versanumer\">32<\/span><\/a>\u00cd Damaskus \u00e6tla\u00f0i landsh\u00f6f\u00f0ingi Aretas konungs a\u00f0 gr\u00edpa mig og haf\u00f0i sett v\u00f6r\u00f0 um borgina<a name=\"33\"><span class=\"versanumer\">33<\/span><\/a>en eg var l\u00e1tinn ni\u00f0urs\u00edga \u00ed k\u00f6rfu \u00ed gegnum vindauga \u00e1 borgarveggnum og komst \u00feannig \u00far \u00feeirra h\u00f6ndum.<\/p>\n<div class=\"footnoteVidey\">V. 3. 1 M\u00f3s. b. 3,14. J\u00f3h. 8,44.  V. 4. Gal. 1,8.9.  V. 5. Gal. 2,2\u201314.  V. 7. 1 Kor. 4,12. 9,4.6.11.15.  V. 9. Fil. 4,15.16.  V. 10. Matt. 5,37.  V. 12. P\u00e1ll vildi ekkert \u00feiggja af Korintum\u00f6nnum til \u00feess a\u00f0 s\u00fdna a\u00f0 hann ekki bo\u00f0i kristni s\u00e9r til uppeldis og a\u00f0 falskennendurnir l\u00fdsi s\u00e9r strax \u00fear \u00ed honum \u00f3l\u00edka.  V. 13. Matt. 7,15.16. Fil. 3,2.  V. 20. a. nefnil. undir M\u00f3sislaga ok. b. \u00fe. e. opinberlega sm\u00e1ni y\u00f0ur.  V. 21. c. nefnil. \u00ed \u00fev\u00ed a\u00f0 br\u00faka ekkert st\u00e6ril\u00e6ti.  V. 25. Post.g.b. 16,22. 14,19.  V. 26. Gal. 2,4. Samanb. vi\u00f0 Post.g.b. 15,24.  V. 29. nl. \u00ed \u00feekkingu og hl\u00fd\u00f0ni vi\u00f0 Krists l\u00e6rd\u00f3m, samanb. 1 Kor. 8,13. 9,22., \u00fe. e. m\u00e9r sv\u00ed\u00f0i \u00fea\u00f0 ekki s\u00e1rt.  V. 30. Kap. 12,5.9.  V. 33. Post.g.b. 9,24 og eftirf.<\/div>\n","protected":false},"excerpt":{"rendered":"<p>P\u00e1ll forsvarar \u00e1lit sitt og varar Korintumenn vi\u00f0 villukennurum. Segist hafa kennt l\u00e6rd\u00f3minn \u00f3keypis, til a\u00f0 gj\u00f6ra kinnro\u00f0a falspostulunum, og s\u00fdnir a\u00f0 hann hafi meira unni\u00f0 og \u00feola\u00f0 fyrir l\u00e6rd\u00f3msins sakir en \u00feeir. 1Y\u00f0ur ber d\u00e1l\u00edti\u00f0 a\u00f0 umbera f\u00e1fengilegleika minn; sannlega munu\u00f0 \u00fe\u00e9r og gj\u00f6ra \u00fea\u00f0.2\u00dev\u00ed me\u00f0 gu\u00f0legri vandl\u00e6tingu vanda eg um vi\u00f0 y\u00f0ur, \u00fev\u00ed eg hefi fastna\u00f0 y\u00f0ur manni, svo sem \u00f3flekka\u00f0a mey, er lei\u00f0ast \u00e1 til Krists.3En eg \u00f3ttast, a\u00f0 eins og h\u00f6ggormurinn t\u00e6ldi Evu me\u00f0 s\u00ednu fl\u00e1r\u00e6\u00f0i, eins muni y\u00f0ar hugskot dragast fr\u00e1 einl\u00e6gni vi\u00f0 Krist.4\u00dev\u00ed \u00fe\u00e1 einhv\u00f6r kemur, er bo\u00f0ar annan Jes\u00fam en v\u00e9r h\u00f6fum bo\u00f0a\u00f0, <a href=\"https:\/\/biblian.is\/videy\/sidara-korintubref-11-kafli\/\"> [&#8230;]<\/a><\/p>\n","protected":false},"author":1,"featured_media":0,"parent":0,"menu_order":0,"comment_status":"open","ping_status":"open","template":"bibliukaflar.php","meta":{"footnotes":""},"class_list":["post-21938","page","type-page","status-publish","hentry"],"_links":{"self":[{"href":"https:\/\/biblian.is\/videy\/wp-json\/wp\/v2\/pages\/21938","targetHints":{"allow":["GET"]}}],"collection":[{"href":"https:\/\/biblian.is\/videy\/wp-json\/wp\/v2\/pages"}],"about":[{"href":"https:\/\/biblian.is\/videy\/wp-json\/wp\/v2\/types\/page"}],"author":[{"embeddable":true,"href":"https:\/\/biblian.is\/videy\/wp-json\/wp\/v2\/users\/1"}],"replies":[{"embeddable":true,"href":"https:\/\/biblian.is\/videy\/wp-json\/wp\/v2\/comments?post=21938"}],"version-history":[{"count":0,"href":"https:\/\/biblian.is\/videy\/wp-json\/wp\/v2\/pages\/21938\/revisions"}],"wp:attachment":[{"href":"https:\/\/biblian.is\/videy\/wp-json\/wp\/v2\/media?parent=21938"}],"curies":[{"name":"wp","href":"https:\/\/api.w.org\/{rel}","templated":true}]}}