{"id":21937,"date":"2018-01-02T01:04:52","date_gmt":"2018-01-02T01:04:52","guid":{"rendered":"http:\/\/biblian.is\/videy\/sidara-korintubref-10-kafli\/"},"modified":"2018-01-02T01:04:52","modified_gmt":"2018-01-02T01:04:52","slug":"sidara-korintubref-10-kafli","status":"publish","type":"page","link":"https:\/\/biblian.is\/videy\/sidara-korintubref-10-kafli\/","title":{"rendered":"S\u00ed\u00f0ara Korintubr\u00e9f 10. kafli"},"content":{"rendered":"<div class=\"fyrirsognVidey\">P\u00e1ll hrindir brigslum m\u00f3tst\u00f6\u00f0umannanna, er s\u00f6g\u00f0u a\u00f0 hann v\u00e6ri \u00ed n\u00e6rveru l\u00edtill\u00e1tur, en \u00ed fj\u00e6rveru stoltur og myndugur.<\/div>\n<p><a name=\"1\"><span class=\"versanumer\">1<\/span><\/a>Eg hinn sami P\u00e1ll, sem sag\u00f0ur er l\u00edtill\u00e1tur \u00ed n\u00e1l\u00e6g\u00f0, en myndugur \u00ed fj\u00e6rl\u00e6g\u00f0, \u00e1minni y\u00f0ur me\u00f0 bl\u00ed\u00f0lyndi og h\u00f3gv\u00e6r\u00f0 Krists.<a name=\"2\"><span class=\"versanumer\">2<\/span><\/a>Eg bi\u00f0 y\u00f0ur a\u00f0 l\u00e1ta mig ekki n\u00e1l\u00e6gan \u00feurfa a\u00f0 beita \u00feeim myndugleika, sem eg hefi \u00e1sett m\u00e9r a\u00f0 beita vi\u00f0 nokkra, sem halda a\u00f0 v\u00e9r g\u00f6ngum eftir holdinu.<a name=\"3\"><span class=\"versanumer\">3<\/span><\/a>V\u00e9r g\u00f6ngum a\u00f0 s\u00f6nnu \u00ed holdinu, en v\u00e9r str\u00ed\u00f0um \u00fe\u00f3 ekki eftir holdinu;<a name=\"4\"><span class=\"versanumer\">4<\/span><\/a>\u00fev\u00ed vopn vorrar herfarar eru ekki holdleg, heldur fyrir Gu\u00f0s hj\u00e1lp kr\u00f6ftug til a\u00f0 ni\u00f0urbrj\u00f3ta hervirkin <span class='VideyAth'>a)<\/span>;<a name=\"5\"><span class=\"versanumer\">5<\/span><\/a>v\u00e9r \u00f3n\u00fdtum v\u00e9labr\u00f6g\u00f0 og hv\u00f6rja h\u00e6\u00f0, sem hefur sig upp \u00e1 m\u00f3ti Gu\u00f0s \u00feekkingu og hert\u00f6kum hv\u00f6rja hugsun gegn Krists hl\u00fd\u00f0ni<a name=\"6\"><span class=\"versanumer\">6<\/span><\/a>og erum rei\u00f0ub\u00fanir a\u00f0 refsa alls konar \u00f3hl\u00fd\u00f0ni \u00feegar y\u00f0ar hl\u00fd\u00f0ni er or\u00f0in fullkomin.<a name=\"7\"><span class=\"versanumer\">7<\/span><\/a>L\u00edti\u00f0 \u00fe\u00e9r \u00e1 hi\u00f0 ytra? ef nokkur er um \u00fea\u00f0 me\u00f0 sj\u00e1lfum s\u00e9r viss, a\u00f0 hann er Krists, hann r\u00e1\u00f0i aftur \u00fear af, a\u00f0 eins og hann er Krists, svo erum v\u00e9r og einnig.<a name=\"8\"><span class=\"versanumer\">8<\/span><\/a>J\u00e1, \u00fe\u00f3 eg vildi enn fremur st\u00e6ra mig af makt \u00feeirri, er Drottinn hefir oss gefi\u00f0 y\u00f0ur til uppbyggingar, en ekki til tj\u00f3ns, \u00fe\u00e1 mundi eg ekki \u00fear fyrir ver\u00f0a til skammar.<a name=\"9\"><span class=\"versanumer\">9<\/span><\/a>En svo a\u00f0 ekki skuli \u00fea\u00f0 s\u00fdnast, sem eg vilji hr\u00e6\u00f0a y\u00f0ur me\u00f0 br\u00e9funum;<a name=\"10\"><span class=\"versanumer\">10<\/span><\/a><span class='VideyAth'>(\u00fev\u00ed br\u00e9fin, segja menn, eru \u00feung og kr\u00f6ftug, en n\u00e6rvera l\u00edkamans veik og r\u00e6\u00f0an fyrirlitleg)<\/span>,<a name=\"11\"><span class=\"versanumer\">11<\/span><\/a>\u00fe\u00e1 huglei\u00f0i \u00fev\u00edl\u00edkir, a\u00f0 eins og v\u00e9r erum fj\u00e6rverandi \u00ed br\u00e9funum \u00ed or\u00f0i, eins munum v\u00e9r ver\u00f0a n\u00e6rverandi \u00ed verki.<a name=\"12\"><span class=\"versanumer\">12<\/span><\/a>Ekki get eg fengi\u00f0 \u00fea\u00f0 af m\u00e9r a\u00f0 telja mig me\u00f0 \u00feeim e\u00f0ur samjafna m\u00e9r vi\u00f0 \u00fe\u00e1, sem gorta af sj\u00e1lfum s\u00e9r; en \u00feessa, sem m\u00e6la sig sj\u00e1lfa vi\u00f0 sj\u00e1lfa sig og bera sig saman vi\u00f0 sj\u00e1lfa sig, skortir skilning.<a name=\"13\"><span class=\"versanumer\">13<\/span><\/a>En v\u00e9r st\u00e6rum oss ekki af \u00fev\u00ed, sem oss ekki er \u00fatm\u00e6lt <span class='VideyAth'>b)<\/span>, heldur af \u00fev\u00ed, a\u00f0 v\u00e9r, samkv\u00e6mt \u00feeim takm\u00f6rkum, sem oss eru af Gu\u00f0i \u00fatm\u00e6ld, erum komnir allt til y\u00f0ar.<a name=\"14\"><span class=\"versanumer\">14<\/span><\/a>Ekki teygjum v\u00e9r oss \u00fat fyrir vor takm\u00f6rk, svo sem \u00feeir er ekki hafa til y\u00f0ar komi\u00f0, \u00fev\u00ed a\u00f0 v\u00e9r h\u00f6fum sannarlega til y\u00f0ar komi\u00f0 me\u00f0 Krists n\u00e1\u00f0arbo\u00f0skap.<a name=\"15\"><span class=\"versanumer\">15<\/span><\/a>Ekki st\u00e6rum v\u00e9r oss af \u00fev\u00ed, sem oss er ekki \u00fatm\u00e6lt, af annarra vinnu; en h\u00f6fum \u00fe\u00e1 von, a\u00f0 \u00feegar tr\u00fa y\u00f0ar eflist, munum v\u00e9r, me\u00f0 y\u00f0ar a\u00f0sto\u00f0, enn v\u00ed\u00f0fr\u00e6gari ver\u00f0a innan oss fyrirsettra takmarka,<a name=\"16\"><span class=\"versanumer\">16<\/span><\/a>og geta bo\u00f0a\u00f0 \u00feeim n\u00e1\u00f0arl\u00e6rd\u00f3minn, sem b\u00faa hinumegin vi\u00f0 y\u00f0ur; en ekki \u00e6tlum v\u00e9r a\u00f0 hr\u00f3sa oss \u00ed annarra umd\u00e6mi af \u00fev\u00ed, sem \u00e1\u00f0ur er fullkomna\u00f0.<a name=\"17\"><span class=\"versanumer\">17<\/span><\/a>S\u00e1, sem hr\u00f3sar s\u00e9r, hann hr\u00f3si s\u00e9r \u00ed Drottni;<a name=\"18\"><span class=\"versanumer\">18<\/span><\/a>\u00fev\u00ed ekki er s\u00e1, sem lofar sj\u00e1lfan sig r\u00e9ttskikka\u00f0ur, heldur s\u00e1, sem lofst\u00edr f\u00e6r af Drottni.<\/p>\n<div class=\"footnoteVidey\">V. 2. \u00fe. e. heg\u00f0um oss eftir vorum holdligu girndum.  V. 3. \u00fe. e. erum breyskleika undirorpnir eins og a\u00f0rir menn.  V. 4. a. \u00fe. e. \u00fea\u00f0 sem er gegn Gu\u00f0s vilja. Jer. 1,10.  V. 7. 1 Kor. 14,37. \u00fe. e. Krists s\u00e9rlegur sendibo\u00f0i.  V. 8. Kap. 13,10. sbr. Matt. 16,19.  V. 13. b. \u00fe. e. v\u00e9r st\u00e6rum oss ekki af \u00fev\u00ed a\u00f0 hafa bo\u00f0a\u00f0 kristni v\u00ed\u00f0ar, enn v\u00e9r h\u00f6fum bo\u00f0a\u00f0 hana.  V. 17. \u00fe. e. hr\u00f3si n\u00e1\u00f0 og a\u00f0sto\u00f0 \u00feeirri, sem Gu\u00f0 hefir veitt honum, sbr. Jer. 9,24.  V. 18. sbr. Or\u00f0skv. b. 24,12.<\/div>\n","protected":false},"excerpt":{"rendered":"<p>P\u00e1ll hrindir brigslum m\u00f3tst\u00f6\u00f0umannanna, er s\u00f6g\u00f0u a\u00f0 hann v\u00e6ri \u00ed n\u00e6rveru l\u00edtill\u00e1tur, en \u00ed fj\u00e6rveru stoltur og myndugur. 1Eg hinn sami P\u00e1ll, sem sag\u00f0ur er l\u00edtill\u00e1tur \u00ed n\u00e1l\u00e6g\u00f0, en myndugur \u00ed fj\u00e6rl\u00e6g\u00f0, \u00e1minni y\u00f0ur me\u00f0 bl\u00ed\u00f0lyndi og h\u00f3gv\u00e6r\u00f0 Krists.2Eg bi\u00f0 y\u00f0ur a\u00f0 l\u00e1ta mig ekki n\u00e1l\u00e6gan \u00feurfa a\u00f0 beita \u00feeim myndugleika, sem eg hefi \u00e1sett m\u00e9r a\u00f0 beita vi\u00f0 nokkra, sem halda a\u00f0 v\u00e9r g\u00f6ngum eftir holdinu.3V\u00e9r g\u00f6ngum a\u00f0 s\u00f6nnu \u00ed holdinu, en v\u00e9r str\u00ed\u00f0um \u00fe\u00f3 ekki eftir holdinu;4\u00fev\u00ed vopn vorrar herfarar eru ekki holdleg, heldur fyrir Gu\u00f0s hj\u00e1lp kr\u00f6ftug til a\u00f0 ni\u00f0urbrj\u00f3ta hervirkin a);5v\u00e9r \u00f3n\u00fdtum v\u00e9labr\u00f6g\u00f0 og hv\u00f6rja h\u00e6\u00f0, <a href=\"https:\/\/biblian.is\/videy\/sidara-korintubref-10-kafli\/\"> [&#8230;]<\/a><\/p>\n","protected":false},"author":1,"featured_media":0,"parent":0,"menu_order":0,"comment_status":"open","ping_status":"open","template":"bibliukaflar.php","meta":{"footnotes":""},"class_list":["post-21937","page","type-page","status-publish","hentry"],"_links":{"self":[{"href":"https:\/\/biblian.is\/videy\/wp-json\/wp\/v2\/pages\/21937","targetHints":{"allow":["GET"]}}],"collection":[{"href":"https:\/\/biblian.is\/videy\/wp-json\/wp\/v2\/pages"}],"about":[{"href":"https:\/\/biblian.is\/videy\/wp-json\/wp\/v2\/types\/page"}],"author":[{"embeddable":true,"href":"https:\/\/biblian.is\/videy\/wp-json\/wp\/v2\/users\/1"}],"replies":[{"embeddable":true,"href":"https:\/\/biblian.is\/videy\/wp-json\/wp\/v2\/comments?post=21937"}],"version-history":[{"count":0,"href":"https:\/\/biblian.is\/videy\/wp-json\/wp\/v2\/pages\/21937\/revisions"}],"wp:attachment":[{"href":"https:\/\/biblian.is\/videy\/wp-json\/wp\/v2\/media?parent=21937"}],"curies":[{"name":"wp","href":"https:\/\/api.w.org\/{rel}","templated":true}]}}