{"id":21936,"date":"2018-01-02T01:04:52","date_gmt":"2018-01-02T01:04:52","guid":{"rendered":"http:\/\/biblian.is\/videy\/sidara-korintubref-9-kafli\/"},"modified":"2018-01-02T01:04:52","modified_gmt":"2018-01-02T01:04:52","slug":"sidara-korintubref-9-kafli","status":"publish","type":"page","link":"https:\/\/biblian.is\/videy\/sidara-korintubref-9-kafli\/","title":{"rendered":"S\u00ed\u00f0ara Korintubr\u00e9f 9. kafli"},"content":{"rendered":"<div class=\"fyrirsognVidey\">P\u00e1ll hr\u00f3sar Korintum\u00f6nnum og upphvetur til a\u00f0 gefa r\u00edkuglega.<\/div>\n<p><a name=\"1\"><span class=\"versanumer\">1<\/span><\/a>Hva\u00f0 hj\u00e1lpina til hinna heil\u00f6gu \u00e1hr\u00e6rir, er engin \u00fe\u00f6rf \u00e1 a\u00f0 eg skrifi y\u00f0ur;<a name=\"2\"><span class=\"versanumer\">2<\/span><\/a>\u00fev\u00ed eg \u00feekki y\u00f0ar g\u00f3\u00f0a vilja og hefi hr\u00f3sa\u00f0 y\u00f0ur fyrir hann hj\u00e1 \u00feeim \u00ed Makedon\u00edu, nefnilega: a\u00f0 Akkaja hafi veri\u00f0 rei\u00f0ub\u00fain fyrir \u00e1ri s\u00ed\u00f0an og a\u00f0 y\u00f0ar al\u00fa\u00f0 hafi upphvatt marga.<a name=\"3\"><span class=\"versanumer\">3<\/span><\/a>En eg sendi \u00feessa br\u00e6\u00f0ur, svo a\u00f0 s\u00e1 lofst\u00edr, sem v\u00e9r h\u00f6fum gefi\u00f0 y\u00f0ur \u00ed \u00feessu tilliti, ver\u00f0i ekki a\u00f0 engu og a\u00f0 \u00fe\u00e9r s\u00e9u\u00f0 undirb\u00fanir eins og eg hefi sagt,<a name=\"4\"><span class=\"versanumer\">4<\/span><\/a>svo a\u00f0 eg \u00feurfi ekki a\u00f0 l\u00ed\u00f0a kinnro\u00f0a <span class='VideyAth'>(eg vil ekki segja sj\u00e1lfir \u00fe\u00e9r)<\/span> fyrir \u00feetta traust mitt, ef nokkrir fr\u00e1 Makedon\u00edu koma me\u00f0 m\u00e9r og finna y\u00f0ur \u00f3vi\u00f0b\u00fana.<a name=\"5\"><span class=\"versanumer\">5<\/span><\/a>V\u00e9r h\u00e9ldum \u00feess vegna nau\u00f0synlegt a\u00f0 bi\u00f0ja br\u00e6\u00f0urnar a\u00f0 fara \u00e1 undan til y\u00f0ar og undirb\u00faa y\u00f0ar \u00e1\u00f0ur lofa\u00f0a velgj\u00f6rning, svo a\u00f0 liggi rei\u00f0ub\u00fainn, svo sem \u00f6rl\u00e1tleg g\u00e1fa, en ekki sem dregin undan neglum y\u00f0ar.<a name=\"6\"><span class=\"versanumer\">6<\/span><\/a>\u00dev\u00ed \u00fea\u00f0 segi eg: a\u00f0 s\u00e1, sem sparlega s\u00e1ir, muni og sparl\u00e1tlega uppskera.<a name=\"7\"><span class=\"versanumer\">7<\/span><\/a>Hv\u00f6r gefi eftir sinni hugarlund, ekki me\u00f0 hryggu ge\u00f0i e\u00f0ur nau\u00f0ung, \u00fev\u00ed Gu\u00f0 elskar gla\u00f0an gjafara;<a name=\"8\"><span class=\"versanumer\">8<\/span><\/a>en megnugur er Gu\u00f0 a\u00f0 l\u00e1ta y\u00f0ur hafa gn\u00e6g\u00f0 af \u00f6llu g\u00f3\u00f0u, svo a\u00f0 \u00fe\u00e9r \u00e6t\u00ed\u00f0 hafi\u00f0 af \u00f6llu gn\u00e6g\u00f0 til allra g\u00f3\u00f0ra verka;<a name=\"9\"><span class=\"versanumer\">9<\/span><\/a>\u00fev\u00ed skrifa\u00f0 er: hann \u00fatb\u00fdtti, gaf \u00feeim \u00feurfugu, hans g\u00e6ska varir a\u00f0 eil\u00edfu.<a name=\"10\"><span class=\"versanumer\">10<\/span><\/a>En s\u00e1, sem s\u00e1\u00f0manninum gefur f\u00e6\u00f0i og brau\u00f0 til f\u00e6\u00f0slu, hann mun og gefa y\u00f0ur s\u00e1\u00f0 og margfalda \u00fea\u00f0 og auka \u00e1v\u00f6xt y\u00f0ar g\u00e6sku,<a name=\"11\"><span class=\"versanumer\">11<\/span><\/a>svo a\u00f0 \u00fe\u00e9r au\u00f0ugir ver\u00f0i\u00f0 til alls lags \u00f6rl\u00e6tis, sem kemur \u00fev\u00ed til lei\u00f0ar, a\u00f0 Gu\u00f0i gj\u00f6rast \u00feakkir fyrir oss;<a name=\"12\"><span class=\"versanumer\">12<\/span><\/a>\u00fev\u00ed \u00fej\u00f3nusta a\u00f0 \u00feessu verki b\u00e6tir ekki einungis \u00far \u00fe\u00f6rfum heilagra, heldur ver\u00f0ur og ors\u00f6k til, a\u00f0 margir innilega \u00feakka Gu\u00f0i,<a name=\"13\"><span class=\"versanumer\">13<\/span><\/a>og vegna \u00feessa votts y\u00f0ar g\u00f3\u00f0semdar, lofa \u00feeir Gu\u00f0 fyrir y\u00f0ar hl\u00fd\u00f0ni vi\u00f0 n\u00e1\u00f0arl\u00e6rd\u00f3m Krists, sem \u00fe\u00e9r me\u00f0kenni\u00f0 og fyrir y\u00f0ar einl\u00e6ga \u00f6rl\u00e6ti vi\u00f0 \u00fe\u00e1 og alla,<a name=\"14\"><span class=\"versanumer\">14<\/span><\/a>og bi\u00f0ja fyrir y\u00f0ur og elska y\u00f0ur hjartanlega fyrir Gu\u00f0s y\u00f0ur yfirgn\u00e6fanlega veittu n\u00e1\u00f0.<a name=\"15\"><span class=\"versanumer\">15<\/span><\/a>Lofa\u00f0ur s\u00e9 Gu\u00f0 fyrir s\u00edna \u00f3umr\u00e6\u00f0ilegu n\u00e1\u00f0argj\u00f6f!<\/p>\n<div class=\"footnoteVidey\">V. 1. Post. g. b. 11,29.  V. 6. sbr. Or\u00f0sk. b. 11,24.25. 22,8.9. Gal. 6,7.8.  V. 7. sbr. 5 M\u00f3s. b. 15,10. R\u00f3m. 12,8.  V. 9. S\u00e1lm. 112,9.<\/div>\n","protected":false},"excerpt":{"rendered":"<p>P\u00e1ll hr\u00f3sar Korintum\u00f6nnum og upphvetur til a\u00f0 gefa r\u00edkuglega. 1Hva\u00f0 hj\u00e1lpina til hinna heil\u00f6gu \u00e1hr\u00e6rir, er engin \u00fe\u00f6rf \u00e1 a\u00f0 eg skrifi y\u00f0ur;2\u00fev\u00ed eg \u00feekki y\u00f0ar g\u00f3\u00f0a vilja og hefi hr\u00f3sa\u00f0 y\u00f0ur fyrir hann hj\u00e1 \u00feeim \u00ed Makedon\u00edu, nefnilega: a\u00f0 Akkaja hafi veri\u00f0 rei\u00f0ub\u00fain fyrir \u00e1ri s\u00ed\u00f0an og a\u00f0 y\u00f0ar al\u00fa\u00f0 hafi upphvatt marga.3En eg sendi \u00feessa br\u00e6\u00f0ur, svo a\u00f0 s\u00e1 lofst\u00edr, sem v\u00e9r h\u00f6fum gefi\u00f0 y\u00f0ur \u00ed \u00feessu tilliti, ver\u00f0i ekki a\u00f0 engu og a\u00f0 \u00fe\u00e9r s\u00e9u\u00f0 undirb\u00fanir eins og eg hefi sagt,4svo a\u00f0 eg \u00feurfi ekki a\u00f0 l\u00ed\u00f0a kinnro\u00f0a (eg vil ekki segja sj\u00e1lfir \u00fe\u00e9r) fyrir \u00feetta traust <a href=\"https:\/\/biblian.is\/videy\/sidara-korintubref-9-kafli\/\"> [&#8230;]<\/a><\/p>\n","protected":false},"author":1,"featured_media":0,"parent":0,"menu_order":0,"comment_status":"open","ping_status":"open","template":"bibliukaflar.php","meta":{"footnotes":""},"class_list":["post-21936","page","type-page","status-publish","hentry"],"_links":{"self":[{"href":"https:\/\/biblian.is\/videy\/wp-json\/wp\/v2\/pages\/21936","targetHints":{"allow":["GET"]}}],"collection":[{"href":"https:\/\/biblian.is\/videy\/wp-json\/wp\/v2\/pages"}],"about":[{"href":"https:\/\/biblian.is\/videy\/wp-json\/wp\/v2\/types\/page"}],"author":[{"embeddable":true,"href":"https:\/\/biblian.is\/videy\/wp-json\/wp\/v2\/users\/1"}],"replies":[{"embeddable":true,"href":"https:\/\/biblian.is\/videy\/wp-json\/wp\/v2\/comments?post=21936"}],"version-history":[{"count":0,"href":"https:\/\/biblian.is\/videy\/wp-json\/wp\/v2\/pages\/21936\/revisions"}],"wp:attachment":[{"href":"https:\/\/biblian.is\/videy\/wp-json\/wp\/v2\/media?parent=21936"}],"curies":[{"name":"wp","href":"https:\/\/api.w.org\/{rel}","templated":true}]}}