{"id":21934,"date":"2018-01-02T01:04:52","date_gmt":"2018-01-02T01:04:52","guid":{"rendered":"http:\/\/biblian.is\/videy\/sidara-korintubref-7-kafli\/"},"modified":"2018-01-02T01:04:52","modified_gmt":"2018-01-02T01:04:52","slug":"sidara-korintubref-7-kafli","status":"publish","type":"page","link":"https:\/\/biblian.is\/videy\/sidara-korintubref-7-kafli\/","title":{"rendered":"S\u00ed\u00f0ara Korintubr\u00e9f 7. kafli"},"content":{"rendered":"<div class=\"fyrirsognVidey\">P\u00e1ll leggur ni\u00f0ur fyrir Korintum\u00f6nnum tilgang s\u00edns fyrra br\u00e9fs. Talar um T\u00edtus.<\/div>\n<p><a name=\"2\"><span class=\"versanumer\">2<\/span><\/a>Gefi\u00f0 m\u00e9r r\u00fam hj\u00e1 y\u00f0ur, engum hefi eg \u00f3r\u00e9tt gj\u00f6rt, engum spillt, engan \u00e1s\u00e6lst.<a name=\"3\"><span class=\"versanumer\">3<\/span><\/a>Eg segi ekki \u00feetta y\u00f0ur til \u00e1fellis, \u00fev\u00ed eg hefi \u00e1\u00f0ur sagt, a\u00f0 eg elska\u00f0i y\u00f0ur svo, a\u00f0 eg vildi lifa og deyja me\u00f0 y\u00f0ur.<a name=\"4\"><span class=\"versanumer\">4<\/span><\/a>Eg er \u00fev\u00ed djarfm\u00e6ltur vi\u00f0 y\u00f0ur; mikinn s\u00f3ma hefi eg af y\u00f0ur; eg hefi n\u00f3ga huggun og yfirgn\u00e6fanlega gle\u00f0i \u00ed \u00f6llum m\u00ednum \u00ferengingum.<a name=\"5\"><span class=\"versanumer\">5<\/span><\/a>\u00deess vegna \u00fe\u00e1 v\u00e9r komum til Makedon\u00edu, haf\u00f0i hold vort enga r\u00f3, en vorum allssta\u00f0ar a\u00f0\u00ferengdir; \u00fatvortis var bar\u00e1tta, innvortis \u00f3tti;<a name=\"6\"><span class=\"versanumer\">6<\/span><\/a>en Gu\u00f0, sem huggar hina aumu, hann gaf oss huggun me\u00f0 T\u00edtusar tilkomu.<a name=\"7\"><span class=\"versanumer\">7<\/span><\/a>V\u00e9r gl\u00f6ddumst ekki einungis af komu hans, heldur og af \u00feeirri huggun, sem \u00fe\u00e9r huggu\u00f0u\u00f0 hann me\u00f0. Hann kunngj\u00f6r\u00f0i oss y\u00f0ar s\u00f6knu\u00f0, sorg og vandl\u00e6tingu m\u00edn vegna, svo eg var\u00f0 \u00fear af enn \u00fe\u00e1 gla\u00f0ari.<a name=\"8\"><span class=\"versanumer\">8<\/span><\/a>\u00dev\u00ed \u00fe\u00f3 eg hafi hryggt y\u00f0ur me\u00f0 br\u00e9finu, i\u00f0rast eg \u00feess ekki, \u00fe\u00f3 eg \u00e1\u00f0ur i\u00f0ra\u00f0ist \u00feess, \u00fev\u00ed eg s\u00e9 a\u00f0 \u00feetta br\u00e9f hrygg\u00f0i y\u00f0ur einungis um stundarsakir.<a name=\"9\"><span class=\"versanumer\">9<\/span><\/a>N\u00fa gle\u00f0st eg, ekki af \u00fev\u00ed a\u00f0 \u00fe\u00e9r hrygg\u00f0ust, heldur af \u00fev\u00ed \u00fe\u00e9r hrygg\u00f0ust til betrunar; y\u00f0ar hrygg\u00f0 var eftir Gu\u00f0s vilja, svo a\u00f0 \u00fe\u00e9r hafi\u00f0 engan ska\u00f0a af oss haft.<a name=\"10\"><span class=\"versanumer\">10<\/span><\/a>S\u00fa hrygg\u00f0, sem er eftir Gu\u00f0s vilja, aflar s\u00e1luhj\u00e1lplegrar betrunar, hv\u00f6rrar enginn i\u00f0rast, en veraldleg hrygg\u00f0 ollir dau\u00f0a.<a name=\"11\"><span class=\"versanumer\">11<\/span><\/a>\u00dev\u00ed sj\u00e1i\u00f0 \u00fea\u00f0, a\u00f0 \u00fe\u00e9r hrygg\u00f0ust eftir Gu\u00f0s vilja, hv\u00edl\u00edkt kapp verka\u00f0i \u00fea\u00f0 hj\u00e1 y\u00f0ur! j\u00e1, enn framar: afsakanir <span class='VideyAth'>a)<\/span>, \u00feykkju <span class='VideyAth'>b)<\/span>, blyg\u00f0an, eftirlangan, vandl\u00e6tingu, strangleika \u00ed hegningunni; \u00ed \u00f6llu s\u00f6nnu\u00f0u\u00f0 \u00fe\u00e9r, a\u00f0 \u00fe\u00e9r hreinir v\u00e6ru\u00f0 \u00ed \u00feessu efni.<a name=\"12\"><span class=\"versanumer\">12<\/span><\/a>\u00dear fyrir, \u00fe\u00f3 a\u00f0 eg skrifa\u00f0i y\u00f0ur, \u00fe\u00e1 var \u00fea\u00f0 hv\u00f6rki hans vegna, sem \u00f3r\u00e9ttinn gj\u00f6r\u00f0i, n\u00e9 hins, sem \u00f3r\u00e9ttinn lei\u00f0, heldur svo y\u00f0ur \u00fear af auglj\u00f3s yr\u00f0i umhyggja m\u00edn fyrir y\u00f0ur \u00ed Gu\u00f0s augliti.<br \/><a name=\"13\"><span class=\"versanumer\">13<\/span><\/a>\u00deess vegna huggast eg af y\u00f0ar huggun, en allra mest gladdi mig hva\u00f0 T\u00edtus var \u00e1n\u00e6g\u00f0ur, \u00fev\u00ed hugur hans hefir endurn\u00e6rst af y\u00f0ur \u00f6llum.<a name=\"14\"><span class=\"versanumer\">14<\/span><\/a>Eg \u00feurfti ekki a\u00f0 l\u00ed\u00f0a kinnro\u00f0a fyrir \u00fea\u00f0, \u00fe\u00f3 eg hef\u00f0i st\u00e6rt mig nokku\u00f0 af y\u00f0ur fyrir honum, heldur eins og allt \u00fea\u00f0 var sannleiki, sem eg kennda y\u00f0ur, eins reyndist m\u00edn hr\u00f3san vi\u00f0 T\u00edtus s\u00f6nn;<a name=\"15\"><span class=\"versanumer\">15<\/span><\/a>og honum er l\u00edka hjartanlega vel til y\u00f0ar, \u00fev\u00ed honum er minnisf\u00f6st allra y\u00f0ar hl\u00fd\u00f0ni, me\u00f0 hv\u00f6rsu miklum \u00f3tta og lotningu \u00fe\u00e9r t\u00f3ku\u00f0 \u00e1 m\u00f3ti honum.<a name=\"16\"><span class=\"versanumer\">16<\/span><\/a>Eg er \u00feess vegna gla\u00f0ur, a\u00f0 eg get \u00ed \u00f6llu haft traust til y\u00f0ar.<\/p>\n<div class=\"footnoteVidey\">V. 2. Post. gb. 20,33. 2 Kor. 11,7\u201312. 12,16.17. 1 Tess. 2,9. 2 Tess. 3,8.  V. 6. Kap. 3,3.4.  V. 8. 1 Kor. 5. 2 Kor. 2,3.4.  V. 9. Samanb. 2 Sam. b. 12,13.  V. 11. a. nefnil. fyrir fors\u00f3mun y\u00f0ar a\u00f0 reka syndarann \u00far s\u00f6fnu\u00f0inum. b. nl. vi\u00f0 \u00feann seka. samanb. 2 Kor. 2,6. vi\u00f0 1 Kor. 5,5.  V. 12. 2 Kor. 2,5.<\/div>\n","protected":false},"excerpt":{"rendered":"<p>P\u00e1ll leggur ni\u00f0ur fyrir Korintum\u00f6nnum tilgang s\u00edns fyrra br\u00e9fs. Talar um T\u00edtus. 2Gefi\u00f0 m\u00e9r r\u00fam hj\u00e1 y\u00f0ur, engum hefi eg \u00f3r\u00e9tt gj\u00f6rt, engum spillt, engan \u00e1s\u00e6lst.3Eg segi ekki \u00feetta y\u00f0ur til \u00e1fellis, \u00fev\u00ed eg hefi \u00e1\u00f0ur sagt, a\u00f0 eg elska\u00f0i y\u00f0ur svo, a\u00f0 eg vildi lifa og deyja me\u00f0 y\u00f0ur.4Eg er \u00fev\u00ed djarfm\u00e6ltur vi\u00f0 y\u00f0ur; mikinn s\u00f3ma hefi eg af y\u00f0ur; eg hefi n\u00f3ga huggun og yfirgn\u00e6fanlega gle\u00f0i \u00ed \u00f6llum m\u00ednum \u00ferengingum.5\u00deess vegna \u00fe\u00e1 v\u00e9r komum til Makedon\u00edu, haf\u00f0i hold vort enga r\u00f3, en vorum allssta\u00f0ar a\u00f0\u00ferengdir; \u00fatvortis var bar\u00e1tta, innvortis \u00f3tti;6en Gu\u00f0, sem huggar hina aumu, hann gaf oss <a href=\"https:\/\/biblian.is\/videy\/sidara-korintubref-7-kafli\/\"> [&#8230;]<\/a><\/p>\n","protected":false},"author":1,"featured_media":0,"parent":0,"menu_order":0,"comment_status":"open","ping_status":"open","template":"bibliukaflar.php","meta":{"footnotes":""},"class_list":["post-21934","page","type-page","status-publish","hentry"],"_links":{"self":[{"href":"https:\/\/biblian.is\/videy\/wp-json\/wp\/v2\/pages\/21934","targetHints":{"allow":["GET"]}}],"collection":[{"href":"https:\/\/biblian.is\/videy\/wp-json\/wp\/v2\/pages"}],"about":[{"href":"https:\/\/biblian.is\/videy\/wp-json\/wp\/v2\/types\/page"}],"author":[{"embeddable":true,"href":"https:\/\/biblian.is\/videy\/wp-json\/wp\/v2\/users\/1"}],"replies":[{"embeddable":true,"href":"https:\/\/biblian.is\/videy\/wp-json\/wp\/v2\/comments?post=21934"}],"version-history":[{"count":0,"href":"https:\/\/biblian.is\/videy\/wp-json\/wp\/v2\/pages\/21934\/revisions"}],"wp:attachment":[{"href":"https:\/\/biblian.is\/videy\/wp-json\/wp\/v2\/media?parent=21934"}],"curies":[{"name":"wp","href":"https:\/\/api.w.org\/{rel}","templated":true}]}}