{"id":21933,"date":"2018-01-02T01:04:52","date_gmt":"2018-01-02T01:04:52","guid":{"rendered":"http:\/\/biblian.is\/videy\/sidara-korintubref-6-kafli\/"},"modified":"2018-01-02T01:04:52","modified_gmt":"2018-01-02T01:04:52","slug":"sidara-korintubref-6-kafli","status":"publish","type":"page","link":"https:\/\/biblian.is\/videy\/sidara-korintubref-6-kafli\/","title":{"rendered":"S\u00ed\u00f0ara Korintubr\u00e9f 6. kafli"},"content":{"rendered":"<div class=\"fyrirsognVidey\">Sama efni. Varar Korintumenn vi\u00f0 a\u00f0 hafa m\u00f6k vi\u00f0 vantr\u00faa\u00f0a.<\/div>\n<p><a name=\"1\"><span class=\"versanumer\">1<\/span><\/a>En svo sem me\u00f0verkandi \u00e1minnum v\u00e9r h\u00e9r um <span class='VideyAth'>c)<\/span>,<a name=\"2\"><span class=\"versanumer\">2<\/span><\/a>a\u00f0 \u00fe\u00e9r ekki skuli\u00f0 me\u00f0taka Gu\u00f0s n\u00e1\u00f0 til einkis. <span class='VideyAth'>(Ritningin segir: \u00e1 hagkv\u00e6mri t\u00ed\u00f0 b\u00e6nheyr\u00f0a eg \u00feig og \u00e1 hj\u00e1lpr\u00e6\u00f0isins degi hj\u00e1lpa\u00f0i eg \u00fe\u00e9r. Sj\u00e1! n\u00fa er s\u00fa \u00e6skilega t\u00ed\u00f0, sj\u00e1! n\u00fa er dagur hj\u00e1lpr\u00e6\u00f0isins)<\/span>.<a name=\"3\"><span class=\"versanumer\">3<\/span><\/a>V\u00e9r gefum engum \u00e1steytingarefni, svo emb\u00e6tti\u00f0 ver\u00f0i ekki fyrir lasti,<a name=\"4\"><span class=\"versanumer\">4<\/span><\/a>heldur tj\u00e1um oss \u00ed \u00f6llu, sem Gu\u00f0s \u00fej\u00f3nustumenn, me\u00f0 mikilli \u00feolinm\u00e6\u00f0i \u00ed \u00ferengingum, ney\u00f0, angist, undir h\u00f6ggum, \u00ed fangelsi, \u00e1 vorum hrakningi,<a name=\"5\"><span class=\"versanumer\">5<\/span><\/a>\u00ed erfi\u00f0i, v\u00f6kum og skorti;<a name=\"6\"><span class=\"versanumer\">6<\/span><\/a>me\u00f0 grandv\u00f6ru l\u00edferni, \u00feekkingu, umbur\u00f0arlyndi, bl\u00ed\u00f0lyndi, heil\u00f6gu hugarfari, falslausum k\u00e6rleika,<a name=\"7\"><span class=\"versanumer\">7<\/span><\/a>me\u00f0 sannleikans kenningu og Gu\u00f0s krafti; sem \u00fatb\u00fana me\u00f0 vopnum r\u00e9ttl\u00e6tisins til s\u00f3knar og varnar,<a name=\"8\"><span class=\"versanumer\">8<\/span><\/a>\u00ed hei\u00f0ri og vanhei\u00f0ri, hv\u00f6rt vel er tala\u00f0 um oss e\u00f0ur illa. V\u00e9r \u00e1l\u00edtustum svikarar, en finnumst \u00fe\u00f3 sannor\u00f0ir;<a name=\"9\"><span class=\"versanumer\">9<\/span><\/a>erum l\u00edtilsvirtir, en \u00fe\u00f3 nafnkunnugir; erum n\u00e6rri dau\u00f0a, en sj\u00e1! v\u00e9r lifum samt; oss er refsa\u00f0, en v\u00e9r erum \u00fe\u00f3 ekki deyddir;<a name=\"10\"><span class=\"versanumer\">10<\/span><\/a>erum syrgjandi, en \u00fe\u00f3 jafnan gla\u00f0ir; f\u00e1t\u00e6kir en au\u00f0gum \u00fe\u00f3 marga; eigum ekkert, en h\u00f6fum \u00fe\u00f3 allt. <br \/><a name=\"11\"><span class=\"versanumer\">11<\/span><\/a>Korintumenn! eg hefi opna\u00f0 minn munn til y\u00f0ar, eg hefi \u00fatbreitt fyrir y\u00f0ur mitt hjarta, \u00fea\u00f0 er ekki \u00fer\u00f6ngt um y\u00f0ur \u00ed \u00fev\u00ed,<a name=\"12\"><span class=\"versanumer\">12<\/span><\/a>en l\u00edti\u00f0 r\u00fam \u00e6tli\u00f0 \u00fe\u00e9r m\u00e9r \u00ed y\u00f0rum hj\u00f6rtum.<a name=\"13\"><span class=\"versanumer\">13<\/span><\/a>Til umbunar <span class='VideyAth'>(eg tala til y\u00f0ar, sem barna minna)<\/span>, r\u00fdmki\u00f0 einnig y\u00f0ar hj\u00f6rtu.<br \/><a name=\"14\"><span class=\"versanumer\">14<\/span><\/a>Dragi\u00f0 ekki ok me\u00f0 vantr\u00fau\u00f0um. Hv\u00f6rt samf\u00e9lag hefir dygg\u00f0in vi\u00f0 \u00f3dygg\u00f0ina, lj\u00f3si\u00f0 vi\u00f0 myrkri\u00f0,<a name=\"15\"><span class=\"versanumer\">15<\/span><\/a>Kristur vi\u00f0 Bel\u00edal? hv\u00f6rja hlutdeild hefir s\u00e1 tr\u00faa\u00f0i me\u00f0 \u00feeim vantr\u00faa\u00f0a?<a name=\"16\"><span class=\"versanumer\">16<\/span><\/a>Hva\u00f0 \u00e1 Gu\u00f0s musteri skylt vi\u00f0 musteri skur\u00f0go\u00f0anna? \u00de\u00e9r eru\u00f0 ens lifanda Gu\u00f0s musteri, eins og Gu\u00f0 hefir sagt: eg vil b\u00faa \u00e1 me\u00f0al \u00feeirra og dvelja hj\u00e1 \u00feeim og eg vil vera \u00feeirra Gu\u00f0 og \u00feeir skulu vera mitt f\u00f3lk.<a name=\"17\"><span class=\"versanumer\">17<\/span><\/a>Fari\u00f0 \u00fev\u00ed burtu fr\u00e1 \u00feeim og skilji\u00f0 y\u00f0ur vi\u00f0 \u00fe\u00e1\u2014segir Drottinn\u2014,<a name=\"18\"><span class=\"versanumer\">18<\/span><\/a>og snerti\u00f0 ekki \u00fea\u00f0, sem vanheilagt er, \u00fe\u00e1 skal eg taka y\u00f0ur a\u00f0 m\u00e9r og eg mun ver\u00f0a y\u00f0ar Fa\u00f0ir og \u00fe\u00e9r skulu\u00f0 ver\u00f0a m\u00ednir synir og d\u00e6tur, segir Drottinn alm\u00e1ttugur. Kap. 7. v. 1. Elskanlegir! \u00fear e\u00f0 v\u00e9r h\u00f6fum \u00fev\u00edl\u00edkt fyrirheiti, \u00fe\u00e1 hreinsum oss fr\u00e1 allri saurgun holdsins og andans og fullkomnum helgun vora me\u00f0 Gu\u00f0s \u00f3tta.<\/p>\n<div class=\"footnoteVidey\">V. 1. c. nefnil. a\u00f0 \u00feeir skyldu l\u00e1ta sig forl\u00edka vi\u00f0 Gu\u00f0. 5,20.  V. 2. Esa. 49,8.  V. 7. Efes. 6,11. ff.  V. 15. Nefnil. Satan, sbr. 1 Kor. 10,20. og Skgr. 1 K\u00f3ng. b. 18,21.  V. 16. 2 M\u00f3s. b. 29,45. 3 M\u00f3s. b. 26,11.12.  V. 17. sbr. Esa. 48,20. 52,11. Esek. 36,28.<\/div>\n","protected":false},"excerpt":{"rendered":"<p>Sama efni. Varar Korintumenn vi\u00f0 a\u00f0 hafa m\u00f6k vi\u00f0 vantr\u00faa\u00f0a. 1En svo sem me\u00f0verkandi \u00e1minnum v\u00e9r h\u00e9r um c),2a\u00f0 \u00fe\u00e9r ekki skuli\u00f0 me\u00f0taka Gu\u00f0s n\u00e1\u00f0 til einkis. (Ritningin segir: \u00e1 hagkv\u00e6mri t\u00ed\u00f0 b\u00e6nheyr\u00f0a eg \u00feig og \u00e1 hj\u00e1lpr\u00e6\u00f0isins degi hj\u00e1lpa\u00f0i eg \u00fe\u00e9r. Sj\u00e1! n\u00fa er s\u00fa \u00e6skilega t\u00ed\u00f0, sj\u00e1! n\u00fa er dagur hj\u00e1lpr\u00e6\u00f0isins).3V\u00e9r gefum engum \u00e1steytingarefni, svo emb\u00e6tti\u00f0 ver\u00f0i ekki fyrir lasti,4heldur tj\u00e1um oss \u00ed \u00f6llu, sem Gu\u00f0s \u00fej\u00f3nustumenn, me\u00f0 mikilli \u00feolinm\u00e6\u00f0i \u00ed \u00ferengingum, ney\u00f0, angist, undir h\u00f6ggum, \u00ed fangelsi, \u00e1 vorum hrakningi,5\u00ed erfi\u00f0i, v\u00f6kum og skorti;6me\u00f0 grandv\u00f6ru l\u00edferni, \u00feekkingu, umbur\u00f0arlyndi, bl\u00ed\u00f0lyndi, heil\u00f6gu hugarfari, falslausum k\u00e6rleika,7me\u00f0 sannleikans kenningu og Gu\u00f0s <a href=\"https:\/\/biblian.is\/videy\/sidara-korintubref-6-kafli\/\"> [&#8230;]<\/a><\/p>\n","protected":false},"author":1,"featured_media":0,"parent":0,"menu_order":0,"comment_status":"open","ping_status":"open","template":"bibliukaflar.php","meta":{"footnotes":""},"class_list":["post-21933","page","type-page","status-publish","hentry"],"_links":{"self":[{"href":"https:\/\/biblian.is\/videy\/wp-json\/wp\/v2\/pages\/21933","targetHints":{"allow":["GET"]}}],"collection":[{"href":"https:\/\/biblian.is\/videy\/wp-json\/wp\/v2\/pages"}],"about":[{"href":"https:\/\/biblian.is\/videy\/wp-json\/wp\/v2\/types\/page"}],"author":[{"embeddable":true,"href":"https:\/\/biblian.is\/videy\/wp-json\/wp\/v2\/users\/1"}],"replies":[{"embeddable":true,"href":"https:\/\/biblian.is\/videy\/wp-json\/wp\/v2\/comments?post=21933"}],"version-history":[{"count":0,"href":"https:\/\/biblian.is\/videy\/wp-json\/wp\/v2\/pages\/21933\/revisions"}],"wp:attachment":[{"href":"https:\/\/biblian.is\/videy\/wp-json\/wp\/v2\/media?parent=21933"}],"curies":[{"name":"wp","href":"https:\/\/api.w.org\/{rel}","templated":true}]}}