{"id":21932,"date":"2018-01-02T01:04:52","date_gmt":"2018-01-02T01:04:52","guid":{"rendered":"http:\/\/biblian.is\/videy\/sidara-korintubref-5-kafli\/"},"modified":"2018-01-02T01:04:52","modified_gmt":"2018-01-02T01:04:52","slug":"sidara-korintubref-5-kafli","status":"publish","type":"page","link":"https:\/\/biblian.is\/videy\/sidara-korintubref-5-kafli\/","title":{"rendered":"S\u00ed\u00f0ara Korintubr\u00e9f 5. kafli"},"content":{"rendered":"<div class=\"fyrirsognVidey\">Sama efni. Talar um sinn ver\u00f0ugleika, sem n\u00e1\u00f0arl\u00e6rd\u00f3msins kennara.<\/div>\n<p><a name=\"1\"><span class=\"versanumer\">1<\/span><\/a>\u00dev\u00ed v\u00e9r vitum a\u00f0 jafnvel \u00fe\u00f3 \u00feessi vor jar\u00f0neska tjaldb\u00fa\u00f0 ver\u00f0i ni\u00f0urbrotin, h\u00f6fum v\u00e9r samt h\u00fas af Gu\u00f0i, ekki me\u00f0 h\u00f6ndum gj\u00f6rt, eil\u00edft \u00e1 himnum.<a name=\"2\"><span class=\"versanumer\">2<\/span><\/a>Samt andv\u00f6rpum v\u00e9r \u00feess vegna, a\u00f0 oss langar til a\u00f0 f\u00e1 yfir oss hi\u00f0 himneska h\u00fasi\u00f0,<a name=\"3\"><span class=\"versanumer\">3<\/span><\/a><span class='VideyAth'>(\u00fev\u00ed kl\u00e6ddir, en ekki naktir, munum v\u00e9r \u00fe\u00e1 fundnir ver\u00f0)<\/span><a name=\"4\"><span class=\"versanumer\">4<\/span><\/a><span class='VideyAth'>a.)<\/span>En \u00e1 me\u00f0an v\u00e9r erum \u00ed \u00feessari tjaldb\u00fa\u00f0, stynjum v\u00e9r undir byr\u00f0i vorri, \u00fear e\u00f0 v\u00e9r viljum ekki afkl\u00e6\u00f0ast, heldur yfirkl\u00e6\u00f0ast, svo hi\u00f0 dau\u00f0lega uppsvelgist af \u00fev\u00ed \u00f3dau\u00f0lega.<a name=\"5\"><span class=\"versanumer\">5<\/span><\/a>En s\u00e1 Gu\u00f0, sem \u00feetta hefir oss fyrirb\u00fai\u00f0, hefir og gefi\u00f0 oss sinn anda til pants h\u00e9r upp \u00e1.<a name=\"6\"><span class=\"versanumer\">6<\/span><\/a>V\u00e9r erum \u00fev\u00ed jafnan \u00f6ruggir og vitum a\u00f0 \u00e1 me\u00f0an v\u00e9r b\u00faum \u00ed l\u00edkamanum erum v\u00e9r fjarl\u00e6gir Drottni.<a name=\"7\"><span class=\"versanumer\">7<\/span><\/a>V\u00e9r lifum \u00ed von en ekki sko\u00f0un,<a name=\"8\"><span class=\"versanumer\">8<\/span><\/a>en erum samt \u00f6ruggir, jafnvel \u00fe\u00f3 v\u00e9r heldur viljum fr\u00edast vi\u00f0 l\u00edkamann og vera hj\u00e1 Drottni;<a name=\"9\"><span class=\"versanumer\">9<\/span><\/a>\u00feess vegna kappkostum v\u00e9r l\u00edka a\u00f0 \u00fe\u00f3knast Drottni, hv\u00f6rt heldur v\u00e9r erum \u00edkl\u00e6ddir l\u00edkamanum, e\u00f0a utan hans;<a name=\"10\"><span class=\"versanumer\">10<\/span><\/a>\u00fev\u00ed allir hlj\u00f3tum v\u00e9r a\u00f0 birtast fyrir Krists d\u00f3mst\u00f3li, svo hv\u00f6r einn f\u00e1i laun eftir sinni breytni \u00ed l\u00edkamanum, hv\u00f6rt sem h\u00fan hefir veri\u00f0 g\u00f3\u00f0 e\u00f0ur vond. <br \/><a name=\"11\"><span class=\"versanumer\">11<\/span><\/a>Me\u00f0 \u00fev\u00ed v\u00e9r n\u00fa \u00feekkjum \u00f3tta Drottins, leitumst v\u00e9r vi\u00f0 a\u00f0 \u00e1vinna menn; Gu\u00f0i erum v\u00e9r auglj\u00f3sir,<a name=\"12\"><span class=\"versanumer\">12<\/span><\/a>en eg vona a\u00f0 eg og s\u00e9 \u00feekktur or\u00f0inn af y\u00f0ar samviskum; \u00fev\u00ed ekki erum v\u00e9r aftur farnir a\u00f0 m\u00e6la fram me\u00f0 oss vi\u00f0 y\u00f0ur, heldur gefum v\u00e9r y\u00f0ur tilefni til a\u00f0 st\u00e6ra y\u00f0ur af oss <span class='VideyAth'>a)<\/span>, svo a\u00f0 \u00fe\u00e9r hafi\u00f0 \u00fea\u00f0 \u00fe\u00e9r geti\u00f0 svara\u00f0 \u00feeim, sem st\u00e6ra sig af \u00fev\u00ed \u00fatvortis, en ekki hjartalaginu.<a name=\"13\"><span class=\"versanumer\">13<\/span><\/a>\u00dev\u00ed hv\u00f6rt sem v\u00e9r st\u00e6rum oss, gj\u00f6rum v\u00e9r \u00fea\u00f0 Gu\u00f0s vegna <span class='VideyAth'>b)<\/span>, e\u00f0ur v\u00e9r erum h\u00f3gl\u00e1tir, er \u00fea\u00f0 y\u00f0ar vegna.<a name=\"14\"><span class=\"versanumer\">14<\/span><\/a>K\u00e6rleiki Krists \u00fevingar oss,<a name=\"15\"><span class=\"versanumer\">15<\/span><\/a>me\u00f0 \u00fev\u00ed v\u00e9r \u00e1lyktum svo, a\u00f0 fyrst hann einn er d\u00e1inn fyrir alla, svo s\u00e9u \u00feeir allir d\u00e1nir; og hann d\u00f3 fyrir alla til \u00feess, a\u00f0 \u00feeir, \u00e1 me\u00f0an \u00feeir lifa, ekki framar lifi s\u00e9r, heldur \u00feeim, sem fyrir \u00fe\u00e1 er d\u00e1inn og upprisinn.<a name=\"16\"><span class=\"versanumer\">16<\/span><\/a>\u00dear fyrir metum v\u00e9r n\u00fa h\u00e9\u00f0an \u00ed fr\u00e1 engan eftir holdinu, \u00fev\u00ed \u00fe\u00f3tt v\u00e9r jafnvel mettum Krist eftir holdinu \u00e1\u00f0ur, \u00fe\u00e1 gj\u00f6rum v\u00e9r \u00fea\u00f0 ekki framar.<a name=\"17\"><span class=\"versanumer\">17<\/span><\/a>\u00dev\u00ed hv\u00f6r, sem er \u00ed Krist\u00f3, hann er or\u00f0inn n\u00fd skepna, \u00fea\u00f0 gamla er afm\u00e1\u00f0, sj\u00e1! allt er or\u00f0i\u00f0 n\u00fdtt,<a name=\"18\"><span class=\"versanumer\">18<\/span><\/a>og \u00fea\u00f0 er allt af Gu\u00f0i, er forl\u00edka\u00f0i oss fyrir Jes\u00fam Krist vi\u00f0 sj\u00e1lfan sig og gefi\u00f0 hefir oss \u00fea\u00f0 emb\u00e6tti, a\u00f0 kunngj\u00f6ra \u00feessa forl\u00edkun;<a name=\"19\"><span class=\"versanumer\">19<\/span><\/a>nefnilega \u00fea\u00f0: a\u00f0 Gu\u00f0 hafi forl\u00edka\u00f0 heiminn vi\u00f0 sj\u00e1lfan sig og tilreikni ekki m\u00f6nnum \u00feeirra afbrot og hafi sett oss til a\u00f0 kunngj\u00f6ra \u00feessa forl\u00edkun.<a name=\"20\"><span class=\"versanumer\">20<\/span><\/a>V\u00e9r erum \u00fev\u00ed Krists erindrekar; Gu\u00f0 l\u00edka, sem \u00e1minnir fyrir vorn munn. V\u00e9r bi\u00f0jum \u00fev\u00ed vegna Krists; l\u00e1ti\u00f0 y\u00f0ur forl\u00edka vi\u00f0 Gu\u00f0;<a name=\"21\"><span class=\"versanumer\">21<\/span><\/a>\u00fev\u00ed hann, sem aldrei \u00feekkti synd, gj\u00f6r\u00f0i Gu\u00f0 a\u00f0 syndaf\u00f3rn vor vegna, svo a\u00f0 v\u00e9r fyrir hann r\u00e9ttl\u00e6ttir yr\u00f0um.<\/p>\n<div class=\"footnoteVidey\">V. 1. 2 P\u00e9t. 1,13.14.  V. 4. 1 Tess. 4,15\u201317. 1 Kor. 15,51\u201354.  V. 5. R\u00f3m. 8,14\u201317. 2 Kor. 1,22.  V. 7. R\u00f3m. 8,24. 1 Kor. 13,12. Hebr. 11,1.  V. 9. 1 J\u00f3h. 3,3.  V. 11. \u00fe. e. hvar \u00ed sannur Gu\u00f0s \u00f3tti er innifalinn. Gal. 1,10. 2 Kor. 4,2.  V. 12. a. 1,14. 10,8.  V. 13. b. \u00fe. e. svo Gu\u00f0s s\u00e9 d\u00fdr\u00f0in.  V. 14. R\u00f3m. 6,11.  V. 16. Matt. 12,47\u201350. Gal. 6,15. Fil. 3,4\u20139.  V. 17. sbr. R\u00f3m. 8,1.  V. 18. R\u00f3m. 5,10. K\u00f3l. 1,20. 1 J\u00f3h. 2,2. 4,10.  V. 19. R\u00f3m. 3,24.25. S\u00e1lm. 32,1.  V. 21. Esa. 53,6\u201312. R\u00f3m. 8,3.<\/div>\n","protected":false},"excerpt":{"rendered":"<p>Sama efni. Talar um sinn ver\u00f0ugleika, sem n\u00e1\u00f0arl\u00e6rd\u00f3msins kennara. 1\u00dev\u00ed v\u00e9r vitum a\u00f0 jafnvel \u00fe\u00f3 \u00feessi vor jar\u00f0neska tjaldb\u00fa\u00f0 ver\u00f0i ni\u00f0urbrotin, h\u00f6fum v\u00e9r samt h\u00fas af Gu\u00f0i, ekki me\u00f0 h\u00f6ndum gj\u00f6rt, eil\u00edft \u00e1 himnum.2Samt andv\u00f6rpum v\u00e9r \u00feess vegna, a\u00f0 oss langar til a\u00f0 f\u00e1 yfir oss hi\u00f0 himneska h\u00fasi\u00f0,3(\u00fev\u00ed kl\u00e6ddir, en ekki naktir, munum v\u00e9r \u00fe\u00e1 fundnir ver\u00f0)4a.)En \u00e1 me\u00f0an v\u00e9r erum \u00ed \u00feessari tjaldb\u00fa\u00f0, stynjum v\u00e9r undir byr\u00f0i vorri, \u00fear e\u00f0 v\u00e9r viljum ekki afkl\u00e6\u00f0ast, heldur yfirkl\u00e6\u00f0ast, svo hi\u00f0 dau\u00f0lega uppsvelgist af \u00fev\u00ed \u00f3dau\u00f0lega.5En s\u00e1 Gu\u00f0, sem \u00feetta hefir oss fyrirb\u00fai\u00f0, hefir og gefi\u00f0 oss sinn anda til pants <a href=\"https:\/\/biblian.is\/videy\/sidara-korintubref-5-kafli\/\"> [&#8230;]<\/a><\/p>\n","protected":false},"author":1,"featured_media":0,"parent":0,"menu_order":0,"comment_status":"open","ping_status":"open","template":"bibliukaflar.php","meta":{"footnotes":""},"class_list":["post-21932","page","type-page","status-publish","hentry"],"_links":{"self":[{"href":"https:\/\/biblian.is\/videy\/wp-json\/wp\/v2\/pages\/21932","targetHints":{"allow":["GET"]}}],"collection":[{"href":"https:\/\/biblian.is\/videy\/wp-json\/wp\/v2\/pages"}],"about":[{"href":"https:\/\/biblian.is\/videy\/wp-json\/wp\/v2\/types\/page"}],"author":[{"embeddable":true,"href":"https:\/\/biblian.is\/videy\/wp-json\/wp\/v2\/users\/1"}],"replies":[{"embeddable":true,"href":"https:\/\/biblian.is\/videy\/wp-json\/wp\/v2\/comments?post=21932"}],"version-history":[{"count":0,"href":"https:\/\/biblian.is\/videy\/wp-json\/wp\/v2\/pages\/21932\/revisions"}],"wp:attachment":[{"href":"https:\/\/biblian.is\/videy\/wp-json\/wp\/v2\/media?parent=21932"}],"curies":[{"name":"wp","href":"https:\/\/api.w.org\/{rel}","templated":true}]}}