{"id":21929,"date":"2018-01-02T01:04:46","date_gmt":"2018-01-02T01:04:46","guid":{"rendered":"http:\/\/biblian.is\/videy\/sidara-korintubref-2-kafli\/"},"modified":"2018-01-02T01:04:46","modified_gmt":"2018-01-02T01:04:46","slug":"sidara-korintubref-2-kafli","status":"publish","type":"page","link":"https:\/\/biblian.is\/videy\/sidara-korintubref-2-kafli\/","title":{"rendered":"S\u00ed\u00f0ara Korintubr\u00e9f 2. kafli"},"content":{"rendered":"<div class=\"fyrirsognVidey\">Sama efni. Bi\u00f0ur a\u00f0 inntaka \u00feann aftur \u00ed s\u00f6fnu\u00f0inn, sem haf\u00f0i b\u00e6tt r\u00e1\u00f0 sitt. \u00deakkar Gu\u00f0i, sem blessar hans emb\u00e6tti.<\/div>\n<p><a name=\"1\"><span class=\"versanumer\">1<\/span><\/a>Me\u00f0 sj\u00e1lfum m\u00e9r hefi eg \u00e1sett ekki a\u00f0 koma aftur me\u00f0 sorg til y\u00f0ar;<a name=\"2\"><span class=\"versanumer\">2<\/span><\/a>\u00fev\u00ed ef eg hryggi y\u00f0ur, hv\u00f6r gle\u00f0ur mig \u00fe\u00e1 nema s\u00e1, er eg \u00e1\u00f0ur haf\u00f0i hryggt?<a name=\"3\"><span class=\"versanumer\">3<\/span><\/a>\u00deetta skrifa eg y\u00f0ur til \u00feess, a\u00f0 \u00feegar eg kem, hafi eg ekki hrygg\u00f0 af \u00feeim, er eiga a\u00f0 gle\u00f0ja mig. Eg hefi \u00fea\u00f0 traust til y\u00f0ar allra, a\u00f0 y\u00f0ur \u00f6llum s\u00e9 \u00fea\u00f0 til gle\u00f0i, sem m\u00e9r er til gle\u00f0i.<a name=\"4\"><span class=\"versanumer\">4<\/span><\/a>Me\u00f0 mikilli sorg og hjartans angri og m\u00f6rgum t\u00e1rum skrifa\u00f0i eg y\u00f0ur, ekki til \u00feess a\u00f0 hryggja y\u00f0ur, heldur til \u00feess \u00fe\u00e9r \u00fear af s\u00e6ju\u00f0 \u00fe\u00e1 miklu elsku, er eg hefi til y\u00f0ar. <br \/><a name=\"5\"><span class=\"versanumer\">5<\/span><\/a>Ef nokkur er s\u00e1, sem hefir hrygg\u00f0ar olla\u00f0, \u00fe\u00e1 hefir hann ekki hryggt mig, heldur a\u00f0 nokkru leyti y\u00f0ur alla, eg vil ekki segja anna\u00f0 \u00feyngra.<a name=\"6\"><span class=\"versanumer\">6<\/span><\/a>L\u00e1ti\u00f0 honum duga \u00fe\u00e1 str\u00f6ffun, sem \u00e1 hann er l\u00f6g\u00f0 af m\u00f6rgum,<a name=\"7\"><span class=\"versanumer\">7<\/span><\/a>svo \u00fe\u00e9r \u00e6ttu\u00f0 n\u00fa \u00fev\u00ed heldur a\u00f0 fyrirgefa honum og hugga hann, svo a\u00f0 of mikil sorg ekki gj\u00f6ri \u00fat af vi\u00f0 hann.<a name=\"8\"><span class=\"versanumer\">8<\/span><\/a>Eg bi\u00f0 y\u00f0ur a\u00f0 s\u00fdna honum elsku;<a name=\"9\"><span class=\"versanumer\">9<\/span><\/a>\u00fev\u00ed til \u00feess skrifa\u00f0i eg y\u00f0ur, a\u00f0 eg fengi a\u00f0 vita hv\u00f6rninn \u00fe\u00e9r reyndust, hv\u00f6rt \u00fe\u00e9r eru\u00f0 hl\u00fd\u00f0nir \u00ed \u00f6llu.<a name=\"10\"><span class=\"versanumer\">10<\/span><\/a>En ef \u00fe\u00e9r fyrirgefi\u00f0 \u00feessum, \u00fe\u00e1 eg \u00ed sama m\u00e1ta; \u00fev\u00ed a\u00f0 og svo eg, ef eg hefi fyrirgefi\u00f0 nokku\u00f0, \u00fe\u00e1 hefi eg fyrirgefi\u00f0 \u00fea\u00f0 y\u00f0ar vegna fyrir Krists augliti,<a name=\"11\"><span class=\"versanumer\">11<\/span><\/a>svo v\u00e9r ekki ver\u00f0um sigra\u00f0ir af Satan, \u00fev\u00ed oss eru ekki \u00f3kunn hans v\u00e9labr\u00f6g\u00f0. <br \/><a name=\"12\"><span class=\"versanumer\">12<\/span><\/a>\u00deegar v\u00e9r komum til Tr\u00f3as til a\u00f0 kenna n\u00e1\u00f0arl\u00e6rd\u00f3m Krists, \u00fe\u00e1, \u00fe\u00f3tt gott t\u00e6kif\u00e6ri g\u00e6fist oss \u00fear til, haf\u00f0i eg ekki r\u00f3 \u00ed m\u00e9r til \u00feess, af \u00fev\u00ed eg hitti ekki br\u00f3\u00f0ur minn T\u00edtum;<a name=\"13\"><span class=\"versanumer\">13<\/span><\/a>kvaddi \u00fe\u00e1 \u00fev\u00ed og f\u00f3r til Makedon\u00edu.<a name=\"14\"><span class=\"versanumer\">14<\/span><\/a>\u00deakkir s\u00e9u Gu\u00f0i, sem \u00e1vallt gefur oss sigur \u00ed Krists erindi og l\u00e6tur hans \u00feekkingarilm alls sta\u00f0ar af oss \u00fatbrei\u00f0ast.<a name=\"15\"><span class=\"versanumer\">15<\/span><\/a>V\u00e9r erum fyrir Gu\u00f0i Krists ilmur, b\u00e6\u00f0i fyrir ena h\u00f3lpnu og fort\u00f6pu\u00f0u;<a name=\"16\"><span class=\"versanumer\">16<\/span><\/a>\u00feessum banv\u00e6nn eimur til dau\u00f0a, hinum l\u00edfgandi ilmur til l\u00edfs; en hv\u00f6r er \u00fear til h\u00e6fur?<a name=\"17\"><span class=\"versanumer\">17<\/span><\/a>Ekki mengum v\u00e9r Gu\u00f0s l\u00e6rd\u00f3m, sem margir gj\u00f6ra, heldur kennum v\u00e9r fyrir augs\u00fdn Gu\u00f0s \u00f3menga\u00f0an Krists l\u00e6rd\u00f3m, svo sem fr\u00e1 Gu\u00f0i kominn.<\/p>\n<div class=\"footnoteVidey\">V. 1. 2 Kor. 12,21.  V. 6. 1 Kor. 5,5. sbr. Matt. 16,19. 18,17.  V. 9. 1 Kor. 5,12.  V. 12. Post. g. b. 16,8. eftirf. v.  V. 14. \u00deekkinguna \u00e1 hans l\u00e6rd\u00f3mi.  V. 15. P\u00e1ll l\u00edkir s\u00e9r og hinum postulunum vi\u00f0 reykelsisf\u00f3rn, af \u00fev\u00ed helga\u00f0 h\u00f6f\u00f0u allt sitt l\u00edf og krafta kristnibo\u00f0inu.  V. 16. 1 Kor. 1,18. nl. h\u00e6fur af eigin kr\u00f6ftum, til a\u00f0 bo\u00f0a kristni. 2 Kor. 3,5.6.<\/div>\n","protected":false},"excerpt":{"rendered":"<p>Sama efni. Bi\u00f0ur a\u00f0 inntaka \u00feann aftur \u00ed s\u00f6fnu\u00f0inn, sem haf\u00f0i b\u00e6tt r\u00e1\u00f0 sitt. \u00deakkar Gu\u00f0i, sem blessar hans emb\u00e6tti. 1Me\u00f0 sj\u00e1lfum m\u00e9r hefi eg \u00e1sett ekki a\u00f0 koma aftur me\u00f0 sorg til y\u00f0ar;2\u00fev\u00ed ef eg hryggi y\u00f0ur, hv\u00f6r gle\u00f0ur mig \u00fe\u00e1 nema s\u00e1, er eg \u00e1\u00f0ur haf\u00f0i hryggt?3\u00deetta skrifa eg y\u00f0ur til \u00feess, a\u00f0 \u00feegar eg kem, hafi eg ekki hrygg\u00f0 af \u00feeim, er eiga a\u00f0 gle\u00f0ja mig. Eg hefi \u00fea\u00f0 traust til y\u00f0ar allra, a\u00f0 y\u00f0ur \u00f6llum s\u00e9 \u00fea\u00f0 til gle\u00f0i, sem m\u00e9r er til gle\u00f0i.4Me\u00f0 mikilli sorg og hjartans angri og m\u00f6rgum t\u00e1rum skrifa\u00f0i eg y\u00f0ur, ekki <a href=\"https:\/\/biblian.is\/videy\/sidara-korintubref-2-kafli\/\"> [&#8230;]<\/a><\/p>\n","protected":false},"author":1,"featured_media":0,"parent":0,"menu_order":0,"comment_status":"open","ping_status":"open","template":"bibliukaflar.php","meta":{"footnotes":""},"class_list":["post-21929","page","type-page","status-publish","hentry"],"_links":{"self":[{"href":"https:\/\/biblian.is\/videy\/wp-json\/wp\/v2\/pages\/21929","targetHints":{"allow":["GET"]}}],"collection":[{"href":"https:\/\/biblian.is\/videy\/wp-json\/wp\/v2\/pages"}],"about":[{"href":"https:\/\/biblian.is\/videy\/wp-json\/wp\/v2\/types\/page"}],"author":[{"embeddable":true,"href":"https:\/\/biblian.is\/videy\/wp-json\/wp\/v2\/users\/1"}],"replies":[{"embeddable":true,"href":"https:\/\/biblian.is\/videy\/wp-json\/wp\/v2\/comments?post=21929"}],"version-history":[{"count":0,"href":"https:\/\/biblian.is\/videy\/wp-json\/wp\/v2\/pages\/21929\/revisions"}],"wp:attachment":[{"href":"https:\/\/biblian.is\/videy\/wp-json\/wp\/v2\/media?parent=21929"}],"curies":[{"name":"wp","href":"https:\/\/api.w.org\/{rel}","templated":true}]}}