{"id":21928,"date":"2018-01-02T01:04:46","date_gmt":"2018-01-02T01:04:46","guid":{"rendered":"http:\/\/biblian.is\/videy\/sidara-korintubref-1-kafli\/"},"modified":"2018-01-02T01:04:46","modified_gmt":"2018-01-02T01:04:46","slug":"sidara-korintubref-1-kafli","status":"publish","type":"page","link":"https:\/\/biblian.is\/videy\/sidara-korintubref-1-kafli\/","title":{"rendered":"S\u00ed\u00f0ara Korintubr\u00e9f 1. kafli"},"content":{"rendered":"<div class=\"fyrirsognVidey\">Huggun og \u00feolinm\u00e6\u00f0i P\u00e1ls \u00ed alls konar m\u00f3tgangi. Tilgreinir hv\u00f6rs vegna hann hafi ekki komi\u00f0 til Korintu.<\/div>\n<p><a name=\"1\"><span class=\"versanumer\">1<\/span><\/a>P\u00e1ll, a\u00f0 Gu\u00f0s vilja postuli Jes\u00fa Krists og br\u00f3\u00f0ir T\u00edm\u00f3teus, heilsa s\u00f6fnu\u00f0i Gu\u00f0s \u00ed Korintuborg og \u00f6llum kristnum \u00ed Akkaju.<a name=\"2\"><span class=\"versanumer\">2<\/span><\/a>N\u00e1\u00f0 s\u00e9 me\u00f0 y\u00f0ur og fri\u00f0ur af Gu\u00f0i vorum F\u00f6\u00f0ur og Drottni Jes\u00fa Kristi. <br \/><a name=\"3\"><span class=\"versanumer\">3<\/span><\/a>Lofa\u00f0ur veri Gu\u00f0 og Fa\u00f0ir Drottins vors Jes\u00fa Krists, miskunnsemdanna Fa\u00f0ir og Gu\u00f0 allrar huggunar,<a name=\"4\"><span class=\"versanumer\">4<\/span><\/a>sem huggar oss svo \u00ed \u00f6llum vorum \u00fej\u00e1ningum, a\u00f0 v\u00e9r getum aftur hugga\u00f0 a\u00f0ra \u00ed alls lags \u00fej\u00e1ningu me\u00f0 s\u00f6mu huggun, er Gu\u00f0 hugga\u00f0i oss me\u00f0;<a name=\"5\"><span class=\"versanumer\">5<\/span><\/a>\u00fev\u00ed eins og v\u00e9r h\u00f6fum fyrir m\u00f6rgum \u00fej\u00e1ningum or\u00f0i\u00f0 vegna Krists, svo hefir hann og fyrir Krist yfirgn\u00e6fanlega veitt oss hugganir,<a name=\"6\"><span class=\"versanumer\">6<\/span><\/a>\u00fev\u00ed hv\u00f6rt heldur v\u00e9r l\u00ed\u00f0um \u00fej\u00e1ningar, \u00fe\u00e1 er \u00fea\u00f0 y\u00f0ur til huggunar og s\u00e1luhj\u00e1lpar e\u00f0ur v\u00e9r \u00f6\u00f0lustum huggun, er \u00fea\u00f0 y\u00f0ur til \u00feeirrar huggunar, sem mun s\u00fdna sig kr\u00f6ftuglega til \u00feolinm\u00e6\u00f0i \u00ed s\u00f6mu \u00fej\u00e1ningum, sem v\u00e9r og l\u00ed\u00f0um.<a name=\"7\"><span class=\"versanumer\">7<\/span><\/a>Og \u00feessi vor von um y\u00f0ur er sta\u00f0fest, \u00fear e\u00f0 v\u00e9r vitum, a\u00f0 eins og \u00fe\u00e9r eru\u00f0 hluttakandi or\u00f0nir \u00ed \u00fej\u00e1ningunum, eins munu\u00f0 \u00fe\u00e9r ver\u00f0a \u00fea\u00f0 \u00ed hugguninni.<a name=\"8\"><span class=\"versanumer\">8<\/span><\/a>\u00dev\u00ed v\u00e9r viljum ekki dylja y\u00f0ur, br\u00e6\u00f0ur! a\u00f0 \u00fej\u00e1ningar \u00fe\u00e6r, sem v\u00e9r ur\u00f0um fyrir \u00ed As\u00edu, voru yfirm\u00e1ta \u00feungar og \u00feyngri en v\u00e9r g\u00e6tum \u00fe\u00e6r bo\u00f0i\u00f0, svo v\u00e9r \u00f6rv\u00e6ntum jafnvel um l\u00edf vort.<a name=\"9\"><span class=\"versanumer\">9<\/span><\/a>J\u00e1, oss s\u00fdndist me\u00f0 sj\u00e1lfum oss a\u00f0 v\u00e9r \u00feegar hef\u00f0um fengi\u00f0 vorn dau\u00f0ad\u00f3m, svo v\u00e9r ekkert traust settum til sj\u00e1lfra vor, heldur til Gu\u00f0s, sem uppvekur dau\u00f0a.<a name=\"10\"><span class=\"versanumer\">10<\/span><\/a>Hann frelsa\u00f0i oss fr\u00e1 \u00feessum miklku dau\u00f0ans h\u00e6ttu og frelsar,<a name=\"11\"><span class=\"versanumer\">11<\/span><\/a>og honum treystum v\u00e9r til \u00feess, a\u00f0 hann eins h\u00e9r eftir muni frelsa oss, ef \u00fe\u00e9r og svo styrki\u00f0 \u00fear til me\u00f0 y\u00f0ar b\u00e6num fyrir oss, svo a\u00f0 s\u00fa n\u00e1\u00f0, sem oss veitist fyrir margra b\u00e6nir, vegsamist vor vegna af m\u00f6rgum me\u00f0 \u00feakkargj\u00f6r\u00f0. <br \/><a name=\"12\"><span class=\"versanumer\">12<\/span><\/a>S\u00e1 vitnisbur\u00f0ur vorrar samvisku, er v\u00e9r hr\u00f3sum, a\u00f0 v\u00e9r h\u00f6fum heg\u00f0a\u00f0 oss falslaust \u00ed heiminum og me\u00f0 Gu\u00f0i vel\u00fe\u00f3knanlegum grandvarlegleika, ekki fyrir a\u00f0sto\u00f0 holdlegrar <span class='VideyAth'>a)<\/span> speki heldur Gu\u00f0s n\u00e1\u00f0ar, allra helst hj\u00e1 y\u00f0ur;<a name=\"13\"><span class=\"versanumer\">13<\/span><\/a>\u00fev\u00ed ekki skrifa eg y\u00f0ur anna\u00f0 en \u00fea\u00f0, sem \u00fe\u00e9r lesi\u00f0 og l\u00edka \u00feekki\u00f0, og eg vona \u00fe\u00e9r muni\u00f0 reyna oss svo til endaloka,<a name=\"14\"><span class=\"versanumer\">14<\/span><\/a>eins og \u00fe\u00e9r b\u00fanir eru\u00f0 a\u00f0 \u00feekkja oss a\u00f0 nokkru leyti, a\u00f0 v\u00e9r munum ver\u00f0a y\u00f0ur til s\u00f3ma, eins og \u00fe\u00e9r oss, \u00e1 degi Drottins Jes\u00fa.<br \/><a name=\"15\"><span class=\"versanumer\">15<\/span><\/a>\u00cd \u00feessu trausti \u00e1setta eg m\u00e9r fyrri a\u00f0 koma til y\u00f0ar, svo a\u00f0 \u00fe\u00e9r \u00ed anna\u00f0 sinn hef\u00f0u\u00f0 f\u00f6gnu\u00f0,<a name=\"16\"><span class=\"versanumer\">16<\/span><\/a>og a\u00f0 fara um hj\u00e1 y\u00f0ur til Makedon\u00edu og koma aftur \u00fea\u00f0an til y\u00f0ar og f\u00e1 y\u00f0ar fylgd til Gy\u00f0ingalands.<a name=\"17\"><span class=\"versanumer\">17<\/span><\/a>S\u00fdnda eg nokkurt lauslyndi \u00ed \u00fev\u00ed a\u00f0 eg \u00e1setti m\u00e9r \u00feetta? e\u00f0ur s\u00fdndi \u00feessi \u00e1setningur minn holdlegt r\u00e1\u00f0lag, svo mitt j\u00e1, v\u00e6ri t\u00f3mt j\u00e1 og nei t\u00f3mt nei?<a name=\"18\"><span class=\"versanumer\">18<\/span><\/a>S\u00e1 sannor\u00f0i Gu\u00f0 s\u00e9 mitt vitni, a\u00f0 l\u00e6rd\u00f3mur vor hj\u00e1 y\u00f0ur var ekki j\u00e1 og nei!<a name=\"19\"><span class=\"versanumer\">19<\/span><\/a>Gu\u00f0s Sonur Jes\u00fas Kristur, sem v\u00e9r kenndum y\u00f0ur, nefnilega: eg, Sylvanus og T\u00edm\u00f3teus, var ekki j\u00e1 og nei, heldur var allt \u00ed honum j\u00e1;<a name=\"20\"><span class=\"versanumer\">20<\/span><\/a>\u00fev\u00ed svo m\u00f6rg, sem Gu\u00f0s fyrirheit eru, \u00fe\u00e1 eru \u00feau \u00ed honum af oss s\u00f6nnu\u00f0 a\u00f0 vera j\u00e1 og amen, Gu\u00f0i til d\u00fdr\u00f0ar.<a name=\"21\"><span class=\"versanumer\">21<\/span><\/a>En s\u00e1, sem heldur oss \u00e1samt y\u00f0ur fast vi\u00f0 Krist og hefir smurt oss,<a name=\"22\"><span class=\"versanumer\">22<\/span><\/a>er Gu\u00f0, s\u00e1 e\u00f0 og hefir sett sitt merki \u00e1 oss og gefi\u00f0 pant andans \u00ed vor hj\u00f6rtu.<a name=\"23\"><span class=\"versanumer\">23<\/span><\/a>En eg kalla Gu\u00f0 m\u00e9r til vitnis um \u00fea\u00f0, a\u00f0 eg af hl\u00edf\u00f0 vi\u00f0 y\u00f0ur ekki hefi komi\u00f0 til Korintuborgar.<a name=\"24\"><span class=\"versanumer\">24<\/span><\/a>Ekki \u00feess vegna a\u00f0 v\u00e9r viljum drottna yfir y\u00f0ar tr\u00fa, heldur hj\u00e1lpa y\u00f0ur til gle\u00f0i; \u00fev\u00ed \u00fe\u00e9r standi\u00f0 st\u00f6\u00f0ugir \u00ed tr\u00fanni.<\/p>\n<div class=\"footnoteVidey\">V. 5. Kap. 4,10. 7,6. sbr. vi\u00f0 S\u00e1lm. 94,19.  V. 7. 2 Tess. 2,16.17.  V. 8. Post. g. b. 19,23. samanb. vi\u00f0 20,3. 1 Kor. 15,32.  V. 11. R\u00f3m. 15,30. Fil. 1,19. Filem. v. 22.  V. 12. Hebr. 13,18. Matt. 10,16. a. \u00fe. e. mannlegar. 1 Kor. 2,4\u201313.  V. 14. Kap. 5,12. samanb. vi\u00f0 Fil. 2,16. 1 Tessal. 2,19.20.  V. 16. 1 Kor. 16,6.  V. 17. Matt. 5,37.  V. 18. nefnil. hvikull.  V. 19. Post. g. b. 18,5.  V. 21. \u00fe. e. gefi\u00f0 oss sinn heil. anda og gj\u00f6rt a\u00f0 s\u00ednum erindsrekum. 1 J\u00f3h. 2,20. Post. g. b. 10,37.38. J\u00f3h. 17,18. sbr. Es. 61,1.  V. 22. nl. sem Krists postula sbr. J\u00f3h. 6,27. 8,18. Ef. 1,13.14. 4,30. R\u00f3m. 8,14\u201317. 2 Kor. 5,5. 1 J\u00f3h. 3,24. 4,13.<\/div>\n","protected":false},"excerpt":{"rendered":"<p>Huggun og \u00feolinm\u00e6\u00f0i P\u00e1ls \u00ed alls konar m\u00f3tgangi. Tilgreinir hv\u00f6rs vegna hann hafi ekki komi\u00f0 til Korintu. 1P\u00e1ll, a\u00f0 Gu\u00f0s vilja postuli Jes\u00fa Krists og br\u00f3\u00f0ir T\u00edm\u00f3teus, heilsa s\u00f6fnu\u00f0i Gu\u00f0s \u00ed Korintuborg og \u00f6llum kristnum \u00ed Akkaju.2N\u00e1\u00f0 s\u00e9 me\u00f0 y\u00f0ur og fri\u00f0ur af Gu\u00f0i vorum F\u00f6\u00f0ur og Drottni Jes\u00fa Kristi. 3Lofa\u00f0ur veri Gu\u00f0 og Fa\u00f0ir Drottins vors Jes\u00fa Krists, miskunnsemdanna Fa\u00f0ir og Gu\u00f0 allrar huggunar,4sem huggar oss svo \u00ed \u00f6llum vorum \u00fej\u00e1ningum, a\u00f0 v\u00e9r getum aftur hugga\u00f0 a\u00f0ra \u00ed alls lags \u00fej\u00e1ningu me\u00f0 s\u00f6mu huggun, er Gu\u00f0 hugga\u00f0i oss me\u00f0;5\u00fev\u00ed eins og v\u00e9r h\u00f6fum fyrir m\u00f6rgum \u00fej\u00e1ningum or\u00f0i\u00f0 vegna Krists, <a href=\"https:\/\/biblian.is\/videy\/sidara-korintubref-1-kafli\/\"> [&#8230;]<\/a><\/p>\n","protected":false},"author":1,"featured_media":0,"parent":0,"menu_order":0,"comment_status":"open","ping_status":"open","template":"bibliukaflar.php","meta":{"footnotes":""},"class_list":["post-21928","page","type-page","status-publish","hentry"],"_links":{"self":[{"href":"https:\/\/biblian.is\/videy\/wp-json\/wp\/v2\/pages\/21928","targetHints":{"allow":["GET"]}}],"collection":[{"href":"https:\/\/biblian.is\/videy\/wp-json\/wp\/v2\/pages"}],"about":[{"href":"https:\/\/biblian.is\/videy\/wp-json\/wp\/v2\/types\/page"}],"author":[{"embeddable":true,"href":"https:\/\/biblian.is\/videy\/wp-json\/wp\/v2\/users\/1"}],"replies":[{"embeddable":true,"href":"https:\/\/biblian.is\/videy\/wp-json\/wp\/v2\/comments?post=21928"}],"version-history":[{"count":0,"href":"https:\/\/biblian.is\/videy\/wp-json\/wp\/v2\/pages\/21928\/revisions"}],"wp:attachment":[{"href":"https:\/\/biblian.is\/videy\/wp-json\/wp\/v2\/media?parent=21928"}],"curies":[{"name":"wp","href":"https:\/\/api.w.org\/{rel}","templated":true}]}}