{"id":21927,"date":"2018-01-02T01:04:46","date_gmt":"2018-01-02T01:04:46","guid":{"rendered":"http:\/\/biblian.is\/videy\/fyrra-korintubref-16-kafli\/"},"modified":"2018-01-02T01:04:46","modified_gmt":"2018-01-02T01:04:46","slug":"fyrra-korintubref-16-kafli","status":"publish","type":"page","link":"https:\/\/biblian.is\/videy\/fyrra-korintubref-16-kafli\/","title":{"rendered":"Fyrra Korintubr\u00e9f 16. kafli"},"content":{"rendered":"<div class=\"fyrirsognVidey\">Ni\u00f0urlag br\u00e9fsins.<\/div>\n<p><a name=\"1\"><span class=\"versanumer\">1<\/span><\/a>Hva\u00f0 vi\u00f0v\u00edkur y\u00f0ar \u00f6lmusu safni handa enum kristnu, \u00fe\u00e1 heg\u00f0i\u00f0 y\u00f0ur \u00fear \u00ed eins og eg hefi bo\u00f0i\u00f0 s\u00f6fnu\u00f0inum \u00ed Galat\u00edu.<a name=\"2\"><span class=\"versanumer\">2<\/span><\/a>Hv\u00f6r y\u00f0ar leggi afs\u00ed\u00f0is heima hj\u00e1 s\u00e9r \u00e1 fyrsta degi vikunnar og geymi \u00ed einum sj\u00f3\u00f0, eftir sem \u00fatvegur hans hefir heppnast, svo a\u00f0 safni\u00f0 \u00fe\u00e1 ekki \u00feurfi fyrst a\u00f0 ske, \u00feegar eg kem.<a name=\"3\"><span class=\"versanumer\">3<\/span><\/a>En \u00feegar eg kem, mun eg senda \u00fe\u00e1, sem \u00fe\u00e9r \u00e1l\u00edti\u00f0 h\u00e6fa, me\u00f0 g\u00e1fu y\u00f0ar til Jer\u00fasalem og skrifa me\u00f0 \u00feeim;<a name=\"4\"><span class=\"versanumer\">4<\/span><\/a>og ef eg finn \u00fea\u00f0 \u00f3maksvert a\u00f0 eg sj\u00e1lfur fari, \u00fe\u00e1 l\u00e6t eg \u00fe\u00e1 fara me\u00f0 m\u00e9r.<a name=\"5\"><span class=\"versanumer\">5<\/span><\/a>Eg mun koma til y\u00f0ar \u00feegar eg fer um Makedon\u00eda <span class='VideyAth'>(\u00fev\u00ed um hana fer eg)<\/span> og dvel kannske hj\u00e1 y\u00f0ur,<a name=\"6\"><span class=\"versanumer\">6<\/span><\/a>jafnvel ver\u00f0 fyrir vetrarlangt; \u00fe\u00e9r geti\u00f0 \u00fe\u00e1 lei\u00f0beint m\u00e9r hv\u00f6rt sem eg fer.<a name=\"7\"><span class=\"versanumer\">7<\/span><\/a>N\u00fa vil eg ekki koma vi\u00f0 hj\u00e1 y\u00f0ur, en eg vona, ef Gu\u00f0 lofar, a\u00f0 dvelja nokkra stund hj\u00e1 y\u00f0ur.<a name=\"8\"><span class=\"versanumer\">8<\/span><\/a>Allt til hv\u00edtasunnu ver\u00f0 eg kyrr \u00ed Efesus,<a name=\"9\"><span class=\"versanumer\">9<\/span><\/a>\u00fev\u00ed m\u00e9r hefir \u00fear miki\u00f0 og kr\u00f6ftugt t\u00e6kif\u00e6ri gefist, \u00fe\u00f3 m\u00f3tst\u00f6\u00f0umennirnir s\u00e9u margir. <br \/><a name=\"10\"><span class=\"versanumer\">10<\/span><\/a>Ef T\u00edm\u00f3teus skyldi koma til y\u00f0ar, \u00fe\u00e1 sj\u00e1i\u00f0 svo til, a\u00f0 hann geti \u00f3ttalaust hj\u00e1 y\u00f0ur veri\u00f0, \u00fev\u00ed a\u00f0 hann vinnur a\u00f0 Drottins verki eins og eg.<a name=\"11\"><span class=\"versanumer\">11<\/span><\/a>Enginn forsm\u00e1i hann, grei\u00f0i\u00f0 heldur fer\u00f0 hans me\u00f0 fri\u00f0i, svo a\u00f0 hann komist til m\u00edn, \u00fev\u00ed eg v\u00e6nti hans me\u00f0 Br\u00e6\u00f0runum.<a name=\"12\"><span class=\"versanumer\">12<\/span><\/a>Br\u00f3\u00f0ur Apoll\u00f3 hefi eg mikillega be\u00f0i\u00f0 a\u00f0 hann fylgdist me\u00f0 br\u00e6\u00f0runum til y\u00f0ar, en hann vill \u00f3m\u00f6gulega fara n\u00fa strax, en mun koma \u00feegar hann f\u00e6r hentugleika \u00fear til.<a name=\"13\"><span class=\"versanumer\">13<\/span><\/a>Vaki\u00f0, haldi\u00f0 fast vi\u00f0 tr\u00fana, s\u00fdni\u00f0 y\u00f0ur karlmannlega og kr\u00f6ftuga,<a name=\"14\"><span class=\"versanumer\">14<\/span><\/a>au\u00f0s\u00fdni\u00f0 k\u00e6rleika \u00ed \u00f6llu.<br \/><a name=\"15\"><span class=\"versanumer\">15<\/span><\/a>Enn \u00fe\u00e1 ver\u00f0 eg a\u00f0 bi\u00f0ja y\u00f0ur eins, br\u00e6\u00f0ur! \u00fe\u00e9r viti\u00f0 a\u00f0 Stef\u00e1ns heimilisf\u00f3lk var frumgr\u00f3\u00f0i Akkaju og hefir helga\u00f0 sig \u00fej\u00f3nustu kristinna;<a name=\"16\"><span class=\"versanumer\">16<\/span><\/a>s\u00fdni\u00f0 \u00fev\u00edl\u00edkum undirgefni og \u00f6llum \u00feeim, sem eru tilhj\u00e1lpandi og vinna \u00fear a\u00f0.<a name=\"17\"><span class=\"versanumer\">17<\/span><\/a>Eg gle\u00f0st vi\u00f0 Stef\u00e1ns, Fort\u00fanat\u00ed og Akka\u00eds\u00ed n\u00e6rveru; \u00feeir hafa b\u00e6tt m\u00e9r y\u00f0ar s\u00f6knu\u00f0; \u00feeir hafa b\u00e6\u00f0i glatt mig og y\u00f0ur.<a name=\"18\"><span class=\"versanumer\">18<\/span><\/a>Hafi\u00f0 m\u00e6tur \u00e1 sl\u00edkum m\u00f6nnum.<br \/><a name=\"19\"><span class=\"versanumer\">19<\/span><\/a>Y\u00f0ur heilsa s\u00f6fnu\u00f0irnir \u00ed As\u00edu. Akv\u00edlas og Priskilla bi\u00f0ja mikillega a\u00f0 heilsa y\u00f0ur \u00ed Drottni, \u00e1samt s\u00f6fnu\u00f0i \u00feeim, sem samankemur \u00ed \u00feeirra h\u00fasi.<a name=\"20\"><span class=\"versanumer\">20<\/span><\/a>Allir br\u00e6\u00f0urnir heilsa y\u00f0ur. Beri\u00f0 \u00feessa kve\u00f0ju hv\u00f6r til annars me\u00f0 heil\u00f6gum kossi.<br \/><a name=\"21\"><span class=\"versanumer\">21<\/span><\/a>Kve\u00f0jan er skrifu\u00f0 me\u00f0 minni eigin hendi.<a name=\"22\"><span class=\"versanumer\">22<\/span><\/a>Ef nokkur er s\u00e1, sem ekki elskar Drottin Jes\u00fam Krist, s\u00e1 s\u00e9 b\u00f6lva\u00f0ur! Drottinn kemur.<a name=\"23\"><span class=\"versanumer\">23<\/span><\/a>N\u00e1\u00f0in Drottins vors Jes\u00fa Krists s\u00e9 me\u00f0 y\u00f0ur!<a name=\"24\"><span class=\"versanumer\">24<\/span><\/a>minn k\u00e6rleiki s\u00e9 me\u00f0 y\u00f0ur \u00f6llum \u00ed J e s \u00fa  K r i s t i, Amen!<\/p>\n<div class=\"footnoteVidey\">V. 1. 2 Kor. 8,4. sbr. vi\u00f0 Post. g. b. 11,29.  V. 5. Postgb. 19,21. 2 Kor. 1,16.  V. 6. R\u00f3m. 15,24.  V. 9. Post. gb. 18,27. 19,1\u20135.10.20.28.34.  V. 10. Fil. 2,19.20.  V. 11. Post. g. b. 19,22.  V. 12. Kap. 3,4\u20136. Post. g. b. 18,24. 19,1.  V. 13. Kap. 15,34. Efes. 6,10. ff. K\u00f3l. 1,11.  V. 15. Kor. 1,16. sbr. R\u00f3m. 16,1\u20135.  v. 21. 2 Tess. 3,17. K\u00f3l. 4,18.<\/div>\n","protected":false},"excerpt":{"rendered":"<p>Ni\u00f0urlag br\u00e9fsins. 1Hva\u00f0 vi\u00f0v\u00edkur y\u00f0ar \u00f6lmusu safni handa enum kristnu, \u00fe\u00e1 heg\u00f0i\u00f0 y\u00f0ur \u00fear \u00ed eins og eg hefi bo\u00f0i\u00f0 s\u00f6fnu\u00f0inum \u00ed Galat\u00edu.2Hv\u00f6r y\u00f0ar leggi afs\u00ed\u00f0is heima hj\u00e1 s\u00e9r \u00e1 fyrsta degi vikunnar og geymi \u00ed einum sj\u00f3\u00f0, eftir sem \u00fatvegur hans hefir heppnast, svo a\u00f0 safni\u00f0 \u00fe\u00e1 ekki \u00feurfi fyrst a\u00f0 ske, \u00feegar eg kem.3En \u00feegar eg kem, mun eg senda \u00fe\u00e1, sem \u00fe\u00e9r \u00e1l\u00edti\u00f0 h\u00e6fa, me\u00f0 g\u00e1fu y\u00f0ar til Jer\u00fasalem og skrifa me\u00f0 \u00feeim;4og ef eg finn \u00fea\u00f0 \u00f3maksvert a\u00f0 eg sj\u00e1lfur fari, \u00fe\u00e1 l\u00e6t eg \u00fe\u00e1 fara me\u00f0 m\u00e9r.5Eg mun koma til y\u00f0ar \u00feegar eg fer um <a href=\"https:\/\/biblian.is\/videy\/fyrra-korintubref-16-kafli\/\"> [&#8230;]<\/a><\/p>\n","protected":false},"author":1,"featured_media":0,"parent":0,"menu_order":0,"comment_status":"open","ping_status":"open","template":"bibliukaflar.php","meta":{"footnotes":""},"class_list":["post-21927","page","type-page","status-publish","hentry"],"_links":{"self":[{"href":"https:\/\/biblian.is\/videy\/wp-json\/wp\/v2\/pages\/21927","targetHints":{"allow":["GET"]}}],"collection":[{"href":"https:\/\/biblian.is\/videy\/wp-json\/wp\/v2\/pages"}],"about":[{"href":"https:\/\/biblian.is\/videy\/wp-json\/wp\/v2\/types\/page"}],"author":[{"embeddable":true,"href":"https:\/\/biblian.is\/videy\/wp-json\/wp\/v2\/users\/1"}],"replies":[{"embeddable":true,"href":"https:\/\/biblian.is\/videy\/wp-json\/wp\/v2\/comments?post=21927"}],"version-history":[{"count":0,"href":"https:\/\/biblian.is\/videy\/wp-json\/wp\/v2\/pages\/21927\/revisions"}],"wp:attachment":[{"href":"https:\/\/biblian.is\/videy\/wp-json\/wp\/v2\/media?parent=21927"}],"curies":[{"name":"wp","href":"https:\/\/api.w.org\/{rel}","templated":true}]}}