{"id":21926,"date":"2018-01-02T01:04:46","date_gmt":"2018-01-02T01:04:46","guid":{"rendered":"http:\/\/biblian.is\/videy\/fyrra-korintubref-15-kafli\/"},"modified":"2018-01-02T01:04:46","modified_gmt":"2018-01-02T01:04:46","slug":"fyrra-korintubref-15-kafli","status":"publish","type":"page","link":"https:\/\/biblian.is\/videy\/fyrra-korintubref-15-kafli\/","title":{"rendered":"Fyrra Korintubr\u00e9f 15. kafli"},"content":{"rendered":"<div class=\"fyrirsognVidey\">P\u00e1ll vitnar um Krists upprisu. Hrekur \u00fe\u00e1, sem neita henni. Kennir, hv\u00f6rninn \u00feeir dau\u00f0u muni uppr\u00edsa. Huggar \u00fear me\u00f0 \u00fe\u00e1 tr\u00fau\u00f0u.<\/div>\n<p><a name=\"1\"><span class=\"versanumer\">1<\/span><\/a>Eg vil aftur minna y\u00f0ur, br\u00e6\u00f0ur! \u00e1 n\u00e1\u00f0arbo\u00f0skap \u00feann, er eg \u00e1\u00f0ur hefi bo\u00f0a\u00f0 y\u00f0ur og \u00fe\u00e9r veittu\u00f0 me\u00f0t\u00f6ku,<a name=\"2\"><span class=\"versanumer\">2<\/span><\/a>vi\u00f0 hv\u00f6rn \u00fe\u00e9r hafi\u00f0 og svo haldi\u00f0 st\u00f6\u00f0uglega og sem mun y\u00f0ur einninn h\u00f3lpna gj\u00f6ra, ef \u00fe\u00e9r geymi\u00f0 hans eins og eg kenndi y\u00f0ur hann, nema svo s\u00e9, a\u00f0 \u00fe\u00e9r hafi\u00f0 \u00f3fyrirsynju tr\u00fana teki\u00f0.<a name=\"3\"><span class=\"versanumer\">3<\/span><\/a>Eg kenndi y\u00f0ur fyrst og fremst \u00feann l\u00e6rd\u00f3m, sem eg hefi me\u00f0teki\u00f0: a\u00f0 Kristur v\u00e6ri d\u00e1inn vegna vorra synda eftir Ritningunum,<a name=\"4\"><span class=\"versanumer\">4<\/span><\/a>og grafinn og upprisinn \u00e1 \u00feri\u00f0ja degi eftir Ritningunum<a name=\"5\"><span class=\"versanumer\">5<\/span><\/a>og s\u00e9 s\u00e9\u00f0ur af Kefasi og \u00fear eftir af \u00feeim t\u00f3lf.<a name=\"6\"><span class=\"versanumer\">6<\/span><\/a>\u00dear eftir var hann s\u00e9\u00f0ur \u00ed einu af meir en fimm hundru\u00f0 br\u00e6\u00f0rum, er flestir lifa allt til \u00feessa dags, en sumir eru d\u00e1nir.<a name=\"7\"><span class=\"versanumer\">7<\/span><\/a>\u00dear eftir birtist hann Jakobi, s\u00ed\u00f0an \u00f6llum postulunum.<a name=\"8\"><span class=\"versanumer\">8<\/span><\/a>S\u00ed\u00f0ast allra opinbera\u00f0ist hann og svo m\u00e9r, svo sem \u00f3t\u00edmab\u00e6rum bur\u00f0i;<a name=\"9\"><span class=\"versanumer\">9<\/span><\/a>\u00fev\u00ed eg er s\u00ed\u00f0stur postulanna, og ekki ver\u00f0ur a\u00f0 kallast postuli, \u00fev\u00ed a\u00f0 eg hefi ofs\u00f3tt Gu\u00f0s s\u00f6fnu\u00f0;<a name=\"10\"><span class=\"versanumer\">10<\/span><\/a>en af n\u00e1\u00f0 Gu\u00f0s er eg \u00fea\u00f0 eg er, og n\u00e1\u00f0 hans vi\u00f0 mig hefir ekki veri\u00f0 til forgefins, heldur hefi eg unni\u00f0 meira en allir hinir; \u00fe\u00f3 ekki eg, heldur Gu\u00f0s n\u00e1\u00f0, sem me\u00f0 m\u00e9r er.<a name=\"11\"><span class=\"versanumer\">11<\/span><\/a>\u00dea\u00f0 s\u00e9 n\u00fa eg, e\u00f0ur \u00feeir, \u00fe\u00e1 kennum v\u00e9r \u00feannig og \u00feannig h\u00f6fum v\u00e9r tr\u00faa\u00f0. <br \/><a name=\"12\"><span class=\"versanumer\">12<\/span><\/a>En ef \u00fea\u00f0 er kennt, a\u00f0 Kristur s\u00e9 upprisinn, hv\u00f6rninn geta \u00fe\u00e1 nokkrir af y\u00f0ur sagt, a\u00f0 dau\u00f0ra upprisa s\u00e9 ekki til?<a name=\"13\"><span class=\"versanumer\">13<\/span><\/a>en ef dau\u00f0ra upprisa er ekki m\u00f6guleg, \u00fe\u00e1 er Kristur ekki heldur upprisinn;<a name=\"14\"><span class=\"versanumer\">14<\/span><\/a>en ef Kristur er ekki upprisinn, \u00fe\u00e1 er vor kenning \u00f3n\u00fdt og tr\u00fa y\u00f0ar l\u00edka \u00f3n\u00fdt.<a name=\"15\"><span class=\"versanumer\">15<\/span><\/a>V\u00e9r finnumst \u00fe\u00e1 og lj\u00fagvottar Gu\u00f0s, \u00fear e\u00f0 v\u00e9r h\u00f6fum vitna\u00f0 um Gu\u00f0, a\u00f0 hann hafi uppvaki\u00f0 Krist fr\u00e1 dau\u00f0a, er hann hefir ekki uppvaki\u00f0, ef dau\u00f0ir ekki uppr\u00edsa;<a name=\"16\"><span class=\"versanumer\">16<\/span><\/a>\u00fev\u00ed ef dau\u00f0ir ekki uppr\u00edsa, \u00fe\u00e1 er Kristur ekki upprisinn;<a name=\"17\"><span class=\"versanumer\">17<\/span><\/a>en ef Kristur er ekki upprisinn, \u00fe\u00e1 er y\u00f0ar tr\u00fa \u00f3n\u00fdt,<a name=\"18\"><span class=\"versanumer\">18<\/span><\/a>\u00fe\u00e9r eru\u00f0 \u00fe\u00e1 enn n\u00fa \u00ed y\u00f0ar syndum og \u00feeir kristnu, sem d\u00e1nir eru, fortapa\u00f0ir.<a name=\"19\"><span class=\"versanumer\">19<\/span><\/a>Ef v\u00e9r einungis \u00ed \u00feessu l\u00edfi settum vora von til Krists, \u00fe\u00e1 v\u00e6rum v\u00e9r hinir ves\u00e6lustu allra manna.<a name=\"20\"><span class=\"versanumer\">20<\/span><\/a>En n\u00fa er Kristur upprisinn fr\u00e1 dau\u00f0um, frumgr\u00f3\u00f0i allra \u00feeirra sem d\u00e1nir eru;<a name=\"21\"><span class=\"versanumer\">21<\/span><\/a>\u00fev\u00ed \u00fear e\u00f0 dau\u00f0inn kom fyrir einn mann, kom og upprisa dau\u00f0ra fyrir einn mann.<a name=\"22\"><span class=\"versanumer\">22<\/span><\/a>\u00dev\u00ed a\u00f0 l\u00edka sem allir deyja \u00ed Adam, svo munu og allir l\u00edfgast \u00ed Kristi,<a name=\"23\"><span class=\"versanumer\">23<\/span><\/a>s\u00e9rhv\u00f6r \u00ed sinni r\u00f6\u00f0; Kristur er frumgr\u00f3\u00f0inn, \u00fear n\u00e6st munu \u00feeir, sem Kristi tilheyra uppr\u00edsa \u00ed hans tilkomu.<a name=\"24\"><span class=\"versanumer\">24<\/span><\/a>\u00dear eftir kemur endirinn, \u00fe\u00e1 hann mun selja Gu\u00f0i og F\u00f6\u00f0ur r\u00edki\u00f0 \u00ed hendur, \u00fe\u00e1 hann b\u00fainn er a\u00f0 afm\u00e1 allt veldi, herrad\u00e6mi og makt;<a name=\"25\"><span class=\"versanumer\">25<\/span><\/a>\u00fev\u00ed a\u00f0 honum ber a\u00f0 r\u00edkja, \u00fear til hann hefir lagt alla \u00f3vini undir s\u00ednar f\u00e6tur.<a name=\"26\"><span class=\"versanumer\">26<\/span><\/a>S\u00e1 s\u00ed\u00f0asti \u00f3vinur, sem afm\u00e1ist, er dau\u00f0inn;<a name=\"27\"><span class=\"versanumer\">27<\/span><\/a>\u00fev\u00ed allt hefir hann undir hans f\u00e6tur lagt. En \u00feegar hann segir, a\u00f0 allt s\u00e9 honum undirgefi\u00f0, \u00fe\u00e1 er \u00fea\u00f0 au\u00f0s\u00e6tt, a\u00f0 s\u00e1 er \u00fear fr\u00e1 undanskilinn, er allt lag\u00f0i \u00ed hans vald.<a name=\"28\"><span class=\"versanumer\">28<\/span><\/a>En \u00feegar hann er b\u00fainn a\u00f0 leggja allt undir hans veldi, \u00fe\u00e1 leggur sj\u00e1lfur Sonurinn sig undir \u00feess veldi, er \u00e1\u00f0ur haf\u00f0i lagt allt undir hans vald, svo a\u00f0 Gu\u00f0 s\u00e9 allt \u00ed \u00f6llu.<a name=\"29\"><span class=\"versanumer\">29<\/span><\/a>En hva\u00f0 gj\u00f6ra \u00feeir, er l\u00e1ta sk\u00edrast fyrir hina dau\u00f0u, ef dau\u00f0ir \u00f6ldungis ekki uppr\u00edsa? og \u00fev\u00ed l\u00e1ta \u00feeir sk\u00edra sig fyrir \u00fe\u00e1?<a name=\"30\"><span class=\"versanumer\">30<\/span><\/a>Og \u00fev\u00ed erum v\u00e9r \u00ed s\u00edfelldum h\u00e1ska?<a name=\"31\"><span class=\"versanumer\">31<\/span><\/a>Daglega er eg \u00ed dau\u00f0ans h\u00e6ttu; \u00fea\u00f0 vitna eg h\u00e1t\u00ed\u00f0lega vi\u00f0 lofst\u00edr \u00feann, sem eg af y\u00f0ur hefi \u00ed \u00fej\u00f3nustu vors Drottins Jes\u00fa Krists.<a name=\"32\"><span class=\"versanumer\">32<\/span><\/a>Hv\u00f6rt gagn hef\u00f0i eg af \u00fev\u00ed, a\u00f0 eg hefi vi\u00f0 \u00f3argad\u00fdr <span class='VideyAth'>(a\u00f0 eg kve\u00f0i svo a\u00f0 or\u00f0i)<\/span> barist \u00ed Efesus, ef dau\u00f0ir ekki uppr\u00edsa?<a name=\"33\"><span class=\"versanumer\">33<\/span><\/a>L\u00e1tum oss eta og drekka, \u00fev\u00ed \u00e1 morgun deyjum v\u00e9r.<a name=\"34\"><span class=\"versanumer\">34<\/span><\/a>L\u00e1ti\u00f0 ekki villa y\u00f0ur; vont samf\u00e9lag spillir g\u00f3\u00f0um si\u00f0um. Vakni\u00f0 fyrir alv\u00f6ru og syndgi\u00f0 ekki; sumir \u00feekkja ekki Gu\u00f0. Eg segi \u00feetta y\u00f0ur til blyg\u00f0unar. <br \/><a name=\"35\"><span class=\"versanumer\">35<\/span><\/a>En m\u00e1ske einhv\u00f6r segi: hv\u00f6rnig geta dau\u00f0ir upprisi\u00f0? me\u00f0 hv\u00edl\u00edkum l\u00edkama munu \u00feeir framkoma?<a name=\"36\"><span class=\"versanumer\">36<\/span><\/a>\u00fe\u00fa heimskingi! \u00fea\u00f0, sem \u00fe\u00fa s\u00e1ir lifnar ekki aftur, nema \u00fea\u00f0 deyi;<a name=\"37\"><span class=\"versanumer\">37<\/span><\/a>og \u00fea\u00f0, sem \u00fe\u00fa s\u00e1ir, er ekki s\u00e1 l\u00edkami, er \u00fea\u00f0 s\u00ed\u00f0ast ver\u00f0ur, heldur einbert fr\u00e6korn, til d\u00e6mis: hveitis, e\u00f0ur einhv\u00f6rs annars;<a name=\"38\"><span class=\"versanumer\">38<\/span><\/a>en Gu\u00f0 g\u00e1fur \u00fev\u00ed l\u00edkama eftir sem hann vill og s\u00e9rhv\u00f6rju fr\u00e6korni sinn eginlegan l\u00edkama.<a name=\"39\"><span class=\"versanumer\">39<\/span><\/a>Ekki er allt hold sama hold; heldur er anna\u00f0 mannanna, anna\u00f0 hold d\u00fdrann, anna\u00f0 fiskanna, anna\u00f0 fuglanna.<a name=\"40\"><span class=\"versanumer\">40<\/span><\/a>Til eru b\u00e6\u00f0i himneskir l\u00edkamar og jar\u00f0neskir l\u00edkamir, en \u00f6nnur er fegur\u00f0 \u00feeirra himnesku, \u00f6nnur \u00feeirra jar\u00f0nesku.<a name=\"41\"><span class=\"versanumer\">41<\/span><\/a>\u00d6\u00f0ruv\u00edsi er birta s\u00f3larinnar, \u00f6\u00f0ruv\u00edsi tunglsins og enn \u00f6\u00f0ruv\u00edsi stjarnanna <span class='VideyAth'>(\u00fev\u00ed stjarna er stj\u00f6rnu bjartari)<\/span>.<a name=\"42\"><span class=\"versanumer\">42<\/span><\/a>\u00deannig er og vari\u00f0 upprisu hinna dau\u00f0u. H\u00e9r er ni\u00f0urs\u00e1\u00f0 forgengilegum l\u00edkama, en uppr\u00eds \u00f3forgengilegur;<a name=\"43\"><span class=\"versanumer\">43<\/span><\/a>h\u00e9r er ni\u00f0urs\u00e1\u00f0 \u00f3\u00e1sj\u00e1legum l\u00edkama, en uppr\u00eds vegsamlegur;<a name=\"44\"><span class=\"versanumer\">44<\/span><\/a>\u00fea\u00f0 er ni\u00f0urs\u00e1\u00f0 veikum, en uppr\u00eds m\u00e1ttugur; n\u00e1tt\u00farlegum l\u00edkama ver\u00f0ur ni\u00f0urs\u00e1\u00f0, en uppr\u00eds andlegur l\u00edkami.<a name=\"45\"><span class=\"versanumer\">45<\/span><\/a>Svo stendur og skrifa\u00f0: hinn fyrsti ma\u00f0ur Adam var\u00f0 a\u00f0 lifandi s\u00e1lu, hinn s\u00ed\u00f0ari Adam a\u00f0 l\u00edfgandi anda.<a name=\"46\"><span class=\"versanumer\">46<\/span><\/a>Ekki kom hinn andlegi fyrst, heldur hinn n\u00e1tt\u00farlegi, \u00fear eftir hinn andlegi.<a name=\"47\"><span class=\"versanumer\">47<\/span><\/a>Hinn fyrri ma\u00f0ur var\u00f0 mold af j\u00f6r\u00f0u, hinn s\u00ed\u00f0ari ma\u00f0ur er Drottinn af himni.<a name=\"48\"><span class=\"versanumer\">48<\/span><\/a>Eins og s\u00e1 jar\u00f0neski var, \u00feannig eru \u00feeir jar\u00f0nesku og eins s\u00e1 himneski var, \u00feannig og \u00feeir himnesku;<a name=\"49\"><span class=\"versanumer\">49<\/span><\/a>og eins og v\u00e9r h\u00f6fum bori\u00f0 l\u00edking \u00feess jar\u00f0neska, eins munum v\u00e9r og bera l\u00edking \u00fees himneska.<a name=\"50\"><span class=\"versanumer\">50<\/span><\/a>H\u00e9r me\u00f0 vil eg sagt hafa, br\u00e6\u00f0ur! a\u00f0 hold og bl\u00f3\u00f0 getur ekki \u00f6\u00f0last Gu\u00f0s r\u00edki, n\u00e9 hi\u00f0 forgengilega \u00f3forgengileikann.<a name=\"51\"><span class=\"versanumer\">51<\/span><\/a>Sj\u00e1! eg segi y\u00f0ur leyndard\u00f3m: v\u00e9r munum ekki allir sofna, en allir umbreytast \u00ed vetfangi, \u00ed einu augnabliki,<a name=\"52\"><span class=\"versanumer\">52<\/span><\/a>vi\u00f0 hinn s\u00ed\u00f0asta l\u00fa\u00f0urs \u00feyt; <span class='VideyAth'>(\u00fev\u00ed l\u00fa\u00f0urinn mun gella og hinir dau\u00f0u uppr\u00edsa \u00f3forgengilegir, en v\u00e9r umbreytast)<\/span>,<a name=\"53\"><span class=\"versanumer\">53<\/span><\/a>\u00fev\u00ed \u00fea\u00f0 forgengilega ver\u00f0ur a\u00f0 \u00edkl\u00e6\u00f0ast \u00f3forgengilegleikanum og hi\u00f0 dau\u00f0lega \u00f3dau\u00f0legleikanum.<br \/><a name=\"54\"><span class=\"versanumer\">54<\/span><\/a>En \u00feegar hi\u00f0 forgengilega \u00edkl\u00e6\u00f0ist \u00f3forgengilegleikanum og hi\u00f0 dau\u00f0lega \u00f3dau\u00f0legleikanum, \u00fe\u00e1 r\u00e6tist \u00fea\u00f0, sem rita\u00f0 er: dau\u00f0inn er uppsvelgdur \u00ed sigur;<a name=\"55\"><span class=\"versanumer\">55<\/span><\/a>dau\u00f0i! hvar er \u00feinn broddur? myrkraheimur! hvar er \u00feinn sigur?<a name=\"56\"><span class=\"versanumer\">56<\/span><\/a>en broddur dau\u00f0ans er syndin, en afl syndarinnar er l\u00f6gm\u00e1li\u00f0.<a name=\"57\"><span class=\"versanumer\">57<\/span><\/a>Gu\u00f0i s\u00e9u \u00feakkir, sem oss hefir sigurinn gefi\u00f0 fyri vorn Drottin Jes\u00fam Krist!<a name=\"58\"><span class=\"versanumer\">58<\/span><\/a>Br\u00e6\u00f0ur m\u00ednir elskanlegir! veri\u00f0 \u00feess vegna st\u00f6\u00f0ugir, \u00f3bifanlegir, \u00e6t\u00ed\u00f0 \u00e1vaxtarsamir \u00ed verki Drottins, me\u00f0 \u00fev\u00ed \u00fe\u00e9r viti\u00f0 a\u00f0 y\u00f0ar erfi\u00f0i \u00ed Drottins <span class='VideyAth'>(\u00fej\u00f3nustu)<\/span> ekki muni ver\u00f0a forgefins.<\/p>\n<div class=\"footnoteVidey\">V. 1. Gal. 1,11.12.  V. 2. R\u00f3m. 1,16. 1 Kor. 1,21.  V. 3. S\u00e1lm. 22. Esa 53. Sakk. 13,7. 1 P\u00e9t. 1,10\u201312.  V. 4. S\u00e1lm. 16,8. ff. Post. gb. 2,30\u201334.  V. 5. L\u00fak. 24,34. L\u00fak. 24,36. Mark. 16,14. J\u00f3h. 20,4.  V. 7. L\u00fak. 24,50.  V. 8. Post. gb. 9,5.17.  V. 9. Post. gb. 9,1. Gal. 1,13.  V. 10. 2 Kor. 12,9.  V. 12. Matt. 22,23. Post. gb. 23,8.  V. 15. Post. gb. 2,24.32.  V. 16. R\u00f3m. 8,11.  V. 17. v. 11. sbr. R\u00f3m. 8,2.3.  V. 20. Post. gb. 26,23. K\u00f3l. 1,17. Opinb. b. 1,5.  V. 21. 1 M\u00f3s. b. 3,3.6. R\u00f3m. 5,12.18.  V. 22. R\u00f3m. 5,21. 1 Kor. 15,26.55.57. 2 T\u00edm. 1,10. Post. g. b. 17,31. 1 Tess. 1,10. 4,14\u201317.  V. 23. Post. g. b. 26,23. Matt. 24,42. 26,64.  V. 24. Matt. 2,6. samanb. vi\u00f0 Post. g. b. 26,18.  V. 25. S\u00e1lm. 110,4\u20136. 2,7\u201310.  V. 27. Fil. 2,9\u201311. sbr. vi\u00f0 S\u00e1lm. 8,7.  V. 28. Kap. 3,23. 11,3. J\u00f3h. 14,28. sbr. vi\u00f0 Matt. 28,18. Hebr. 2,8.  V. 30. R\u00f3m. 8,36.  V. 32. Pgb. 19,23. ff.  V. 33. Esa. 22,13. sbr. Spek. b. 2,6.  V. 34. 1 Tess. 4,5.  V. 35. Esek. 37,3\u20136.  V. 36. J\u00f3h. 12,24.  V. 38. 1 M\u00f3s. b. 1,11.12.  V. 43. Fil. 3,21.  V. 45. 1 M\u00f3s. b. 2,7.  V. 47. J\u00f3h. 3,31.  V. 48. 1 M\u00f3s. b. 5,3.  V. 49. 2 Kor. 4,11.  V. 50. J\u00f3h. 3,5.6.  V. 52. 1 Tess. 4,15.17. sbr. 2 Kor. 5,4.  V. 55. Es. 25,8. H\u00f3s. 13,14. sbr. S\u00e1lm. 18,5.6.  V. 56. R\u00f3m. 3,20. 4,15. 7,8.13.  V. 57. 1 J\u00f3h. 5,5.  V. 58. Tob. 4,21. 2 Kor. 5,10.<\/div>\n","protected":false},"excerpt":{"rendered":"<p>P\u00e1ll vitnar um Krists upprisu. Hrekur \u00fe\u00e1, sem neita henni. Kennir, hv\u00f6rninn \u00feeir dau\u00f0u muni uppr\u00edsa. Huggar \u00fear me\u00f0 \u00fe\u00e1 tr\u00fau\u00f0u. 1Eg vil aftur minna y\u00f0ur, br\u00e6\u00f0ur! \u00e1 n\u00e1\u00f0arbo\u00f0skap \u00feann, er eg \u00e1\u00f0ur hefi bo\u00f0a\u00f0 y\u00f0ur og \u00fe\u00e9r veittu\u00f0 me\u00f0t\u00f6ku,2vi\u00f0 hv\u00f6rn \u00fe\u00e9r hafi\u00f0 og svo haldi\u00f0 st\u00f6\u00f0uglega og sem mun y\u00f0ur einninn h\u00f3lpna gj\u00f6ra, ef \u00fe\u00e9r geymi\u00f0 hans eins og eg kenndi y\u00f0ur hann, nema svo s\u00e9, a\u00f0 \u00fe\u00e9r hafi\u00f0 \u00f3fyrirsynju tr\u00fana teki\u00f0.3Eg kenndi y\u00f0ur fyrst og fremst \u00feann l\u00e6rd\u00f3m, sem eg hefi me\u00f0teki\u00f0: a\u00f0 Kristur v\u00e6ri d\u00e1inn vegna vorra synda eftir Ritningunum,4og grafinn og upprisinn \u00e1 \u00feri\u00f0ja degi eftir <a href=\"https:\/\/biblian.is\/videy\/fyrra-korintubref-15-kafli\/\"> [&#8230;]<\/a><\/p>\n","protected":false},"author":1,"featured_media":0,"parent":0,"menu_order":0,"comment_status":"open","ping_status":"open","template":"bibliukaflar.php","meta":{"footnotes":""},"class_list":["post-21926","page","type-page","status-publish","hentry"],"_links":{"self":[{"href":"https:\/\/biblian.is\/videy\/wp-json\/wp\/v2\/pages\/21926","targetHints":{"allow":["GET"]}}],"collection":[{"href":"https:\/\/biblian.is\/videy\/wp-json\/wp\/v2\/pages"}],"about":[{"href":"https:\/\/biblian.is\/videy\/wp-json\/wp\/v2\/types\/page"}],"author":[{"embeddable":true,"href":"https:\/\/biblian.is\/videy\/wp-json\/wp\/v2\/users\/1"}],"replies":[{"embeddable":true,"href":"https:\/\/biblian.is\/videy\/wp-json\/wp\/v2\/comments?post=21926"}],"version-history":[{"count":0,"href":"https:\/\/biblian.is\/videy\/wp-json\/wp\/v2\/pages\/21926\/revisions"}],"wp:attachment":[{"href":"https:\/\/biblian.is\/videy\/wp-json\/wp\/v2\/media?parent=21926"}],"curies":[{"name":"wp","href":"https:\/\/api.w.org\/{rel}","templated":true}]}}