{"id":21925,"date":"2018-01-02T01:04:46","date_gmt":"2018-01-02T01:04:46","guid":{"rendered":"http:\/\/biblian.is\/videy\/fyrra-korintubref-14-kafli\/"},"modified":"2018-01-02T01:04:46","modified_gmt":"2018-01-02T01:04:46","slug":"fyrra-korintubref-14-kafli","status":"publish","type":"page","link":"https:\/\/biblian.is\/videy\/fyrra-korintubref-14-kafli\/","title":{"rendered":"Fyrra Korintubr\u00e9f 14. kafli"},"content":{"rendered":"<div class=\"fyrirsognVidey\">A\u00f0 tala tungum, \u00feegar enginn \u00fatleggur, gagnar ekkert; en a\u00f0 tala af sp\u00e1mannlegri andagift er uppbyggilegra. Konur tala ekki opinberlega \u00ed s\u00f6fnu\u00f0inum. Allt framfari \u00fear s\u00f3masamlega og me\u00f0 reglu.<\/div>\n<p><a name=\"1\"><span class=\"versanumer\">1<\/span><\/a>Stundi\u00f0 eftir k\u00e6rleikanum; s\u00e6kist eftir enum andlegu g\u00e1funum, en allrahelst eftir sp\u00e1mannlegri andagift.<a name=\"2\"><span class=\"versanumer\">2<\/span><\/a>S\u00e1, sem talar tungum, talar ekki vi\u00f0 menn heldur vi\u00f0 Gu\u00f0; \u00fev\u00ed enginn skilur hann, hann talar \u00ed anda hulda l\u00e6rd\u00f3ma.<a name=\"3\"><span class=\"versanumer\">3<\/span><\/a>En s\u00e1, sem talar af sp\u00e1mannlegri andagift, talar m\u00f6nnum til uppbyggingar, \u00e1minningar og huggunar.<a name=\"4\"><span class=\"versanumer\">4<\/span><\/a>S\u00e1, sem talar tungu, uppbyggir sj\u00e1lfan sig; en s\u00e1, sem talar af sp\u00e1mannlegri andagift, uppbyggir s\u00f6fnu\u00f0inn.<a name=\"5\"><span class=\"versanumer\">5<\/span><\/a>Eg vildi a\u00f0 \u00fe\u00e9r allir g\u00e6tu\u00f0 tungum tala\u00f0, en \u00fe\u00f3 heldur a\u00f0 \u00fe\u00e9r t\u00f6lu\u00f0u\u00f0 af sp\u00e1mannlegri andagift, \u00fev\u00ed \u00fea\u00f0 er meira vert en a\u00f0 tala tungum, nema hann undireins \u00fatleggi, svo a\u00f0 s\u00f6fnu\u00f0urinn hafi \u00fear af uppbyggingu.<a name=\"6\"><span class=\"versanumer\">6<\/span><\/a>Hva\u00f0 mundi eg gagna y\u00f0ur, br\u00e6\u00f0ur! \u00fe\u00f3 eg k\u00e6mi til y\u00f0ar og tala\u00f0i tungum, nema eg undireins tala\u00f0i til y\u00f0ar fyrir opinberun e\u00f0a \u00feekkingu e\u00f0ur sp\u00e1mannlega andagift, e\u00f0ur l\u00e6rd\u00f3m?<a name=\"7\"><span class=\"versanumer\">7<\/span><\/a>\u00fev\u00ed er eins vari\u00f0 og dau\u00f0um hlutum, er hlj\u00f3\u00f0 hafa, hv\u00f6rt heldur \u00fea\u00f0 er hlj\u00f3\u00f0p\u00edpa, ef h\u00fan gefur ekki a\u00f0greining hlj\u00f3\u00f0unum, hv\u00f6rninn getur ma\u00f0ur \u00fe\u00e1 vita\u00f0 hva\u00f0 \u00fea\u00f0 er, sem leiki\u00f0 er \u00e1 p\u00edpuna e\u00f0ur h\u00f6rpuna?<a name=\"8\"><span class=\"versanumer\">8<\/span><\/a>S\u00f6mulei\u00f0is, ef l\u00fa\u00f0urinn g\u00e6fi \u00f3skilmerkilegt hlj\u00f3\u00f0, hv\u00f6r mundi \u00fe\u00e1 b\u00faa sig til bardaga?<a name=\"9\"><span class=\"versanumer\">9<\/span><\/a>\u00deannig og \u00fe\u00e9r, nema y\u00f0ar m\u00e1l s\u00e9 skiljanlegt, hv\u00f6r veit \u00fe\u00e1 hva\u00f0 \u00fe\u00e9r tali\u00f0? \u00fe\u00e9r tali\u00f0 \u00fat \u00ed ve\u00f0ri\u00f0.<a name=\"10\"><span class=\"versanumer\">10<\/span><\/a>Til d\u00e6mis: eru svo og svo margar tungur til \u00ed heiminum, en engin, sem er meiningarlaus.<a name=\"11\"><span class=\"versanumer\">11<\/span><\/a>Ef eg skil ekki meiningu m\u00e1lsins, er eg fyrir \u00feeim, er talar, sem \u00fatlendingur, og hann eins fyrir m\u00e9r.<a name=\"12\"><span class=\"versanumer\">12<\/span><\/a>S\u00f6mulei\u00f0is og \u00fe\u00e9r, \u00fear e\u00f0 \u00fe\u00e9r s\u00e6kist eftir andans g\u00e1fum, \u00fe\u00e1 kappkosti\u00f0 a\u00f0 vera sem fullkomnastir s\u00f6fnu\u00f0inum til uppbyggingar.<a name=\"13\"><span class=\"versanumer\">13<\/span><\/a>S\u00e1, sem \u00fear fyrir tungu talar, bi\u00f0ji a\u00f0 hann geti \u00fea\u00f0 \u00fatlagt.<a name=\"14\"><span class=\"versanumer\">14<\/span><\/a>Ef eg bi\u00f0 \u00e1 framandi tungu, bi\u00f0ur a\u00f0 s\u00f6nnu minn andi, en meining m\u00edn ver\u00f0ur \u00e1vaxtarlaus.<a name=\"15\"><span class=\"versanumer\">15<\/span><\/a>Eg vil bi\u00f0ja \u00ed anda, en bi\u00f0ja undireins svo skiljist; eg vil syngja \u00ed anda, en syngja svo \u00fea\u00f0 skiljist;<a name=\"16\"><span class=\"versanumer\">16<\/span><\/a>\u00fev\u00ed \u00fe\u00f3 \u00fe\u00fa lofir Gu\u00f0 \u00ed anda, hv\u00f6rnig \u00e1 hinn \u00f3l\u00e6r\u00f0i a\u00f0 segja amen til \u00feinnar lofgj\u00f6r\u00f0ar, \u00fear e\u00f0 hann veit ekki hva\u00f0 \u00fe\u00fa segir?<a name=\"17\"><span class=\"versanumer\">17<\/span><\/a>l\u00e1tum svo vera, a\u00f0 lofgj\u00f6r\u00f0 \u00fe\u00edn s\u00e9 falleg, en anar hefir ekki uppbyggingu \u00fear af.<a name=\"18\"><span class=\"versanumer\">18<\/span><\/a>Gu\u00f0i m\u00ednum s\u00e9 lof! a\u00f0 eg tala betur tungum enn \u00fe\u00e9r allir;<a name=\"19\"><span class=\"versanumer\">19<\/span><\/a>en heldur vil eg \u00ed s\u00f6fnu\u00f0inum tala fimm or\u00f0 svo skiljanleg a\u00f0 eg geti \u00f6\u00f0rum kennt, heldur enn t\u00edu \u00fe\u00fasund \u00e1 framandi tungu.<a name=\"20\"><span class=\"versanumer\">20<\/span><\/a>Br\u00e6\u00f0ur! veri\u00f0 ekki b\u00f6rn \u00ed skilningi, heldur eins og b\u00f6rn \u00ed hrekkv\u00edsi, en \u00ed skilningi fullor\u00f0nir.<a name=\"21\"><span class=\"versanumer\">21<\/span><\/a>\u00cd l\u00f6gm\u00e1linu stendur skrifa\u00f0: \u00ed framandi tungum og me\u00f0 \u00fatlendum v\u00f6rum vil eg tala til \u00feessa f\u00f3lks, en samt mun \u00fea\u00f0 ekki hl\u00fd\u00f0a m\u00e9r, segir Drottinn.<a name=\"22\"><span class=\"versanumer\">22<\/span><\/a>Framandi tungur eru \u00fev\u00ed teikn, ekki \u00feeim tr\u00fau\u00f0u, heldur vantr\u00fau\u00f0u; en hin sp\u00e1mannlega andagift ekki \u00feeim vantr\u00fau\u00f0u heldur \u00feeim tr\u00fau\u00f0u.<a name=\"23\"><span class=\"versanumer\">23<\/span><\/a>Ef a\u00f0 allur s\u00f6fnu\u00f0urinn v\u00e6ri samankominn og allir t\u00f6lu\u00f0u tungum og einhv\u00f6r vantr\u00faa\u00f0ur, e\u00f0ur s\u00e1, sem ekki skildi tungurnar, k\u00e6mi \u00fear inn, mundi hann ekki segja: a\u00f0 \u00fe\u00e9r v\u00e6ru\u00f0 galdir?<a name=\"24\"><span class=\"versanumer\">24<\/span><\/a>En ef allir tala me\u00f0 sp\u00e1mannlegri andagift og einhv\u00f6r vantr\u00faa\u00f0ur e\u00f0ur vankunnandi kemur inn, finnur hann lei\u00f0r\u00e9ttingar og straffanir \u00ed \u00f6llu, sem \u00fe\u00e9r segi\u00f0;<a name=\"25\"><span class=\"versanumer\">25<\/span><\/a>\u00fea\u00f0 sem \u00ed hjarta hans er huli\u00f0, ver\u00f0ur opinbert, svo a\u00f0 hann mun falla fram \u00e1 s\u00edna \u00e1sj\u00f3nu og tilbi\u00f0ja Gu\u00f0 og me\u00f0kenna a\u00f0 Gu\u00f0 s\u00e9 sannarlega me\u00f0 y\u00f0ur.<a name=\"26\"><span class=\"versanumer\">26<\/span><\/a>Hva\u00f0 fl\u00fdtur h\u00e9r af? br\u00e6\u00f0ur! a\u00f0 \u00feegar \u00fe\u00e9r \u00ed s\u00f6fnu\u00f0inum samankomi\u00f0 og s\u00e9rhv\u00f6r y\u00f0ar hefir s\u00e1lm fram a\u00f0 f\u00e6ra, e\u00f0ur einhv\u00f6rn l\u00e6rd\u00f3m, e\u00f0ur eitthva\u00f0 \u00ed framandi tungu e\u00f0ur uppl\u00fdsingu e\u00f0ur \u00fatleggingu, \u00fe\u00e1 veri \u00fea\u00f0 allt til uppbyggingar.<a name=\"27\"><span class=\"versanumer\">27<\/span><\/a>Ef nokkur talar tungu, \u00fe\u00e1 s\u00e9u \u00fea\u00f0 tveir, mest \u00fer\u00edr og \u00fea\u00f0 til skiptis, en einn leggi \u00fat.<a name=\"28\"><span class=\"versanumer\">28<\/span><\/a>En ef engi er, sem getur \u00fatlagt, \u00fe\u00e1 \u00feegi s\u00e1 \u00ed s\u00f6fnu\u00f0inum, <span class='VideyAth'>(sem \u00e1 framandi tungu talar)<\/span>, en tali vi\u00f0 sj\u00e1lfan sig og Gu\u00f0.<a name=\"29\"><span class=\"versanumer\">29<\/span><\/a>En tveir e\u00f0ur \u00fer\u00edr sp\u00e1menn mega tala, en a\u00f0rir d\u00e6mi um.<a name=\"30\"><span class=\"versanumer\">30<\/span><\/a>En ef nokkur, sem situr, f\u00e6r opinberun, \u00fe\u00e1 \u00feegi s\u00e1 fyrri.<a name=\"31\"><span class=\"versanumer\">31<\/span><\/a>Allir geti\u00f0 \u00fe\u00e9r, hv\u00f6r eftir annan tala\u00f0 sp\u00e1mannlegri andagift, svo a\u00f0 allir l\u00e6ri og allir huggist,<a name=\"32\"><span class=\"versanumer\">32<\/span><\/a>\u00fev\u00ed sp\u00e1manna andar eru sp\u00e1m\u00f6nnum undirgefnir <span class='VideyAth'>a)<\/span>,<a name=\"33\"><span class=\"versanumer\">33<\/span><\/a>me\u00f0 \u00fev\u00ed Gu\u00f0 er ekki \u00f3eir\u00f0ar heldur fri\u00f0arins Gu\u00f0. Eins og vi\u00f0gengst \u00ed \u00f6llum s\u00f6fnu\u00f0um kristinna manna,<a name=\"34\"><span class=\"versanumer\">34<\/span><\/a>ber y\u00f0rum konum a\u00f0 \u00feegja \u00ed s\u00f6fnu\u00f0unum, \u00fev\u00ed \u00feeim er ekki leyft a\u00f0 tala, heldur a\u00f0 hl\u00fd\u00f0a, eins og l\u00edka l\u00f6gm\u00e1li\u00f0 b\u00fd\u00f0ur.<a name=\"35\"><span class=\"versanumer\">35<\/span><\/a>En ef \u00fe\u00e6r vilja fr\u00e6\u00f0ast \u00ed einhv\u00f6rju, spyrji \u00fe\u00e6r menn s\u00edna heima, \u00fev\u00ed konum s\u00e6mir ekki a\u00f0 tala \u00ed s\u00f6fnu\u00f0inum.<a name=\"36\"><span class=\"versanumer\">36<\/span><\/a>E\u00f0ur hefir Gu\u00f0s l\u00e6rd\u00f3mur fr\u00e1 y\u00f0ur \u00fatgengi\u00f0? e\u00f0a eru\u00f0 \u00fe\u00e9r \u00feeir einustu, er hann er kominn til?<a name=\"37\"><span class=\"versanumer\">37<\/span><\/a>Ef nokkur \u00feykist sp\u00e1ma\u00f0ur vera, e\u00f0ur g\u00e6ddur andans g\u00e1fu, \u00fe\u00e1 viti hann, a\u00f0 \u00fea\u00f0, sem eg h\u00e9r skrifa y\u00f0ur, er Drottins bo\u00f0.<a name=\"38\"><span class=\"versanumer\">38<\/span><\/a>Ef nokkur vill ekki vi\u00f0 \u00feetta kannast r\u00e1\u00f0i hann \u00fev\u00ed.<a name=\"39\"><span class=\"versanumer\">39<\/span><\/a>Kappkosti\u00f0 \u00fev\u00ed, br\u00e6\u00f0ur! a\u00f0 \u00f6\u00f0last sp\u00e1mannlega andagift; ekki skulu\u00f0 \u00fe\u00e9r heldur banna a\u00f0 tala tungum; en allt framfari fallega og me\u00f0 reglu.<\/p>\n<div class=\"footnoteVidey\">V. 1. Kap. 12,4.28. Skrgr.  V. 5. v. 24\u201326.29\u201332. sbr. vi\u00f0 Esra. 5,1. og 6,14. 4 M\u00f3s. b. 11,25\u201329.  V. 6. Kap. 12,8. Post. gb. 22,3. sbr. vi\u00f0 5,34.  V. 15. Efes. 5,19.  V. 20. Matt. 18,3. 19,14.  V. 21. Esa. 28,11.12.  V. 25. Kap. 4,5. 1 Sam. 19,20\u201324. Sakk. 8,23.  V. 26. Kap. 12,8.10.  V. 29. Kap. 12,10. 1 J\u00f3h. 4,1.  V. 32. a. \u00de. e. r\u00e1\u00f0a yfir sinni andagift.  V. 33. Jak. 3,16. R\u00f3m. 15,33.  V. 34. 1 T\u00edm. 2,12. sbr. vi\u00f0 Ef. 5,22. T\u00edt. 2,3. 1 Kor. 11,3. 1 M\u00f3s. b. 3,16.  V. 35. 1 T\u00edm. 2,11.<\/div>\n","protected":false},"excerpt":{"rendered":"<p>A\u00f0 tala tungum, \u00feegar enginn \u00fatleggur, gagnar ekkert; en a\u00f0 tala af sp\u00e1mannlegri andagift er uppbyggilegra. Konur tala ekki opinberlega \u00ed s\u00f6fnu\u00f0inum. Allt framfari \u00fear s\u00f3masamlega og me\u00f0 reglu. 1Stundi\u00f0 eftir k\u00e6rleikanum; s\u00e6kist eftir enum andlegu g\u00e1funum, en allrahelst eftir sp\u00e1mannlegri andagift.2S\u00e1, sem talar tungum, talar ekki vi\u00f0 menn heldur vi\u00f0 Gu\u00f0; \u00fev\u00ed enginn skilur hann, hann talar \u00ed anda hulda l\u00e6rd\u00f3ma.3En s\u00e1, sem talar af sp\u00e1mannlegri andagift, talar m\u00f6nnum til uppbyggingar, \u00e1minningar og huggunar.4S\u00e1, sem talar tungu, uppbyggir sj\u00e1lfan sig; en s\u00e1, sem talar af sp\u00e1mannlegri andagift, uppbyggir s\u00f6fnu\u00f0inn.5Eg vildi a\u00f0 \u00fe\u00e9r allir g\u00e6tu\u00f0 tungum tala\u00f0, en \u00fe\u00f3 heldur <a href=\"https:\/\/biblian.is\/videy\/fyrra-korintubref-14-kafli\/\"> [&#8230;]<\/a><\/p>\n","protected":false},"author":1,"featured_media":0,"parent":0,"menu_order":0,"comment_status":"open","ping_status":"open","template":"bibliukaflar.php","meta":{"footnotes":""},"class_list":["post-21925","page","type-page","status-publish","hentry"],"_links":{"self":[{"href":"https:\/\/biblian.is\/videy\/wp-json\/wp\/v2\/pages\/21925","targetHints":{"allow":["GET"]}}],"collection":[{"href":"https:\/\/biblian.is\/videy\/wp-json\/wp\/v2\/pages"}],"about":[{"href":"https:\/\/biblian.is\/videy\/wp-json\/wp\/v2\/types\/page"}],"author":[{"embeddable":true,"href":"https:\/\/biblian.is\/videy\/wp-json\/wp\/v2\/users\/1"}],"replies":[{"embeddable":true,"href":"https:\/\/biblian.is\/videy\/wp-json\/wp\/v2\/comments?post=21925"}],"version-history":[{"count":0,"href":"https:\/\/biblian.is\/videy\/wp-json\/wp\/v2\/pages\/21925\/revisions"}],"wp:attachment":[{"href":"https:\/\/biblian.is\/videy\/wp-json\/wp\/v2\/media?parent=21925"}],"curies":[{"name":"wp","href":"https:\/\/api.w.org\/{rel}","templated":true}]}}