{"id":21924,"date":"2018-01-02T01:04:46","date_gmt":"2018-01-02T01:04:46","guid":{"rendered":"http:\/\/biblian.is\/videy\/fyrra-korintubref-13-kafli\/"},"modified":"2018-01-02T01:04:46","modified_gmt":"2018-01-02T01:04:46","slug":"fyrra-korintubref-13-kafli","status":"publish","type":"page","link":"https:\/\/biblian.is\/videy\/fyrra-korintubref-13-kafli\/","title":{"rendered":"Fyrra Korintubr\u00e9f 13. kafli"},"content":{"rendered":"<div class=\"fyrirsognVidey\">Ef k\u00e6rleikann vantar gagna ekki hinar g\u00e1furnar. Elskunnar eginnlegleikar. Allar a\u00f0rar g\u00e1fur \u00feverra loksins; elskan ein er varanleg.<\/div>\n<p><a name=\"1\"><span class=\"versanumer\">1<\/span><\/a>\u00de\u00f3 a\u00f0 eg tala\u00f0 g\u00e6ti b\u00e6\u00f0i engla og manna tungum, en hef\u00f0i ekki k\u00e6rleikann, \u00fe\u00e1 v\u00e6ri eg eins og hlj\u00f3mandi m\u00e1lmur og hvellandi bjalla;<a name=\"2\"><span class=\"versanumer\">2<\/span><\/a>og \u00fe\u00f3 eg hef\u00f0i sp\u00e1d\u00f3msg\u00e1fu, vissi alla leyndard\u00f3ma og hef\u00f0i allsh\u00e1ttar kunn\u00e1ttu, hef\u00f0i tr\u00fa svo mikla, a\u00f0 eg g\u00e6ti fj\u00f6ll flutt, en hef\u00f0i ekki k\u00e6rleikann, \u00fe\u00e1 v\u00e6ri eg einkisver\u00f0ur.<a name=\"3\"><span class=\"versanumer\">3<\/span><\/a>Og \u00fe\u00f3 eg bita\u00f0i ni\u00f0ur allar eigur m\u00ednar og l\u00e9ti jafnvel brenna mig, en hef\u00f0i ekki k\u00e6rleikann, v\u00e6ri \u00fea\u00f0 m\u00e9r til einkis gagns. <br \/><a name=\"4\"><span class=\"versanumer\">4<\/span><\/a>K\u00e6rleikurinn er umbur\u00f0arlyndur, g\u00f3\u00f0vilja\u00f0ur, ekki \u00f6fundsj\u00fakur, ekki raupsamur,<a name=\"5\"><span class=\"versanumer\">5<\/span><\/a>ekki hrokafullur, gj\u00f6rir ekkert \u00f3s\u00e6milegt, er ekki s\u00e9rpl\u00e6ginn, ekki flj\u00f3tur til rei\u00f0i, tilreiknar ekki illt,<a name=\"6\"><span class=\"versanumer\">6<\/span><\/a>gle\u00f0ur sig ekki af \u00f3r\u00e9ttv\u00edsi, en elskar r\u00e1\u00f0vendni,<a name=\"7\"><span class=\"versanumer\">7<\/span><\/a>er \u00feagm\u00e6ltur, tr\u00fair \u00f6llu, vonar allt, umber allt. <br \/><a name=\"8\"><span class=\"versanumer\">8<\/span><\/a>K\u00e6rleikurinn fellur aldrei \u00far gildi, en hv\u00f6rt heldur \u00fea\u00f0 eru sp\u00e1d\u00f3msg\u00e1fur, \u00fe\u00e1 munu \u00fe\u00e6r \u00feverra, e\u00f0ur tungur, \u00fe\u00e1 mun \u00feeim linna, e\u00f0ur kunn\u00e1tta, \u00fe\u00e1 mun h\u00fan \u00ferj\u00f3ta.<a name=\"9\"><span class=\"versanumer\">9<\/span><\/a>\u00dev\u00ed \u00feekking vor er \u00f3fullkomin og sp\u00e1d\u00f3msg\u00e1fa eins;<a name=\"10\"><span class=\"versanumer\">10<\/span><\/a>en \u00feegar \u00fea\u00f0 fullkomna kemur \u00fe\u00e1 \u00feverrur \u00fea\u00f0 \u00f3fullkomna.<a name=\"11\"><span class=\"versanumer\">11<\/span><\/a>\u00deegar eg var barn, tala\u00f0i eg sem barn, var lyndur eins og barn og hugsa\u00f0i sem barn; en \u00feegar eg var\u00f0 fullor\u00f0inn aflag\u00f0i eg bernskuna.<a name=\"12\"><span class=\"versanumer\">12<\/span><\/a>N\u00fa sj\u00e1um v\u00e9r gegnum gler \u00ed \u00feoku, en \u00e1 s\u00ed\u00f0an berlega; n\u00fa \u00feekkjum v\u00e9r a\u00f0 nokkru leyti, en \u00fe\u00e1 mun eg sj\u00e1lfur \u00feekkja eins og eg er sj\u00e1lfur \u00feekktur.<a name=\"13\"><span class=\"versanumer\">13<\/span><\/a>\u00deetta \u00ferennt: tr\u00fain, vonin og k\u00e6rleikurinn er varanlegt, en af \u00feessu er k\u00e6rleikurinn mestur.<\/p>\n<div class=\"footnoteVidey\">V. 1. Post. gb. 2,4. Matt. 22,35\u201340.  V. 2. Matt. 7,22. Matt. 17,20.21. sbr. vi\u00f0 Jak. 1,6.  V. 8. sbr. vi\u00f0 Ef. 4,13.  V. 12. 2 Kor. 5,7.<\/div>\n","protected":false},"excerpt":{"rendered":"<p>Ef k\u00e6rleikann vantar gagna ekki hinar g\u00e1furnar. Elskunnar eginnlegleikar. Allar a\u00f0rar g\u00e1fur \u00feverra loksins; elskan ein er varanleg. 1\u00de\u00f3 a\u00f0 eg tala\u00f0 g\u00e6ti b\u00e6\u00f0i engla og manna tungum, en hef\u00f0i ekki k\u00e6rleikann, \u00fe\u00e1 v\u00e6ri eg eins og hlj\u00f3mandi m\u00e1lmur og hvellandi bjalla;2og \u00fe\u00f3 eg hef\u00f0i sp\u00e1d\u00f3msg\u00e1fu, vissi alla leyndard\u00f3ma og hef\u00f0i allsh\u00e1ttar kunn\u00e1ttu, hef\u00f0i tr\u00fa svo mikla, a\u00f0 eg g\u00e6ti fj\u00f6ll flutt, en hef\u00f0i ekki k\u00e6rleikann, \u00fe\u00e1 v\u00e6ri eg einkisver\u00f0ur.3Og \u00fe\u00f3 eg bita\u00f0i ni\u00f0ur allar eigur m\u00ednar og l\u00e9ti jafnvel brenna mig, en hef\u00f0i ekki k\u00e6rleikann, v\u00e6ri \u00fea\u00f0 m\u00e9r til einkis gagns. 4K\u00e6rleikurinn er umbur\u00f0arlyndur, g\u00f3\u00f0vilja\u00f0ur, ekki \u00f6fundsj\u00fakur, ekki raupsamur,5ekki <a href=\"https:\/\/biblian.is\/videy\/fyrra-korintubref-13-kafli\/\"> [&#8230;]<\/a><\/p>\n","protected":false},"author":1,"featured_media":0,"parent":0,"menu_order":0,"comment_status":"open","ping_status":"open","template":"bibliukaflar.php","meta":{"footnotes":""},"class_list":["post-21924","page","type-page","status-publish","hentry"],"_links":{"self":[{"href":"https:\/\/biblian.is\/videy\/wp-json\/wp\/v2\/pages\/21924","targetHints":{"allow":["GET"]}}],"collection":[{"href":"https:\/\/biblian.is\/videy\/wp-json\/wp\/v2\/pages"}],"about":[{"href":"https:\/\/biblian.is\/videy\/wp-json\/wp\/v2\/types\/page"}],"author":[{"embeddable":true,"href":"https:\/\/biblian.is\/videy\/wp-json\/wp\/v2\/users\/1"}],"replies":[{"embeddable":true,"href":"https:\/\/biblian.is\/videy\/wp-json\/wp\/v2\/comments?post=21924"}],"version-history":[{"count":0,"href":"https:\/\/biblian.is\/videy\/wp-json\/wp\/v2\/pages\/21924\/revisions"}],"wp:attachment":[{"href":"https:\/\/biblian.is\/videy\/wp-json\/wp\/v2\/media?parent=21924"}],"curies":[{"name":"wp","href":"https:\/\/api.w.org\/{rel}","templated":true}]}}