{"id":21923,"date":"2018-01-02T01:04:46","date_gmt":"2018-01-02T01:04:46","guid":{"rendered":"http:\/\/biblian.is\/videy\/fyrra-korintubref-12-kafli\/"},"modified":"2018-01-02T01:04:46","modified_gmt":"2018-01-02T01:04:46","slug":"fyrra-korintubref-12-kafli","status":"publish","type":"page","link":"https:\/\/biblian.is\/videy\/fyrra-korintubref-12-kafli\/","title":{"rendered":"Fyrra Korintubr\u00e9f 12. kafli"},"content":{"rendered":"<div class=\"fyrirsognVidey\">Heilagur Andi \u00fatb\u00fdtir s\u00ednum gj\u00f6fum, hv\u00f6rjum eftir sinni vild. En s\u00e9rhv\u00f6r br\u00faki \u00fe\u00e6r til sameiginlegs gagns.<\/div>\n<p><a name=\"1\"><span class=\"versanumer\">1<\/span><\/a>Eg vil ekki l\u00e1ta y\u00f0ur, br\u00e6\u00f0ur m\u00ednir! vera \u00f3kunnugt um \u00fea\u00f0 hv\u00f6rjir andans gjafir hafi.<a name=\"2\"><span class=\"versanumer\">2<\/span><\/a>\u00de\u00e9r viti\u00f0, a\u00f0 \u00fe\u00e1 \u00fe\u00e9r voru\u00f0 hei\u00f0ingjar, gengu\u00f0 \u00fe\u00e9r til m\u00e1llausra skur\u00f0go\u00f0a eftir \u00fev\u00ed, sem \u00fe\u00e9r leiddir voru\u00f0.<a name=\"3\"><span class=\"versanumer\">3<\/span><\/a>\u00dear fyrir skulu\u00f0 \u00fe\u00e9r \u00fea\u00f0 vita, a\u00f0 engi s\u00e1, sem talar af Gu\u00f0s anda, form\u00e6lir Jes\u00fa, og a\u00f0 engi getur Jes\u00fam kalla\u00f0 Drottin, nema heilagur Andi s\u00e9 me\u00f0 honum.<a name=\"4\"><span class=\"versanumer\">4<\/span><\/a>Mismunur er \u00e1 n\u00e1\u00f0arg\u00e1fum, en sami er andinn;<a name=\"5\"><span class=\"versanumer\">5<\/span><\/a>mismunur er \u00e1 emb\u00e6ttum, en sami er Drottinn;<a name=\"6\"><span class=\"versanumer\">6<\/span><\/a>mismunur er \u00e1 framkv\u00e6mdum, en Gu\u00f0 er \u00fe\u00f3 hinn sami, er verkar allt \u00ed \u00f6llum.<a name=\"7\"><span class=\"versanumer\">7<\/span><\/a>En s\u00e9rhv\u00f6rjum er gefi\u00f0 a\u00f0 s\u00fdna andans gj\u00f6f \u00f6\u00f0rum til gagns;<a name=\"8\"><span class=\"versanumer\">8<\/span><\/a>\u00fev\u00ed a\u00f0 \u00feessum er af andanum gefi\u00f0 a\u00f0 m\u00e6la af v\u00edsd\u00f3mi; en \u00f6\u00f0rum dj\u00fapf\u00e6r \u00feekking af \u00feeim sama anda;<a name=\"9\"><span class=\"versanumer\">9<\/span><\/a>en \u00f6\u00f0rum tr\u00fa af sama anda; \u00f6\u00f0rum l\u00e6knisg\u00e1fa af \u00feeim sama anda;<a name=\"10\"><span class=\"versanumer\">10<\/span><\/a>\u00f6\u00f0rum framkv\u00e6mdir kraftaverka; \u00f6\u00f0rum sp\u00e1d\u00f3msg\u00e1fa; \u00f6\u00f0rum greind \u00e1 a\u00f0 d\u00e6ma um andans g\u00e1fur; \u00f6\u00f0rum margh\u00e1tta\u00f0ar tungur;<a name=\"11\"><span class=\"versanumer\">11<\/span><\/a>\u00f6\u00f0rum \u00fatlegging tungnanna. En allt \u00feetta verkar einn og hinn sami andi, sem gefur hv\u00f6rjum einum eftir sinni vild;<a name=\"12\"><span class=\"versanumer\">12<\/span><\/a>\u00fev\u00ed eins og l\u00edkaminn er ekki nema einn, \u00fe\u00f3 hann hafi marga limu, en allir limir \u00feess eina l\u00edkama, sem eru margir, eru einn l\u00edkami;<a name=\"13\"><span class=\"versanumer\">13<\/span><\/a>eins er Kristur, \u00fev\u00ed a\u00f0 v\u00e9r erum allir me\u00f0 einum anda sk\u00edr\u00f0ir til a\u00f0 vera einn l\u00edkami, hv\u00f6rt, sem v\u00e9r erum Gy\u00f0ingar, e\u00f0ur Grikkir, \u00fer\u00e6lar e\u00f0ur frj\u00e1lsir menn og allir erum v\u00e9r drykkja\u00f0ir svo v\u00e9r s\u00e9um einn andi,<a name=\"14\"><span class=\"versanumer\">14<\/span><\/a>\u00fev\u00ed a\u00f0 l\u00edkaminn er ekki einn limur, heldur margir.<a name=\"15\"><span class=\"versanumer\">15<\/span><\/a>\u00de\u00f3 f\u00f3turinn seg\u00f0i: fyrst eg er ekki h\u00f6nd, er eg ekki partur l\u00edkamans; mundi hann ekki vera \u00fea\u00f0 eins fyrir \u00fea\u00f0?<a name=\"16\"><span class=\"versanumer\">16<\/span><\/a>og \u00fe\u00f3 eyra\u00f0 seg\u00f0i: fyrst eg er ekki auga, er eg ekki partur l\u00edkamans; mundi \u00fea\u00f0 ekki \u00fear fyrir vera l\u00edkamans limur?<a name=\"17\"><span class=\"versanumer\">17<\/span><\/a>Ef allur l\u00edkaminn v\u00e6ri auga, hvar v\u00e6ri \u00fe\u00e1 heyrnin? Ef hann allur v\u00e6ri eyra, hvar v\u00e6ri \u00fe\u00e1 ilmanin?<a name=\"18\"><span class=\"versanumer\">18<\/span><\/a>En n\u00fa hefir Gu\u00f0 sett limina \u00e1 l\u00edkamann hv\u00f6rn einn \u00fear, sem honum leist.<a name=\"19\"><span class=\"versanumer\">19<\/span><\/a>Ef allir limirnir v\u00e6ru einn limur, hvar v\u00e6ri \u00fe\u00e1 l\u00edkaminn?<a name=\"20\"><span class=\"versanumer\">20<\/span><\/a>En n\u00fa eru limirnir margir, en l\u00edkaminn einn.<a name=\"21\"><span class=\"versanumer\">21<\/span><\/a>Auga\u00f0 m\u00e1 \u00fev\u00ed ekki segja til handarinnar: eg \u00fearf \u00fe\u00edn ekki vi\u00f0; e\u00f0ur h\u00f6fu\u00f0i\u00f0 vi\u00f0 f\u00e6turnar: eg \u00fearf ykkar ekki vi\u00f0;<a name=\"22\"><span class=\"versanumer\">22<\/span><\/a>heldur eru miklu fremur \u00feeir limir nau\u00f0synlegastir sem au\u00f0vir\u00f0ilegastir s\u00fdnast;<a name=\"23\"><span class=\"versanumer\">23<\/span><\/a>og \u00feeim limum l\u00edkamans s\u00fdnum v\u00e9r mestann s\u00f3ma, sem v\u00e9r h\u00f6ldum \u00f3\u00e1litlegasta og \u00feeir sem lj\u00f3tastir eru, pr\u00fd\u00f0ast mest,<a name=\"24\"><span class=\"versanumer\">24<\/span><\/a>en \u00feeir, sem fallegastir eru, hafa \u00feess ekki \u00fe\u00f6rf; heldur hefir Gu\u00f0 \u00feannig haga\u00f0 l\u00edkamans samtengingu, a\u00f0 s\u00e1, sem mi\u00f0ur er, s\u00e9 mest ver\u00f0ur,<a name=\"25\"><span class=\"versanumer\">25<\/span><\/a>svo ekki yr\u00f0i \u00e1greiningur milli l\u00edkamans lima, heldur a\u00f0 hv\u00f6r limurinn beri umhyggju fyrir \u00f6\u00f0rum.<a name=\"26\"><span class=\"versanumer\">26<\/span><\/a>\u00dear af er \u00fea\u00f0, a\u00f0 hv\u00f6rt sem einn limurinn l\u00ed\u00f0ur, l\u00ed\u00f0a allir limirnir me\u00f0 honum, e\u00f0ur einum vel vegnar, \u00fe\u00e1 samgle\u00f0jast allir hinir limirnir.<a name=\"27\"><span class=\"versanumer\">27<\/span><\/a>En \u00fe\u00e9r eru\u00f0 Krists l\u00edkami og limir hv\u00f6r fyrir sig.<a name=\"28\"><span class=\"versanumer\">28<\/span><\/a>Og suma setti Gu\u00f0 \u00ed s\u00f6fnu\u00f0inn fyrst postula, \u00fearn\u00e6st sp\u00e1menn, svo kennara, \u00fearn\u00e6st \u00fe\u00e1, sem kraftaverk gj\u00f6ra, svo \u00fe\u00e1, sem hafa g\u00e1fu til a\u00f0 l\u00e6kna, a\u00f0sto\u00f0a, stj\u00f3rna og a\u00f0 tala margh\u00e1ttu\u00f0um tungum.<a name=\"29\"><span class=\"versanumer\">29<\/span><\/a>Eru allir postular? allir sp\u00e1menn? allir l\u00e6rife\u00f0ur? Er \u00f6llum gefi\u00f0 a\u00f0 gj\u00f6ra kraftaverk? Hafa allir l\u00e6knisg\u00e1fu?<a name=\"30\"><span class=\"versanumer\">30<\/span><\/a>Tala allir tungum, e\u00f0ur geta allir \u00fatlagt \u00fe\u00e6r?<a name=\"31\"><span class=\"versanumer\">31<\/span><\/a>S\u00e6kist eftir \u00feeim bestu g\u00e1fum og ennfremur vil eg v\u00edsa y\u00f0ur \u00feann besta veg.<\/p>\n<div class=\"footnoteVidey\">V. 1. Sbr. 1 J\u00f3h. 4,1.  V. 3. 2 Kor. 3,5.  V. 4. R\u00f3m. 12,6. 1 P\u00e9t. 4,10. 1 Kor. 7,7.  V. 5. Efes. 4,11.  V. 6. \u00de. e. Gu\u00f0i eru allar \u00feessar \u00fdmislegu g\u00e1fur a\u00f0 \u00feakka, sbr. v. 4.  V. 7. v. 12.13.  V. 9. Matt. 17,20. 21,21.  V. 10. Post. gb. 2,4.  V. 11. R\u00f3m. 12,6. 1 Kor. 3,5. 7,7.  V. 12. R\u00f3m. 12,4.5.  V. 13. \u00fe. e. uppfr\u00e6ddir \u00ed Krists s\u00e1luhj\u00e1lplega l\u00e6rd\u00f3mi, sem innr\u00e6tir andlegt og elskufullt hugarfar.  V. 20. v. 14.  V. 27. R\u00f3m. 12,5.  V. 28. Sp\u00e1menn k\u00f6llu\u00f0ust \u00feeir sem hrifnir af heilagri andagift, l\u00edkt og sp\u00e1menn G. t., kenndu Krists l\u00e6rd\u00f3m og stundum fyrirs\u00f6g\u00f0u \u00f3or\u00f0na hluti, (Post. gb. 11,27.28. 21,10.11). Kennarar \u00fear\u00e1m\u00f3ti \u00feeir, er kenndu me\u00f0 meiri h\u00e6g\u00f0. Ef. 4,11. Post. gb. 6,2.3. 1 T\u00edm. 3,2\u20135. V. 30. Mark. 16,17.18.  V. 31. sbr. Kap. 14,1.<\/div>\n","protected":false},"excerpt":{"rendered":"<p>Heilagur Andi \u00fatb\u00fdtir s\u00ednum gj\u00f6fum, hv\u00f6rjum eftir sinni vild. En s\u00e9rhv\u00f6r br\u00faki \u00fe\u00e6r til sameiginlegs gagns. 1Eg vil ekki l\u00e1ta y\u00f0ur, br\u00e6\u00f0ur m\u00ednir! vera \u00f3kunnugt um \u00fea\u00f0 hv\u00f6rjir andans gjafir hafi.2\u00de\u00e9r viti\u00f0, a\u00f0 \u00fe\u00e1 \u00fe\u00e9r voru\u00f0 hei\u00f0ingjar, gengu\u00f0 \u00fe\u00e9r til m\u00e1llausra skur\u00f0go\u00f0a eftir \u00fev\u00ed, sem \u00fe\u00e9r leiddir voru\u00f0.3\u00dear fyrir skulu\u00f0 \u00fe\u00e9r \u00fea\u00f0 vita, a\u00f0 engi s\u00e1, sem talar af Gu\u00f0s anda, form\u00e6lir Jes\u00fa, og a\u00f0 engi getur Jes\u00fam kalla\u00f0 Drottin, nema heilagur Andi s\u00e9 me\u00f0 honum.4Mismunur er \u00e1 n\u00e1\u00f0arg\u00e1fum, en sami er andinn;5mismunur er \u00e1 emb\u00e6ttum, en sami er Drottinn;6mismunur er \u00e1 framkv\u00e6mdum, en Gu\u00f0 er \u00fe\u00f3 hinn sami, er <a href=\"https:\/\/biblian.is\/videy\/fyrra-korintubref-12-kafli\/\"> [&#8230;]<\/a><\/p>\n","protected":false},"author":1,"featured_media":0,"parent":0,"menu_order":0,"comment_status":"open","ping_status":"open","template":"bibliukaflar.php","meta":{"footnotes":""},"class_list":["post-21923","page","type-page","status-publish","hentry"],"_links":{"self":[{"href":"https:\/\/biblian.is\/videy\/wp-json\/wp\/v2\/pages\/21923","targetHints":{"allow":["GET"]}}],"collection":[{"href":"https:\/\/biblian.is\/videy\/wp-json\/wp\/v2\/pages"}],"about":[{"href":"https:\/\/biblian.is\/videy\/wp-json\/wp\/v2\/types\/page"}],"author":[{"embeddable":true,"href":"https:\/\/biblian.is\/videy\/wp-json\/wp\/v2\/users\/1"}],"replies":[{"embeddable":true,"href":"https:\/\/biblian.is\/videy\/wp-json\/wp\/v2\/comments?post=21923"}],"version-history":[{"count":0,"href":"https:\/\/biblian.is\/videy\/wp-json\/wp\/v2\/pages\/21923\/revisions"}],"wp:attachment":[{"href":"https:\/\/biblian.is\/videy\/wp-json\/wp\/v2\/media?parent=21923"}],"curies":[{"name":"wp","href":"https:\/\/api.w.org\/{rel}","templated":true}]}}