{"id":21922,"date":"2018-01-02T01:04:46","date_gmt":"2018-01-02T01:04:46","guid":{"rendered":"http:\/\/biblian.is\/videy\/fyrra-korintubref-11-kafli\/"},"modified":"2018-01-02T01:04:46","modified_gmt":"2018-01-02T01:04:46","slug":"fyrra-korintubref-11-kafli","status":"publish","type":"page","link":"https:\/\/biblian.is\/videy\/fyrra-korintubref-11-kafli\/","title":{"rendered":"Fyrra Korintubr\u00e9f 11. kafli"},"content":{"rendered":"<div class=\"fyrirsognVidey\">Lastar, a\u00f0 men v\u00edki fr\u00e1 vi\u00f0tekinni venju vi\u00f0 \u00fatvortis gu\u00f0sd\u00fdrkun. \u00c1minnir a\u00f0 s\u00fdna br\u00f3\u00f0urlegan k\u00e6rleika vi\u00f0 kv\u00f6ldm\u00e1lt\u00ed\u00f0ina og for\u00f0ast manngreinar\u00e1lit og alla \u00f3s\u00e6milega heg\u00f0un, svo menn gj\u00f6ri sig ekki straffs seka.<\/div>\n<p><a name=\"2\"><span class=\"versanumer\">2<\/span><\/a>\u00dea\u00f0 er hr\u00f3svert, br\u00e6\u00f0ur! a\u00f0 \u00fe\u00e9r minnist m\u00edn \u00ed \u00f6llu og haldi\u00f0 \u00fe\u00e6r reglugj\u00f6r\u00f0ir, sem eg hefi tilsett.<a name=\"3\"><span class=\"versanumer\">3<\/span><\/a>En viti\u00f0 \u00fea\u00f0, a\u00f0 Kristur er hv\u00f6rs karlmanns h\u00f6fu\u00f0, en karlma\u00f0urinn konunnar h\u00f6fu\u00f0, en Gu\u00f0 Krists h\u00f6fu\u00f0.<a name=\"4\"><span class=\"versanumer\">4<\/span><\/a>Hv\u00f6r s\u00e1 karlma\u00f0ur, sem bi\u00f0ur e\u00f0ur sp\u00e1ir me\u00f0 h\u00f6fu\u00f0fati \u00e1 h\u00f6f\u00f0i, \u00f3vir\u00f0ir sitt h\u00f6fu\u00f0.<a name=\"5\"><span class=\"versanumer\">5<\/span><\/a>En hv\u00f6r kona \u00fear \u00e1 m\u00f3ti, sem bi\u00f0ur e\u00f0ur sp\u00e1ir me\u00f0 beru h\u00f6f\u00f0i, \u00f3vir\u00f0ir h\u00f6fu\u00f0 sitt, \u00fev\u00ed \u00fea\u00f0 er eins og h\u00f6fu\u00f0h\u00e1r hennar v\u00e6ri burtraka\u00f0.<a name=\"6\"><span class=\"versanumer\">6<\/span><\/a>Ef konan vill ekki hylja sig, \u00fe\u00e1 l\u00e1ti h\u00fan og afraka sitt h\u00f6fu\u00f0h\u00e1r; en ef \u00fea\u00f0 er konu vansi a\u00f0 klippast e\u00f0ur rakast, \u00fe\u00e1 hylji h\u00fan h\u00f6fu\u00f0 sitt.<a name=\"7\"><span class=\"versanumer\">7<\/span><\/a>Karlma\u00f0urinn \u00e1 ekki a\u00f0 hylja h\u00f6fu\u00f0i\u00f0, \u00fev\u00ed hann er \u00edmynd og geisli Gu\u00f0s d\u00fdr\u00f0ar, en konan er \u00fear \u00e1 m\u00f3ti geisli mannsins d\u00fdr\u00f0ar.<a name=\"8\"><span class=\"versanumer\">8<\/span><\/a>Ma\u00f0urinn er ekki af konunni, heldur konan af manninum;<a name=\"9\"><span class=\"versanumer\">9<\/span><\/a>ekki er heldur ma\u00f0urinn skapa\u00f0ur vegna konunnar, heldur konan vegna mannsins.<a name=\"10\"><span class=\"versanumer\">10<\/span><\/a>\u00deess vegna ber konunni a\u00f0 bera lotningarmerki \u00e1 h\u00f6f\u00f0i s\u00e9r sakir englanna.<a name=\"11\"><span class=\"versanumer\">11<\/span><\/a>Samt er hv\u00f6rki ma\u00f0urinn \u00e1n konunnar n\u00e9 konan \u00e1n mannsins eftir Drottins til\u00e6tlun.<a name=\"12\"><span class=\"versanumer\">12<\/span><\/a>\u00dev\u00ed eins og konan er af manninum, svo er og ma\u00f0urinn af konunni; en allt er af Gu\u00f0i.<a name=\"13\"><span class=\"versanumer\">13<\/span><\/a>Hugsi\u00f0 eftir me\u00f0 sj\u00e1lfum y\u00f0ur, hv\u00f6rt \u00fea\u00f0 s\u00f3mir konu a\u00f0 bi\u00f0ja til Gu\u00f0s berh\u00f6f\u00f0a\u00f0ri?<a name=\"14\"><span class=\"versanumer\">14<\/span><\/a>e\u00f0ur segir ekki y\u00f0ar eigin n\u00e1tt\u00fara y\u00f0ur, a\u00f0 karlmanni er \u00fea\u00f0 til vanvir\u00f0u a\u00f0 l\u00e1ta h\u00e1r sitt vaxa?<a name=\"15\"><span class=\"versanumer\">15<\/span><\/a>en aftur \u00e1 m\u00f3ti konu s\u00e6md a\u00f0 l\u00e1ta h\u00e1r sitt vaxa, \u00fev\u00ed henni er h\u00e1ri\u00f0 gefi\u00f0 \u00ed sk\u00fdlu sta\u00f0.<a name=\"16\"><span class=\"versanumer\">16<\/span><\/a>En vilji nokkur \u00fer\u00e1tta h\u00e9r um, \u00fe\u00e1 viti hann, a\u00f0 v\u00e9r h\u00f6fum ekki sl\u00edka venju og ekki heldur Gu\u00f0s s\u00f6fnu\u00f0ir.<br \/><a name=\"17\"><span class=\"versanumer\">17<\/span><\/a>Undireins og eg get \u00feessa, vil eg ekki hr\u00f3sa \u00fev\u00ed, a\u00f0 \u00fe\u00e9r komi\u00f0 saman, ekki til ens betra, heldur til ens verra.<a name=\"18\"><span class=\"versanumer\">18<\/span><\/a>Fyrst heyri eg, a\u00f0 \u00feegar \u00fe\u00e9r komi\u00f0 saman \u00ed s\u00f6fnu\u00f0inum, s\u00e9 sundurlyndi y\u00f0ar \u00e1 milli og a\u00f0 nokkru leyti tr\u00fai eg \u00fev\u00ed.<a name=\"19\"><span class=\"versanumer\">19<\/span><\/a>Flokkadr\u00e6ttir ver\u00f0a a\u00f0 vera y\u00f0ar \u00e1 milli, svo a\u00f0 \u00feeir \u00feekkist \u00far, sem g\u00f3\u00f0ir eru.<a name=\"20\"><span class=\"versanumer\">20<\/span><\/a>\u00deegar \u00fe\u00e9r komi\u00f0 til samans, er \u00fea\u00f0 ekki til a\u00f0 halda Drottins kv\u00f6ldm\u00e1lt\u00ed\u00f0,<a name=\"21\"><span class=\"versanumer\">21<\/span><\/a>\u00fev\u00ed hv\u00f6r tekur s\u00edna s\u00e6lu fyrifram fyrir sig, \u00feegar til bor\u00f0haldsins kemur, svo einn er svangur, en annar of mettur.<a name=\"22\"><span class=\"versanumer\">22<\/span><\/a>Hafi\u00f0 \u00fe\u00e9r ekki heimili hvar \u00fe\u00e9r geti\u00f0 eti\u00f0 og drukki\u00f0? e\u00f0ur fyrirl\u00edti\u00f0 \u00fe\u00e9r Gu\u00f0s s\u00f6fnu\u00f0 og forsm\u00e1i\u00f0 \u00fe\u00e1, sem f\u00e1t\u00e6kir eru? Hva\u00f0 \u00e1 eg a\u00f0 segja y\u00f0ur? \u00e1 eg a\u00f0 hr\u00f3sa y\u00f0ur? fyrir \u00feetta hr\u00f3sa eg y\u00f0ur ekki.<a name=\"23\"><span class=\"versanumer\">23<\/span><\/a>Eg hefi me\u00f0teki\u00f0 af Drottni \u00fea\u00f0, sem eg hefi kennt y\u00f0ur, a\u00f0 Drottinn Jes\u00fas, \u00e1 \u00feeirri n\u00f3tt, sem hann var svikinn, t\u00f3k brau\u00f0i\u00f0, gj\u00f6r\u00f0i \u00feakkir, braut \u00fea\u00f0 og sag\u00f0i:<a name=\"24\"><span class=\"versanumer\">24<\/span><\/a>\u00feetta er minn l\u00edkami, sem fyrir y\u00f0ur ver\u00f0ur brotinn; gj\u00f6ri\u00f0 \u00fea\u00f0 \u00ed m\u00edna minningu.<a name=\"25\"><span class=\"versanumer\">25<\/span><\/a>S\u00f6mulei\u00f0is og svo kaleikinn eftir kv\u00f6ldm\u00e1lt\u00ed\u00f0ina segjandi: \u00feessi kaleikur er n\u00fdr s\u00e1ttm\u00e1li \u00ed m\u00ednu bl\u00f3\u00f0i, gj\u00f6ri\u00f0 \u00feetta, svo oft, sem \u00fe\u00e9r drekki\u00f0, \u00ed m\u00edna minningu.<a name=\"26\"><span class=\"versanumer\">26<\/span><\/a>Svo oft, sem \u00fe\u00e9r eti\u00f0 \u00feetta brau\u00f0 og drekki\u00f0 af \u00feessum kaleik, minnist \u00e1 dau\u00f0a Drottins \u00feanga\u00f0 til hann kemur <span class='VideyAth'>a)<\/span>.<a name=\"27\"><span class=\"versanumer\">27<\/span><\/a>Hv\u00f6r \u00fear fyrir, sem etur \u00feetta brau\u00f0 og drekkur af kaleik Drottins \u00f3ver\u00f0uglega, s\u00e1 ver\u00f0ur sekur vi\u00f0 Drottins l\u00edkama og bl\u00f3\u00f0.<a name=\"28\"><span class=\"versanumer\">28<\/span><\/a>S\u00e9rhv\u00f6r pr\u00f3fi sig \u00fear fyrir sj\u00e1lfan og eti s\u00ed\u00f0an af brau\u00f0inu og drekki af kaleiknum;<a name=\"29\"><span class=\"versanumer\">29<\/span><\/a>\u00fev\u00ed s\u00e1, sem \u00f3ver\u00f0uglega etur og drekkur, hann etur og drekkur s\u00e9r til d\u00f3ms\u00e1fellis, \u00fear e\u00f0 hann ekki gj\u00f6rir greinarmun \u00e1 Herrans l\u00edkama.<a name=\"30\"><span class=\"versanumer\">30<\/span><\/a>\u00dear fyrir eru svo margir \u00e1 me\u00f0al y\u00f0ar veikir, vanm\u00e1ttugir og margir d\u00e1nir.<a name=\"31\"><span class=\"versanumer\">31<\/span><\/a>En ef v\u00e9r pr\u00f3fum oss sj\u00e1lfa, \u00fe\u00e1 v\u00e6rum v\u00e9r ekki d\u00e6mdir.<a name=\"32\"><span class=\"versanumer\">32<\/span><\/a>En \u00feegar Drottinn straffar, \u00fe\u00e1 er \u00fea\u00f0 til betrunar, svo v\u00e9r ekki skulum ford\u00e6mast me\u00f0 heiminum.<a name=\"33\"><span class=\"versanumer\">33<\/span><\/a>\u00dear fyrir, br\u00e6\u00f0ur m\u00ednir! \u00feegar \u00fe\u00e9r komi\u00f0 saman til m\u00e1lt\u00ed\u00f0ar, \u00fe\u00e1 b\u00ed\u00f0i\u00f0 hv\u00f6r eftir \u00f6\u00f0rum.<a name=\"34\"><span class=\"versanumer\">34<\/span><\/a>Ef nokkurn hungrar, eti hann heima, svo a\u00f0 \u00fe\u00e9r ekki komi\u00f0 saman y\u00f0ur til ford\u00e6mingar. Hitt ann\u00f0 mun eg tilsetja \u00feegar eg kem.<\/p>\n<div class=\"footnoteVidey\">V. 3. 1 M\u00f3s. b. 3,16. Ef. 5,23. 1 T\u00edm. 2,12.  Kap. 3,23. 15,27.28.  V. 5. L\u00fak. 1,67. 2 M\u00f3s. b. 15,20. sbr. vi\u00f0 1 Kor. 14,34.35.  V. 6. 4 M\u00f3s. b. 5,18.  V. 7. 1 M\u00f3s. b. 1,27.  V. 8. 1 M\u00f3s. b. 2,21\u201323.  V. 9. 1 M\u00f3s. b. 2,18.  V. 10. sbr. Tob. 3,8. 6,14. sbr. Skgr. vi\u00f0 Kap. 10,20.  V. 11. Gal. 3,28.  V. 12. v. 8. 1 M\u00f3s. b. 1,27.  V. 17. v. 22.  V. 20. Matt. 26,26\u201328. Mark. 14,22\u201324. L\u00fak. 22,19.20. samanb. vi\u00f0 2 M\u00f3s. b. 12 og 24 Kap.  V. 25. \u00fe. e. \u00feessi kaleikur er s\u00fa n\u00fdja tr\u00fa (Gal. 4,24), sem sta\u00f0festist me\u00f0 m\u00ednu bl\u00f3\u00f0i, samanb. 2 M\u00f3s. b. 24,8.  V. 26. a. Post. g. b. 1,11. 1 Kor. 4,5.  V. 28. 2 Kor. 13,5. Gal. 6,4.  V. 31. \u00fe. e. straffa\u00f0ir.  V. 32. Spek. b. 16,11. sbr. Or\u00f0skv. b. 23,13. Hebr. 12,5. og eftirf. v.<\/div>\n","protected":false},"excerpt":{"rendered":"<p>Lastar, a\u00f0 men v\u00edki fr\u00e1 vi\u00f0tekinni venju vi\u00f0 \u00fatvortis gu\u00f0sd\u00fdrkun. \u00c1minnir a\u00f0 s\u00fdna br\u00f3\u00f0urlegan k\u00e6rleika vi\u00f0 kv\u00f6ldm\u00e1lt\u00ed\u00f0ina og for\u00f0ast manngreinar\u00e1lit og alla \u00f3s\u00e6milega heg\u00f0un, svo menn gj\u00f6ri sig ekki straffs seka. 2\u00dea\u00f0 er hr\u00f3svert, br\u00e6\u00f0ur! a\u00f0 \u00fe\u00e9r minnist m\u00edn \u00ed \u00f6llu og haldi\u00f0 \u00fe\u00e6r reglugj\u00f6r\u00f0ir, sem eg hefi tilsett.3En viti\u00f0 \u00fea\u00f0, a\u00f0 Kristur er hv\u00f6rs karlmanns h\u00f6fu\u00f0, en karlma\u00f0urinn konunnar h\u00f6fu\u00f0, en Gu\u00f0 Krists h\u00f6fu\u00f0.4Hv\u00f6r s\u00e1 karlma\u00f0ur, sem bi\u00f0ur e\u00f0ur sp\u00e1ir me\u00f0 h\u00f6fu\u00f0fati \u00e1 h\u00f6f\u00f0i, \u00f3vir\u00f0ir sitt h\u00f6fu\u00f0.5En hv\u00f6r kona \u00fear \u00e1 m\u00f3ti, sem bi\u00f0ur e\u00f0ur sp\u00e1ir me\u00f0 beru h\u00f6f\u00f0i, \u00f3vir\u00f0ir h\u00f6fu\u00f0 sitt, \u00fev\u00ed \u00fea\u00f0 er eins og h\u00f6fu\u00f0h\u00e1r hennar <a href=\"https:\/\/biblian.is\/videy\/fyrra-korintubref-11-kafli\/\"> [&#8230;]<\/a><\/p>\n","protected":false},"author":1,"featured_media":0,"parent":0,"menu_order":0,"comment_status":"open","ping_status":"open","template":"bibliukaflar.php","meta":{"footnotes":""},"class_list":["post-21922","page","type-page","status-publish","hentry"],"_links":{"self":[{"href":"https:\/\/biblian.is\/videy\/wp-json\/wp\/v2\/pages\/21922","targetHints":{"allow":["GET"]}}],"collection":[{"href":"https:\/\/biblian.is\/videy\/wp-json\/wp\/v2\/pages"}],"about":[{"href":"https:\/\/biblian.is\/videy\/wp-json\/wp\/v2\/types\/page"}],"author":[{"embeddable":true,"href":"https:\/\/biblian.is\/videy\/wp-json\/wp\/v2\/users\/1"}],"replies":[{"embeddable":true,"href":"https:\/\/biblian.is\/videy\/wp-json\/wp\/v2\/comments?post=21922"}],"version-history":[{"count":0,"href":"https:\/\/biblian.is\/videy\/wp-json\/wp\/v2\/pages\/21922\/revisions"}],"wp:attachment":[{"href":"https:\/\/biblian.is\/videy\/wp-json\/wp\/v2\/media?parent=21922"}],"curies":[{"name":"wp","href":"https:\/\/api.w.org\/{rel}","templated":true}]}}