{"id":21921,"date":"2018-01-02T01:04:46","date_gmt":"2018-01-02T01:04:46","guid":{"rendered":"http:\/\/biblian.is\/videy\/fyrra-korintubref-10-kafli\/"},"modified":"2018-01-02T01:04:46","modified_gmt":"2018-01-02T01:04:46","slug":"fyrra-korintubref-10-kafli","status":"publish","type":"page","link":"https:\/\/biblian.is\/videy\/fyrra-korintubref-10-kafli\/","title":{"rendered":"Fyrra Korintubr\u00e9f 10. kafli"},"content":{"rendered":"<div class=\"fyrirsognVidey\">Str\u00f6ffunard\u00f3mar Gu\u00f0s yfir Gy\u00f0ingum eiga a\u00f0 \u00fe\u00e9na \u00f6\u00f0rum til a\u00f0v\u00f6runar; kristnum s\u00e6mir ekki a\u00f0 sitja a\u00f0 bl\u00f3tsveislum; eiga jafnvel a\u00f0 halda s\u00e9r fr\u00e1 leyfilegum hlutum; t. d: leifum skur\u00f0go\u00f0af\u00f3rna, til ekki a\u00f0 hneyksla a\u00f0ra.<\/div>\n<p><a name=\"1\"><span class=\"versanumer\">1<\/span><\/a>Ekki vil eg dylja fyrir y\u00f0ur, br\u00e6\u00f0ur! a\u00f0 fe\u00f0ur vorir v\u00f3ru allir undir sk\u00fdinu, og a\u00f0 \u00feeir allir f\u00f3ru yfir um hafi\u00f0,<a name=\"2\"><span class=\"versanumer\">2<\/span><\/a>voru til fylgdar vi\u00f0 M\u00f3ses, allir sk\u00edr\u00f0ir \u00ed sk\u00fdinu og hafinu,<a name=\"3\"><span class=\"versanumer\">3<\/span><\/a>neyttu allir \u00feeirrar s\u00f6mu andlegu f\u00e6\u00f0u og drukku allir sama andlega drykk,<a name=\"4\"><span class=\"versanumer\">4<\/span><\/a>\u00fev\u00ed \u00feeir drukku af \u00feeirri andlegu hellu, sem \u00feeim fylgdi; en \u00feessi hella var Kristur.<a name=\"5\"><span class=\"versanumer\">5<\/span><\/a>Samt voru f\u00e6stir af \u00feeim Gu\u00f0i \u00fe\u00f3knanlegir, \u00feess vegna f\u00e9llu \u00feeir \u00ed ey\u00f0im\u00f6rkinni.<a name=\"6\"><span class=\"versanumer\">6<\/span><\/a>\u00deetta er ske\u00f0 oss til a\u00f0v\u00f6runar, svo a\u00f0 v\u00e9r girnumst ekki hi\u00f0 vonda eins og \u00feeir girntust.<a name=\"7\"><span class=\"versanumer\">7<\/span><\/a>Veri\u00f0 ekki skur\u00f0go\u00f0ad\u00fdrkarar eins og nokkrir af \u00feeim voru, \u00fev\u00ed skrifa\u00f0 er: \u00feeir settust ni\u00f0ur a\u00f0 eta og drekka og st\u00f3\u00f0u upp til leika.<a name=\"8\"><span class=\"versanumer\">8<\/span><\/a>H\u00f3rist ekki eins og nokkrir \u00feeirra; \u00fear fyrir d\u00f3u 23 \u00fe\u00fasundir \u00e1 einum degi.<a name=\"9\"><span class=\"versanumer\">9<\/span><\/a>Freisti\u00f0 ekki heldur Krists, eins og sumir af \u00feeim gj\u00f6r\u00f0u og fyrirf\u00f3rust af h\u00f6ggormabiti.<a name=\"10\"><span class=\"versanumer\">10<\/span><\/a>M\u00f6gli\u00f0 ekki eins og nokkrir \u00feeirra m\u00f6glu\u00f0u, hv\u00f6rjum og fordjarfarinn fyrirf\u00f3r.<a name=\"11\"><span class=\"versanumer\">11<\/span><\/a>Allt \u00feetta kom yfir \u00fe\u00e1 \u00feeim til bendingar og er rita\u00f0 oss til vi\u00f0v\u00f6runar, yfir hv\u00f6rja endir aldanna er kominn.<a name=\"12\"><span class=\"versanumer\">12<\/span><\/a>S\u00e1, sem \u00feykist standa, g\u00e6ti a\u00f0 s\u00e9r a\u00f0 hann ekki falli.<a name=\"13\"><span class=\"versanumer\">13<\/span><\/a>\u00de\u00e9r hafi\u00f0 ekki reynt nema mannlega freistni; en Gu\u00f0 er tr\u00far, er ekki mun l\u00e1ta y\u00f0ur rata \u00ed freistni framyfir megn, heldur gj\u00f6ra \u00feann endir \u00e1, a\u00f0 \u00fe\u00e9r geti\u00f0 sta\u00f0ist hana. <br \/><a name=\"14\"><span class=\"versanumer\">14<\/span><\/a>For\u00f0ist \u00fear fyrir skur\u00f0go\u00f0ad\u00fdrkun, m\u00ednir elskanlegir!<a name=\"15\"><span class=\"versanumer\">15<\/span><\/a>Eg tala til y\u00f0ar svo sem hygginna manna, rannsaki\u00f0 \u00fe\u00e9r or\u00f0 m\u00edn,<a name=\"16\"><span class=\"versanumer\">16<\/span><\/a>s\u00e1 blessunarkaleikur, hv\u00f6rn v\u00e9r blessum, er hann ekki hluttekning Krists bl\u00f3\u00f0s? og brau\u00f0i\u00f0, sem v\u00e9r brj\u00f3tum, er \u00fea\u00f0 ekki hluttekning Krists l\u00edkama?<a name=\"17\"><span class=\"versanumer\">17<\/span><\/a>Fyrst \u00fea\u00f0 er eitt brau\u00f0, svo erum v\u00e9r allir einn l\u00edkami, \u00fev\u00ed v\u00e9r erum allir hluttakandi \u00ed \u00feessu eina brau\u00f0i.<a name=\"18\"><span class=\"versanumer\">18<\/span><\/a>L\u00edti\u00f0 til \u00feeirra, sem Gy\u00f0ingar eru eftir holdinu; koma \u00feeir, sem f\u00f3rnirnar eta, ekki \u00ed samf\u00e9lag vi\u00f0 altari\u00f0?<a name=\"19\"><span class=\"versanumer\">19<\/span><\/a>Hva\u00f0 segi eg? a\u00f0 skur\u00f0go\u00f0 s\u00e9 nokku\u00f0? e\u00f0ur \u00fea\u00f0, sem \u00fev\u00ed er offra\u00f0, nokku\u00f0?<a name=\"20\"><span class=\"versanumer\">20<\/span><\/a>en \u00fev\u00ed, sem hei\u00f0ingjarnir f\u00f3rnf\u00e6ra, \u00fev\u00ed f\u00f3rnf\u00e6ra \u00feeir samt dj\u00f6flum, ekki Gu\u00f0i; en eg vil ekki a\u00f0 \u00fe\u00e9r hafi\u00f0 samnautn me\u00f0 dj\u00f6flunum.<a name=\"21\"><span class=\"versanumer\">21<\/span><\/a>Ekki geti\u00f0 \u00fe\u00e9r undireins drukki\u00f0 kaleik Herrans og dj\u00f6flanna kaleik, e\u00f0ur undireins veri\u00f0 hans bor\u00f0gestir og \u00feeirra.<a name=\"22\"><span class=\"versanumer\">22<\/span><\/a>E\u00f0ur skulum v\u00e9r reita Drottin til rei\u00f0i? munum v\u00e9r vera m\u00e1ttugri en hann? <br \/><a name=\"23\"><span class=\"versanumer\">23<\/span><\/a>Allt er leyfilegt; en allt gagnar samt ekki. Allt er leyfilegt ; en allt er samt ekki til uppbyggingar.<a name=\"24\"><span class=\"versanumer\">24<\/span><\/a>Enginn leiti s\u00edns gagns, heldur annarra.<a name=\"25\"><span class=\"versanumer\">25<\/span><\/a>Eti\u00f0 allt \u00fea\u00f0, sem \u00e1 torginu selst og spyrji\u00f0 ekkert um \u00fea\u00f0 fyrir samviskunnar sakir,<a name=\"26\"><span class=\"versanumer\">26<\/span><\/a>\u00fev\u00ed Drottni tilheyrir j\u00f6r\u00f0in og allt, sem \u00e1 henni er.<a name=\"27\"><span class=\"versanumer\">27<\/span><\/a>Ef einhv\u00f6r, sem ekki er kristinn b\u00fd\u00f0ur y\u00f0ur og \u00fe\u00e9r vilji\u00f0 fara, \u00fe\u00e1 eti\u00f0 allt, sem fyrir y\u00f0ur ver\u00f0ur sett og rannsaki\u00f0 \u00fea\u00f0 ekki fyrir samviskunnar sakir.<a name=\"28\"><span class=\"versanumer\">28<\/span><\/a>En ef einhv\u00f6r segir til y\u00f0ar : \u00feetta eru skur\u00f0go\u00f0af\u00f3rnir, \u00fe\u00e1 eti\u00f0 ekki fyrir \u00feess manns sakir, sem a\u00f0vara\u00f0i y\u00f0ur og samviskunnar vegna.<a name=\"29\"><span class=\"versanumer\">29<\/span><\/a>Eg segi samviskunnar vegna, ekki y\u00f0ar eigin heldur hins ; \u00fev\u00ed hvar fyrir skal mitt frelsi d\u00e6mast eftir annars manns samvisku ?<a name=\"30\"><span class=\"versanumer\">30<\/span><\/a>Ef eg neyti f\u00e6\u00f0unnar me\u00f0 \u00feakkl\u00e6ti, \u00fev\u00ed er m\u00e9r hallm\u00e6lt fyrir \u00fea\u00f0, er eg gj\u00f6ri Gu\u00f0i \u00feakkir fyrir ?<a name=\"31\"><span class=\"versanumer\">31<\/span><\/a>Hv\u00f6rt heldur \u00fe\u00e9r eti\u00f0, e\u00f0ur drekki\u00f0, e\u00f0ur hva\u00f0 helst \u00fe\u00e9r gj\u00f6ri\u00f0, gj\u00f6ri\u00f0 \u00fea\u00f0 allt Gu\u00f0i til d\u00fdr\u00f0ar.<a name=\"32\"><span class=\"versanumer\">32<\/span><\/a>Gefi\u00f0 engum hv\u00f6rki Gy\u00f0ingi n\u00e9 Grikkja, n\u00e9 Gu\u00f0s s\u00f6fnu\u00f0i, nokkra ors\u00f6k til \u00e1steytingar,<a name=\"33\"><span class=\"versanumer\">33<\/span><\/a>l\u00edka sem eg leitast vi\u00f0 a\u00f0 \u00fe\u00f3knast \u00f6llum \u00ed \u00f6llu og leita ekki m\u00edns hagna\u00f0ar, heldur margra, svo a\u00f0 \u00feeir h\u00f3lpnir ver\u00f0i. Breyti\u00f0 eftir m\u00e9r, eins og eg breyti eftir Kristi.<\/p>\n<div class=\"footnoteVidey\">V. 1. 2 M\u00f3s. b. 13,21. 5 M\u00f3s. 1,33. S\u00e1lm. 78,14. 2 M\u00f3s. b. 14,22.  V. 3. 2 M\u00f3s. b. 16,15. S\u00e1lm. 78,23\u201325.  V. 4. 2 M\u00f3s. b. 17,6. 4 M\u00f3s. b. 20,8.10.11 andlegt kallast \u00fea\u00f0 oft \u00ed N\u00fdja testamentinu, sem Gu\u00f0 l\u00e6tur ske \u00e1 d\u00e1samlegan h\u00e1tt.  V. 5. Hebr. 3,17\u201319. 4 M\u00f3s. b. 14,22\u201330.  V. 6. 2 T\u00edm. 3,16.  V. 7. 2 M\u00f3s. b. 32,6.  V. 8. 5 M\u00f3s. b. 2 25,1\u20139. sbr. Esa. 1,21. Esekk. 23,7.30.  V. 9. 2 M\u00f3s. b. 17,2\u20137. 4 M\u00f3s. b. 21,5. eftirfylgjandi samanbr. Heb. 3,8.9.  V. 10. 4 M\u00f3s. b. 14,2\u201337.  V. 11. sbr. R\u00f3m. 4,23.24.  V. 12. R\u00f3m. 11,20. V. 13. S\u00e1lm. 68,20.  V. 14. Post. g. b. 15,20. 2 Kor. 6,16. samanb. vi\u00f0 M\u00f3s. b. 20,3.4. V. 16. Matt. 26,26.27. v. 18.20.  V. 17. Kap. 12,13.27.  V. 18. nl. a\u00f0 uppruna og fastheldnir vi\u00f0 Gy\u00f0ingasi\u00f0u.  V. 19. Kap. 8,4.  V. 20. 3 M\u00f3s. b. 17,7. S\u00e1lm. 106,37. Gy\u00f0ingar \u00edmyndu\u00f0u s\u00e9r \u00e1 Krists og postulanna d\u00f6gum a\u00f0 dj\u00f6flar v\u00e6ru \u00ed skur\u00f0go\u00f0um og efldu skur\u00f0go\u00f0ad\u00fdrkun, eins og allt anna\u00f0 illt.  V. 21. 2 Kor. 6,15.  V. 22. sbr. 5 M\u00f3s. b. 32,21.  V. 24. sbr. v. 33. Fil. 2,4.  V. 25. hvert \u00fea\u00f0 s\u00e9u leifar skur\u00f0go\u00f0af\u00f3rna, samb. v. 28.29.  V. 26. S\u00e1lm. 24,1. 50,12. samanb. vi\u00f0 1 T\u00edm. 4,4.  V. 27. Kap. 8,7. samanb. vi\u00f0 Matt. 15,11.17\u201320.  V. 28. sj\u00e1 sk\u00fdringar gr. \u00ed 25. v. Kap. 8,10.11.  V. 30. R\u00f3m. 14,6. V. 31. 5 M\u00f3s. b. 8,10. K\u00f3l. 3,17.  V. 32. R\u00f3m. 14,13.  V. 33. Kap. 9,19\u201322. Fil. 2,4. sbr. Kap. 4,16.<\/div>\n","protected":false},"excerpt":{"rendered":"<p>Str\u00f6ffunard\u00f3mar Gu\u00f0s yfir Gy\u00f0ingum eiga a\u00f0 \u00fe\u00e9na \u00f6\u00f0rum til a\u00f0v\u00f6runar; kristnum s\u00e6mir ekki a\u00f0 sitja a\u00f0 bl\u00f3tsveislum; eiga jafnvel a\u00f0 halda s\u00e9r fr\u00e1 leyfilegum hlutum; t. d: leifum skur\u00f0go\u00f0af\u00f3rna, til ekki a\u00f0 hneyksla a\u00f0ra. 1Ekki vil eg dylja fyrir y\u00f0ur, br\u00e6\u00f0ur! a\u00f0 fe\u00f0ur vorir v\u00f3ru allir undir sk\u00fdinu, og a\u00f0 \u00feeir allir f\u00f3ru yfir um hafi\u00f0,2voru til fylgdar vi\u00f0 M\u00f3ses, allir sk\u00edr\u00f0ir \u00ed sk\u00fdinu og hafinu,3neyttu allir \u00feeirrar s\u00f6mu andlegu f\u00e6\u00f0u og drukku allir sama andlega drykk,4\u00fev\u00ed \u00feeir drukku af \u00feeirri andlegu hellu, sem \u00feeim fylgdi; en \u00feessi hella var Kristur.5Samt voru f\u00e6stir af \u00feeim Gu\u00f0i \u00fe\u00f3knanlegir, \u00feess vegna f\u00e9llu <a href=\"https:\/\/biblian.is\/videy\/fyrra-korintubref-10-kafli\/\"> [&#8230;]<\/a><\/p>\n","protected":false},"author":1,"featured_media":0,"parent":0,"menu_order":0,"comment_status":"open","ping_status":"open","template":"bibliukaflar.php","meta":{"footnotes":""},"class_list":["post-21921","page","type-page","status-publish","hentry"],"_links":{"self":[{"href":"https:\/\/biblian.is\/videy\/wp-json\/wp\/v2\/pages\/21921","targetHints":{"allow":["GET"]}}],"collection":[{"href":"https:\/\/biblian.is\/videy\/wp-json\/wp\/v2\/pages"}],"about":[{"href":"https:\/\/biblian.is\/videy\/wp-json\/wp\/v2\/types\/page"}],"author":[{"embeddable":true,"href":"https:\/\/biblian.is\/videy\/wp-json\/wp\/v2\/users\/1"}],"replies":[{"embeddable":true,"href":"https:\/\/biblian.is\/videy\/wp-json\/wp\/v2\/comments?post=21921"}],"version-history":[{"count":0,"href":"https:\/\/biblian.is\/videy\/wp-json\/wp\/v2\/pages\/21921\/revisions"}],"wp:attachment":[{"href":"https:\/\/biblian.is\/videy\/wp-json\/wp\/v2\/media?parent=21921"}],"curies":[{"name":"wp","href":"https:\/\/api.w.org\/{rel}","templated":true}]}}