{"id":21920,"date":"2018-01-02T01:04:46","date_gmt":"2018-01-02T01:04:46","guid":{"rendered":"http:\/\/biblian.is\/videy\/fyrra-korintubref-9-kafli\/"},"modified":"2018-01-02T01:04:46","modified_gmt":"2018-01-02T01:04:46","slug":"fyrra-korintubref-9-kafli","status":"publish","type":"page","link":"https:\/\/biblian.is\/videy\/fyrra-korintubref-9-kafli\/","title":{"rendered":"Fyrra Korintubr\u00e9f 9. kafli"},"content":{"rendered":"<div class=\"fyrirsognVidey\">Postulinn s\u00fdnir, a\u00f0 hann hafi r\u00e9tt til a\u00f0 lifa upp \u00e1 kostna\u00f0 safna\u00f0anna, en eins \u00ed \u00feessu, sem fleiru, takmarki hann frelsi sitt, til \u00feess a\u00f0 geta \u00e1unni\u00f0 sem flesta. Hvetur til a\u00f0 menn, a\u00f0 hans d\u00e6mi, skuli me\u00f0 str\u00ed\u00f0i og bindindi gj\u00f6ra sig ver\u00f0uga \u00feeirra launa, er sannkristnum \u00fear fyrir eru heitin.<\/div>\n<p><a name=\"1\"><span class=\"versanumer\">1<\/span><\/a>Er eg ekki frj\u00e1ls ma\u00f0ur? er eg ekki postuli? hefi eg ekki s\u00e9\u00f0 Jes\u00fam Krist Drottin vorn? eru\u00f0 \u00fe\u00e9r ekki \u00e1v\u00f6xtur m\u00edns erfi\u00f0is \u00ed Drottins \u00fej\u00f3nustu?<a name=\"2\"><span class=\"versanumer\">2<\/span><\/a>\u00fe\u00f3 eg s\u00e9 ekki annarra, \u00fe\u00e1 er eg samt vissulega y\u00f0ar postuli; \u00fev\u00ed a\u00f0 \u00fe\u00e9r eru\u00f0 innsigli m\u00edns postulaemb\u00e6ttis \u00ed Drottins \u00fej\u00f3nustu;<a name=\"3\"><span class=\"versanumer\">3<\/span><\/a>\u00feetta er mitt forsvar gegn \u00feeim, sem hni\u00f0ra m\u00e9r.<a name=\"4\"><span class=\"versanumer\">4<\/span><\/a>H\u00f6fum v\u00e9r ekki r\u00e9tt til a\u00f0 eta og drekka?<a name=\"5\"><span class=\"versanumer\">5<\/span><\/a>er oss ekki leyfilegt a\u00f0 hafa me\u00f0 oss kristna konu, eins og hinum postulunum, br\u00e6\u00f0rum Drottins og Kefasi?<a name=\"6\"><span class=\"versanumer\">6<\/span><\/a>Skyldum vi\u00f0 Barnabas einir ekki hafa leyfi til a\u00f0 vera fr\u00edir fr\u00e1 vinnu?<a name=\"7\"><span class=\"versanumer\">7<\/span><\/a>Hv\u00f6r fer nokkru sinni \u00ed str\u00ed\u00f0 upp \u00e1 eigin kostna\u00f0? hv\u00f6r plantar v\u00edngar\u00f0 og neytir ekki af hans \u00e1vexti? e\u00f0ur hv\u00f6r vaktar hj\u00f6r\u00f0 og neytir ekki af mj\u00f3lk hjar\u00f0arinnar?<a name=\"8\"><span class=\"versanumer\">8<\/span><\/a>Tek eg h\u00e9r d\u00e6mi af h\u00e1ttum manna? segir ekki l\u00f6gm\u00e1li\u00f0 hi\u00f0 sama?<a name=\"9\"><span class=\"versanumer\">9<\/span><\/a>\u00fev\u00ed \u00ed M\u00f3sis l\u00f6gm\u00e1li stendur skrifa\u00f0: m\u00fdldu ekki nauti\u00f0, sem \u00fereskir. Mun Gu\u00f0 bera umhyggju fyrir nautunum?<a name=\"10\"><span class=\"versanumer\">10<\/span><\/a>vissulega segir hann \u00fea\u00f0 vor vegna. \u00dev\u00ed vor vegna er \u00fea\u00f0 rita\u00f0, a\u00f0 s\u00e1 sem pl\u00e6gir, \u00e1 a\u00f0 pl\u00e6gja \u00ed voninni, og s\u00e1 sem \u00fereskir, ver\u00f0a hluttakandi \u00feess sem hann vonar.<a name=\"11\"><span class=\"versanumer\">11<\/span><\/a>Ef v\u00e9r h\u00f6fum s\u00e1\u00f0 ni\u00f0ur hj\u00e1 y\u00f0ur \u00fev\u00ed andlega, er \u00fea\u00f0 \u00fe\u00e1 of miki\u00f0 \u00fe\u00f3 v\u00e9r uppskerum hj\u00e1 y\u00f0ur \u00fea\u00f0 l\u00edkamlega?<a name=\"12\"><span class=\"versanumer\">12<\/span><\/a>Ef a\u00f0rir hafa \u00feetta vald yfir y\u00f0ur, hv\u00f6rsu framar \u00fe\u00e1 ekki v\u00e9r? en v\u00e9r h\u00f6fum ekki hagn\u00fdtt oss \u00fea\u00f0, heldur umberum v\u00e9r allt, svo a\u00f0 v\u00e9r gj\u00f6rum l\u00e6rd\u00f3mi Krists enga hindrun.<a name=\"13\"><span class=\"versanumer\">13<\/span><\/a>Viti\u00f0 \u00fe\u00e9r ekki a\u00f0 \u00feeir, sem a\u00f0 f\u00f3rnf\u00e6ringunum \u00fej\u00f3na, eta af f\u00f3rninni, og \u00feeir, sem altarinu \u00fej\u00f3na, taka hlut me\u00f0 \u00fev\u00ed?<a name=\"14\"><span class=\"versanumer\">14<\/span><\/a>Eins hefir og Drottinn tilskipa\u00f0, a\u00f0 \u00feeir sem n\u00e1\u00f0arl\u00e6rd\u00f3minn bo\u00f0a, skuli lifa af \u00fev\u00ed.<a name=\"15\"><span class=\"versanumer\">15<\/span><\/a>En eg hefi ekki n\u00fdtt m\u00e9r neitt af \u00feessu. Eg skrifa \u00feetta ekki heldur til \u00feess, a\u00f0 svo skuli vera gj\u00f6rt vi\u00f0 mig; \u00fev\u00ed m\u00e9r er betra a\u00f0 deyja en a\u00f0 nokkur \u00f3n\u00fdti \u00feetta hr\u00f3s.<a name=\"16\"><span class=\"versanumer\">16<\/span><\/a>\u00de\u00f3 a\u00f0 eg bo\u00f0i n\u00e1\u00f0arl\u00e6rd\u00f3minn, er \u00fea\u00f0 ekkert hr\u00f3s fyrir mig, \u00fev\u00ed eg \u00e1 a\u00f0 gj\u00f6ra \u00fea\u00f0. Vei m\u00e9r! ef eg ekki gj\u00f6ri \u00fea\u00f0.<a name=\"17\"><span class=\"versanumer\">17<\/span><\/a>Ef eg gj\u00f6ri \u00fea\u00f0 f\u00faslega, f\u00e6 eg laun; en gj\u00f6ri eg \u00fea\u00f0 me\u00f0 nau\u00f0ung er m\u00e9r \u00fe\u00f3 \u00feetta emb\u00e6tti \u00e1 hendur fali\u00f0.<a name=\"18\"><span class=\"versanumer\">18<\/span><\/a>Hv\u00f6r eru \u00fe\u00e1 m\u00edn laun? a\u00f0 eg skuli flytja \u00fea\u00f0 leyfi, sem bo\u00f0an n\u00e1\u00f0arl\u00e6rd\u00f3msins gefur m\u00e9r.<a name=\"19\"><span class=\"versanumer\">19<\/span><\/a>\u00dev\u00ed \u00fe\u00f3 a\u00f0 eg s\u00e9 engum manni undirgefinn, hefi eg samt gj\u00f6rt mig sj\u00e1lfan a\u00f0 hv\u00f6rs manns \u00fej\u00f3ni svo eg \u00e1vinni \u00feess fleiri.<a name=\"20\"><span class=\"versanumer\">20<\/span><\/a>\u00c1 me\u00f0al Gy\u00f0inga hefi eg veri\u00f0 Gy\u00f0ingur, svo eg \u00e1vinni Gy\u00f0inga, hj\u00e1 \u00feeim, sem undir l\u00f6gm\u00e1linu eru, hefi eg veri\u00f0 eins og undir l\u00f6gm\u00e1linu, \u00fe\u00f3 eg s\u00e9 ekki undir \u00fev\u00ed, til \u00feess eg \u00e1vinni \u00fe\u00e1, sem undir l\u00f6gm\u00e1linu eru.<a name=\"21\"><span class=\"versanumer\">21<\/span><\/a>Hj\u00e1 \u00feeim l\u00f6gm\u00e1lslausu <span class='VideyAth'>a)<\/span>, sem l\u00f6gm\u00e1lslaus, <span class='VideyAth'>(ekki samt l\u00f6gm\u00e1lslaus fyrir Gu\u00f0i, heldur l\u00f6gbundinn Kristi b)<\/span>, svo eg \u00e1vinni \u00fe\u00e1 l\u00f6gm\u00e1lslausu.<a name=\"22\"><span class=\"versanumer\">22<\/span><\/a>Me\u00f0al hinna \u00f3styrku heg\u00f0a\u00f0i eg m\u00e9r sem \u00f3styrkur, svo eg \u00e1vinni \u00fe\u00e1. Eg hefi veri\u00f0 \u00f6llum allt, a\u00f0 eg me\u00f0 \u00f6llu m\u00f3ti g\u00e6ti frelsa\u00f0 nokkra.<a name=\"23\"><span class=\"versanumer\">23<\/span><\/a>\u00deetta gj\u00f6ri eg vegna n\u00e1\u00f0arbo\u00f0skapsins, svo hluttakandi ver\u00f0i \u00ed hans gj\u00f6r\u00f0um. <br \/><a name=\"24\"><span class=\"versanumer\">24<\/span><\/a>\u00de\u00e9r viti\u00f0 a\u00f0 \u00feeir, sem \u00e1 skei\u00f0vellinum hlaupa, hlaupa a\u00f0 s\u00f6nnu allir, en ekki f\u00e6r samt nema einn hnossi\u00f0. Hlaupi\u00f0 \u00feannig a\u00f0 \u00fe\u00e9r \u00f6\u00f0list \u00fea\u00f0.<a name=\"25\"><span class=\"versanumer\">25<\/span><\/a>En hv\u00f6r, sem fer \u00ed kappleik, leggur hart \u00e1 sig; \u00feeir til a\u00f0 vinna forgengilega k\u00f3r\u00f3nu, en v\u00e9r \u00f3forgengilega.<a name=\"26\"><span class=\"versanumer\">26<\/span><\/a>\u00deess vegna hleyp eg ekki svo sem upp \u00e1 \u00f3vissu, berst ekki sem s\u00e1, er \u00ed vindinn sl\u00e6r;<a name=\"27\"><span class=\"versanumer\">27<\/span><\/a>heldur tem eg minn l\u00edkama og \u00fej\u00e1i hann, svo a\u00f0 eg, sem kenni \u00f6\u00f0rum, ekki ver\u00f0ur sj\u00e1lfur r\u00e6kur.<\/p>\n<div class=\"footnoteVidey\">V. 1. Post. g. b. 9,3\u20135.17. 22,6. ff. 26,14.  V. 2. 2 Kor. 3,2.3.  V. 4. lifa \u00ed n\u00e6gtum v. 6 og 7 samanb. vi\u00f0 Matt. 11,19. 1 Kor. 15,32.  V. 5. Matt. 12,46. 13,55. J\u00f3h. 1,43. Matt. 8,14.  V. 6. Post. g. b. 20,34. 1 Tess. 2,9. 2 Tess. 3,8. sbr. Post. g. b. 18,3.  V. 9. 5 M\u00f3s. b. 25,4.  V. 10. 2 T\u00edm. 2,6. V. 11. Gal. 6,6.  V. 12. Post. g. b. 20,33.34. 2 Kor. 11,11.12.  V. 13. 4 M\u00f3s. b. 18,8. ff. 5 M\u00f3s. b. 18,1\u20135.8. V. 14. L\u00fak. 10,7. Matt. 10,10.  V. 15. Sj\u00e1 v. 6.  V. 16. Post. g. b. 9,5.6.15.16. V. 20. Post. g. b. 16,3. Post. g. b. 21,23\u201326.  V. 21. a. nl. hei\u00f0nu er eigi st\u00f3\u00f0u undir M\u00f3sis l\u00f6gum, b. Kap. 7,22.  V. 22. Kap. 8,7.10.11. R\u00f3m. 14,2. Post.  V. 23. sj\u00e1. 25.  V. 25. 1 P\u00e9t. 5,4. Jak. 1,12. 2 T\u00edm. 4,7.8.  V. 26. 2 T\u00edm. 2,5.  V. 27. R\u00f3m. 8,13. sbr. vi\u00f0 Matt. 5,29.30.<\/div>\n","protected":false},"excerpt":{"rendered":"<p>Postulinn s\u00fdnir, a\u00f0 hann hafi r\u00e9tt til a\u00f0 lifa upp \u00e1 kostna\u00f0 safna\u00f0anna, en eins \u00ed \u00feessu, sem fleiru, takmarki hann frelsi sitt, til \u00feess a\u00f0 geta \u00e1unni\u00f0 sem flesta. Hvetur til a\u00f0 menn, a\u00f0 hans d\u00e6mi, skuli me\u00f0 str\u00ed\u00f0i og bindindi gj\u00f6ra sig ver\u00f0uga \u00feeirra launa, er sannkristnum \u00fear fyrir eru heitin. 1Er eg ekki frj\u00e1ls ma\u00f0ur? er eg ekki postuli? hefi eg ekki s\u00e9\u00f0 Jes\u00fam Krist Drottin vorn? eru\u00f0 \u00fe\u00e9r ekki \u00e1v\u00f6xtur m\u00edns erfi\u00f0is \u00ed Drottins \u00fej\u00f3nustu?2\u00fe\u00f3 eg s\u00e9 ekki annarra, \u00fe\u00e1 er eg samt vissulega y\u00f0ar postuli; \u00fev\u00ed a\u00f0 \u00fe\u00e9r eru\u00f0 innsigli m\u00edns postulaemb\u00e6ttis \u00ed Drottins \u00fej\u00f3nustu;3\u00feetta <a href=\"https:\/\/biblian.is\/videy\/fyrra-korintubref-9-kafli\/\"> [&#8230;]<\/a><\/p>\n","protected":false},"author":1,"featured_media":0,"parent":0,"menu_order":0,"comment_status":"open","ping_status":"open","template":"bibliukaflar.php","meta":{"footnotes":""},"class_list":["post-21920","page","type-page","status-publish","hentry"],"_links":{"self":[{"href":"https:\/\/biblian.is\/videy\/wp-json\/wp\/v2\/pages\/21920","targetHints":{"allow":["GET"]}}],"collection":[{"href":"https:\/\/biblian.is\/videy\/wp-json\/wp\/v2\/pages"}],"about":[{"href":"https:\/\/biblian.is\/videy\/wp-json\/wp\/v2\/types\/page"}],"author":[{"embeddable":true,"href":"https:\/\/biblian.is\/videy\/wp-json\/wp\/v2\/users\/1"}],"replies":[{"embeddable":true,"href":"https:\/\/biblian.is\/videy\/wp-json\/wp\/v2\/comments?post=21920"}],"version-history":[{"count":0,"href":"https:\/\/biblian.is\/videy\/wp-json\/wp\/v2\/pages\/21920\/revisions"}],"wp:attachment":[{"href":"https:\/\/biblian.is\/videy\/wp-json\/wp\/v2\/media?parent=21920"}],"curies":[{"name":"wp","href":"https:\/\/api.w.org\/{rel}","templated":true}]}}