{"id":21919,"date":"2018-01-02T01:04:46","date_gmt":"2018-01-02T01:04:46","guid":{"rendered":"http:\/\/biblian.is\/videy\/fyrra-korintubref-8-kafli\/"},"modified":"2018-01-02T01:04:46","modified_gmt":"2018-01-02T01:04:46","slug":"fyrra-korintubref-8-kafli","status":"publish","type":"page","link":"https:\/\/biblian.is\/videy\/fyrra-korintubref-8-kafli\/","title":{"rendered":"Fyrra Korintubr\u00e9f 8. kafli"},"content":{"rendered":"<div class=\"fyrirsognVidey\">Enginn l\u00e1ti \u00feekkingu s\u00edna ver\u00f0a \u00f6\u00f0rum til \u00e1steytingar. Skur\u00f0go\u00f0 eru a\u00f0 s\u00f6nnu ekkert, en \u00fe\u00f3 m\u00e1 ekki eta skur\u00f0go\u00f0af\u00f3rnir, svo hinn veiktr\u00faa\u00f0i ekki hneykslist.<\/div>\n<p><a name=\"1\"><span class=\"versanumer\">1<\/span><\/a>Hva\u00f0 \u00fea\u00f0 kj\u00f6t \u00e1hr\u00e6rir, sem skur\u00f0go\u00f0um er f\u00f3rnf\u00e6rt, vitum v\u00e9r, a\u00f0 allir h\u00f6fum v\u00e9r \u00feekkingu <span class='VideyAth'>(\u00feekkingin gj\u00f6rir mann st\u00e6ril\u00e1tan, en k\u00e6rleikurinn uppbyggir;<\/span><a name=\"2\"><span class=\"versanumer\">2<\/span><\/a><span class='VideyAth'>svo ef nokkur \u00feykist mikill af \u00feekkingu sinni, hann \u00feekkir ekkert eins og \u00feekkja ber;<\/span><a name=\"3\"><span class=\"versanumer\">3<\/span><\/a><span class='VideyAth'>en s\u00e1, sem elskar Gu\u00f0, hann \u00feekkir Gu\u00f0)<\/span>.<a name=\"4\"><span class=\"versanumer\">4<\/span><\/a>Hva\u00f0 \u00e1hr\u00e6rir nautn \u00feess, sem skur\u00f0go\u00f0um hefir f\u00f3rnf\u00e6rt veri\u00f0, \u00fe\u00e1 vitum v\u00e9r a\u00f0 skur\u00f0go\u00f0 er ekkert og enginn Gu\u00f0 til utan s\u00e1 eini.<a name=\"5\"><span class=\"versanumer\">5<\/span><\/a>\u00dev\u00ed jafnvel \u00fe\u00f3 Gu\u00f0ir s\u00e9u kalla\u00f0ir svo vel \u00e1 himni sem \u00e1 j\u00f6r\u00f0u, <span class='VideyAth'>(eins og sagt er: margir eru gu\u00f0ir og margir drottnar)<\/span>,<a name=\"6\"><span class=\"versanumer\">6<\/span><\/a>\u00fe\u00e1 h\u00f6fum v\u00e9r ekki nema einn Gu\u00f0 F\u00f6\u00f0urinn, fr\u00e1 hv\u00f6rjum allt er og v\u00e9r honum <span class='VideyAth'>(til d\u00fdr\u00f0ar)<\/span> og einn Drottin Jes\u00fam Krist, fyrir hv\u00f6rn allt er, v\u00e9r einnig.<a name=\"7\"><span class=\"versanumer\">7<\/span><\/a>En allir hafa ekki \u00feessa \u00feekkingu, heldur eta sumir \u00fea\u00f0 enn n\u00fa, af skur\u00f0go\u00f0atr\u00fa, sem skur\u00f0go\u00f0af\u00f3rn, og saurgast svo \u00feeirra samviska, sem veik er.<a name=\"8\"><span class=\"versanumer\">8<\/span><\/a>F\u00e6\u00f0an m\u00e6lir ekki fram me\u00f0 oss hj\u00e1 Gu\u00f0i, \u00fev\u00ed v\u00e9r erum hv\u00f6rki betri \u00fe\u00f3tt v\u00e9r etum, n\u00e9 verri \u00fe\u00f3tt v\u00e9r ekki etum.<a name=\"9\"><span class=\"versanumer\">9<\/span><\/a>En g\u00e6ti\u00f0 \u00feess, a\u00f0 y\u00f0ar frj\u00e1lsr\u00e6\u00f0i \u00ed \u00feessu ver\u00f0i ekki hinum f\u00e1fr\u00f3\u00f0ari \u00e1steytingarefni;<a name=\"10\"><span class=\"versanumer\">10<\/span><\/a>\u00fev\u00ed s\u00e6i einhv\u00f6r breyskur \u00feig, sem uppl\u00fdstur ert, sitja til bor\u00f0s \u00ed skur\u00f0go\u00f0ahofi, mundi ekki samviska \u00feess sem veikur er, st\u00e6last svo, a\u00f0 hann \u00e6ti skur\u00f0go\u00f0af\u00f3rnir?<a name=\"11\"><span class=\"versanumer\">11<\/span><\/a>\u00feannig spillir \u00fe\u00fa me\u00f0 \u00feinni uppl\u00fdsingu velfer\u00f0 \u00fe\u00edns breyska br\u00f3\u00f0urs, fyrir hv\u00f6rn Kristur er d\u00e1inn.<a name=\"12\"><span class=\"versanumer\">12<\/span><\/a>\u00deegar \u00fe\u00e9r \u00feannig syndgi\u00f0 m\u00f3ti y\u00f0ar br\u00e6\u00f0rum og mei\u00f0i\u00f0 \u00feeirra reikandi samvisku, \u00fe\u00e1 syndgi\u00f0 \u00fe\u00e9r \u00e1 m\u00f3ti Kristi.<a name=\"13\"><span class=\"versanumer\">13<\/span><\/a>\u00deess vegna, ef eg me\u00f0 nautninni hneyksla minn br\u00f3\u00f0ur, skal eg aldrei a\u00f0 eil\u00edfu kj\u00f6t eta, svo eg ekki hneyksli hann.<\/p>\n<div class=\"footnoteVidey\">V. 1. Post. g. b. 15,20\u201329.  V. 2. Gal. 6,3. 1 J\u00f3h. 2,3.  V. 6. Post. g. b. 17,28. K\u00f3l. 1,15\u201318. Ef. 2,10. samanb. J\u00f3h. 1,3.  V. 7. ff. R\u00f3m. 14,14.23. 1 Kor. 10,28.  V. 13. R\u00f3m. 14,21.<\/div>\n","protected":false},"excerpt":{"rendered":"<p>Enginn l\u00e1ti \u00feekkingu s\u00edna ver\u00f0a \u00f6\u00f0rum til \u00e1steytingar. Skur\u00f0go\u00f0 eru a\u00f0 s\u00f6nnu ekkert, en \u00fe\u00f3 m\u00e1 ekki eta skur\u00f0go\u00f0af\u00f3rnir, svo hinn veiktr\u00faa\u00f0i ekki hneykslist. 1Hva\u00f0 \u00fea\u00f0 kj\u00f6t \u00e1hr\u00e6rir, sem skur\u00f0go\u00f0um er f\u00f3rnf\u00e6rt, vitum v\u00e9r, a\u00f0 allir h\u00f6fum v\u00e9r \u00feekkingu (\u00feekkingin gj\u00f6rir mann st\u00e6ril\u00e1tan, en k\u00e6rleikurinn uppbyggir;2svo ef nokkur \u00feykist mikill af \u00feekkingu sinni, hann \u00feekkir ekkert eins og \u00feekkja ber;3en s\u00e1, sem elskar Gu\u00f0, hann \u00feekkir Gu\u00f0).4Hva\u00f0 \u00e1hr\u00e6rir nautn \u00feess, sem skur\u00f0go\u00f0um hefir f\u00f3rnf\u00e6rt veri\u00f0, \u00fe\u00e1 vitum v\u00e9r a\u00f0 skur\u00f0go\u00f0 er ekkert og enginn Gu\u00f0 til utan s\u00e1 eini.5\u00dev\u00ed jafnvel \u00fe\u00f3 Gu\u00f0ir s\u00e9u kalla\u00f0ir svo vel \u00e1 himni sem \u00e1 <a href=\"https:\/\/biblian.is\/videy\/fyrra-korintubref-8-kafli\/\"> [&#8230;]<\/a><\/p>\n","protected":false},"author":1,"featured_media":0,"parent":0,"menu_order":0,"comment_status":"open","ping_status":"open","template":"bibliukaflar.php","meta":{"footnotes":""},"class_list":["post-21919","page","type-page","status-publish","hentry"],"_links":{"self":[{"href":"https:\/\/biblian.is\/videy\/wp-json\/wp\/v2\/pages\/21919","targetHints":{"allow":["GET"]}}],"collection":[{"href":"https:\/\/biblian.is\/videy\/wp-json\/wp\/v2\/pages"}],"about":[{"href":"https:\/\/biblian.is\/videy\/wp-json\/wp\/v2\/types\/page"}],"author":[{"embeddable":true,"href":"https:\/\/biblian.is\/videy\/wp-json\/wp\/v2\/users\/1"}],"replies":[{"embeddable":true,"href":"https:\/\/biblian.is\/videy\/wp-json\/wp\/v2\/comments?post=21919"}],"version-history":[{"count":0,"href":"https:\/\/biblian.is\/videy\/wp-json\/wp\/v2\/pages\/21919\/revisions"}],"wp:attachment":[{"href":"https:\/\/biblian.is\/videy\/wp-json\/wp\/v2\/media?parent=21919"}],"curies":[{"name":"wp","href":"https:\/\/api.w.org\/{rel}","templated":true}]}}