{"id":21918,"date":"2018-01-02T01:04:46","date_gmt":"2018-01-02T01:04:46","guid":{"rendered":"http:\/\/biblian.is\/videy\/fyrra-korintubref-7-kafli\/"},"modified":"2018-01-02T01:04:46","modified_gmt":"2018-01-02T01:04:46","slug":"fyrra-korintubref-7-kafli","status":"publish","type":"page","link":"https:\/\/biblian.is\/videy\/fyrra-korintubref-7-kafli\/","title":{"rendered":"Fyrra Korintubr\u00e9f 7. kafli"},"content":{"rendered":"<div class=\"fyrirsognVidey\">Hv\u00f6rninn hj\u00f3n skuli heg\u00f0a s\u00e9r hv\u00f6rt vi\u00f0 anna\u00f0. R\u00e6\u00f0ur meyjum og ekkjum a\u00f0 lifa \u00f3giftum. Bannar hj\u00f3naskilna\u00f0. Hv\u00f6r lifi \u00ed \u00fev\u00ed standi, sem hann er kalla\u00f0ur. \u00d6rsakir, hvar fyrir \u00f3gift stand s\u00e9 betra.<\/div>\n<p><a name=\"1\"><span class=\"versanumer\">1<\/span><\/a>Hva\u00f0 \u00fea\u00f0 \u00e1hr\u00e6rir, er \u00fe\u00e9r skrifu\u00f0u\u00f0 m\u00e9r um, \u00fe\u00e1 er \u00fea\u00f0 gott a\u00f0 vera ekki vi\u00f0 konu kenndur;<a name=\"2\"><span class=\"versanumer\">2<\/span><\/a>en fyrir frillul\u00edfis sakir, \u00fe\u00e1 haldi hv\u00f6r vi\u00f0 s\u00edna eiginkonu, og hv\u00f6r kona vi\u00f0 sinn eiginmann.<a name=\"3\"><span class=\"versanumer\">3<\/span><\/a>Ma\u00f0urinn g\u00e6ti sinnar skyldu vi\u00f0 konuna og s\u00f6mulei\u00f0is konan vi\u00f0 manninn.<a name=\"4\"><span class=\"versanumer\">4<\/span><\/a>Konan hefir ekki vald yfir s\u00ednum eigin l\u00edkama, heldur ma\u00f0urinn; s\u00f6mulei\u00f0is hefir ma\u00f0urinn ekki vald yfir s\u00ednum l\u00edkama, heldur konan.<a name=\"5\"><span class=\"versanumer\">5<\/span><\/a>Hv\u00f6rugt haldi sig fr\u00e1 \u00f6\u00f0ru, nema \u00fea\u00f0 skyldi vera eftir samkomulagi um t\u00edma, svo \u00fe\u00e9r geti\u00f0 stunda\u00f0 y\u00f0ar b\u00e6nahald; en taki\u00f0 s\u00ed\u00f0an saman aftur, svo a\u00f0 Satan ekki freisti y\u00f0ar vegna y\u00f0ar bindindisleysis.<a name=\"6\"><span class=\"versanumer\">6<\/span><\/a>\u00deetta segi eg af vorkunnsemi, en b\u00fd\u00f0 \u00fea\u00f0 ekki;<a name=\"7\"><span class=\"versanumer\">7<\/span><\/a>\u00fev\u00ed eg vildi a\u00f0 allir v\u00e6ru eins og eg, en hv\u00f6r hefir s\u00edna g\u00e1fu af Gu\u00f0i, einn \u00feessa, annar hina. <br \/><a name=\"8\"><span class=\"versanumer\">8<\/span><\/a>\u00d3giftum og ekkjum segi eg, a\u00f0 \u00feeim er betra a\u00f0 vera eins og eg er;<a name=\"9\"><span class=\"versanumer\">9<\/span><\/a>en vanti \u00fe\u00e6r bindindi, \u00fe\u00e1 giftist \u00fe\u00e6r; \u00fev\u00ed betra er a\u00f0 giftast en a\u00f0 brenna <span class='VideyAth'>(af losta)<\/span>. <br \/><a name=\"10\"><span class=\"versanumer\">10<\/span><\/a>\u00deeim giftu skipa eg, \u00fe\u00f3 ekki eg, heldur Drottinn, a\u00f0 konan skuli ekki skilja vi\u00f0 mann sinn;<a name=\"11\"><span class=\"versanumer\">11<\/span><\/a>en ef h\u00fan er skilin vi\u00f0 hann, \u00fe\u00e1 s\u00e9 h\u00fan \u00f3gift, ellegar taki aftur saman vi\u00f0 manninn; ekki heldur skilji ma\u00f0urinn vi\u00f0 konuna.<a name=\"12\"><span class=\"versanumer\">12<\/span><\/a>Hinum \u00f6\u00f0rum b\u00fd\u00f0 eg, ekki Drottinn, a\u00f0 ef nokkur br\u00f3\u00f0ir \u00e1 vantr\u00faa\u00f0a konu og h\u00fan vill b\u00faa saman vi\u00f0 hann, \u00fe\u00e1 skilji hann sig ekki vi\u00f0 hana,<a name=\"13\"><span class=\"versanumer\">13<\/span><\/a>og ef kona nokkur \u00e1 vantr\u00faa\u00f0an mann og hann vill b\u00faa saman vi\u00f0 hana, \u00fe\u00e1 skilji h\u00fan ekki vi\u00f0 hann.<a name=\"14\"><span class=\"versanumer\">14<\/span><\/a>S\u00e1 vantr\u00faa\u00f0i ma\u00f0ur helgast af konunni og hin vantr\u00faa\u00f0a kona helgast af manninum, annars v\u00e6ru born y\u00f0ar vanheil\u00f6g, en n\u00fa eru \u00feau heil\u00f6g.<a name=\"15\"><span class=\"versanumer\">15<\/span><\/a>En ef a\u00f0 hinn vantr\u00faa\u00f0i vill skilja vi\u00f0 konuna, \u00fe\u00e1 gj\u00f6ri hann \u00fea\u00f0, \u00fev\u00ed \u00feegar svo \u00e1 stendur, \u00fe\u00e1 er enginn br\u00f3\u00f0ir e\u00f0a systir \u00fer\u00e6lbundinn, en Gu\u00f0 hefir kalla\u00f0 oss til fri\u00f0ar.<a name=\"16\"><span class=\"versanumer\">16<\/span><\/a>Hva\u00f0 veist\u00fa, kona! nema \u00fe\u00fa getir gj\u00f6rt manninn h\u00f3lpinn, e\u00f0ur hva\u00f0 veist \u00fe\u00fa, ma\u00f0ur! nema \u00fe\u00fa getir h\u00f3lpna gj\u00f6rt konuna? \u00fea\u00f0 veistu ekki.<a name=\"17\"><span class=\"versanumer\">17<\/span><\/a>S\u00e9rhv\u00f6r veri \u00ed \u00fev\u00ed \u00e1standi, sem Drottinn hefir \u00fathluta\u00f0 honum, s\u00e9rhv\u00f6r eins og hann var \u00fe\u00e1 Gu\u00f0 kalla\u00f0i hann; svo b\u00fd\u00f0 eg \u00f6llum \u00ed s\u00f6fnu\u00f0inum.<a name=\"18\"><span class=\"versanumer\">18<\/span><\/a>Ef hann var umskorinn \u00feegar hann var kalla\u00f0ur, \u00fe\u00e1 dragi hann ekki yfirh\u00fa\u00f0ina yfir aftur; ef hann var \u00fe\u00e1 \u00f3umskorinn, l\u00e1ti hann sig ekki umskera.<a name=\"19\"><span class=\"versanumer\">19<\/span><\/a>Umskurnin er ekkert og yfirh\u00fa\u00f0in ekkert, heldur var\u00f0veisla Gu\u00f0s bo\u00f0or\u00f0a.<a name=\"20\"><span class=\"versanumer\">20<\/span><\/a>S\u00e9rhv\u00f6r veri \u00ed \u00feeirri st\u00e9tt, sem hann var \u00ed, \u00feegar hann var kalla\u00f0ur.<a name=\"21\"><span class=\"versanumer\">21<\/span><\/a>Hafir \u00fe\u00fa veri\u00f0 \u00fer\u00e6ll, \u00fe\u00e1 \u00fe\u00fa varst kalla\u00f0ur, l\u00e1tt\u00fa \u00feig einu gilda, en ef \u00fe\u00fa getur frj\u00e1ls or\u00f0i\u00f0, \u00fe\u00e1 vel \u00fea\u00f0 heldur.<a name=\"22\"><span class=\"versanumer\">22<\/span><\/a>S\u00e1, sem var \u00fer\u00e6ll \u00fe\u00e1 hann var kalla\u00f0ur, er Drottins frelsingi, s\u00e1, sem \u00fe\u00e1 var frj\u00e1ls, er Krists \u00fer\u00e6ll.<a name=\"23\"><span class=\"versanumer\">23<\/span><\/a>\u00de\u00e9r eru\u00f0 d\u00fdru ver\u00f0i keyptir, veri\u00f0 ekki manna \u00fer\u00e6lar.<a name=\"24\"><span class=\"versanumer\">24<\/span><\/a>G\u00f3\u00f0ir br\u00e6\u00f0ur! s\u00e9rhv\u00f6r \u00fej\u00f3ni Gu\u00f0i \u00ed \u00feeirri st\u00e9tt, sem hann er \u00ed kalla\u00f0ur.<a name=\"25\"><span class=\"versanumer\">25<\/span><\/a>En um meyjar hefi eg ekkert bo\u00f0or\u00f0 af Drottni, en segi m\u00edna meiningu svo sem s\u00e1, er \u00fe\u00e1 miskunn hefir \u00f6\u00f0last af Gu\u00f0i a\u00f0 vera tr\u00far.<a name=\"26\"><span class=\"versanumer\">26<\/span><\/a>\u00dea\u00f0 er \u00fe\u00e1 m\u00edn meining: a\u00f0 \u00fea\u00f0 s\u00e9r manninum \u00fe\u00e9nanlegt vegna yfirstandandi ney\u00f0ar a\u00f0 vera \u00f3giftur;<a name=\"27\"><span class=\"versanumer\">27<\/span><\/a>s\u00e9rt\u00fa vi\u00f0 konu bundinn, \u00fe\u00e1 leita ekki skilna\u00f0ar, en s\u00e9rt \u00fe\u00fa konulaus, \u00fe\u00e1 leita ekki kvonfangs.<a name=\"28\"><span class=\"versanumer\">28<\/span><\/a>En \u00fe\u00f3tt \u00fe\u00fa giftist, syndgar \u00fe\u00fa ekki og \u00fe\u00f3 a\u00f0 mey giftist, syndgar h\u00fan ekki; en \u00fev\u00edl\u00edkir munu \u00ed l\u00edkamlega \u00ferengingu komast, en eg vil hl\u00edfa y\u00f0ur vi\u00f0 henna.<a name=\"29\"><span class=\"versanumer\">29<\/span><\/a>\u00dev\u00ed \u00fea\u00f0 segi eg y\u00f0ur, br\u00e6\u00f0ur! a\u00f0 skammt muni \u00feess a\u00f0 b\u00ed\u00f0a, a\u00f0 \u00feeir, sem konur hafa, ver\u00f0i sem \u00feeir enga hef\u00f0u;<a name=\"30\"><span class=\"versanumer\">30<\/span><\/a>\u00feeir, sem gr\u00e1ta, eins og \u00feeir, sem ekki gr\u00e1ta; \u00feeir, sem gle\u00f0jast, eins og \u00feeir, sem af engu hafa a\u00f0 gle\u00f0jast; \u00feeir, sem kaupa, eins og \u00feeir, sem ekkert eiga,<a name=\"31\"><span class=\"versanumer\">31<\/span><\/a>\u00feeir, sem nj\u00f3ta heimsins g\u00e6\u00f0a, eins og \u00feeir, sem ekki hafa \u00feeim a\u00f0 fagna, \u00fev\u00ed fegur\u00f0 veraldar mun hverfa.<a name=\"32\"><span class=\"versanumer\">32<\/span><\/a>En eg \u00f3ska a\u00f0 \u00fe\u00e9r s\u00e9u\u00f0 \u00e1hyggjulausir. Hinn \u00f3kv\u00e6nti hyggur a\u00f0 Drottins vilja, hv\u00f6rnig hann megi Drottni \u00fe\u00f3knast,<a name=\"33\"><span class=\"versanumer\">33<\/span><\/a>en hinn, sem kv\u00e6ntur er, ber \u00e1hyggju fyrir \u00fev\u00ed veraldlega, hv\u00f6rnig hann megi konunni \u00fe\u00f3knast.<a name=\"34\"><span class=\"versanumer\">34<\/span><\/a>\u00dea\u00f0 er og mismunur \u00e1 konu og \u00f3giftri st\u00falku: s\u00fa hin \u00f3gifta hugsar um \u00fea\u00f0, sem Drottni vi\u00f0kemur, a\u00f0 h\u00fan s\u00e9 heil\u00f6g b\u00e6\u00f0i \u00e1 s\u00e1lu og l\u00edkama, en s\u00fa gifta hugsar um \u00fea\u00f0 veraldlega, hv\u00f6rnig h\u00fan geti manninum \u00fe\u00f3knast.<a name=\"35\"><span class=\"versanumer\">35<\/span><\/a>\u00deetta segi eg y\u00f0ur sj\u00e1lfum til g\u00f3\u00f0s en ekki til a\u00f0 leggja fyrir y\u00f0ur f\u00f3takefli, heldur svo a\u00f0 \u00fe\u00e9r \u00ed si\u00f0semi, st\u00f6\u00f0uglega og hindrunarlaust geti\u00f0 tilheyrt Drottni.<a name=\"36\"><span class=\"versanumer\">36<\/span><\/a>En ef einhv\u00f6r \u00feykist hafa vansa af \u00fev\u00ed, a\u00f0 mey hans ekki giftist \u00ed t\u00edma og hj\u00e1 \u00fev\u00ed ver\u00f0i ekki komist, \u00fe\u00e1 gj\u00f6ri hann, sem honum l\u00edkar, hann syndgar ekki, giftist \u00feau.<a name=\"37\"><span class=\"versanumer\">37<\/span><\/a>En s\u00e1, sem stendur st\u00f6\u00f0ugur \u00ed s\u00ednum \u00e1setningi og engin nau\u00f0syn \u00ferengir til, heldur er sj\u00e1lfr\u00e1\u00f0ur a\u00f0 gj\u00f6ra \u00fea\u00f0 hann vill og hefir \u00e1sett s\u00e9r a\u00f0 geyma mey s\u00edna, hann gj\u00f6rir vel.<a name=\"38\"><span class=\"versanumer\">38<\/span><\/a>\u00dear fyrir gj\u00f6rir s\u00e1 vel, sem giftir hana, en s\u00e1, sem ekki giftir hana gj\u00f6rir enn betur.<a name=\"39\"><span class=\"versanumer\">39<\/span><\/a>Konan er bundin me\u00f0an ektama\u00f0ur hennar lifir, en \u00feegar hann er d\u00e1inn, er henna frj\u00e1lst a\u00f0 giftast hv\u00f6rjum sem h\u00fan vill, einungis a\u00f0 hann s\u00e9 kristinn.<a name=\"40\"><span class=\"versanumer\">40<\/span><\/a>En betur er s\u00fa farin, sem ekki giftir sig, eftir minni meiningu og \u00feykist eg l\u00edka hafa Gu\u00f0s Anda.<\/p>\n<div class=\"footnoteVidey\">V. 1. 1 Kor. 7,26. sbr. vi\u00f0 1 M\u00f3s. b. 2,18.  V. 7. Matt. 19,12. 1 Kor. 12,11.  V. 9. 1 T\u00edm. 5,14.  V. 14. Matt. 5,32. Malak. 2,14.  V. 12. Sem ekki hefir kristni teki\u00f0.  V. 16. Or\u00f0i\u00f0 ollandi a\u00f0 ma\u00f0urinn lei\u00f0ist til kristni, sbr. 1 P\u00e9t. 3,1.  V. 17. \u00fe. e. leiddi til kristni, v. 20\u201324.  V. 18. 1 Makkab. 1,15.  V. 19. Gal. 5,6. 6,15.  V. 22. J\u00f3h. 8,36. R\u00f3m. 6,18\u201322. sbr. Gal. 5,13. 1 Kor. 8,9.  V. 23. Kap. 6,20. sbr. vi\u00f0 Hebr. 9,12.  V. 26. v. 1.8.  V. 29. Hebr. 20,25.37. Jak. 5,8.9. sbr. L\u00fak. 21,12.16.  V. 31. 1 P\u00e9t. 4,7. 1 J\u00f3h. 2,17. Esa. 40,6.  V. 38. Efes. 5,22\u201324.  V. 36. 5 M\u00f3s. 25,3.  V. 39. R\u00f3m. 7,2. K. 7,15.<\/div>\n","protected":false},"excerpt":{"rendered":"<p>Hv\u00f6rninn hj\u00f3n skuli heg\u00f0a s\u00e9r hv\u00f6rt vi\u00f0 anna\u00f0. R\u00e6\u00f0ur meyjum og ekkjum a\u00f0 lifa \u00f3giftum. Bannar hj\u00f3naskilna\u00f0. Hv\u00f6r lifi \u00ed \u00fev\u00ed standi, sem hann er kalla\u00f0ur. \u00d6rsakir, hvar fyrir \u00f3gift stand s\u00e9 betra. 1Hva\u00f0 \u00fea\u00f0 \u00e1hr\u00e6rir, er \u00fe\u00e9r skrifu\u00f0u\u00f0 m\u00e9r um, \u00fe\u00e1 er \u00fea\u00f0 gott a\u00f0 vera ekki vi\u00f0 konu kenndur;2en fyrir frillul\u00edfis sakir, \u00fe\u00e1 haldi hv\u00f6r vi\u00f0 s\u00edna eiginkonu, og hv\u00f6r kona vi\u00f0 sinn eiginmann.3Ma\u00f0urinn g\u00e6ti sinnar skyldu vi\u00f0 konuna og s\u00f6mulei\u00f0is konan vi\u00f0 manninn.4Konan hefir ekki vald yfir s\u00ednum eigin l\u00edkama, heldur ma\u00f0urinn; s\u00f6mulei\u00f0is hefir ma\u00f0urinn ekki vald yfir s\u00ednum l\u00edkama, heldur konan.5Hv\u00f6rugt haldi sig fr\u00e1 \u00f6\u00f0ru, nema <a href=\"https:\/\/biblian.is\/videy\/fyrra-korintubref-7-kafli\/\"> [&#8230;]<\/a><\/p>\n","protected":false},"author":1,"featured_media":0,"parent":0,"menu_order":0,"comment_status":"open","ping_status":"open","template":"bibliukaflar.php","meta":{"footnotes":""},"class_list":["post-21918","page","type-page","status-publish","hentry"],"_links":{"self":[{"href":"https:\/\/biblian.is\/videy\/wp-json\/wp\/v2\/pages\/21918","targetHints":{"allow":["GET"]}}],"collection":[{"href":"https:\/\/biblian.is\/videy\/wp-json\/wp\/v2\/pages"}],"about":[{"href":"https:\/\/biblian.is\/videy\/wp-json\/wp\/v2\/types\/page"}],"author":[{"embeddable":true,"href":"https:\/\/biblian.is\/videy\/wp-json\/wp\/v2\/users\/1"}],"replies":[{"embeddable":true,"href":"https:\/\/biblian.is\/videy\/wp-json\/wp\/v2\/comments?post=21918"}],"version-history":[{"count":0,"href":"https:\/\/biblian.is\/videy\/wp-json\/wp\/v2\/pages\/21918\/revisions"}],"wp:attachment":[{"href":"https:\/\/biblian.is\/videy\/wp-json\/wp\/v2\/media?parent=21918"}],"curies":[{"name":"wp","href":"https:\/\/api.w.org\/{rel}","templated":true}]}}