{"id":21915,"date":"2018-01-02T01:04:46","date_gmt":"2018-01-02T01:04:46","guid":{"rendered":"http:\/\/biblian.is\/videy\/fyrra-korintubref-4-kafli\/"},"modified":"2018-01-02T01:04:46","modified_gmt":"2018-01-02T01:04:46","slug":"fyrra-korintubref-4-kafli","status":"publish","type":"page","link":"https:\/\/biblian.is\/videy\/fyrra-korintubref-4-kafli\/","title":{"rendered":"Fyrra Korintubr\u00e9f 4. kafli"},"content":{"rendered":"<div class=\"fyrirsognVidey\">Kennarar eru Gu\u00f0s r\u00e1\u00f0smenn, sem eiga honum reikning a\u00f0 standa, en ekki hv\u00f6rjum sem lastar \u00fe\u00e1. P\u00e1ll straffar \u00fe\u00e1, sem vilja r\u00fdra hans postulaemb\u00e6tti og taka sj\u00e1lfh\u00e6lna kennara fram yfir hann. \u00c1minnir a\u00f0 breyta eftir s\u00e9r og for\u00f0ast hroka.<\/div>\n<p><a name=\"1\"><span class=\"versanumer\">1<\/span><\/a>Hv\u00f6r einn \u00e1l\u00edti oss, sem Krists \u00fej\u00f3na, og umbo\u00f0smenn Gu\u00f0s leyndard\u00f3ma.<a name=\"2\"><span class=\"versanumer\">2<\/span><\/a>En \u00fea\u00f0 krefst af s\u00e9rhv\u00f6rjum umbo\u00f0smanni, a\u00f0 hann s\u00e9 tr\u00far.<a name=\"3\"><span class=\"versanumer\">3<\/span><\/a>\u00dea\u00f0 er m\u00e9r fyrir minnstu, hv\u00f6rn d\u00f3m \u00fe\u00e9r e\u00f0ur a\u00f0rir leggja \u00e1 mig; eg d\u00e6mi mig ekki sj\u00e1lfur.<a name=\"4\"><span class=\"versanumer\">4<\/span><\/a>Einkis ills er eg m\u00e9r a\u00f0 s\u00f6nnu me\u00f0vitandi; \u00fe\u00f3 vil eg ekki \u00fear fyrir segja mig s\u00fdkn saka; Drottinn er s\u00e1 sem d\u00e6mir mig.<a name=\"5\"><span class=\"versanumer\">5<\/span><\/a>D\u00e6mi\u00f0 \u00fev\u00ed ekki fyri t\u00edmann fyrri en Drottinn kemur, sem \u00ed lj\u00f3s mun lei\u00f0a \u00fea\u00f0 \u00ed myrkrum var huli\u00f0 og opinberar gj\u00f6ra hjartnanna hugsanir og \u00fe\u00e1 mun s\u00e9rhv\u00f6r f\u00e1 s\u00edn laun af Gu\u00f0i.<a name=\"6\"><span class=\"versanumer\">6<\/span><\/a>\u00deetta heimf\u00e6ri eg y\u00f0ar vegna upp \u00e1 mig og Apoll\u00f3, a\u00f0 \u00fe\u00e9r af okkur geti\u00f0 l\u00e6rt, a\u00f0 hugsa ekki h\u00e6rra en skrifa\u00f0 er, a\u00f0 enginn st\u00e6ri sig af nokkrum manni gegn \u00f6\u00f0rum <span class='VideyAth'>b)<\/span>. <br \/><a name=\"7\"><span class=\"versanumer\">7<\/span><\/a>Hv\u00f6r hefir gefi\u00f0 \u00fe\u00e9r yfirbur\u00f0i yfir a\u00f0ra? e\u00f0ur hva\u00f0 hefir \u00fe\u00fa \u00fea\u00f0, \u00fe\u00fa ekki hefir \u00feegi\u00f0? en ef a\u00f0 \u00fe\u00fa hefir \u00feegi\u00f0 \u00fea\u00f0, \u00fev\u00ed hr\u00f3sar \u00fe\u00fa \u00fe\u00e9r \u00fe\u00e1, eins og \u00fe\u00fa hef\u00f0ir \u00fea\u00f0 ekki \u00feegi\u00f0?<a name=\"8\"><span class=\"versanumer\">8<\/span><\/a>\u00de\u00e9r eru\u00f0 \u00fe\u00e1 \u00feegar mettir or\u00f0nir, \u00fe\u00e9r eru\u00f0 or\u00f0nir au\u00f0ugir, \u00fe\u00e9r r\u00edkir \u00e1n m\u00edn. Eg vildi a\u00f0 svo v\u00e6ri, \u00fev\u00ed \u00fe\u00e1 g\u00e6ti eg r\u00edkt me\u00f0 y\u00f0ur.<a name=\"9\"><span class=\"versanumer\">9<\/span><\/a>M\u00e9r s\u00fdnist sem Gu\u00f0 l\u00e1ti oss postulana vera au\u00f0vir\u00f0ilegasta allra manna, svo sem \u00e6tla\u00f0a til dau\u00f0a, \u00fev\u00ed v\u00e9r erum or\u00f0nir sko\u00f0unarspil heiminum, englum og m\u00f6nnum.<a name=\"10\"><span class=\"versanumer\">10<\/span><\/a>V\u00e9r h\u00f6ldumst, heimskir vegna Krists, en \u00fe\u00e9r velfr\u00f3\u00f0ir \u00ed Krists <span class='VideyAth'>(tr\u00fa) c)<\/span> v\u00e9r veikir, \u00fe\u00e9r styrkvir, \u00fe\u00e9r eru\u00f0 virtir, v\u00e9r vanvirtir.<a name=\"11\"><span class=\"versanumer\">11<\/span><\/a>Allt til \u00feessarar stundar l\u00ed\u00f0um v\u00e9r hungur, \u00feorsta, kl\u00e6\u00f0leysi og h\u00f6gg og h\u00f6fum engan samasta\u00f0.<a name=\"12\"><span class=\"versanumer\">12<\/span><\/a>V\u00e9r vinnum me\u00f0 vorum eigin h\u00f6ndum; \u00fe\u00e1 oss er \u00f3ska\u00f0 ills, \u00f3skum v\u00e9r g\u00f3\u00f0s; \u00fe\u00e1 v\u00e9r erum ofs\u00f3ttir umberum v\u00e9r \u00fea\u00f0.<a name=\"13\"><span class=\"versanumer\">13<\/span><\/a>\u00de\u00e1 v\u00e9r erum lasta\u00f0ir \u00e1minnum v\u00e9r. V\u00e9r erum or\u00f0nir eins og sorp veraldar og afhrak allra allt til \u00feessa t\u00edma.<a name=\"14\"><span class=\"versanumer\">14<\/span><\/a>\u00deetta skrifa\u00f0i eg ekki til a\u00f0 gj\u00f6ra y\u00f0ur kinnro\u00f0a, heldur \u00e1minni eg y\u00f0ur, svo sem elskuleg born;<a name=\"15\"><span class=\"versanumer\">15<\/span><\/a>\u00fev\u00ed \u00fe\u00f3tt \u00fe\u00e9r hafi\u00f0 \u00f3tal L\u00e6rimeistara \u00ed kristilegri tr\u00fa, \u00fe\u00e1 hafi\u00f0 \u00fe\u00e9r samt ekki marga fe\u00f0ur, \u00fev\u00ed eg hefi geti\u00f0 y\u00f0ur til kristilegrar tr\u00faar me\u00f0 minni kenning.<a name=\"16\"><span class=\"versanumer\">16<\/span><\/a>Eg bi\u00f0 y\u00f0ur \u00fev\u00ed: breyti\u00f0 eftir m\u00e9r!<a name=\"17\"><span class=\"versanumer\">17<\/span><\/a>\u00feess vegna sendi eg til y\u00f0ar T\u00edm\u00f3teum, minn elskulegan son og tr\u00faan \u00ed Drottins \u00fej\u00f3nustu; hann mun segja y\u00f0ur hv\u00f6rnig eg rek Krists erindi allssta\u00f0ar \u00fear, sem eg kenni kristni.<a name=\"18\"><span class=\"versanumer\">18<\/span><\/a>En nokkrir eru or\u00f0nir hr\u00f3\u00f0ugir yfir \u00fev\u00ed, a\u00f0 eg aldrei muni koma til y\u00f0ar;<a name=\"19\"><span class=\"versanumer\">19<\/span><\/a>en eg mun br\u00e1\u00f0um koma til y\u00f0ar, ef Drottinn vill og \u00fe\u00e1 mun eg reyna, ekki or\u00f0 sj\u00e1lfbyrginganna, heldur kraft;<a name=\"20\"><span class=\"versanumer\">20<\/span><\/a>\u00fev\u00ed Gu\u00f0s r\u00edki er ekki f\u00f3lgi\u00f0 \u00ed or\u00f0um, heldur krafti.<a name=\"21\"><span class=\"versanumer\">21<\/span><\/a>Hva\u00f0 vilji\u00f0 \u00fe\u00e9r? \u00e1 eg a\u00f0 koma til y\u00f0ar me\u00f0 vendi, e\u00f0ur me\u00f0 k\u00e6rleika og \u00ed h\u00f3gv\u00e6rum anda?<\/p>\n<div class=\"footnoteVidey\">V. 1. Matt. 18,18. K\u00f3l. 1,23.  V. 6. b. a\u00f0 hann hafi haft \u00feenna e\u00f0a hinn l\u00e6rimeistara \u00ed kristilegri tr\u00fa.  V. 10. c. nl. vegna \u00feess \u00fe\u00e9r eru\u00f0 k\u00e6nir \u00ed a\u00f0 sameina veraldlega speki vi\u00f0 Krists l\u00e6rd\u00f3m. sbr. Kap. 2,1\u20134.<\/div>\n","protected":false},"excerpt":{"rendered":"<p>Kennarar eru Gu\u00f0s r\u00e1\u00f0smenn, sem eiga honum reikning a\u00f0 standa, en ekki hv\u00f6rjum sem lastar \u00fe\u00e1. P\u00e1ll straffar \u00fe\u00e1, sem vilja r\u00fdra hans postulaemb\u00e6tti og taka sj\u00e1lfh\u00e6lna kennara fram yfir hann. \u00c1minnir a\u00f0 breyta eftir s\u00e9r og for\u00f0ast hroka. 1Hv\u00f6r einn \u00e1l\u00edti oss, sem Krists \u00fej\u00f3na, og umbo\u00f0smenn Gu\u00f0s leyndard\u00f3ma.2En \u00fea\u00f0 krefst af s\u00e9rhv\u00f6rjum umbo\u00f0smanni, a\u00f0 hann s\u00e9 tr\u00far.3\u00dea\u00f0 er m\u00e9r fyrir minnstu, hv\u00f6rn d\u00f3m \u00fe\u00e9r e\u00f0ur a\u00f0rir leggja \u00e1 mig; eg d\u00e6mi mig ekki sj\u00e1lfur.4Einkis ills er eg m\u00e9r a\u00f0 s\u00f6nnu me\u00f0vitandi; \u00fe\u00f3 vil eg ekki \u00fear fyrir segja mig s\u00fdkn saka; Drottinn er s\u00e1 sem d\u00e6mir mig.5D\u00e6mi\u00f0 \u00fev\u00ed <a href=\"https:\/\/biblian.is\/videy\/fyrra-korintubref-4-kafli\/\"> [&#8230;]<\/a><\/p>\n","protected":false},"author":1,"featured_media":0,"parent":0,"menu_order":0,"comment_status":"open","ping_status":"open","template":"bibliukaflar.php","meta":{"footnotes":""},"class_list":["post-21915","page","type-page","status-publish","hentry"],"_links":{"self":[{"href":"https:\/\/biblian.is\/videy\/wp-json\/wp\/v2\/pages\/21915","targetHints":{"allow":["GET"]}}],"collection":[{"href":"https:\/\/biblian.is\/videy\/wp-json\/wp\/v2\/pages"}],"about":[{"href":"https:\/\/biblian.is\/videy\/wp-json\/wp\/v2\/types\/page"}],"author":[{"embeddable":true,"href":"https:\/\/biblian.is\/videy\/wp-json\/wp\/v2\/users\/1"}],"replies":[{"embeddable":true,"href":"https:\/\/biblian.is\/videy\/wp-json\/wp\/v2\/comments?post=21915"}],"version-history":[{"count":0,"href":"https:\/\/biblian.is\/videy\/wp-json\/wp\/v2\/pages\/21915\/revisions"}],"wp:attachment":[{"href":"https:\/\/biblian.is\/videy\/wp-json\/wp\/v2\/media?parent=21915"}],"curies":[{"name":"wp","href":"https:\/\/api.w.org\/{rel}","templated":true}]}}