{"id":21914,"date":"2018-01-02T01:04:46","date_gmt":"2018-01-02T01:04:46","guid":{"rendered":"http:\/\/biblian.is\/videy\/fyrra-korintubref-3-kafli\/"},"modified":"2018-01-02T01:04:46","modified_gmt":"2018-01-02T01:04:46","slug":"fyrra-korintubref-3-kafli","status":"publish","type":"page","link":"https:\/\/biblian.is\/videy\/fyrra-korintubref-3-kafli\/","title":{"rendered":"Fyrra Korintubr\u00e9f 3. kafli"},"content":{"rendered":"<div class=\"fyrirsognVidey\">Postulinn s\u00fdnir a\u00f0 Korintumenn hafi enga ors\u00f6k til a\u00f0 st\u00e6ra sig af hva\u00f0 vel kristnir \u00feeir s\u00e9u. Flokkadr\u00e1ttur \u00feeirra \u00e1 milli l\u00fdsir \u00fev\u00ed, og a\u00f0 \u00feeir byggja um of upp \u00e1 manna l\u00e6rd\u00f3m, sem \u00fe\u00f3 eru ekki anna\u00f0 en Gu\u00f0s \u00fej\u00f3nar; \u00fev\u00ed a\u00f0 Kristur er grundv\u00f6llurinn, sem hv\u00f6r kennari \u00e1 a\u00f0 byggja ofan \u00e1, sem hann hefir vit til; en ekki er sama hv\u00f6rnig ofan \u00e1 er byggt og h\u00e6ttulegt a\u00f0 rei\u00f0a sig \u00e1 annarra manna vit, a\u00f0 menn ekki spilli Gu\u00f0s musteri.<\/div>\n<p><a name=\"1\"><span class=\"versanumer\">1<\/span><\/a>Sannlega gat eg ekki tala\u00f0 vi\u00f0 y\u00f0ur, br\u00e6\u00f0ur m\u00ednir! svo sem andlega, heldur svo sem holdlega, svo sem b\u00f6rn \u00ed Krists tr\u00faar\u00feekkingu.<a name=\"2\"><span class=\"versanumer\">2<\/span><\/a>Eg gaf y\u00f0ur mj\u00f3lk, en ekki mat, \u00fev\u00ed \u00fe\u00e9r \u00feoldu\u00f0 hann ekki; j\u00e1, \u00fe\u00e9r \u00feoli\u00f0 hann ekki enn, \u00fev\u00ed enn \u00fe\u00e1 eru\u00f0 \u00fe\u00e9r holdlegir;<a name=\"3\"><span class=\"versanumer\">3<\/span><\/a>metningur, deilur og tv\u00eddr\u00e6gni eru \u00e1 me\u00f0al y\u00f0ar. Eru\u00f0 \u00fe\u00e9r \u00fe\u00e1 ekki holdlegir og heg\u00f0i\u00f0 y\u00f0ur eftir almennings si\u00f0?<a name=\"4\"><span class=\"versanumer\">4<\/span><\/a>\u00feegar einn segir: eg er P\u00e1ls; en annar: eg er Apoll\u00f3s, eru\u00f0 \u00fe\u00e9r \u00fe\u00e1 ekki holdlegir?<a name=\"5\"><span class=\"versanumer\">5<\/span><\/a>\u00fev\u00ed hva\u00f0 er P\u00e1ll, hva\u00f0 er Apoll\u00f3 anna\u00f0 en \u00fej\u00f3nar, sem hafa leitt y\u00f0ur til kristni, hv\u00f6r eftir \u00fev\u00ed, sem Drottinn hefir veitt hv\u00f6rjum fyrir sig?<a name=\"6\"><span class=\"versanumer\">6<\/span><\/a>eg planta\u00f0i, Apoll\u00f3 v\u00f6kva\u00f0i, en Gu\u00f0 hefir gefi\u00f0 frj\u00f3vgunina;<a name=\"7\"><span class=\"versanumer\">7<\/span><\/a>svo a\u00f0 ekki er s\u00e1 mikill, sem gr\u00f3\u00f0ursetur e\u00f0ur v\u00f6kvar, heldur Gu\u00f0, sem frj\u00f3vgunina gefur.<a name=\"8\"><span class=\"versanumer\">8<\/span><\/a>S\u00e1, sem plantar, og s\u00e1, sem v\u00f6kvar, eru eitt og hv\u00f6r \u00feeirra mun f\u00e1 \u00feau laun, sem hann vinnur til.<a name=\"9\"><span class=\"versanumer\">9<\/span><\/a>V\u00e9r erum Gu\u00f0s \u00fej\u00f3nar, \u00fe\u00e9r eru\u00f0 Gu\u00f0s akur, Gu\u00f0s h\u00fas.<a name=\"10\"><span class=\"versanumer\">10<\/span><\/a>Sem skynsamur byggingarmeistari hefi eg grundv\u00f6llinn lagt, eftir \u00feeirri n\u00e1\u00f0, sem m\u00e9r er af Gu\u00f0i gefin, en annar hefir byggt ofan\u00e1; hv\u00f6r einn hafi g\u00e1t \u00e1 hv\u00f6rninn hann gj\u00f6rir \u00fea\u00f0.<a name=\"11\"><span class=\"versanumer\">11<\/span><\/a>Enginn getur annan grundv\u00f6ll lagt en \u00feann, sem lag\u00f0ur er, sem er Jes\u00fas Kristur.<a name=\"12\"><span class=\"versanumer\">12<\/span><\/a>Byggi menn ofan \u00e1 \u00feenna grundv\u00f6ll gull, silfur, d\u00fdrm\u00e6ta steina, tr\u00e9, hey, h\u00e1lm,<a name=\"13\"><span class=\"versanumer\">13<\/span><\/a>\u00fe\u00e1 mun ver\u00f0a opinbert hv\u00edl\u00edkt hv\u00f6rs eins verk er, t\u00ed\u00f0in mun gj\u00f6ra \u00fea\u00f0 auglj\u00f3st, eldurinn mun opinbera \u00fea\u00f0, hann mun pr\u00f3fa hv\u00edl\u00edkt hv\u00f6rt eins verk er.<a name=\"14\"><span class=\"versanumer\">14<\/span><\/a>Ef \u00fea\u00f0 stendur, sem ma\u00f0ur hefir ofan \u00e1 byggt, mun hann f\u00e1 laun;<a name=\"15\"><span class=\"versanumer\">15<\/span><\/a>en brenni \u00fea\u00f0 upp, b\u00ed\u00f0ur hann \u00fear af ska\u00f0a, sj\u00e1lfur mun hann komast af, en \u00fe\u00f3 l\u00edka sem \u00far eldi.<a name=\"16\"><span class=\"versanumer\">16<\/span><\/a>Viti\u00f0 \u00fe\u00e9r ekki a\u00f0 \u00fe\u00e9r eru\u00f0 Gu\u00f0s musteri og a\u00f0 Gu\u00f0s Andi b\u00fdr \u00ed y\u00f0ur?<a name=\"17\"><span class=\"versanumer\">17<\/span><\/a>hv\u00f6r, sem skemmir Gu\u00f0s musteri, \u00feann mun Gu\u00f0 straffa, \u00fev\u00ed a\u00f0 Gu\u00f0s musteri er heilagt og \u00feetta musteri eru\u00f0 \u00fe\u00e9r.<a name=\"18\"><span class=\"versanumer\">18<\/span><\/a>Enginn dragi sig sj\u00e1lfan \u00e1 t\u00e1lar; ef nokkur \u00e1 me\u00f0al y\u00f0ar \u00feykist vera vitringur \u00e1 \u00feessari h\u00f6ld, hann ver\u00f0i f\u00e1v\u00eds, <span class='VideyAth'>a)<\/span> svo hann ver\u00f0i v\u00eds;<a name=\"19\"><span class=\"versanumer\">19<\/span><\/a>\u00fev\u00ed speki \u00feessa heims er heimska hj\u00e1 Gu\u00f0i; \u00fev\u00ed svo stendur skrifa\u00f0: hann gr\u00edpur \u00fe\u00e1 vitru \u00ed \u00feeirra sl\u00e6g\u00f0;<a name=\"20\"><span class=\"versanumer\">20<\/span><\/a>og \u00e1 \u00f6\u00f0rum sta\u00f0: Drottinn \u00feekkir hugsanir hinna vitru, a\u00f0 \u00fe\u00e6r eru h\u00e9g\u00f3mlegar.<a name=\"21\"><span class=\"versanumer\">21<\/span><\/a>Enginn st\u00e6ri sig \u00fev\u00ed af m\u00f6nnum,<a name=\"22\"><span class=\"versanumer\">22<\/span><\/a>\u00fev\u00ed allt er y\u00f0vart hv\u00f6rt heldur \u00fea\u00f0 er P\u00e1ll e\u00f0ur Apoll\u00f3, e\u00f0ur Kefas, e\u00f0ur heimur, e\u00f0ur l\u00edf, e\u00f0a dau\u00f0i, \u00fea\u00f0 yfirstandandi e\u00f0ur tilkomandi.<a name=\"23\"><span class=\"versanumer\">23<\/span><\/a>Allt er y\u00f0vart; \u00fe\u00e9r eru\u00f0 Krists, en Kristur er Gu\u00f0s.<\/p>\n<div class=\"footnoteVidey\">V. 2. 1 P\u00e9t. 2,2. Hebr. 5,12.13.  V. 3. Kap. 1,10.11.  V. 4. Kap. 1,12. Post. g. b. 18,24.  V. 8. Matt. 16,27.  V. 10. Kap. 15,10.  V. 11. Ef. 2,20.21.  V. 13. Es. 48,10. 1 P\u00e9t. 4,12.  V. 16. A\u00f0 vera musteri eins, er a\u00f0 l\u00e1ta s\u00e9r \u00f6ldungis stj\u00f3rna af honum. Matt. 12,44. sbr. vi\u00f0 R\u00f3m. 7,17\u201320. 1 Kor. 6,19. 2 Kor. 6,16.  V. 18. a. \u00fe. e. h\u00e6tti a\u00f0 halda \u00fea\u00f0 fyrir speki, sem \u00feessi \u00f6ld heldur speki.  V. 19. Job. 5,13.  V. 20. S\u00e1lm. 94,11.  V. 22. Allt \u00e1 a\u00f0 vera y\u00f0ur til g\u00f3\u00f0s. R\u00f3m. 8,38.39.<\/div>\n","protected":false},"excerpt":{"rendered":"<p>Postulinn s\u00fdnir a\u00f0 Korintumenn hafi enga ors\u00f6k til a\u00f0 st\u00e6ra sig af hva\u00f0 vel kristnir \u00feeir s\u00e9u. Flokkadr\u00e1ttur \u00feeirra \u00e1 milli l\u00fdsir \u00fev\u00ed, og a\u00f0 \u00feeir byggja um of upp \u00e1 manna l\u00e6rd\u00f3m, sem \u00fe\u00f3 eru ekki anna\u00f0 en Gu\u00f0s \u00fej\u00f3nar; \u00fev\u00ed a\u00f0 Kristur er grundv\u00f6llurinn, sem hv\u00f6r kennari \u00e1 a\u00f0 byggja ofan \u00e1, sem hann hefir vit til; en ekki er sama hv\u00f6rnig ofan \u00e1 er byggt og h\u00e6ttulegt a\u00f0 rei\u00f0a sig \u00e1 annarra manna vit, a\u00f0 menn ekki spilli Gu\u00f0s musteri. 1Sannlega gat eg ekki tala\u00f0 vi\u00f0 y\u00f0ur, br\u00e6\u00f0ur m\u00ednir! svo sem andlega, heldur svo sem holdlega, svo <a href=\"https:\/\/biblian.is\/videy\/fyrra-korintubref-3-kafli\/\"> [&#8230;]<\/a><\/p>\n","protected":false},"author":1,"featured_media":0,"parent":0,"menu_order":0,"comment_status":"open","ping_status":"open","template":"bibliukaflar.php","meta":{"footnotes":""},"class_list":["post-21914","page","type-page","status-publish","hentry"],"_links":{"self":[{"href":"https:\/\/biblian.is\/videy\/wp-json\/wp\/v2\/pages\/21914","targetHints":{"allow":["GET"]}}],"collection":[{"href":"https:\/\/biblian.is\/videy\/wp-json\/wp\/v2\/pages"}],"about":[{"href":"https:\/\/biblian.is\/videy\/wp-json\/wp\/v2\/types\/page"}],"author":[{"embeddable":true,"href":"https:\/\/biblian.is\/videy\/wp-json\/wp\/v2\/users\/1"}],"replies":[{"embeddable":true,"href":"https:\/\/biblian.is\/videy\/wp-json\/wp\/v2\/comments?post=21914"}],"version-history":[{"count":0,"href":"https:\/\/biblian.is\/videy\/wp-json\/wp\/v2\/pages\/21914\/revisions"}],"wp:attachment":[{"href":"https:\/\/biblian.is\/videy\/wp-json\/wp\/v2\/media?parent=21914"}],"curies":[{"name":"wp","href":"https:\/\/api.w.org\/{rel}","templated":true}]}}